{"id":10600,"date":"2019-11-09T02:40:16","date_gmt":"2019-11-09T00:40:16","guid":{"rendered":"https:\/\/espak.ee\/hinnakiri\/?post_type=product&#038;p=10600"},"modified":"2024-03-23T00:11:49","modified_gmt":"2024-03-22T22:11:49","slug":"hudroisolatsioonimastiks-sisetingimustesse-kiilto-fibergum-14kg","status":"publish","type":"product","link":"https:\/\/espak.ee\/epood\/toode\/hudroisolatsioonimastiks-sisetingimustesse-kiilto-fibergum-14kg\/","title":{"rendered":"H\u00dcDROISOLATSIOONIMASTIKS SISETINGIMUSTESSE KIILTO FIBERGUM 14KG"},"content":{"rendered":"<div class=\"row\"  id=\"row-919667090\">\n\n\t<div id=\"col-2144208286\" class=\"col medium-9 small-12 large-9\"  >\n\t\t\t\t<div class=\"col-inner\"  >\n\t\t\t\n\t\t\t\n<h2>Fibergum h\u00fcdroisolatsioonimastiks sisetingimustesse<\/h2>\n<p>Kiudtugevdatud \u00fchekomponentne h\u00fcdroisolatsioonimastiks, mis paigaldatakse vannitubade, saunade jms niiskete ruumide seina- ja p\u00f5randaplaatide alla..<\/p>\n<div class=\"message-box relative\" style=\"padding-top:15px;padding-bottom:15px;\"><div class=\"message-box-bg-image bg-fill fill\" ><\/div><div class=\"message-box-bg-overlay bg-fill fill\" ><\/div><div class=\"container relative\"><div class=\"inner last-reset\">\n<div class=\"row align-middle align-center\"  id=\"row-366750546\">\n\n\t<div id=\"col-872380332\" class=\"col small-12 large-12\"  >\n\t\t\t\t<div class=\"col-inner text-left\"  >\n\t\t\t\n\t\t\t\n<h4>Omadused<\/h4>\n<div class=\"row\"  id=\"row-1734798515\">\n\n\t<div id=\"col-1262470920\" class=\"col medium-6 small-12 large-6\"  >\n\t\t\t\t<div class=\"col-inner\"  >\n\t\t\t\n\t\t\t\n<p><i class=\"fa fa-check fa-2x\"><\/i> <strong>Kiudtugevdatud<\/strong><\/p>\n<p><i class=\"fa fa-check fa-2x\"><\/i> <strong>\u00dchekomponentne<\/strong><\/p>\n\t\t<\/div>\n\t\t\t\t\n<style>\n#col-1262470920 > .col-inner {\n  margin: 0px 0px 15px 0px;\n}\n<\/style>\n\t<\/div>\n\n\t\n<\/div>\n\t\t<\/div>\n\t\t\t\t\t<\/div>\n\n\t\n<\/div>\n<\/div><\/div><\/div>\n\t<div id=\"gap-746088270\" class=\"gap-element clearfix\" style=\"display:block; height:auto;\">\n\t\t\n<style>\n#gap-746088270 {\n  padding-top: 30px;\n}\n<\/style>\n\t<\/div>\n\t\n<h3>Kasutamise \u00fcksikasjad<\/h3>\n<p><strong>Kasutusalad:<\/strong>Kiilto Fibergum on kasutusvalmis kiudtugevdatud h\u00fcdroisolatsioonimastiks, mis paigaldatakse vannitubade, saunade jms niiskete ruumide seina- ja p\u00f5randaplaatide alla. Ei sobi kasutamiseks kohtades, mis on pidevalt vee all (n\u00e4iteks basseinid) v\u00f5i juhul kui temperatuur t\u00f5useb \u00fcle +60 \u00b0C (n\u00e4iteks sauna leiliruumi seinad). Aluspind peab olema kuiv, imav, tolmuvaba ja tasane. K\u00f5ik nakkumist halvendavad materjalid tuleb eemaldada. Kontrolli konstruktsiooni ja aluspinna sobivust h\u00fcdroisolatsiooni ning plaatide paigaldamiseks. P\u00f5randak\u00fcte tuleb paigaldada h\u00fcdroisolatsioonimastiksi alla j\u00e4\u00e4vasse betooni v\u00f5i p\u00f5randa tasanduskihti, et see ei j\u00e4\u00e4ks h\u00fcdroisolatsiooniga otsekontakti. Kiilto Fibergumi sobivus levinumat t\u00fc\u00fcpi p\u00f5randatrappidega on katseliselt kontrollitud ja heaks kiidetud. Sobivuse kontrollimiseks v\u00f5ite konsulteerida meie tehnilise toe v\u00f5i p\u00f5randatrapi tarnijaga.<\/p>\n<p><strong>Aluspind:<\/strong> Niiskes ruumis kasutatav betoon, tellised, tsemendip\u00f5hised tasandussegud ja ehitusplaadid.<\/p>\n<p><strong>Kasutusjuhis:<\/strong> Seinad:<br \/>\nLihvige ebatasased pinnad ja tasandage m\u00e4rga ruumi sobiva Kiilto seinapahtliga. Kuivad ja imavad seinapinnad tuleb enne h\u00fcdroisolatsioonimastiksi pealekandmist kruntida Kiilto Fibergum Primer nakkedispersiooniga vastavalt juhistele.<br \/>\nH\u00fcdroisolatsioonimastiksit tuleb alati enne kasutamist segada. Kandke k\u00f5igepealt Fibergum seinte vertikaalnurkadesse, kruvipeadele, ehitusplaatidele ning muudele \u00fchendus- ja liitekohtadele. Suruge Kiilto nurgatugevduslint v\u00f5i valmis nurgat\u00fckk kohe v\u00e4rskele Fibergumi kihile ja katke see veel kord h\u00fcdroisolatsioonimastiksiga. Veenduge, et tugevduskangas oleks l\u00e4binisti kastunud . Toru l\u00e4biviigu jaoks tuleb l\u00f5igata u 10 \u00d7 10 cm tugevdust\u00fckk ja selle keskele auk, mille l\u00e4bim\u00f5\u00f5t on u 4 mm v\u00e4iksem kui toru l\u00e4biviigu v\u00e4lisl\u00e4bim\u00f5\u00f5t, v\u00f5i kasutada valmis l\u00e4biviigu tugevdust\u00fckki. Suruge l\u00e4biviigu tugevdust\u00fckk v\u00e4rskele h\u00fcdroisolatsioonimastiksile ja veenduge, et see oleks l\u00e4binisti m\u00e4rgunud. Rullige Fibergum kogu pinnale, mille soovite teha veekindlaks, ning laske kuivada u 2 h (v\u00e4rvimuutuseni). Kandke pinnale teine kiht Fibergumi ja laske kuivada v\u00e4hemalt 6 h (v\u00e4rvimuutuseni). Kontrollige h\u00fcdroisolatsioonikihi tugevust ja lisage mastiksit \u00f5hukestesse ja\/v\u00f5i poorsetesse kohtadesse ning laske kuivada. Seina h\u00fcdrosiolatsioonikihi paksus peab olema v\u00e4hemalt 0,4 mm. Alustage seina plaatimist teisest reast, p\u00f5randalt v\u00e4hemalt 10 cm k\u00f5rguselt. Paigaldage seinaplaadid Kiilto plaadiseguga. Peale plaadisegu kuivamist vuukige plaadid Kiilto vuugit\u00e4idisega ning kasutage Kiilto sanitaarsilikooni vertikaalnurkade ja l\u00e4biviikude tihendamiseks.<br \/>\nP\u00f5randad:<br \/>\nLihvige ebatasased aluspinnad ja tasandage m\u00e4rga ruumi sobiva Kiilto p\u00f5randatasandusseguga. Kuivad ja imavad p\u00f5randapinnad tuleb enne veet\u00f5kke pealekandmist kruntida Kiilto Fibergum Primer nakkedispersiooniga vastavalt juhistele.<br \/>\nH\u00fcdroisolatsioonimastiksit tuleb alati enne kasutamist segada. Kandke Kiilto Fibergum horisontaalnurkadesse ja l\u00e4biviikude \u00fcmber ning suruge Kiilto nurgatugevduslint v\u00f5i valmis nurgat\u00fckk kohe v\u00e4rskele h\u00fcdroisolatsioonimastiksile. Kandke tugevduslindile kiht Fibergumi. Veenduge, et tugevduslint oleks korralikult l\u00e4bi kastunud. Enne h\u00fcdroisoleerimist asetage trapi kohale, eelnevalt krunditud pinnale Kiilto Iseliimuv Trapitugevdust\u00fckk ja h\u00f5\u00f5ruge hoolikalt kinni. Kandke pintsliga trapitugevdust\u00fcki \u00e4\u00e4rtes olevale tugevduskangale Fibergumi. Kasutada v\u00f5ib ka Kiilto Trapitugevdust\u00fckke (2 tk): asetage trapitugedust\u00fckk p\u00f5randale ja kandke sellele Fibergumi, seej\u00e4rel asetage sellele teine trapitugevdust\u00fckk ning pintseldage samuti Fibergumiga \u00fcle. L\u00f5igake trapi kohale \u00fcmmargune, u. 60 mm trapi sisel\u00e4bim\u00f5\u00f5dust v\u00e4iksem ava. Suruge pingutusv\u00f5ru ettevaatlikult kohale. Kandke kiht Fibergumi kogu isoleeritavale p\u00f5randapinnale. Laske kuivada u. 2 tundi (v\u00e4rvimuutus). Kandke teine kiht Fibergumi \u00fclest\u00f5stete ja p\u00f5randa pinnale ja lase kuivada v\u00e4hemalt 6 tundi (v\u00e4rvimuutus). Kontrollige h\u00fcdroisolatsioonikihi piisavat paksust ja kandke mastiksit \u00f5hukestesse ja\/v\u00f5i poorsetesse kohtadesse ning laske kuivada. H\u00fcdroisolatsioonikihi paksus p\u00f5randatel peab olema v\u00e4hemalt 0,5 mm. Kinnitage p\u00f5randaplaadid Kiilto plaatimisseguga. Vuukige plaadid Kiilto vuugit\u00e4idisega. Tihendage vertikaal- ja horisontaalnurgad ning l\u00e4biviigud Kiilto Sanitaarsilikooniga.<\/p>\n<p><strong>Keskkond ja ohutus:<\/strong> V\u00e4ltige kuivamata toote kokkupuudet nahaga, kasutage kaitsekindaid.<\/p>\n\t\t<\/div>\n\t\t\t\t\t<\/div>\n\n\t\n\n\t<div id=\"col-930777737\" class=\"col medium-3 small-12 large-3\"  >\n\t\t\t\t<div class=\"col-inner\"  >\n\t\t\t\n\t\t\t\n\t<div id=\"gap-478013506\" class=\"gap-element clearfix\" style=\"display:block; height:auto;\">\n\t\t\n<style>\n#gap-478013506 {\n  padding-top: 30px;\n}\n<\/style>\n\t<\/div>\n\t\n<h3>Tehniline informatsioon<\/h3>\n<p><a href=\"https:\/\/espak.ee\/epood\/wp-content\/uploads\/fibergum-tooteleht.pdf\" target=\"_blank\" rel=\"noopener noreferrer\"><i class=\"far fa-file-pdf\"><\/i> Tehniline info (PDF)<\/a><\/p>\n<h3>Ohutusalane teave<\/h3>\n<p><a href=\"https:\/\/espak.ee\/epood\/wp-content\/uploads\/fibergum-ohutuskaart.pdf\" target=\"_blank\" rel=\"noopener noreferrer\"><i class=\"far fa-file-pdf\"><\/i> Ohutusalane teave (PDF)<\/a><\/p>\n<div class=\"is-divider divider clearfix\" ><\/div>\n<p><strong>\u00dcksikasjalikuma n\u00f5u saamiseks v\u00f5tke \u00fchendust:<br \/><\/strong>Kiilto Eesti O\u00dc<br \/>L\u00e4ike tee 4<br \/>75312<br \/>Rae vald<br \/>(+372) 60 31 900<\/p>\n<div class=\"is-divider divider clearfix\" ><\/div>\n\t\t<\/div>\n\t\t\t\t\t<\/div>\n\n\t\n<\/div>\n","protected":false},"excerpt":{"rendered":"","protected":false},"featured_media":10696,"comment_status":"closed","ping_status":"open","template":"","meta":[],"product_brand":[],"product_cat":[2720,2719,2718,2697],"product_tag":[],"class_list":{"0":"post-10600","1":"product","2":"type-product","3":"status-publish","4":"has-post-thumbnail","6":"product_cat-hudroisalatsioon","7":"product_cat-hudroisalatsioon-sisetingimustes","8":"product_cat-isolatsioonimaterjalid","9":"product_cat-uldehitus","10":"pa_kaubamark-kiilto-eesti-ou","12":"first","13":"instock","14":"sale","15":"taxable","16":"shipping-taxable","17":"purchasable","18":"product-type-simple"},"yoast_head":"<!-- This site is optimized with the Yoast SEO plugin v26.9 - https:\/\/yoast.com\/product\/yoast-seo-wordpress\/ -->\n<title>H\u00dcDROISOLATSIOONIMASTIKS SISETINGIMUSTESSE KIILTO FIBERGUM 14KG - Espak E-pood<\/title>\n<meta name=\"robots\" content=\"index, follow, max-snippet:-1, max-image-preview:large, max-video-preview:-1\" \/>\n<link rel=\"canonical\" href=\"https:\/\/espak.ee\/epood\/toode\/hudroisolatsioonimastiks-sisetingimustesse-kiilto-fibergum-14kg\/\" \/>\n<meta property=\"og:locale\" content=\"et_EE\" \/>\n<meta property=\"og:type\" content=\"article\" \/>\n<meta property=\"og:title\" content=\"H\u00dcDROISOLATSIOONIMASTIKS SISETINGIMUSTESSE KIILTO FIBERGUM 14KG - Espak E-pood\" \/>\n<meta property=\"og:url\" content=\"https:\/\/espak.ee\/epood\/toode\/hudroisolatsioonimastiks-sisetingimustesse-kiilto-fibergum-14kg\/\" \/>\n<meta property=\"og:site_name\" content=\"Espak E-pood\" \/>\n<meta property=\"article:modified_time\" content=\"2024-03-22T22:11:49+00:00\" \/>\n<meta property=\"og:image\" content=\"https:\/\/espak.ee\/epood\/wp-content\/uploads\/fibergum.png\" \/>\n\t<meta property=\"og:image:width\" content=\"800\" \/>\n\t<meta property=\"og:image:height\" content=\"800\" \/>\n\t<meta property=\"og:image:type\" content=\"image\/png\" \/>\n<meta name=\"twitter:card\" content=\"summary_large_image\" \/>\n<meta name=\"twitter:label1\" content=\"Est. reading time\" \/>\n\t<meta name=\"twitter:data1\" content=\"3 minutit\" \/>\n<script type=\"application\/ld+json\" class=\"yoast-schema-graph\">{\"@context\":\"https:\/\/schema.org\",\"@graph\":[{\"@type\":\"WebPage\",\"@id\":\"https:\/\/espak.ee\/epood\/toode\/hudroisolatsioonimastiks-sisetingimustesse-kiilto-fibergum-14kg\/\",\"url\":\"https:\/\/espak.ee\/epood\/toode\/hudroisolatsioonimastiks-sisetingimustesse-kiilto-fibergum-14kg\/\",\"name\":\"H\u00dcDROISOLATSIOONIMASTIKS SISETINGIMUSTESSE KIILTO FIBERGUM 14KG - Espak E-pood\",\"isPartOf\":{\"@id\":\"https:\/\/espak.ee\/epood\/#website\"},\"primaryImageOfPage\":{\"@id\":\"https:\/\/espak.ee\/epood\/toode\/hudroisolatsioonimastiks-sisetingimustesse-kiilto-fibergum-14kg\/#primaryimage\"},\"image\":{\"@id\":\"https:\/\/espak.ee\/epood\/toode\/hudroisolatsioonimastiks-sisetingimustesse-kiilto-fibergum-14kg\/#primaryimage\"},\"thumbnailUrl\":\"https:\/\/espak.ee\/epood\/wp-content\/uploads\/fibergum.png\",\"datePublished\":\"2019-11-09T00:40:16+00:00\",\"dateModified\":\"2024-03-22T22:11:49+00:00\",\"breadcrumb\":{\"@id\":\"https:\/\/espak.ee\/epood\/toode\/hudroisolatsioonimastiks-sisetingimustesse-kiilto-fibergum-14kg\/#breadcrumb\"},\"inLanguage\":\"et\",\"potentialAction\":[{\"@type\":\"ReadAction\",\"target\":[\"https:\/\/espak.ee\/epood\/toode\/hudroisolatsioonimastiks-sisetingimustesse-kiilto-fibergum-14kg\/\"]}]},{\"@type\":\"ImageObject\",\"inLanguage\":\"et\",\"@id\":\"https:\/\/espak.ee\/epood\/toode\/hudroisolatsioonimastiks-sisetingimustesse-kiilto-fibergum-14kg\/#primaryimage\",\"url\":\"https:\/\/espak.ee\/epood\/wp-content\/uploads\/fibergum.png\",\"contentUrl\":\"https:\/\/espak.ee\/epood\/wp-content\/uploads\/fibergum.png\",\"width\":800,\"height\":800},{\"@type\":\"BreadcrumbList\",\"@id\":\"https:\/\/espak.ee\/epood\/toode\/hudroisolatsioonimastiks-sisetingimustesse-kiilto-fibergum-14kg\/#breadcrumb\",\"itemListElement\":[{\"@type\":\"ListItem\",\"position\":1,\"name\":\"Home\",\"item\":\"https:\/\/espak.ee\/epood\/\"},{\"@type\":\"ListItem\",\"position\":2,\"name\":\"Tootevalik\",\"item\":\"https:\/\/espak.ee\/epood\/tootevalik\/\"},{\"@type\":\"ListItem\",\"position\":3,\"name\":\"H\u00dcDROISOLATSIOONIMASTIKS SISETINGIMUSTESSE KIILTO FIBERGUM 14KG\"}]},{\"@type\":\"WebSite\",\"@id\":\"https:\/\/espak.ee\/epood\/#website\",\"url\":\"https:\/\/espak.ee\/epood\/\",\"name\":\"Espak E-pood\",\"description\":\"\",\"potentialAction\":[{\"@type\":\"SearchAction\",\"target\":{\"@type\":\"EntryPoint\",\"urlTemplate\":\"https:\/\/espak.ee\/epood\/?s={search_term_string}\"},\"query-input\":{\"@type\":\"PropertyValueSpecification\",\"valueRequired\":true,\"valueName\":\"search_term_string\"}}],\"inLanguage\":\"et\"}]}<\/script>\n<!-- \/ Yoast SEO plugin. -->","yoast_head_json":{"title":"H\u00dcDROISOLATSIOONIMASTIKS SISETINGIMUSTESSE KIILTO FIBERGUM 14KG - Espak E-pood","robots":{"index":"index","follow":"follow","max-snippet":"max-snippet:-1","max-image-preview":"max-image-preview:large","max-video-preview":"max-video-preview:-1"},"canonical":"https:\/\/espak.ee\/epood\/toode\/hudroisolatsioonimastiks-sisetingimustesse-kiilto-fibergum-14kg\/","og_locale":"et_EE","og_type":"article","og_title":"H\u00dcDROISOLATSIOONIMASTIKS SISETINGIMUSTESSE KIILTO FIBERGUM 14KG - Espak E-pood","og_url":"https:\/\/espak.ee\/epood\/toode\/hudroisolatsioonimastiks-sisetingimustesse-kiilto-fibergum-14kg\/","og_site_name":"Espak E-pood","article_modified_time":"2024-03-22T22:11:49+00:00","og_image":[{"width":800,"height":800,"url":"https:\/\/espak.ee\/epood\/wp-content\/uploads\/fibergum.png","type":"image\/png"}],"twitter_card":"summary_large_image","twitter_misc":{"Est. reading time":"3 minutit"},"schema":{"@context":"https:\/\/schema.org","@graph":[{"@type":"WebPage","@id":"https:\/\/espak.ee\/epood\/toode\/hudroisolatsioonimastiks-sisetingimustesse-kiilto-fibergum-14kg\/","url":"https:\/\/espak.ee\/epood\/toode\/hudroisolatsioonimastiks-sisetingimustesse-kiilto-fibergum-14kg\/","name":"H\u00dcDROISOLATSIOONIMASTIKS SISETINGIMUSTESSE KIILTO FIBERGUM 14KG - Espak E-pood","isPartOf":{"@id":"https:\/\/espak.ee\/epood\/#website"},"primaryImageOfPage":{"@id":"https:\/\/espak.ee\/epood\/toode\/hudroisolatsioonimastiks-sisetingimustesse-kiilto-fibergum-14kg\/#primaryimage"},"image":{"@id":"https:\/\/espak.ee\/epood\/toode\/hudroisolatsioonimastiks-sisetingimustesse-kiilto-fibergum-14kg\/#primaryimage"},"thumbnailUrl":"https:\/\/espak.ee\/epood\/wp-content\/uploads\/fibergum.png","datePublished":"2019-11-09T00:40:16+00:00","dateModified":"2024-03-22T22:11:49+00:00","breadcrumb":{"@id":"https:\/\/espak.ee\/epood\/toode\/hudroisolatsioonimastiks-sisetingimustesse-kiilto-fibergum-14kg\/#breadcrumb"},"inLanguage":"et","potentialAction":[{"@type":"ReadAction","target":["https:\/\/espak.ee\/epood\/toode\/hudroisolatsioonimastiks-sisetingimustesse-kiilto-fibergum-14kg\/"]}]},{"@type":"ImageObject","inLanguage":"et","@id":"https:\/\/espak.ee\/epood\/toode\/hudroisolatsioonimastiks-sisetingimustesse-kiilto-fibergum-14kg\/#primaryimage","url":"https:\/\/espak.ee\/epood\/wp-content\/uploads\/fibergum.png","contentUrl":"https:\/\/espak.ee\/epood\/wp-content\/uploads\/fibergum.png","width":800,"height":800},{"@type":"BreadcrumbList","@id":"https:\/\/espak.ee\/epood\/toode\/hudroisolatsioonimastiks-sisetingimustesse-kiilto-fibergum-14kg\/#breadcrumb","itemListElement":[{"@type":"ListItem","position":1,"name":"Home","item":"https:\/\/espak.ee\/epood\/"},{"@type":"ListItem","position":2,"name":"Tootevalik","item":"https:\/\/espak.ee\/epood\/tootevalik\/"},{"@type":"ListItem","position":3,"name":"H\u00dcDROISOLATSIOONIMASTIKS SISETINGIMUSTESSE KIILTO FIBERGUM 14KG"}]},{"@type":"WebSite","@id":"https:\/\/espak.ee\/epood\/#website","url":"https:\/\/espak.ee\/epood\/","name":"Espak E-pood","description":"","potentialAction":[{"@type":"SearchAction","target":{"@type":"EntryPoint","urlTemplate":"https:\/\/espak.ee\/epood\/?s={search_term_string}"},"query-input":{"@type":"PropertyValueSpecification","valueRequired":true,"valueName":"search_term_string"}}],"inLanguage":"et"}]}},"_links":{"self":[{"href":"https:\/\/espak.ee\/epood\/wp-json\/wp\/v2\/product\/10600","targetHints":{"allow":["GET"]}}],"collection":[{"href":"https:\/\/espak.ee\/epood\/wp-json\/wp\/v2\/product"}],"about":[{"href":"https:\/\/espak.ee\/epood\/wp-json\/wp\/v2\/types\/product"}],"replies":[{"embeddable":true,"href":"https:\/\/espak.ee\/epood\/wp-json\/wp\/v2\/comments?post=10600"}],"wp:featuredmedia":[{"embeddable":true,"href":"https:\/\/espak.ee\/epood\/wp-json\/wp\/v2\/media\/10696"}],"wp:attachment":[{"href":"https:\/\/espak.ee\/epood\/wp-json\/wp\/v2\/media?parent=10600"}],"wp:term":[{"taxonomy":"product_brand","embeddable":true,"href":"https:\/\/espak.ee\/epood\/wp-json\/wp\/v2\/product_brand?post=10600"},{"taxonomy":"product_cat","embeddable":true,"href":"https:\/\/espak.ee\/epood\/wp-json\/wp\/v2\/product_cat?post=10600"},{"taxonomy":"product_tag","embeddable":true,"href":"https:\/\/espak.ee\/epood\/wp-json\/wp\/v2\/product_tag?post=10600"}],"curies":[{"name":"wp","href":"https:\/\/api.w.org\/{rel}","templated":true}]}}