{"id":105859,"date":"2022-01-20T00:43:01","date_gmt":"2022-01-20T00:43:01","guid":{"rendered":"https:\/\/espak.ee\/epood\/?post_type=product&#038;p=105859"},"modified":"2026-03-03T16:52:00","modified_gmt":"2026-03-03T14:52:00","slug":"triikimislaua-kate-vileda-ve-comfort-plus-sinine","status":"publish","type":"product","link":"https:\/\/espak.ee\/epood\/toode\/triikimislaua-kate-vileda-ve-comfort-plus-sinine\/","title":{"rendered":"TRIIKIMISLAUA KATE VILEDA VE COMFORT PLUS SININE"},"content":{"rendered":"<div class=\"row\"  id=\"row-2025861991\">\n\n\t<div id=\"col-403586575\" class=\"col medium-9 small-12 large-9\"  >\n\t\t\t\t<div class=\"col-inner\"  >\n\t\t\t\n\t\t\t\n<h3>Triikimislaua kate Vileda VE Comfort Plus sinine<\/h3>\n<p>Triikimislaua kate triikimislaudadele m\u00f5\u00f5tudega 120-130 cm x 38-45 cm.<br \/>\nHea triikida t\u00e4nu 3-kihilisele polsterdusele: 1 kiht 100% puuvill, 2 kiht vahtkumm, 3 kiht vilt.<br \/>\nLihtne paigaldada.\n<\/p>\n\t\t<\/div>\n\t\t\t\t\t<\/div>\n\n\t\n\n\t<div id=\"col-260015363\" class=\"col medium-3 small-12 large-3\"  >\n\t\t\t\t<div class=\"col-inner\"  >\n\t\t\t\n\t\t\t\n<div class=\"is-divider divider clearfix\" ><\/div>\n<p><strong>\u00dcksikasjalikuma n\u00f5u saamiseks v\u00f5tke \u00fchendust:<br \/><\/strong>Jungent Estonia O\u00dc<br \/>Paldiski mnt.11<br \/>10137<br \/>Tallinn<br \/>+372 666 3800<\/p>\n\t\t<\/div>\n\t\t\t\t\t<\/div>\n\n\t\n<\/div>\n","protected":false},"excerpt":{"rendered":"","protected":false},"featured_media":105952,"comment_status":"closed","ping_status":"closed","template":"","meta":[],"product_brand":[],"product_cat":[2788,2927,2928,4331],"product_tag":[],"class_list":{"0":"post-105859","1":"product","2":"type-product","3":"status-publish","4":"has-post-thumbnail","6":"product_cat-aiatarbed-ja-kodukaubad","7":"product_cat-kodukaubad","8":"product_cat-sisustus-ja-majapidamine","9":"product_cat-triikimislauad","10":"pa_kaubamark-jungent-estonia-ou","12":"first","13":"outofstock","14":"sale","15":"taxable","16":"shipping-taxable","17":"purchasable","18":"product-type-simple"},"yoast_head":"<!-- This site is optimized with the Yoast SEO plugin v26.9 - https:\/\/yoast.com\/product\/yoast-seo-wordpress\/ -->\n<title>TRIIKIMISLAUA KATE VILEDA VE COMFORT PLUS SININE - Espak E-pood<\/title>\n<meta name=\"robots\" content=\"index, follow, max-snippet:-1, max-image-preview:large, max-video-preview:-1\" \/>\n<link rel=\"canonical\" href=\"https:\/\/espak.ee\/epood\/toode\/triikimislaua-kate-vileda-ve-comfort-plus-sinine\/\" \/>\n<meta property=\"og:locale\" content=\"et_EE\" \/>\n<meta property=\"og:type\" content=\"article\" \/>\n<meta property=\"og:title\" content=\"TRIIKIMISLAUA KATE VILEDA VE COMFORT PLUS SININE - Espak E-pood\" \/>\n<meta property=\"og:url\" content=\"https:\/\/espak.ee\/epood\/toode\/triikimislaua-kate-vileda-ve-comfort-plus-sinine\/\" \/>\n<meta property=\"og:site_name\" content=\"Espak E-pood\" \/>\n<meta property=\"article:modified_time\" content=\"2026-03-03T14:52:00+00:00\" \/>\n<meta property=\"og:image\" content=\"https:\/\/espak.ee\/epood\/wp-content\/uploads\/2022\/01\/8001940006314-TR.laua-kate-Comfort-Plus-blue_pack_.jpg\" \/>\n\t<meta property=\"og:image:width\" content=\"1000\" \/>\n\t<meta property=\"og:image:height\" content=\"1000\" \/>\n\t<meta property=\"og:image:type\" content=\"image\/jpeg\" \/>\n<meta name=\"twitter:card\" content=\"summary_large_image\" \/>\n<script type=\"application\/ld+json\" class=\"yoast-schema-graph\">{\"@context\":\"https:\/\/schema.org\",\"@graph\":[{\"@type\":\"WebPage\",\"@id\":\"https:\/\/espak.ee\/epood\/toode\/triikimislaua-kate-vileda-ve-comfort-plus-sinine\/\",\"url\":\"https:\/\/espak.ee\/epood\/toode\/triikimislaua-kate-vileda-ve-comfort-plus-sinine\/\",\"name\":\"TRIIKIMISLAUA KATE VILEDA VE COMFORT PLUS SININE - Espak E-pood\",\"isPartOf\":{\"@id\":\"https:\/\/espak.ee\/epood\/#website\"},\"primaryImageOfPage\":{\"@id\":\"https:\/\/espak.ee\/epood\/toode\/triikimislaua-kate-vileda-ve-comfort-plus-sinine\/#primaryimage\"},\"image\":{\"@id\":\"https:\/\/espak.ee\/epood\/toode\/triikimislaua-kate-vileda-ve-comfort-plus-sinine\/#primaryimage\"},\"thumbnailUrl\":\"https:\/\/espak.ee\/epood\/wp-content\/uploads\/2022\/01\/8001940006314-TR.laua-kate-Comfort-Plus-blue_pack_.jpg\",\"datePublished\":\"2022-01-20T00:43:01+00:00\",\"dateModified\":\"2026-03-03T14:52:00+00:00\",\"breadcrumb\":{\"@id\":\"https:\/\/espak.ee\/epood\/toode\/triikimislaua-kate-vileda-ve-comfort-plus-sinine\/#breadcrumb\"},\"inLanguage\":\"et\",\"potentialAction\":[{\"@type\":\"ReadAction\",\"target\":[\"https:\/\/espak.ee\/epood\/toode\/triikimislaua-kate-vileda-ve-comfort-plus-sinine\/\"]}]},{\"@type\":\"ImageObject\",\"inLanguage\":\"et\",\"@id\":\"https:\/\/espak.ee\/epood\/toode\/triikimislaua-kate-vileda-ve-comfort-plus-sinine\/#primaryimage\",\"url\":\"https:\/\/espak.ee\/epood\/wp-content\/uploads\/2022\/01\/8001940006314-TR.laua-kate-Comfort-Plus-blue_pack_.jpg\",\"contentUrl\":\"https:\/\/espak.ee\/epood\/wp-content\/uploads\/2022\/01\/8001940006314-TR.laua-kate-Comfort-Plus-blue_pack_.jpg\",\"width\":1000,\"height\":1000},{\"@type\":\"BreadcrumbList\",\"@id\":\"https:\/\/espak.ee\/epood\/toode\/triikimislaua-kate-vileda-ve-comfort-plus-sinine\/#breadcrumb\",\"itemListElement\":[{\"@type\":\"ListItem\",\"position\":1,\"name\":\"Home\",\"item\":\"https:\/\/espak.ee\/epood\/\"},{\"@type\":\"ListItem\",\"position\":2,\"name\":\"Tootevalik\",\"item\":\"https:\/\/espak.ee\/epood\/tootevalik\/\"},{\"@type\":\"ListItem\",\"position\":3,\"name\":\"TRIIKIMISLAUA KATE VILEDA VE COMFORT PLUS SININE\"}]},{\"@type\":\"WebSite\",\"@id\":\"https:\/\/espak.ee\/epood\/#website\",\"url\":\"https:\/\/espak.ee\/epood\/\",\"name\":\"Espak E-pood\",\"description\":\"\",\"potentialAction\":[{\"@type\":\"SearchAction\",\"target\":{\"@type\":\"EntryPoint\",\"urlTemplate\":\"https:\/\/espak.ee\/epood\/?s={search_term_string}\"},\"query-input\":{\"@type\":\"PropertyValueSpecification\",\"valueRequired\":true,\"valueName\":\"search_term_string\"}}],\"inLanguage\":\"et\"}]}<\/script>\n<!-- \/ Yoast SEO plugin. -->","yoast_head_json":{"title":"TRIIKIMISLAUA KATE VILEDA VE COMFORT PLUS SININE - Espak E-pood","robots":{"index":"index","follow":"follow","max-snippet":"max-snippet:-1","max-image-preview":"max-image-preview:large","max-video-preview":"max-video-preview:-1"},"canonical":"https:\/\/espak.ee\/epood\/toode\/triikimislaua-kate-vileda-ve-comfort-plus-sinine\/","og_locale":"et_EE","og_type":"article","og_title":"TRIIKIMISLAUA KATE VILEDA VE COMFORT PLUS SININE - Espak E-pood","og_url":"https:\/\/espak.ee\/epood\/toode\/triikimislaua-kate-vileda-ve-comfort-plus-sinine\/","og_site_name":"Espak E-pood","article_modified_time":"2026-03-03T14:52:00+00:00","og_image":[{"width":1000,"height":1000,"url":"https:\/\/espak.ee\/epood\/wp-content\/uploads\/2022\/01\/8001940006314-TR.laua-kate-Comfort-Plus-blue_pack_.jpg","type":"image\/jpeg"}],"twitter_card":"summary_large_image","schema":{"@context":"https:\/\/schema.org","@graph":[{"@type":"WebPage","@id":"https:\/\/espak.ee\/epood\/toode\/triikimislaua-kate-vileda-ve-comfort-plus-sinine\/","url":"https:\/\/espak.ee\/epood\/toode\/triikimislaua-kate-vileda-ve-comfort-plus-sinine\/","name":"TRIIKIMISLAUA KATE VILEDA VE COMFORT PLUS SININE - Espak E-pood","isPartOf":{"@id":"https:\/\/espak.ee\/epood\/#website"},"primaryImageOfPage":{"@id":"https:\/\/espak.ee\/epood\/toode\/triikimislaua-kate-vileda-ve-comfort-plus-sinine\/#primaryimage"},"image":{"@id":"https:\/\/espak.ee\/epood\/toode\/triikimislaua-kate-vileda-ve-comfort-plus-sinine\/#primaryimage"},"thumbnailUrl":"https:\/\/espak.ee\/epood\/wp-content\/uploads\/2022\/01\/8001940006314-TR.laua-kate-Comfort-Plus-blue_pack_.jpg","datePublished":"2022-01-20T00:43:01+00:00","dateModified":"2026-03-03T14:52:00+00:00","breadcrumb":{"@id":"https:\/\/espak.ee\/epood\/toode\/triikimislaua-kate-vileda-ve-comfort-plus-sinine\/#breadcrumb"},"inLanguage":"et","potentialAction":[{"@type":"ReadAction","target":["https:\/\/espak.ee\/epood\/toode\/triikimislaua-kate-vileda-ve-comfort-plus-sinine\/"]}]},{"@type":"ImageObject","inLanguage":"et","@id":"https:\/\/espak.ee\/epood\/toode\/triikimislaua-kate-vileda-ve-comfort-plus-sinine\/#primaryimage","url":"https:\/\/espak.ee\/epood\/wp-content\/uploads\/2022\/01\/8001940006314-TR.laua-kate-Comfort-Plus-blue_pack_.jpg","contentUrl":"https:\/\/espak.ee\/epood\/wp-content\/uploads\/2022\/01\/8001940006314-TR.laua-kate-Comfort-Plus-blue_pack_.jpg","width":1000,"height":1000},{"@type":"BreadcrumbList","@id":"https:\/\/espak.ee\/epood\/toode\/triikimislaua-kate-vileda-ve-comfort-plus-sinine\/#breadcrumb","itemListElement":[{"@type":"ListItem","position":1,"name":"Home","item":"https:\/\/espak.ee\/epood\/"},{"@type":"ListItem","position":2,"name":"Tootevalik","item":"https:\/\/espak.ee\/epood\/tootevalik\/"},{"@type":"ListItem","position":3,"name":"TRIIKIMISLAUA KATE VILEDA VE COMFORT PLUS SININE"}]},{"@type":"WebSite","@id":"https:\/\/espak.ee\/epood\/#website","url":"https:\/\/espak.ee\/epood\/","name":"Espak E-pood","description":"","potentialAction":[{"@type":"SearchAction","target":{"@type":"EntryPoint","urlTemplate":"https:\/\/espak.ee\/epood\/?s={search_term_string}"},"query-input":{"@type":"PropertyValueSpecification","valueRequired":true,"valueName":"search_term_string"}}],"inLanguage":"et"}]}},"_links":{"self":[{"href":"https:\/\/espak.ee\/epood\/wp-json\/wp\/v2\/product\/105859","targetHints":{"allow":["GET"]}}],"collection":[{"href":"https:\/\/espak.ee\/epood\/wp-json\/wp\/v2\/product"}],"about":[{"href":"https:\/\/espak.ee\/epood\/wp-json\/wp\/v2\/types\/product"}],"replies":[{"embeddable":true,"href":"https:\/\/espak.ee\/epood\/wp-json\/wp\/v2\/comments?post=105859"}],"wp:featuredmedia":[{"embeddable":true,"href":"https:\/\/espak.ee\/epood\/wp-json\/wp\/v2\/media\/105952"}],"wp:attachment":[{"href":"https:\/\/espak.ee\/epood\/wp-json\/wp\/v2\/media?parent=105859"}],"wp:term":[{"taxonomy":"product_brand","embeddable":true,"href":"https:\/\/espak.ee\/epood\/wp-json\/wp\/v2\/product_brand?post=105859"},{"taxonomy":"product_cat","embeddable":true,"href":"https:\/\/espak.ee\/epood\/wp-json\/wp\/v2\/product_cat?post=105859"},{"taxonomy":"product_tag","embeddable":true,"href":"https:\/\/espak.ee\/epood\/wp-json\/wp\/v2\/product_tag?post=105859"}],"curies":[{"name":"wp","href":"https:\/\/api.w.org\/{rel}","templated":true}]}}