{"id":105655,"date":"2022-01-19T04:30:35","date_gmt":"2022-01-19T04:30:35","guid":{"rendered":"https:\/\/espak.ee\/epood\/?post_type=product&#038;p=105655"},"modified":"2026-01-15T23:08:58","modified_gmt":"2026-01-15T21:08:58","slug":"vannitoa-puhastusvahend-ajax-spray-750ml","status":"publish","type":"product","link":"https:\/\/espak.ee\/epood\/toode\/vannitoa-puhastusvahend-ajax-spray-750ml\/","title":{"rendered":"VANNITOA PUHASTUSVAHEND AJAX SPRAY  750ML"},"content":{"rendered":"<div class=\"row\"  id=\"row-368653570\">\n\n\t<div id=\"col-1372007916\" class=\"col medium-9 small-12 large-9\"  >\n\t\t\t\t<div class=\"col-inner\"  >\n\t\t\t\n\t\t\t\n<h3>Vannitoa puhastusvahend Ajax Spray 750ml<\/h3>\n<p>Ajax puhastussprei, mis on m\u00f5eldud vannitoa pindade puhastamiseks.<br \/>\n KASUTUSJUHISED: Pihustage pinnale. P\u00fchkige niiske lapiga.<br \/>\n ETTEVAATUSABIN\u00d5UD: \u00c4rge laske tootel m\u00f5juda kauem kui 10 minutit. Mitte kasutada marmoril, lubjakivil, vanal malmvannil ega kahjustatud emailil. Kahtluste korral katsetage esmalt v\u00e4ikesel pinnal. \u00c4rge pihustage silmade ega n\u00e4o vahetus l\u00e4heduses. Toiduga kokkupuutuvad pinnad loputage \u00fcle joogiveega.<br \/>\n HOIATUSED: P\u00f5hjustab raskeid silmakahjustusi. Arsti poole p\u00f6\u00f6rdudes v\u00f5tta kaasa toote pakend v\u00f5i etikett. Hoida lastele k\u00e4ttesaamatus kohas. Silma sattumise korral loputada mitme minuti jooksul ettevaatlikult veega. Eemaldada kontaktl\u00e4\u00e4tsed. Loputada veel kord. V\u00f5tta viivitamata \u00fchendust m\u00fcrgistusteabekeskuse v\u00f5i arstiga. K\u00e4idelda h\u00e4stiventileeritavas kohas. \u00c4rge segage pleegitiga: tekkida v\u00f5ib ohtlik gaas (kloor). <\/p>\n<p><strong>Koostis:<\/strong><br \/>\n< 5% anion surfactants, nonion surfactants, Perfume, Lactic Acid.<\/p>\n\t\t<\/div>\n\t\t\t\t\t<\/div>\n\n\t\n\n\t<div id=\"col-1089682484\" class=\"col medium-3 small-12 large-3\"  >\n\t\t\t\t<div class=\"col-inner\"  >\n\t\t\t\n\t\t\t\n<div class=\"is-divider divider clearfix\" ><\/div>\n<p><strong>\u00dcksikasjalikuma n\u00f5u saamiseks v\u00f5tke \u00fchendust:<br \/><\/strong>Jungent Estonia O\u00dc<br \/>Paldiski mnt.11<br \/>10137<br \/>Tallinn<br \/>+372 666 3800<\/p>\n\t\t<\/div>\n\t\t\t\t\t<\/div>\n\n\t\n<\/div>\n","protected":false},"excerpt":{"rendered":"","protected":false},"featured_media":105693,"comment_status":"closed","ping_status":"closed","template":"","meta":[],"product_brand":[],"product_cat":[2788,4216,4217,4328],"product_tag":[],"class_list":{"0":"post-105655","1":"product","2":"type-product","3":"status-publish","4":"has-post-thumbnail","6":"product_cat-aiatarbed-ja-kodukaubad","7":"product_cat-kodukeemia","8":"product_cat-kodukeemia-kodukeemia","9":"product_cat-wc-ja-vannitoa-puhastusvahendid","10":"pa_kaubamark-jungent-estonia-ou","12":"first","13":"instock","14":"sale","15":"taxable","16":"shipping-taxable","17":"purchasable","18":"product-type-simple"},"yoast_head":"<!-- This site is optimized with the Yoast SEO plugin v26.9 - https:\/\/yoast.com\/product\/yoast-seo-wordpress\/ -->\n<title>VANNITOA PUHASTUSVAHEND AJAX SPRAY 750ML - Espak E-pood<\/title>\n<meta name=\"robots\" content=\"index, follow, max-snippet:-1, max-image-preview:large, max-video-preview:-1\" \/>\n<link rel=\"canonical\" href=\"https:\/\/espak.ee\/epood\/toode\/vannitoa-puhastusvahend-ajax-spray-750ml\/\" \/>\n<meta property=\"og:locale\" content=\"et_EE\" \/>\n<meta property=\"og:type\" content=\"article\" \/>\n<meta property=\"og:title\" content=\"VANNITOA PUHASTUSVAHEND AJAX SPRAY 750ML - Espak E-pood\" \/>\n<meta property=\"og:url\" content=\"https:\/\/espak.ee\/epood\/toode\/vannitoa-puhastusvahend-ajax-spray-750ml\/\" \/>\n<meta property=\"og:site_name\" content=\"Espak E-pood\" \/>\n<meta property=\"article:modified_time\" content=\"2026-01-15T21:08:58+00:00\" \/>\n<meta property=\"og:image\" content=\"https:\/\/espak.ee\/epood\/wp-content\/uploads\/2022\/01\/8718951277434-X3.jpg\" \/>\n\t<meta property=\"og:image:width\" content=\"1000\" \/>\n\t<meta property=\"og:image:height\" content=\"1000\" \/>\n\t<meta property=\"og:image:type\" content=\"image\/jpeg\" \/>\n<meta name=\"twitter:card\" content=\"summary_large_image\" \/>\n<meta name=\"twitter:label1\" content=\"Est. reading time\" \/>\n\t<meta name=\"twitter:data1\" content=\"1 minut\" \/>\n<script type=\"application\/ld+json\" class=\"yoast-schema-graph\">{\"@context\":\"https:\/\/schema.org\",\"@graph\":[{\"@type\":\"WebPage\",\"@id\":\"https:\/\/espak.ee\/epood\/toode\/vannitoa-puhastusvahend-ajax-spray-750ml\/\",\"url\":\"https:\/\/espak.ee\/epood\/toode\/vannitoa-puhastusvahend-ajax-spray-750ml\/\",\"name\":\"VANNITOA PUHASTUSVAHEND AJAX SPRAY 750ML - Espak E-pood\",\"isPartOf\":{\"@id\":\"https:\/\/espak.ee\/epood\/#website\"},\"primaryImageOfPage\":{\"@id\":\"https:\/\/espak.ee\/epood\/toode\/vannitoa-puhastusvahend-ajax-spray-750ml\/#primaryimage\"},\"image\":{\"@id\":\"https:\/\/espak.ee\/epood\/toode\/vannitoa-puhastusvahend-ajax-spray-750ml\/#primaryimage\"},\"thumbnailUrl\":\"https:\/\/espak.ee\/epood\/wp-content\/uploads\/2022\/01\/8718951277434-X3.jpg\",\"datePublished\":\"2022-01-19T04:30:35+00:00\",\"dateModified\":\"2026-01-15T21:08:58+00:00\",\"breadcrumb\":{\"@id\":\"https:\/\/espak.ee\/epood\/toode\/vannitoa-puhastusvahend-ajax-spray-750ml\/#breadcrumb\"},\"inLanguage\":\"et\",\"potentialAction\":[{\"@type\":\"ReadAction\",\"target\":[\"https:\/\/espak.ee\/epood\/toode\/vannitoa-puhastusvahend-ajax-spray-750ml\/\"]}]},{\"@type\":\"ImageObject\",\"inLanguage\":\"et\",\"@id\":\"https:\/\/espak.ee\/epood\/toode\/vannitoa-puhastusvahend-ajax-spray-750ml\/#primaryimage\",\"url\":\"https:\/\/espak.ee\/epood\/wp-content\/uploads\/2022\/01\/8718951277434-X3.jpg\",\"contentUrl\":\"https:\/\/espak.ee\/epood\/wp-content\/uploads\/2022\/01\/8718951277434-X3.jpg\",\"width\":1000,\"height\":1000},{\"@type\":\"BreadcrumbList\",\"@id\":\"https:\/\/espak.ee\/epood\/toode\/vannitoa-puhastusvahend-ajax-spray-750ml\/#breadcrumb\",\"itemListElement\":[{\"@type\":\"ListItem\",\"position\":1,\"name\":\"Home\",\"item\":\"https:\/\/espak.ee\/epood\/\"},{\"@type\":\"ListItem\",\"position\":2,\"name\":\"Tootevalik\",\"item\":\"https:\/\/espak.ee\/epood\/tootevalik\/\"},{\"@type\":\"ListItem\",\"position\":3,\"name\":\"VANNITOA PUHASTUSVAHEND AJAX SPRAY 750ML\"}]},{\"@type\":\"WebSite\",\"@id\":\"https:\/\/espak.ee\/epood\/#website\",\"url\":\"https:\/\/espak.ee\/epood\/\",\"name\":\"Espak E-pood\",\"description\":\"\",\"potentialAction\":[{\"@type\":\"SearchAction\",\"target\":{\"@type\":\"EntryPoint\",\"urlTemplate\":\"https:\/\/espak.ee\/epood\/?s={search_term_string}\"},\"query-input\":{\"@type\":\"PropertyValueSpecification\",\"valueRequired\":true,\"valueName\":\"search_term_string\"}}],\"inLanguage\":\"et\"}]}<\/script>\n<!-- \/ Yoast SEO plugin. -->","yoast_head_json":{"title":"VANNITOA PUHASTUSVAHEND AJAX SPRAY 750ML - Espak E-pood","robots":{"index":"index","follow":"follow","max-snippet":"max-snippet:-1","max-image-preview":"max-image-preview:large","max-video-preview":"max-video-preview:-1"},"canonical":"https:\/\/espak.ee\/epood\/toode\/vannitoa-puhastusvahend-ajax-spray-750ml\/","og_locale":"et_EE","og_type":"article","og_title":"VANNITOA PUHASTUSVAHEND AJAX SPRAY 750ML - Espak E-pood","og_url":"https:\/\/espak.ee\/epood\/toode\/vannitoa-puhastusvahend-ajax-spray-750ml\/","og_site_name":"Espak E-pood","article_modified_time":"2026-01-15T21:08:58+00:00","og_image":[{"width":1000,"height":1000,"url":"https:\/\/espak.ee\/epood\/wp-content\/uploads\/2022\/01\/8718951277434-X3.jpg","type":"image\/jpeg"}],"twitter_card":"summary_large_image","twitter_misc":{"Est. reading time":"1 minut"},"schema":{"@context":"https:\/\/schema.org","@graph":[{"@type":"WebPage","@id":"https:\/\/espak.ee\/epood\/toode\/vannitoa-puhastusvahend-ajax-spray-750ml\/","url":"https:\/\/espak.ee\/epood\/toode\/vannitoa-puhastusvahend-ajax-spray-750ml\/","name":"VANNITOA PUHASTUSVAHEND AJAX SPRAY 750ML - Espak E-pood","isPartOf":{"@id":"https:\/\/espak.ee\/epood\/#website"},"primaryImageOfPage":{"@id":"https:\/\/espak.ee\/epood\/toode\/vannitoa-puhastusvahend-ajax-spray-750ml\/#primaryimage"},"image":{"@id":"https:\/\/espak.ee\/epood\/toode\/vannitoa-puhastusvahend-ajax-spray-750ml\/#primaryimage"},"thumbnailUrl":"https:\/\/espak.ee\/epood\/wp-content\/uploads\/2022\/01\/8718951277434-X3.jpg","datePublished":"2022-01-19T04:30:35+00:00","dateModified":"2026-01-15T21:08:58+00:00","breadcrumb":{"@id":"https:\/\/espak.ee\/epood\/toode\/vannitoa-puhastusvahend-ajax-spray-750ml\/#breadcrumb"},"inLanguage":"et","potentialAction":[{"@type":"ReadAction","target":["https:\/\/espak.ee\/epood\/toode\/vannitoa-puhastusvahend-ajax-spray-750ml\/"]}]},{"@type":"ImageObject","inLanguage":"et","@id":"https:\/\/espak.ee\/epood\/toode\/vannitoa-puhastusvahend-ajax-spray-750ml\/#primaryimage","url":"https:\/\/espak.ee\/epood\/wp-content\/uploads\/2022\/01\/8718951277434-X3.jpg","contentUrl":"https:\/\/espak.ee\/epood\/wp-content\/uploads\/2022\/01\/8718951277434-X3.jpg","width":1000,"height":1000},{"@type":"BreadcrumbList","@id":"https:\/\/espak.ee\/epood\/toode\/vannitoa-puhastusvahend-ajax-spray-750ml\/#breadcrumb","itemListElement":[{"@type":"ListItem","position":1,"name":"Home","item":"https:\/\/espak.ee\/epood\/"},{"@type":"ListItem","position":2,"name":"Tootevalik","item":"https:\/\/espak.ee\/epood\/tootevalik\/"},{"@type":"ListItem","position":3,"name":"VANNITOA PUHASTUSVAHEND AJAX SPRAY 750ML"}]},{"@type":"WebSite","@id":"https:\/\/espak.ee\/epood\/#website","url":"https:\/\/espak.ee\/epood\/","name":"Espak E-pood","description":"","potentialAction":[{"@type":"SearchAction","target":{"@type":"EntryPoint","urlTemplate":"https:\/\/espak.ee\/epood\/?s={search_term_string}"},"query-input":{"@type":"PropertyValueSpecification","valueRequired":true,"valueName":"search_term_string"}}],"inLanguage":"et"}]}},"_links":{"self":[{"href":"https:\/\/espak.ee\/epood\/wp-json\/wp\/v2\/product\/105655","targetHints":{"allow":["GET"]}}],"collection":[{"href":"https:\/\/espak.ee\/epood\/wp-json\/wp\/v2\/product"}],"about":[{"href":"https:\/\/espak.ee\/epood\/wp-json\/wp\/v2\/types\/product"}],"replies":[{"embeddable":true,"href":"https:\/\/espak.ee\/epood\/wp-json\/wp\/v2\/comments?post=105655"}],"wp:featuredmedia":[{"embeddable":true,"href":"https:\/\/espak.ee\/epood\/wp-json\/wp\/v2\/media\/105693"}],"wp:attachment":[{"href":"https:\/\/espak.ee\/epood\/wp-json\/wp\/v2\/media?parent=105655"}],"wp:term":[{"taxonomy":"product_brand","embeddable":true,"href":"https:\/\/espak.ee\/epood\/wp-json\/wp\/v2\/product_brand?post=105655"},{"taxonomy":"product_cat","embeddable":true,"href":"https:\/\/espak.ee\/epood\/wp-json\/wp\/v2\/product_cat?post=105655"},{"taxonomy":"product_tag","embeddable":true,"href":"https:\/\/espak.ee\/epood\/wp-json\/wp\/v2\/product_tag?post=105655"}],"curies":[{"name":"wp","href":"https:\/\/api.w.org\/{rel}","templated":true}]}}