{"id":105602,"date":"2022-01-18T23:15:21","date_gmt":"2022-01-18T23:15:21","guid":{"rendered":"https:\/\/espak.ee\/epood\/?post_type=product&#038;p=105602"},"modified":"2025-11-02T11:11:23","modified_gmt":"2025-11-02T09:11:23","slug":"salvratikud-karbis-zewa-deluxe-design-90tk-3-kihti","status":"publish","type":"product","link":"https:\/\/espak.ee\/epood\/toode\/salvratikud-karbis-zewa-deluxe-design-90tk-3-kihti\/","title":{"rendered":"SALVR\u00c4TIKUD KARBIS ZEWA DELUXE DESIGN 90TK 3 KIHTI"},"content":{"rendered":"<div class=\"row\"  id=\"row-467182023\">\n\n\t<div id=\"col-981974170\" class=\"col medium-9 small-12 large-9\"  >\n\t\t\t\t<div class=\"col-inner\"  >\n\t\t\t\n\t\t\t\n<h3>Salvr\u00e4tikud karbis Zewa Deluxe Design 90tk 3 kihti<\/h3>\n<p>N\u00e4osalvr\u00e4tikute karbid trendikate disainidega.<br \/>\n 90 pehmet salvr\u00e4tikut, 3-kihilised.<br \/>\nSalvr\u00e4tikud on dermatoloogiliselt testitud ja tugevad, isegi pesumasinakindlad.<br \/>\n Valmistatud vastutustundlikult toodetud kiududest (FSC-sertifikaat).<br \/>\n Pakend: papp. Karpide ava ei ole plastikust, vaid paberist.<br \/>\n Valmistatud Belgias. <\/p>\n<p><strong>Koostis:<\/strong><br \/>\nValmistatud vastutustundlikult toodetud kiududest (FSC-sertifikaat).   <\/p>\n\t\t<\/div>\n\t\t\t\t\t<\/div>\n\n\t\n\n\t<div id=\"col-977322969\" class=\"col medium-3 small-12 large-3\"  >\n\t\t\t\t<div class=\"col-inner\"  >\n\t\t\t\n\t\t\t\n<div class=\"is-divider divider clearfix\" ><\/div>\n<p><strong>\u00dcksikasjalikuma n\u00f5u saamiseks v\u00f5tke \u00fchendust:<br \/><\/strong>Jungent Estonia O\u00dc<br \/>Paldiski mnt.11<br \/>10137<br \/>Tallinn<br \/>+372 666 3800<\/p>\n\t\t<\/div>\n\t\t\t\t\t<\/div>\n\n\t\n<\/div>\n","protected":false},"excerpt":{"rendered":"","protected":false},"featured_media":105730,"comment_status":"closed","ping_status":"closed","template":"","meta":[],"product_brand":[],"product_cat":[2788,4237,4236,4238],"product_tag":[],"class_list":{"0":"post-105602","1":"product","2":"type-product","3":"status-publish","4":"has-post-thumbnail","6":"product_cat-aiatarbed-ja-kodukaubad","7":"product_cat-kodupaber","8":"product_cat-ulem-kodupaberid","9":"product_cat-kodupaberid","10":"pa_kaubamark-jungent-estonia-ou","12":"first","13":"instock","14":"sale","15":"taxable","16":"shipping-taxable","17":"purchasable","18":"product-type-simple"},"yoast_head":"<!-- This site is optimized with the Yoast SEO plugin v26.9 - https:\/\/yoast.com\/product\/yoast-seo-wordpress\/ -->\n<title>SALVR\u00c4TIKUD KARBIS ZEWA DELUXE DESIGN 90TK 3 KIHTI - Espak E-pood<\/title>\n<meta name=\"robots\" content=\"index, follow, max-snippet:-1, max-image-preview:large, max-video-preview:-1\" \/>\n<link rel=\"canonical\" href=\"https:\/\/espak.ee\/epood\/toode\/salvratikud-karbis-zewa-deluxe-design-90tk-3-kihti\/\" \/>\n<meta property=\"og:locale\" content=\"et_EE\" \/>\n<meta property=\"og:type\" content=\"article\" \/>\n<meta property=\"og:title\" content=\"SALVR\u00c4TIKUD KARBIS ZEWA DELUXE DESIGN 90TK 3 KIHTI - Espak E-pood\" \/>\n<meta property=\"og:url\" content=\"https:\/\/espak.ee\/epood\/toode\/salvratikud-karbis-zewa-deluxe-design-90tk-3-kihti\/\" \/>\n<meta property=\"og:site_name\" content=\"Espak E-pood\" \/>\n<meta property=\"article:modified_time\" content=\"2025-11-02T09:11:23+00:00\" \/>\n<meta property=\"og:image\" content=\"https:\/\/espak.ee\/epood\/wp-content\/uploads\/2022\/01\/4006670128002-X3.jpg\" \/>\n\t<meta property=\"og:image:width\" content=\"1000\" \/>\n\t<meta property=\"og:image:height\" content=\"1000\" \/>\n\t<meta property=\"og:image:type\" content=\"image\/jpeg\" \/>\n<meta name=\"twitter:card\" content=\"summary_large_image\" \/>\n<script type=\"application\/ld+json\" class=\"yoast-schema-graph\">{\"@context\":\"https:\/\/schema.org\",\"@graph\":[{\"@type\":\"WebPage\",\"@id\":\"https:\/\/espak.ee\/epood\/toode\/salvratikud-karbis-zewa-deluxe-design-90tk-3-kihti\/\",\"url\":\"https:\/\/espak.ee\/epood\/toode\/salvratikud-karbis-zewa-deluxe-design-90tk-3-kihti\/\",\"name\":\"SALVR\u00c4TIKUD KARBIS ZEWA DELUXE DESIGN 90TK 3 KIHTI - Espak E-pood\",\"isPartOf\":{\"@id\":\"https:\/\/espak.ee\/epood\/#website\"},\"primaryImageOfPage\":{\"@id\":\"https:\/\/espak.ee\/epood\/toode\/salvratikud-karbis-zewa-deluxe-design-90tk-3-kihti\/#primaryimage\"},\"image\":{\"@id\":\"https:\/\/espak.ee\/epood\/toode\/salvratikud-karbis-zewa-deluxe-design-90tk-3-kihti\/#primaryimage\"},\"thumbnailUrl\":\"https:\/\/espak.ee\/epood\/wp-content\/uploads\/2022\/01\/4006670128002-X3.jpg\",\"datePublished\":\"2022-01-18T23:15:21+00:00\",\"dateModified\":\"2025-11-02T09:11:23+00:00\",\"breadcrumb\":{\"@id\":\"https:\/\/espak.ee\/epood\/toode\/salvratikud-karbis-zewa-deluxe-design-90tk-3-kihti\/#breadcrumb\"},\"inLanguage\":\"et\",\"potentialAction\":[{\"@type\":\"ReadAction\",\"target\":[\"https:\/\/espak.ee\/epood\/toode\/salvratikud-karbis-zewa-deluxe-design-90tk-3-kihti\/\"]}]},{\"@type\":\"ImageObject\",\"inLanguage\":\"et\",\"@id\":\"https:\/\/espak.ee\/epood\/toode\/salvratikud-karbis-zewa-deluxe-design-90tk-3-kihti\/#primaryimage\",\"url\":\"https:\/\/espak.ee\/epood\/wp-content\/uploads\/2022\/01\/4006670128002-X3.jpg\",\"contentUrl\":\"https:\/\/espak.ee\/epood\/wp-content\/uploads\/2022\/01\/4006670128002-X3.jpg\",\"width\":1000,\"height\":1000},{\"@type\":\"BreadcrumbList\",\"@id\":\"https:\/\/espak.ee\/epood\/toode\/salvratikud-karbis-zewa-deluxe-design-90tk-3-kihti\/#breadcrumb\",\"itemListElement\":[{\"@type\":\"ListItem\",\"position\":1,\"name\":\"Home\",\"item\":\"https:\/\/espak.ee\/epood\/\"},{\"@type\":\"ListItem\",\"position\":2,\"name\":\"Tootevalik\",\"item\":\"https:\/\/espak.ee\/epood\/tootevalik\/\"},{\"@type\":\"ListItem\",\"position\":3,\"name\":\"SALVR\u00c4TIKUD KARBIS ZEWA DELUXE DESIGN 90TK 3 KIHTI\"}]},{\"@type\":\"WebSite\",\"@id\":\"https:\/\/espak.ee\/epood\/#website\",\"url\":\"https:\/\/espak.ee\/epood\/\",\"name\":\"Espak E-pood\",\"description\":\"\",\"potentialAction\":[{\"@type\":\"SearchAction\",\"target\":{\"@type\":\"EntryPoint\",\"urlTemplate\":\"https:\/\/espak.ee\/epood\/?s={search_term_string}\"},\"query-input\":{\"@type\":\"PropertyValueSpecification\",\"valueRequired\":true,\"valueName\":\"search_term_string\"}}],\"inLanguage\":\"et\"}]}<\/script>\n<!-- \/ Yoast SEO plugin. -->","yoast_head_json":{"title":"SALVR\u00c4TIKUD KARBIS ZEWA DELUXE DESIGN 90TK 3 KIHTI - Espak E-pood","robots":{"index":"index","follow":"follow","max-snippet":"max-snippet:-1","max-image-preview":"max-image-preview:large","max-video-preview":"max-video-preview:-1"},"canonical":"https:\/\/espak.ee\/epood\/toode\/salvratikud-karbis-zewa-deluxe-design-90tk-3-kihti\/","og_locale":"et_EE","og_type":"article","og_title":"SALVR\u00c4TIKUD KARBIS ZEWA DELUXE DESIGN 90TK 3 KIHTI - Espak E-pood","og_url":"https:\/\/espak.ee\/epood\/toode\/salvratikud-karbis-zewa-deluxe-design-90tk-3-kihti\/","og_site_name":"Espak E-pood","article_modified_time":"2025-11-02T09:11:23+00:00","og_image":[{"width":1000,"height":1000,"url":"https:\/\/espak.ee\/epood\/wp-content\/uploads\/2022\/01\/4006670128002-X3.jpg","type":"image\/jpeg"}],"twitter_card":"summary_large_image","schema":{"@context":"https:\/\/schema.org","@graph":[{"@type":"WebPage","@id":"https:\/\/espak.ee\/epood\/toode\/salvratikud-karbis-zewa-deluxe-design-90tk-3-kihti\/","url":"https:\/\/espak.ee\/epood\/toode\/salvratikud-karbis-zewa-deluxe-design-90tk-3-kihti\/","name":"SALVR\u00c4TIKUD KARBIS ZEWA DELUXE DESIGN 90TK 3 KIHTI - Espak E-pood","isPartOf":{"@id":"https:\/\/espak.ee\/epood\/#website"},"primaryImageOfPage":{"@id":"https:\/\/espak.ee\/epood\/toode\/salvratikud-karbis-zewa-deluxe-design-90tk-3-kihti\/#primaryimage"},"image":{"@id":"https:\/\/espak.ee\/epood\/toode\/salvratikud-karbis-zewa-deluxe-design-90tk-3-kihti\/#primaryimage"},"thumbnailUrl":"https:\/\/espak.ee\/epood\/wp-content\/uploads\/2022\/01\/4006670128002-X3.jpg","datePublished":"2022-01-18T23:15:21+00:00","dateModified":"2025-11-02T09:11:23+00:00","breadcrumb":{"@id":"https:\/\/espak.ee\/epood\/toode\/salvratikud-karbis-zewa-deluxe-design-90tk-3-kihti\/#breadcrumb"},"inLanguage":"et","potentialAction":[{"@type":"ReadAction","target":["https:\/\/espak.ee\/epood\/toode\/salvratikud-karbis-zewa-deluxe-design-90tk-3-kihti\/"]}]},{"@type":"ImageObject","inLanguage":"et","@id":"https:\/\/espak.ee\/epood\/toode\/salvratikud-karbis-zewa-deluxe-design-90tk-3-kihti\/#primaryimage","url":"https:\/\/espak.ee\/epood\/wp-content\/uploads\/2022\/01\/4006670128002-X3.jpg","contentUrl":"https:\/\/espak.ee\/epood\/wp-content\/uploads\/2022\/01\/4006670128002-X3.jpg","width":1000,"height":1000},{"@type":"BreadcrumbList","@id":"https:\/\/espak.ee\/epood\/toode\/salvratikud-karbis-zewa-deluxe-design-90tk-3-kihti\/#breadcrumb","itemListElement":[{"@type":"ListItem","position":1,"name":"Home","item":"https:\/\/espak.ee\/epood\/"},{"@type":"ListItem","position":2,"name":"Tootevalik","item":"https:\/\/espak.ee\/epood\/tootevalik\/"},{"@type":"ListItem","position":3,"name":"SALVR\u00c4TIKUD KARBIS ZEWA DELUXE DESIGN 90TK 3 KIHTI"}]},{"@type":"WebSite","@id":"https:\/\/espak.ee\/epood\/#website","url":"https:\/\/espak.ee\/epood\/","name":"Espak E-pood","description":"","potentialAction":[{"@type":"SearchAction","target":{"@type":"EntryPoint","urlTemplate":"https:\/\/espak.ee\/epood\/?s={search_term_string}"},"query-input":{"@type":"PropertyValueSpecification","valueRequired":true,"valueName":"search_term_string"}}],"inLanguage":"et"}]}},"_links":{"self":[{"href":"https:\/\/espak.ee\/epood\/wp-json\/wp\/v2\/product\/105602","targetHints":{"allow":["GET"]}}],"collection":[{"href":"https:\/\/espak.ee\/epood\/wp-json\/wp\/v2\/product"}],"about":[{"href":"https:\/\/espak.ee\/epood\/wp-json\/wp\/v2\/types\/product"}],"replies":[{"embeddable":true,"href":"https:\/\/espak.ee\/epood\/wp-json\/wp\/v2\/comments?post=105602"}],"wp:featuredmedia":[{"embeddable":true,"href":"https:\/\/espak.ee\/epood\/wp-json\/wp\/v2\/media\/105730"}],"wp:attachment":[{"href":"https:\/\/espak.ee\/epood\/wp-json\/wp\/v2\/media?parent=105602"}],"wp:term":[{"taxonomy":"product_brand","embeddable":true,"href":"https:\/\/espak.ee\/epood\/wp-json\/wp\/v2\/product_brand?post=105602"},{"taxonomy":"product_cat","embeddable":true,"href":"https:\/\/espak.ee\/epood\/wp-json\/wp\/v2\/product_cat?post=105602"},{"taxonomy":"product_tag","embeddable":true,"href":"https:\/\/espak.ee\/epood\/wp-json\/wp\/v2\/product_tag?post=105602"}],"curies":[{"name":"wp","href":"https:\/\/api.w.org\/{rel}","templated":true}]}}