{"id":105494,"date":"2022-01-18T02:57:33","date_gmt":"2022-01-18T02:57:33","guid":{"rendered":"https:\/\/espak.ee\/epood\/?post_type=product&#038;p=105494"},"modified":"2024-10-10T09:39:05","modified_gmt":"2024-10-10T06:39:05","slug":"deodorant-nivea-women-roll-clear-blackwhite-50ml","status":"publish","type":"product","link":"https:\/\/espak.ee\/epood\/toode\/deodorant-nivea-women-roll-clear-blackwhite-50ml\/","title":{"rendered":"DEODORANT NIVEA WOMEN ROLL CLEAR BLACK&#038;WHITE 50ML"},"content":{"rendered":"<div class=\"row\"  id=\"row-690478841\">\n\n\t<div id=\"col-680743182\" class=\"col medium-9 small-12 large-9\"  >\n\t\t\t\t<div class=\"col-inner\"  >\n\t\t\t\n\t\t\t\n<h3>Deodorant Nivea Women Roll Clear Black&#038;White 50ml<\/h3>\n<p>NIVEA Rulldeodorant BLACK&#038;WHITE CLEAR naistele.<br \/>\n\u2022 Ei j\u00e4ta tumedatele riietele valgeid j\u00e4lgi ega valgetele riietele kollaseid plekke.<br \/>\n\u2022 48 h higistamisvastane kaitse ja \u00f5rn hooldus.<br \/>\n\u2022 Nahale sobilikkus dermatoloogiliselt t\u00f5estatud.<br \/>\n\u2022 Alkoholi- ja v\u00e4rvainevaba. <\/p>\n<p><strong>Koostis:<\/strong><br \/>\nAqua, Aluminum Chlorohydrate, Isoceteth-20, Paraffinum Liquidum, Butylene Glycol, Glyceryl Isostearate,Laureth-7 Citrate, Palmitamidopropyltrimonium Chloride, Propylene Glycol,PEG-150 Distearate, Linalool, Citronellol, Benzyl Alcohol, Limonene, AlphaIsomethyl Ionone, Parfum.<\/p>\n\t\t<\/div>\n\t\t\t\t\t<\/div>\n\n\t\n\n\t<div id=\"col-198847401\" class=\"col medium-3 small-12 large-3\"  >\n\t\t\t\t<div class=\"col-inner\"  >\n\t\t\t\n\t\t\t\n<div class=\"is-divider divider clearfix\" ><\/div>\n<p><strong>\u00dcksikasjalikuma n\u00f5u saamiseks v\u00f5tke \u00fchendust:<br \/><\/strong>Jungent Estonia O\u00dc<br \/>Paldiski mnt.11<br \/>10137<br \/>Tallinn<br \/>+372 666 3800<\/p>\n\t\t<\/div>\n\t\t\t\t\t<\/div>\n\n\t\n<\/div>\n","protected":false},"excerpt":{"rendered":"","protected":false},"featured_media":112988,"comment_status":"closed","ping_status":"closed","template":"","meta":[],"product_brand":[],"product_cat":[2788,4234,4233,4235],"product_tag":[],"class_list":{"0":"post-105494","1":"product","2":"type-product","3":"status-publish","4":"has-post-thumbnail","6":"product_cat-aiatarbed-ja-kodukaubad","7":"product_cat-kosmeetika-kosmeetika","8":"product_cat-kosmeetika","9":"product_cat-naha-ja-juustehooldustarbed","10":"pa_kaubamark-jungent-estonia-ou","12":"first","13":"instock","14":"sale","15":"taxable","16":"shipping-taxable","17":"purchasable","18":"product-type-simple"},"yoast_head":"<!-- This site is optimized with the Yoast SEO plugin v26.9 - https:\/\/yoast.com\/product\/yoast-seo-wordpress\/ -->\n<title>DEODORANT NIVEA WOMEN ROLL CLEAR BLACK&amp;WHITE 50ML - Espak E-pood<\/title>\n<meta name=\"robots\" content=\"index, follow, max-snippet:-1, max-image-preview:large, max-video-preview:-1\" \/>\n<link rel=\"canonical\" href=\"https:\/\/espak.ee\/epood\/toode\/deodorant-nivea-women-roll-clear-blackwhite-50ml\/\" \/>\n<meta property=\"og:locale\" content=\"et_EE\" \/>\n<meta property=\"og:type\" content=\"article\" \/>\n<meta property=\"og:title\" content=\"DEODORANT NIVEA WOMEN ROLL CLEAR BLACK&amp;WHITE 50ML - Espak E-pood\" \/>\n<meta property=\"og:url\" content=\"https:\/\/espak.ee\/epood\/toode\/deodorant-nivea-women-roll-clear-blackwhite-50ml\/\" \/>\n<meta property=\"og:site_name\" content=\"Espak E-pood\" \/>\n<meta property=\"article:modified_time\" content=\"2024-10-10T06:39:05+00:00\" \/>\n<meta property=\"og:image\" content=\"https:\/\/espak.ee\/epood\/wp-content\/uploads\/2022\/01\/blackwhite.jpg\" \/>\n\t<meta property=\"og:image:width\" content=\"960\" \/>\n\t<meta property=\"og:image:height\" content=\"960\" \/>\n\t<meta property=\"og:image:type\" content=\"image\/jpeg\" \/>\n<meta name=\"twitter:card\" content=\"summary_large_image\" \/>\n<script type=\"application\/ld+json\" class=\"yoast-schema-graph\">{\"@context\":\"https:\/\/schema.org\",\"@graph\":[{\"@type\":\"WebPage\",\"@id\":\"https:\/\/espak.ee\/epood\/toode\/deodorant-nivea-women-roll-clear-blackwhite-50ml\/\",\"url\":\"https:\/\/espak.ee\/epood\/toode\/deodorant-nivea-women-roll-clear-blackwhite-50ml\/\",\"name\":\"DEODORANT NIVEA WOMEN ROLL CLEAR BLACK&WHITE 50ML - Espak E-pood\",\"isPartOf\":{\"@id\":\"https:\/\/espak.ee\/epood\/#website\"},\"primaryImageOfPage\":{\"@id\":\"https:\/\/espak.ee\/epood\/toode\/deodorant-nivea-women-roll-clear-blackwhite-50ml\/#primaryimage\"},\"image\":{\"@id\":\"https:\/\/espak.ee\/epood\/toode\/deodorant-nivea-women-roll-clear-blackwhite-50ml\/#primaryimage\"},\"thumbnailUrl\":\"https:\/\/espak.ee\/epood\/wp-content\/uploads\/2022\/01\/blackwhite.jpg\",\"datePublished\":\"2022-01-18T02:57:33+00:00\",\"dateModified\":\"2024-10-10T06:39:05+00:00\",\"breadcrumb\":{\"@id\":\"https:\/\/espak.ee\/epood\/toode\/deodorant-nivea-women-roll-clear-blackwhite-50ml\/#breadcrumb\"},\"inLanguage\":\"et\",\"potentialAction\":[{\"@type\":\"ReadAction\",\"target\":[\"https:\/\/espak.ee\/epood\/toode\/deodorant-nivea-women-roll-clear-blackwhite-50ml\/\"]}]},{\"@type\":\"ImageObject\",\"inLanguage\":\"et\",\"@id\":\"https:\/\/espak.ee\/epood\/toode\/deodorant-nivea-women-roll-clear-blackwhite-50ml\/#primaryimage\",\"url\":\"https:\/\/espak.ee\/epood\/wp-content\/uploads\/2022\/01\/blackwhite.jpg\",\"contentUrl\":\"https:\/\/espak.ee\/epood\/wp-content\/uploads\/2022\/01\/blackwhite.jpg\",\"width\":960,\"height\":960},{\"@type\":\"BreadcrumbList\",\"@id\":\"https:\/\/espak.ee\/epood\/toode\/deodorant-nivea-women-roll-clear-blackwhite-50ml\/#breadcrumb\",\"itemListElement\":[{\"@type\":\"ListItem\",\"position\":1,\"name\":\"Home\",\"item\":\"https:\/\/espak.ee\/epood\/\"},{\"@type\":\"ListItem\",\"position\":2,\"name\":\"Tootevalik\",\"item\":\"https:\/\/espak.ee\/epood\/tootevalik\/\"},{\"@type\":\"ListItem\",\"position\":3,\"name\":\"DEODORANT NIVEA WOMEN ROLL CLEAR BLACK&#038;WHITE 50ML\"}]},{\"@type\":\"WebSite\",\"@id\":\"https:\/\/espak.ee\/epood\/#website\",\"url\":\"https:\/\/espak.ee\/epood\/\",\"name\":\"Espak E-pood\",\"description\":\"\",\"potentialAction\":[{\"@type\":\"SearchAction\",\"target\":{\"@type\":\"EntryPoint\",\"urlTemplate\":\"https:\/\/espak.ee\/epood\/?s={search_term_string}\"},\"query-input\":{\"@type\":\"PropertyValueSpecification\",\"valueRequired\":true,\"valueName\":\"search_term_string\"}}],\"inLanguage\":\"et\"}]}<\/script>\n<!-- \/ Yoast SEO plugin. -->","yoast_head_json":{"title":"DEODORANT NIVEA WOMEN ROLL CLEAR BLACK&WHITE 50ML - Espak E-pood","robots":{"index":"index","follow":"follow","max-snippet":"max-snippet:-1","max-image-preview":"max-image-preview:large","max-video-preview":"max-video-preview:-1"},"canonical":"https:\/\/espak.ee\/epood\/toode\/deodorant-nivea-women-roll-clear-blackwhite-50ml\/","og_locale":"et_EE","og_type":"article","og_title":"DEODORANT NIVEA WOMEN ROLL CLEAR BLACK&WHITE 50ML - Espak E-pood","og_url":"https:\/\/espak.ee\/epood\/toode\/deodorant-nivea-women-roll-clear-blackwhite-50ml\/","og_site_name":"Espak E-pood","article_modified_time":"2024-10-10T06:39:05+00:00","og_image":[{"width":960,"height":960,"url":"https:\/\/espak.ee\/epood\/wp-content\/uploads\/2022\/01\/blackwhite.jpg","type":"image\/jpeg"}],"twitter_card":"summary_large_image","schema":{"@context":"https:\/\/schema.org","@graph":[{"@type":"WebPage","@id":"https:\/\/espak.ee\/epood\/toode\/deodorant-nivea-women-roll-clear-blackwhite-50ml\/","url":"https:\/\/espak.ee\/epood\/toode\/deodorant-nivea-women-roll-clear-blackwhite-50ml\/","name":"DEODORANT NIVEA WOMEN ROLL CLEAR BLACK&WHITE 50ML - Espak E-pood","isPartOf":{"@id":"https:\/\/espak.ee\/epood\/#website"},"primaryImageOfPage":{"@id":"https:\/\/espak.ee\/epood\/toode\/deodorant-nivea-women-roll-clear-blackwhite-50ml\/#primaryimage"},"image":{"@id":"https:\/\/espak.ee\/epood\/toode\/deodorant-nivea-women-roll-clear-blackwhite-50ml\/#primaryimage"},"thumbnailUrl":"https:\/\/espak.ee\/epood\/wp-content\/uploads\/2022\/01\/blackwhite.jpg","datePublished":"2022-01-18T02:57:33+00:00","dateModified":"2024-10-10T06:39:05+00:00","breadcrumb":{"@id":"https:\/\/espak.ee\/epood\/toode\/deodorant-nivea-women-roll-clear-blackwhite-50ml\/#breadcrumb"},"inLanguage":"et","potentialAction":[{"@type":"ReadAction","target":["https:\/\/espak.ee\/epood\/toode\/deodorant-nivea-women-roll-clear-blackwhite-50ml\/"]}]},{"@type":"ImageObject","inLanguage":"et","@id":"https:\/\/espak.ee\/epood\/toode\/deodorant-nivea-women-roll-clear-blackwhite-50ml\/#primaryimage","url":"https:\/\/espak.ee\/epood\/wp-content\/uploads\/2022\/01\/blackwhite.jpg","contentUrl":"https:\/\/espak.ee\/epood\/wp-content\/uploads\/2022\/01\/blackwhite.jpg","width":960,"height":960},{"@type":"BreadcrumbList","@id":"https:\/\/espak.ee\/epood\/toode\/deodorant-nivea-women-roll-clear-blackwhite-50ml\/#breadcrumb","itemListElement":[{"@type":"ListItem","position":1,"name":"Home","item":"https:\/\/espak.ee\/epood\/"},{"@type":"ListItem","position":2,"name":"Tootevalik","item":"https:\/\/espak.ee\/epood\/tootevalik\/"},{"@type":"ListItem","position":3,"name":"DEODORANT NIVEA WOMEN ROLL CLEAR BLACK&#038;WHITE 50ML"}]},{"@type":"WebSite","@id":"https:\/\/espak.ee\/epood\/#website","url":"https:\/\/espak.ee\/epood\/","name":"Espak E-pood","description":"","potentialAction":[{"@type":"SearchAction","target":{"@type":"EntryPoint","urlTemplate":"https:\/\/espak.ee\/epood\/?s={search_term_string}"},"query-input":{"@type":"PropertyValueSpecification","valueRequired":true,"valueName":"search_term_string"}}],"inLanguage":"et"}]}},"_links":{"self":[{"href":"https:\/\/espak.ee\/epood\/wp-json\/wp\/v2\/product\/105494","targetHints":{"allow":["GET"]}}],"collection":[{"href":"https:\/\/espak.ee\/epood\/wp-json\/wp\/v2\/product"}],"about":[{"href":"https:\/\/espak.ee\/epood\/wp-json\/wp\/v2\/types\/product"}],"replies":[{"embeddable":true,"href":"https:\/\/espak.ee\/epood\/wp-json\/wp\/v2\/comments?post=105494"}],"wp:featuredmedia":[{"embeddable":true,"href":"https:\/\/espak.ee\/epood\/wp-json\/wp\/v2\/media\/112988"}],"wp:attachment":[{"href":"https:\/\/espak.ee\/epood\/wp-json\/wp\/v2\/media?parent=105494"}],"wp:term":[{"taxonomy":"product_brand","embeddable":true,"href":"https:\/\/espak.ee\/epood\/wp-json\/wp\/v2\/product_brand?post=105494"},{"taxonomy":"product_cat","embeddable":true,"href":"https:\/\/espak.ee\/epood\/wp-json\/wp\/v2\/product_cat?post=105494"},{"taxonomy":"product_tag","embeddable":true,"href":"https:\/\/espak.ee\/epood\/wp-json\/wp\/v2\/product_tag?post=105494"}],"curies":[{"name":"wp","href":"https:\/\/api.w.org\/{rel}","templated":true}]}}