{"id":10537,"date":"2019-10-31T03:16:58","date_gmt":"2019-10-31T01:16:58","guid":{"rendered":"https:\/\/espak.ee\/hinnakiri\/?post_type=product&#038;p=10537"},"modified":"2024-03-23T00:12:21","modified_gmt":"2024-03-22T22:12:21","slug":"valjatommatav-koogisegisti-grohe-essence","status":"publish","type":"product","link":"https:\/\/espak.ee\/epood\/toode\/valjatommatav-koogisegisti-grohe-essence\/","title":{"rendered":"V\u00c4LJAT\u00d5MMATAV K\u00d6\u00d6GISEGISTI GROHE ESSENCE"},"content":{"rendered":"<div class=\"row\"  id=\"row-61309886\">\n\n\t<div id=\"col-569148452\" class=\"col medium-9 small-12 large-9\"  >\n\t\t\t\t<div class=\"col-inner\"  >\n\t\t\t\n\t\t\t\n<h2>V\u00e4ljat\u00f5mmatav k\u00f6\u00f6gisegisti Essence<\/h2>\n<p>K\u00f6\u00f6gikraan GROHE Essence \u2013 kroompinnaga minimalistlik disain t\u00e4ieliku mugavuse jaoks teie k\u00f6\u00f6gis.<\/p>\n\t<div id=\"gap-1217138788\" class=\"gap-element clearfix\" style=\"display:block; height:auto;\">\n\t\t\n<style>\n#gap-1217138788 {\n  padding-top: 30px;\n}\n<\/style>\n\t<\/div>\n\t\n<h3>Kasutamise \u00fcksikasjad<\/h3>\n<p><strong>Toote kirjeldus:<\/strong> Kas otsite t\u00e4ielikku funktsionaalsust ja paindlikkust? Universaalne mugava v\u00e4ljat\u00f5mmatava metallpihustipeaga k\u00f6\u00f6gikraan, millega saate lihtsalt pesta nii k\u00f6\u00f6givilju, n\u00f5usid kui ka valamut. \u00dche nupuvajutusega saate valida peenpihustuse re\u017eiimi asemel v\u00f5imsa joaga re\u017eiimi ja vastupidi. P\u00e4rast kasutamist t\u00f5mbub du\u0161iotsak tila sisse tagasi t\u00e4nu s\u00fcsteemile EasyDock. Tila p\u00f6\u00f6rdeulatus on 360\u00b0. T\u00e4pse GROHE SilkMove&#8217;i keraamilise s\u00fcdamiku abil saate veevoolu ja -temperatuuri h\u00f5lpsalt reguleerida, mis muudab segisti k\u00e4sitsemise lihtsaks. Vastupidava GROHE StarLighti kroompinnaga kraan s\u00e4rab kaunilt ja seda on imelihtne puhastada. GROHE Essence \u2013 elegantse disainiga insenerit\u00f6\u00f6 tipptulemus.<\/p>\n\t\t<\/div>\n\t\t\t\t\t<\/div>\n\n\t\n\n\t<div id=\"col-1665985298\" class=\"col medium-3 small-12 large-3\"  >\n\t\t\t\t<div class=\"col-inner\"  >\n\t\t\t\n\t\t\t\n\t<div id=\"gap-235274656\" class=\"gap-element clearfix\" style=\"display:block; height:auto;\">\n\t\t\n<style>\n#gap-235274656 {\n  padding-top: 30px;\n}\n<\/style>\n\t<\/div>\n\t\n<h3>Tehniline informatsioon<\/h3>\n<p><a href=\"https:\/\/espak.ee\/epood\/wp-content\/uploads\/V\u00e4ljat\u00f5mmatav-k\u00f6\u00f6gisegisti-Essence-tooteleht.pdf\" target=\"_blank\" rel=\"noopener noreferrer\"><i class=\"far fa-file-pdf\"><\/i> Tehniline info (PDF)<\/a><\/p>\n<div class=\"is-divider divider clearfix\" ><\/div>\n<p><strong>\u00dcksikasjalikuma n\u00f5u saamiseks v\u00f5tke \u00fchendust:<br \/><\/strong>Grohe AG Eesti filiaal<br \/>Tartu mnt 16<br \/>10117<br \/>Tallinn<br \/>+372 6616354<\/p>\n<div class=\"is-divider divider clearfix\" ><\/div>\n\t\t<\/div>\n\t\t\t\t\t<\/div>\n\n\t\n<\/div>\n","protected":false},"excerpt":{"rendered":"","protected":false},"featured_media":15551,"comment_status":"closed","ping_status":"open","template":"","meta":[],"product_brand":[],"product_cat":[2826,2819,2820,2821],"product_tag":[],"class_list":{"0":"post-10537","1":"product","2":"type-product","3":"status-publish","4":"has-post-thumbnail","6":"product_cat-koogisegistid","7":"product_cat-sanitaartehnika","8":"product_cat-sanitaartehnika-sanitaartehnika","9":"product_cat-segistid","10":"pa_kaubamark-grohe-a-g","12":"first","13":"instock","14":"sale","15":"taxable","16":"shipping-taxable","17":"purchasable","18":"product-type-simple"},"yoast_head":"<!-- This site is optimized with the Yoast SEO plugin v26.9 - https:\/\/yoast.com\/product\/yoast-seo-wordpress\/ -->\n<title>V\u00c4LJAT\u00d5MMATAV K\u00d6\u00d6GISEGISTI GROHE ESSENCE - Espak E-pood<\/title>\n<meta name=\"robots\" content=\"index, follow, max-snippet:-1, max-image-preview:large, max-video-preview:-1\" \/>\n<link rel=\"canonical\" href=\"https:\/\/espak.ee\/epood\/toode\/valjatommatav-koogisegisti-grohe-essence\/\" \/>\n<meta property=\"og:locale\" content=\"et_EE\" \/>\n<meta property=\"og:type\" content=\"article\" \/>\n<meta property=\"og:title\" content=\"V\u00c4LJAT\u00d5MMATAV K\u00d6\u00d6GISEGISTI GROHE ESSENCE - Espak E-pood\" \/>\n<meta property=\"og:url\" content=\"https:\/\/espak.ee\/epood\/toode\/valjatommatav-koogisegisti-grohe-essence\/\" \/>\n<meta property=\"og:site_name\" content=\"Espak E-pood\" \/>\n<meta property=\"article:modified_time\" content=\"2024-03-22T22:12:21+00:00\" \/>\n<meta property=\"og:image\" content=\"https:\/\/espak.ee\/epood\/wp-content\/uploads\/V\u00e4ljat\u00f5mmatav-k\u00f6\u00f6gisegisti-Essence.jpg\" \/>\n\t<meta property=\"og:image:width\" content=\"1500\" \/>\n\t<meta property=\"og:image:height\" content=\"1500\" \/>\n\t<meta property=\"og:image:type\" content=\"image\/jpeg\" \/>\n<meta name=\"twitter:card\" content=\"summary_large_image\" \/>\n<meta name=\"twitter:label1\" content=\"Est. reading time\" \/>\n\t<meta name=\"twitter:data1\" content=\"1 minut\" \/>\n<script type=\"application\/ld+json\" class=\"yoast-schema-graph\">{\"@context\":\"https:\/\/schema.org\",\"@graph\":[{\"@type\":\"WebPage\",\"@id\":\"https:\/\/espak.ee\/epood\/toode\/valjatommatav-koogisegisti-grohe-essence\/\",\"url\":\"https:\/\/espak.ee\/epood\/toode\/valjatommatav-koogisegisti-grohe-essence\/\",\"name\":\"V\u00c4LJAT\u00d5MMATAV K\u00d6\u00d6GISEGISTI GROHE ESSENCE - Espak E-pood\",\"isPartOf\":{\"@id\":\"https:\/\/espak.ee\/epood\/#website\"},\"primaryImageOfPage\":{\"@id\":\"https:\/\/espak.ee\/epood\/toode\/valjatommatav-koogisegisti-grohe-essence\/#primaryimage\"},\"image\":{\"@id\":\"https:\/\/espak.ee\/epood\/toode\/valjatommatav-koogisegisti-grohe-essence\/#primaryimage\"},\"thumbnailUrl\":\"https:\/\/espak.ee\/epood\/wp-content\/uploads\/V\u00e4ljat\u00f5mmatav-k\u00f6\u00f6gisegisti-Essence.jpg\",\"datePublished\":\"2019-10-31T01:16:58+00:00\",\"dateModified\":\"2024-03-22T22:12:21+00:00\",\"breadcrumb\":{\"@id\":\"https:\/\/espak.ee\/epood\/toode\/valjatommatav-koogisegisti-grohe-essence\/#breadcrumb\"},\"inLanguage\":\"et\",\"potentialAction\":[{\"@type\":\"ReadAction\",\"target\":[\"https:\/\/espak.ee\/epood\/toode\/valjatommatav-koogisegisti-grohe-essence\/\"]}]},{\"@type\":\"ImageObject\",\"inLanguage\":\"et\",\"@id\":\"https:\/\/espak.ee\/epood\/toode\/valjatommatav-koogisegisti-grohe-essence\/#primaryimage\",\"url\":\"https:\/\/espak.ee\/epood\/wp-content\/uploads\/V\u00e4ljat\u00f5mmatav-k\u00f6\u00f6gisegisti-Essence.jpg\",\"contentUrl\":\"https:\/\/espak.ee\/epood\/wp-content\/uploads\/V\u00e4ljat\u00f5mmatav-k\u00f6\u00f6gisegisti-Essence.jpg\",\"width\":1500,\"height\":1500},{\"@type\":\"BreadcrumbList\",\"@id\":\"https:\/\/espak.ee\/epood\/toode\/valjatommatav-koogisegisti-grohe-essence\/#breadcrumb\",\"itemListElement\":[{\"@type\":\"ListItem\",\"position\":1,\"name\":\"Home\",\"item\":\"https:\/\/espak.ee\/epood\/\"},{\"@type\":\"ListItem\",\"position\":2,\"name\":\"Tootevalik\",\"item\":\"https:\/\/espak.ee\/epood\/tootevalik\/\"},{\"@type\":\"ListItem\",\"position\":3,\"name\":\"V\u00c4LJAT\u00d5MMATAV K\u00d6\u00d6GISEGISTI GROHE ESSENCE\"}]},{\"@type\":\"WebSite\",\"@id\":\"https:\/\/espak.ee\/epood\/#website\",\"url\":\"https:\/\/espak.ee\/epood\/\",\"name\":\"Espak E-pood\",\"description\":\"\",\"potentialAction\":[{\"@type\":\"SearchAction\",\"target\":{\"@type\":\"EntryPoint\",\"urlTemplate\":\"https:\/\/espak.ee\/epood\/?s={search_term_string}\"},\"query-input\":{\"@type\":\"PropertyValueSpecification\",\"valueRequired\":true,\"valueName\":\"search_term_string\"}}],\"inLanguage\":\"et\"}]}<\/script>\n<!-- \/ Yoast SEO plugin. -->","yoast_head_json":{"title":"V\u00c4LJAT\u00d5MMATAV K\u00d6\u00d6GISEGISTI GROHE ESSENCE - Espak E-pood","robots":{"index":"index","follow":"follow","max-snippet":"max-snippet:-1","max-image-preview":"max-image-preview:large","max-video-preview":"max-video-preview:-1"},"canonical":"https:\/\/espak.ee\/epood\/toode\/valjatommatav-koogisegisti-grohe-essence\/","og_locale":"et_EE","og_type":"article","og_title":"V\u00c4LJAT\u00d5MMATAV K\u00d6\u00d6GISEGISTI GROHE ESSENCE - Espak E-pood","og_url":"https:\/\/espak.ee\/epood\/toode\/valjatommatav-koogisegisti-grohe-essence\/","og_site_name":"Espak E-pood","article_modified_time":"2024-03-22T22:12:21+00:00","og_image":[{"width":1500,"height":1500,"url":"https:\/\/espak.ee\/epood\/wp-content\/uploads\/V\u00e4ljat\u00f5mmatav-k\u00f6\u00f6gisegisti-Essence.jpg","type":"image\/jpeg"}],"twitter_card":"summary_large_image","twitter_misc":{"Est. reading time":"1 minut"},"schema":{"@context":"https:\/\/schema.org","@graph":[{"@type":"WebPage","@id":"https:\/\/espak.ee\/epood\/toode\/valjatommatav-koogisegisti-grohe-essence\/","url":"https:\/\/espak.ee\/epood\/toode\/valjatommatav-koogisegisti-grohe-essence\/","name":"V\u00c4LJAT\u00d5MMATAV K\u00d6\u00d6GISEGISTI GROHE ESSENCE - Espak E-pood","isPartOf":{"@id":"https:\/\/espak.ee\/epood\/#website"},"primaryImageOfPage":{"@id":"https:\/\/espak.ee\/epood\/toode\/valjatommatav-koogisegisti-grohe-essence\/#primaryimage"},"image":{"@id":"https:\/\/espak.ee\/epood\/toode\/valjatommatav-koogisegisti-grohe-essence\/#primaryimage"},"thumbnailUrl":"https:\/\/espak.ee\/epood\/wp-content\/uploads\/V\u00e4ljat\u00f5mmatav-k\u00f6\u00f6gisegisti-Essence.jpg","datePublished":"2019-10-31T01:16:58+00:00","dateModified":"2024-03-22T22:12:21+00:00","breadcrumb":{"@id":"https:\/\/espak.ee\/epood\/toode\/valjatommatav-koogisegisti-grohe-essence\/#breadcrumb"},"inLanguage":"et","potentialAction":[{"@type":"ReadAction","target":["https:\/\/espak.ee\/epood\/toode\/valjatommatav-koogisegisti-grohe-essence\/"]}]},{"@type":"ImageObject","inLanguage":"et","@id":"https:\/\/espak.ee\/epood\/toode\/valjatommatav-koogisegisti-grohe-essence\/#primaryimage","url":"https:\/\/espak.ee\/epood\/wp-content\/uploads\/V\u00e4ljat\u00f5mmatav-k\u00f6\u00f6gisegisti-Essence.jpg","contentUrl":"https:\/\/espak.ee\/epood\/wp-content\/uploads\/V\u00e4ljat\u00f5mmatav-k\u00f6\u00f6gisegisti-Essence.jpg","width":1500,"height":1500},{"@type":"BreadcrumbList","@id":"https:\/\/espak.ee\/epood\/toode\/valjatommatav-koogisegisti-grohe-essence\/#breadcrumb","itemListElement":[{"@type":"ListItem","position":1,"name":"Home","item":"https:\/\/espak.ee\/epood\/"},{"@type":"ListItem","position":2,"name":"Tootevalik","item":"https:\/\/espak.ee\/epood\/tootevalik\/"},{"@type":"ListItem","position":3,"name":"V\u00c4LJAT\u00d5MMATAV K\u00d6\u00d6GISEGISTI GROHE ESSENCE"}]},{"@type":"WebSite","@id":"https:\/\/espak.ee\/epood\/#website","url":"https:\/\/espak.ee\/epood\/","name":"Espak E-pood","description":"","potentialAction":[{"@type":"SearchAction","target":{"@type":"EntryPoint","urlTemplate":"https:\/\/espak.ee\/epood\/?s={search_term_string}"},"query-input":{"@type":"PropertyValueSpecification","valueRequired":true,"valueName":"search_term_string"}}],"inLanguage":"et"}]}},"_links":{"self":[{"href":"https:\/\/espak.ee\/epood\/wp-json\/wp\/v2\/product\/10537","targetHints":{"allow":["GET"]}}],"collection":[{"href":"https:\/\/espak.ee\/epood\/wp-json\/wp\/v2\/product"}],"about":[{"href":"https:\/\/espak.ee\/epood\/wp-json\/wp\/v2\/types\/product"}],"replies":[{"embeddable":true,"href":"https:\/\/espak.ee\/epood\/wp-json\/wp\/v2\/comments?post=10537"}],"wp:featuredmedia":[{"embeddable":true,"href":"https:\/\/espak.ee\/epood\/wp-json\/wp\/v2\/media\/15551"}],"wp:attachment":[{"href":"https:\/\/espak.ee\/epood\/wp-json\/wp\/v2\/media?parent=10537"}],"wp:term":[{"taxonomy":"product_brand","embeddable":true,"href":"https:\/\/espak.ee\/epood\/wp-json\/wp\/v2\/product_brand?post=10537"},{"taxonomy":"product_cat","embeddable":true,"href":"https:\/\/espak.ee\/epood\/wp-json\/wp\/v2\/product_cat?post=10537"},{"taxonomy":"product_tag","embeddable":true,"href":"https:\/\/espak.ee\/epood\/wp-json\/wp\/v2\/product_tag?post=10537"}],"curies":[{"name":"wp","href":"https:\/\/api.w.org\/{rel}","templated":true}]}}