{"id":105330,"date":"2022-01-14T23:46:49","date_gmt":"2022-01-14T23:46:49","guid":{"rendered":"https:\/\/espak.ee\/epood\/?post_type=product&#038;p=105330"},"modified":"2024-03-23T04:42:00","modified_gmt":"2024-03-23T02:42:00","slug":"elektrikeris-narvi-nm-600-6kw-6-9m3-hall","status":"publish","type":"product","link":"https:\/\/espak.ee\/epood\/toode\/elektrikeris-narvi-nm-600-6kw-6-9m3-hall\/","title":{"rendered":"ELEKTRIKERIS NARVI NM 600 6KW 6-9M3 HALL"},"content":{"rendered":"<div class=\"row\"  id=\"row-1428163207\">\n\n\t<div id=\"col-1204246157\" class=\"col medium-9 small-12 large-9\"  >\n\t\t\t\t<div class=\"col-inner\"  >\n\t\t\t\n\t\t\t\n<h3>Elektrikeris Narvi NM 600 6kW hall<\/h3>\n<p>Narvi NM on lihtsasti kasutatav ja vastupidav elektrikeris.<br \/>\nSuur kivide kogus annab suurep\u00e4rase leili. Juhtnuppe saab paigaldada kerise vasakule ja ka paremale k\u00fcljele.<\/p>\n<p>NARVI Oy valmistatud elektrikeriste k\u00fctteelementide l\u00e4bim\u00f5\u00f5t on erakordselt suur (8,5 mm). See pikendab k\u00fctteelemendi eluiga ja v\u00e4hendab oluliselt \u00fclekuumenemise ohtu.<\/p>\n<p><strong>Kaal:<\/strong> 10 kg<br \/>\n<strong>Kivide kogus:<\/strong> 30 kg<br \/>\n<strong>Ohutuskaugus:<\/strong> k\u00fclgedelt 5 cm, p\u00f5randast 12 cm, eest 8 cm, laest 115 cm<br \/>\n<strong>Kaitse:<\/strong> 3 x 10A<br \/>\n<strong>Toitepinge\/ Toitekaabel (mm\u00b2):<\/strong> 400V 3N\/ 5 x 1,5<br \/>\n<strong>Sauna ruumi suurus:<\/strong> 6-9 m\u00b3<br \/>\n<strong>M\u00f5\u00f5dud:<\/strong> 580 x 430 x 300 mm <\/p>\n\t\t<\/div>\n\t\t\t\t\t<\/div>\n\n\t\n\n\t<div id=\"col-829332012\" class=\"col medium-3 small-12 large-3\"  >\n\t\t\t\t<div class=\"col-inner\"  >\n\t\t\t\n\t\t\t\n<div class=\"is-divider divider clearfix\" ><\/div>\n<p><strong>\u00dcksikasjalikuma n\u00f5u saamiseks v\u00f5tke \u00fchendust:<br \/><\/strong>Espak AS<br \/>Viadukti 42<br \/>11313<br \/>Tallinn<br \/>+372 6 512333<\/p>\n\t\t<\/div>\n\t\t\t\t\t<\/div>\n\n\t\n<\/div>\n","protected":false},"excerpt":{"rendered":"","protected":false},"featured_media":105554,"comment_status":"closed","ping_status":"closed","template":"","meta":[],"product_brand":[],"product_cat":[3071,3197,3196,3070],"product_tag":[],"class_list":{"0":"post-105330","1":"product","2":"type-product","3":"status-publish","4":"has-post-thumbnail","6":"product_cat-ahjud-kaminad-kerised","7":"product_cat-elektrikerised","8":"product_cat-kerised","9":"product_cat-kute-ja-ventilatsioon","10":"pa_kaubamark-narvi-oy","12":"first","13":"instock","14":"sale","15":"taxable","16":"shipping-taxable","17":"purchasable","18":"product-type-simple"},"yoast_head":"<!-- This site is optimized with the Yoast SEO plugin v26.9 - https:\/\/yoast.com\/product\/yoast-seo-wordpress\/ -->\n<title>ELEKTRIKERIS NARVI NM 600 6KW 6-9M3 HALL - Espak E-pood<\/title>\n<meta name=\"robots\" content=\"index, follow, max-snippet:-1, max-image-preview:large, max-video-preview:-1\" \/>\n<link rel=\"canonical\" href=\"https:\/\/espak.ee\/epood\/toode\/elektrikeris-narvi-nm-600-6kw-6-9m3-hall\/\" \/>\n<meta property=\"og:locale\" content=\"et_EE\" \/>\n<meta property=\"og:type\" content=\"article\" \/>\n<meta property=\"og:title\" content=\"ELEKTRIKERIS NARVI NM 600 6KW 6-9M3 HALL - Espak E-pood\" \/>\n<meta property=\"og:url\" content=\"https:\/\/espak.ee\/epood\/toode\/elektrikeris-narvi-nm-600-6kw-6-9m3-hall\/\" \/>\n<meta property=\"og:site_name\" content=\"Espak E-pood\" \/>\n<meta property=\"article:modified_time\" content=\"2024-03-23T02:42:00+00:00\" \/>\n<meta property=\"og:image\" content=\"https:\/\/espak.ee\/epood\/wp-content\/uploads\/2022\/01\/Narvi_NM_32.jpg\" \/>\n\t<meta property=\"og:image:width\" content=\"1200\" \/>\n\t<meta property=\"og:image:height\" content=\"1200\" \/>\n\t<meta property=\"og:image:type\" content=\"image\/jpeg\" \/>\n<meta name=\"twitter:card\" content=\"summary_large_image\" \/>\n<meta name=\"twitter:label1\" content=\"Est. reading time\" \/>\n\t<meta name=\"twitter:data1\" content=\"1 minut\" \/>\n<script type=\"application\/ld+json\" class=\"yoast-schema-graph\">{\"@context\":\"https:\/\/schema.org\",\"@graph\":[{\"@type\":\"WebPage\",\"@id\":\"https:\/\/espak.ee\/epood\/toode\/elektrikeris-narvi-nm-600-6kw-6-9m3-hall\/\",\"url\":\"https:\/\/espak.ee\/epood\/toode\/elektrikeris-narvi-nm-600-6kw-6-9m3-hall\/\",\"name\":\"ELEKTRIKERIS NARVI NM 600 6KW 6-9M3 HALL - Espak E-pood\",\"isPartOf\":{\"@id\":\"https:\/\/espak.ee\/epood\/#website\"},\"primaryImageOfPage\":{\"@id\":\"https:\/\/espak.ee\/epood\/toode\/elektrikeris-narvi-nm-600-6kw-6-9m3-hall\/#primaryimage\"},\"image\":{\"@id\":\"https:\/\/espak.ee\/epood\/toode\/elektrikeris-narvi-nm-600-6kw-6-9m3-hall\/#primaryimage\"},\"thumbnailUrl\":\"https:\/\/espak.ee\/epood\/wp-content\/uploads\/2022\/01\/Narvi_NM_32.jpg\",\"datePublished\":\"2022-01-14T23:46:49+00:00\",\"dateModified\":\"2024-03-23T02:42:00+00:00\",\"breadcrumb\":{\"@id\":\"https:\/\/espak.ee\/epood\/toode\/elektrikeris-narvi-nm-600-6kw-6-9m3-hall\/#breadcrumb\"},\"inLanguage\":\"et\",\"potentialAction\":[{\"@type\":\"ReadAction\",\"target\":[\"https:\/\/espak.ee\/epood\/toode\/elektrikeris-narvi-nm-600-6kw-6-9m3-hall\/\"]}]},{\"@type\":\"ImageObject\",\"inLanguage\":\"et\",\"@id\":\"https:\/\/espak.ee\/epood\/toode\/elektrikeris-narvi-nm-600-6kw-6-9m3-hall\/#primaryimage\",\"url\":\"https:\/\/espak.ee\/epood\/wp-content\/uploads\/2022\/01\/Narvi_NM_32.jpg\",\"contentUrl\":\"https:\/\/espak.ee\/epood\/wp-content\/uploads\/2022\/01\/Narvi_NM_32.jpg\",\"width\":1200,\"height\":1200},{\"@type\":\"BreadcrumbList\",\"@id\":\"https:\/\/espak.ee\/epood\/toode\/elektrikeris-narvi-nm-600-6kw-6-9m3-hall\/#breadcrumb\",\"itemListElement\":[{\"@type\":\"ListItem\",\"position\":1,\"name\":\"Home\",\"item\":\"https:\/\/espak.ee\/epood\/\"},{\"@type\":\"ListItem\",\"position\":2,\"name\":\"Tootevalik\",\"item\":\"https:\/\/espak.ee\/epood\/tootevalik\/\"},{\"@type\":\"ListItem\",\"position\":3,\"name\":\"ELEKTRIKERIS NARVI NM 600 6KW 6-9M3 HALL\"}]},{\"@type\":\"WebSite\",\"@id\":\"https:\/\/espak.ee\/epood\/#website\",\"url\":\"https:\/\/espak.ee\/epood\/\",\"name\":\"Espak E-pood\",\"description\":\"\",\"potentialAction\":[{\"@type\":\"SearchAction\",\"target\":{\"@type\":\"EntryPoint\",\"urlTemplate\":\"https:\/\/espak.ee\/epood\/?s={search_term_string}\"},\"query-input\":{\"@type\":\"PropertyValueSpecification\",\"valueRequired\":true,\"valueName\":\"search_term_string\"}}],\"inLanguage\":\"et\"}]}<\/script>\n<!-- \/ Yoast SEO plugin. -->","yoast_head_json":{"title":"ELEKTRIKERIS NARVI NM 600 6KW 6-9M3 HALL - Espak E-pood","robots":{"index":"index","follow":"follow","max-snippet":"max-snippet:-1","max-image-preview":"max-image-preview:large","max-video-preview":"max-video-preview:-1"},"canonical":"https:\/\/espak.ee\/epood\/toode\/elektrikeris-narvi-nm-600-6kw-6-9m3-hall\/","og_locale":"et_EE","og_type":"article","og_title":"ELEKTRIKERIS NARVI NM 600 6KW 6-9M3 HALL - Espak E-pood","og_url":"https:\/\/espak.ee\/epood\/toode\/elektrikeris-narvi-nm-600-6kw-6-9m3-hall\/","og_site_name":"Espak E-pood","article_modified_time":"2024-03-23T02:42:00+00:00","og_image":[{"width":1200,"height":1200,"url":"https:\/\/espak.ee\/epood\/wp-content\/uploads\/2022\/01\/Narvi_NM_32.jpg","type":"image\/jpeg"}],"twitter_card":"summary_large_image","twitter_misc":{"Est. reading time":"1 minut"},"schema":{"@context":"https:\/\/schema.org","@graph":[{"@type":"WebPage","@id":"https:\/\/espak.ee\/epood\/toode\/elektrikeris-narvi-nm-600-6kw-6-9m3-hall\/","url":"https:\/\/espak.ee\/epood\/toode\/elektrikeris-narvi-nm-600-6kw-6-9m3-hall\/","name":"ELEKTRIKERIS NARVI NM 600 6KW 6-9M3 HALL - Espak E-pood","isPartOf":{"@id":"https:\/\/espak.ee\/epood\/#website"},"primaryImageOfPage":{"@id":"https:\/\/espak.ee\/epood\/toode\/elektrikeris-narvi-nm-600-6kw-6-9m3-hall\/#primaryimage"},"image":{"@id":"https:\/\/espak.ee\/epood\/toode\/elektrikeris-narvi-nm-600-6kw-6-9m3-hall\/#primaryimage"},"thumbnailUrl":"https:\/\/espak.ee\/epood\/wp-content\/uploads\/2022\/01\/Narvi_NM_32.jpg","datePublished":"2022-01-14T23:46:49+00:00","dateModified":"2024-03-23T02:42:00+00:00","breadcrumb":{"@id":"https:\/\/espak.ee\/epood\/toode\/elektrikeris-narvi-nm-600-6kw-6-9m3-hall\/#breadcrumb"},"inLanguage":"et","potentialAction":[{"@type":"ReadAction","target":["https:\/\/espak.ee\/epood\/toode\/elektrikeris-narvi-nm-600-6kw-6-9m3-hall\/"]}]},{"@type":"ImageObject","inLanguage":"et","@id":"https:\/\/espak.ee\/epood\/toode\/elektrikeris-narvi-nm-600-6kw-6-9m3-hall\/#primaryimage","url":"https:\/\/espak.ee\/epood\/wp-content\/uploads\/2022\/01\/Narvi_NM_32.jpg","contentUrl":"https:\/\/espak.ee\/epood\/wp-content\/uploads\/2022\/01\/Narvi_NM_32.jpg","width":1200,"height":1200},{"@type":"BreadcrumbList","@id":"https:\/\/espak.ee\/epood\/toode\/elektrikeris-narvi-nm-600-6kw-6-9m3-hall\/#breadcrumb","itemListElement":[{"@type":"ListItem","position":1,"name":"Home","item":"https:\/\/espak.ee\/epood\/"},{"@type":"ListItem","position":2,"name":"Tootevalik","item":"https:\/\/espak.ee\/epood\/tootevalik\/"},{"@type":"ListItem","position":3,"name":"ELEKTRIKERIS NARVI NM 600 6KW 6-9M3 HALL"}]},{"@type":"WebSite","@id":"https:\/\/espak.ee\/epood\/#website","url":"https:\/\/espak.ee\/epood\/","name":"Espak E-pood","description":"","potentialAction":[{"@type":"SearchAction","target":{"@type":"EntryPoint","urlTemplate":"https:\/\/espak.ee\/epood\/?s={search_term_string}"},"query-input":{"@type":"PropertyValueSpecification","valueRequired":true,"valueName":"search_term_string"}}],"inLanguage":"et"}]}},"_links":{"self":[{"href":"https:\/\/espak.ee\/epood\/wp-json\/wp\/v2\/product\/105330","targetHints":{"allow":["GET"]}}],"collection":[{"href":"https:\/\/espak.ee\/epood\/wp-json\/wp\/v2\/product"}],"about":[{"href":"https:\/\/espak.ee\/epood\/wp-json\/wp\/v2\/types\/product"}],"replies":[{"embeddable":true,"href":"https:\/\/espak.ee\/epood\/wp-json\/wp\/v2\/comments?post=105330"}],"wp:featuredmedia":[{"embeddable":true,"href":"https:\/\/espak.ee\/epood\/wp-json\/wp\/v2\/media\/105554"}],"wp:attachment":[{"href":"https:\/\/espak.ee\/epood\/wp-json\/wp\/v2\/media?parent=105330"}],"wp:term":[{"taxonomy":"product_brand","embeddable":true,"href":"https:\/\/espak.ee\/epood\/wp-json\/wp\/v2\/product_brand?post=105330"},{"taxonomy":"product_cat","embeddable":true,"href":"https:\/\/espak.ee\/epood\/wp-json\/wp\/v2\/product_cat?post=105330"},{"taxonomy":"product_tag","embeddable":true,"href":"https:\/\/espak.ee\/epood\/wp-json\/wp\/v2\/product_tag?post=105330"}],"curies":[{"name":"wp","href":"https:\/\/api.w.org\/{rel}","templated":true}]}}