{"id":10530,"date":"2019-10-26T02:35:49","date_gmt":"2019-10-25T23:35:49","guid":{"rendered":"https:\/\/espak.ee\/hinnakiri\/?post_type=product&#038;p=10530"},"modified":"2024-03-23T00:12:23","modified_gmt":"2024-03-22T22:12:23","slug":"koogisegisti-grohe-essence-must-kroomitud","status":"publish","type":"product","link":"https:\/\/espak.ee\/epood\/toode\/koogisegisti-grohe-essence-must-kroomitud\/","title":{"rendered":"K\u00d6\u00d6GISEGISTI GROHE ESSENCE MUST\/KROOMITUD"},"content":{"rendered":"<div class=\"row\"  id=\"row-1540130564\">\n\n\t<div id=\"col-1773160230\" class=\"col medium-9 small-12 large-9\"  >\n\t\t\t\t<div class=\"col-inner\"  >\n\t\t\t\n\t\t\t\n<h2>Must\/kroomitud k\u00f6\u00f6gisegisti Essence<\/h2>\n<p>GROHE Essence Professional \u2013 elegantse v\u00e4limusega suurep\u00e4rane kvaliteet.<\/p>\n\t<div id=\"gap-310434244\" class=\"gap-element clearfix\" style=\"display:block; height:auto;\">\n\t\t\n<style>\n#gap-310434244 {\n  padding-top: 30px;\n}\n<\/style>\n\t<\/div>\n\t\n<h3>Kasutamise \u00fcksikasjad<\/h3>\n<p><strong>Toote kirjeldus:<\/strong> Moodsasse k\u00f6\u00f6ki on vaja kraani, mis n\u00e4eb hea v\u00e4lja ja t\u00f6\u00f6tab h\u00e4sti. \u00dche hoovaga segisti GROHE Essence Professional on t\u00f6\u00f6stusstiilis, mis t\u00e4iustab igat ruumi, kuid selle t\u00f5eline ilu peitub selle funktsioonides, n\u00e4iteks lihtsas paigalduss\u00fcsteemis, mis muudab paigalduse kiireks. Segisti sobib h\u00e4sti k\u00f6\u00f6gisaartele v\u00f5i seinale kinnitatud kappide alla, j\u00e4ttes teile paigutuse jaoks palju vabadust. Tila p\u00f6\u00f6rdeulatus on 360\u00b0, et vesi p\u00e4\u00e4seks igasse valamunurka, ning profipihustusre\u017eiim on t\u00e4iuslik k\u00f6\u00f6giviljade pesemiseks, pottide veega t\u00e4itmiseks ja kahe kausiga valamute puhul m\u00f5lemale kausile ligip\u00e4\u00e4semiseks. Kaks pihustusre\u017eiimi \u2013 tavaline ja v\u00f5imsate pihustusjugadega re\u017eiim \u2013 lisavad veelgi paindlikkust. S\u00fcsteemi GROHE EasyDock M tugev magnet juhib metallist pihustipea lihtsasti oma kohale tagasi. Seda on ka kerge puhastada t\u00e4nu puhtaks p\u00fchitavale GROHFlexxi silikoonvoolikule ja SpeedCleani silikoonpihustusavadele, mida saab katlakivist puhastada vaid \u00fche n\u00e4put\u00f5mbega. Lisadetailina on voolik saadaval eri toonides \u2013 matt l\u00e4bipaistev marmor, matt tumepruun ja matt tumehall \u2013 ning sobib iga k\u00f6\u00f6gidisainiga. \u00dches t\u00fckis segisti tehnoloogia GROHE SilkMove&#8217;i abil saate veevoolu ja -temperatuuri terve segisti eluea jooksul sujuvalt ning t\u00e4pselt reguleerida. Lisaks kestab kriimustuskindel GROHE StarLighti s\u00e4rav kroompind v\u00e4ga pikka aega. Kas te ei arva, et on aeg kehtestada end k\u00f6\u00f6gis nagu t\u00f5eline asjatundja?<\/p>\n\t\t<\/div>\n\t\t\t\t\t<\/div>\n\n\t\n\n\t<div id=\"col-1906784370\" class=\"col medium-3 small-12 large-3\"  >\n\t\t\t\t<div class=\"col-inner\"  >\n\t\t\t\n\t\t\t\n\t<div id=\"gap-717332423\" class=\"gap-element clearfix\" style=\"display:block; height:auto;\">\n\t\t\n<style>\n#gap-717332423 {\n  padding-top: 30px;\n}\n<\/style>\n\t<\/div>\n\t\n<h3>Tehniline informatsioon<\/h3>\n<p><a href=\"https:\/\/espak.ee\/epood\/wp-content\/uploads\/Mustkroomitud-k\u00f6\u00f6gisegisti-Essence-tooteleht.pdf\" target=\"_blank\" rel=\"noopener noreferrer\"><i class=\"far fa-file-pdf\"><\/i> Tehniline info (PDF)<\/a><\/p>\n<div class=\"is-divider divider clearfix\" ><\/div>\n<p><strong>\u00dcksikasjalikuma n\u00f5u saamiseks v\u00f5tke \u00fchendust:<br \/><\/strong>Grohe AG Eesti filiaal<br \/>Tartu mnt 16<br \/>10117<br \/>Tallinn<br \/>+372 6616354<\/p>\n<div class=\"is-divider divider clearfix\" ><\/div>\n\t\t<\/div>\n\t\t\t\t\t<\/div>\n\n\t\n<\/div>\n","protected":false},"excerpt":{"rendered":"","protected":false},"featured_media":15556,"comment_status":"closed","ping_status":"open","template":"","meta":[],"product_brand":[],"product_cat":[2826,2819,2820,2821],"product_tag":[],"class_list":{"0":"post-10530","1":"product","2":"type-product","3":"status-publish","4":"has-post-thumbnail","6":"product_cat-koogisegistid","7":"product_cat-sanitaartehnika","8":"product_cat-sanitaartehnika-sanitaartehnika","9":"product_cat-segistid","10":"pa_kaubamark-grohe-a-g","12":"first","13":"instock","14":"sale","15":"taxable","16":"shipping-taxable","17":"purchasable","18":"product-type-simple"},"yoast_head":"<!-- This site is optimized with the Yoast SEO plugin v26.9 - https:\/\/yoast.com\/product\/yoast-seo-wordpress\/ -->\n<title>K\u00d6\u00d6GISEGISTI GROHE ESSENCE MUST\/KROOMITUD - Espak E-pood<\/title>\n<meta name=\"robots\" content=\"index, follow, max-snippet:-1, max-image-preview:large, max-video-preview:-1\" \/>\n<link rel=\"canonical\" href=\"https:\/\/espak.ee\/epood\/toode\/koogisegisti-grohe-essence-must-kroomitud\/\" \/>\n<meta property=\"og:locale\" content=\"et_EE\" \/>\n<meta property=\"og:type\" content=\"article\" \/>\n<meta property=\"og:title\" content=\"K\u00d6\u00d6GISEGISTI GROHE ESSENCE MUST\/KROOMITUD - Espak E-pood\" \/>\n<meta property=\"og:url\" content=\"https:\/\/espak.ee\/epood\/toode\/koogisegisti-grohe-essence-must-kroomitud\/\" \/>\n<meta property=\"og:site_name\" content=\"Espak E-pood\" \/>\n<meta property=\"article:modified_time\" content=\"2024-03-22T22:12:23+00:00\" \/>\n<meta property=\"og:image\" content=\"https:\/\/espak.ee\/epood\/wp-content\/uploads\/Mustkroomitud-k\u00f6\u00f6gisegisti-Essence.jpg\" \/>\n\t<meta property=\"og:image:width\" content=\"1500\" \/>\n\t<meta property=\"og:image:height\" content=\"1500\" \/>\n\t<meta property=\"og:image:type\" content=\"image\/jpeg\" \/>\n<meta name=\"twitter:card\" content=\"summary_large_image\" \/>\n<meta name=\"twitter:label1\" content=\"Est. reading time\" \/>\n\t<meta name=\"twitter:data1\" content=\"1 minut\" \/>\n<script type=\"application\/ld+json\" class=\"yoast-schema-graph\">{\"@context\":\"https:\/\/schema.org\",\"@graph\":[{\"@type\":\"WebPage\",\"@id\":\"https:\/\/espak.ee\/epood\/toode\/koogisegisti-grohe-essence-must-kroomitud\/\",\"url\":\"https:\/\/espak.ee\/epood\/toode\/koogisegisti-grohe-essence-must-kroomitud\/\",\"name\":\"K\u00d6\u00d6GISEGISTI GROHE ESSENCE MUST\/KROOMITUD - Espak E-pood\",\"isPartOf\":{\"@id\":\"https:\/\/espak.ee\/epood\/#website\"},\"primaryImageOfPage\":{\"@id\":\"https:\/\/espak.ee\/epood\/toode\/koogisegisti-grohe-essence-must-kroomitud\/#primaryimage\"},\"image\":{\"@id\":\"https:\/\/espak.ee\/epood\/toode\/koogisegisti-grohe-essence-must-kroomitud\/#primaryimage\"},\"thumbnailUrl\":\"https:\/\/espak.ee\/epood\/wp-content\/uploads\/Mustkroomitud-k\u00f6\u00f6gisegisti-Essence.jpg\",\"datePublished\":\"2019-10-25T23:35:49+00:00\",\"dateModified\":\"2024-03-22T22:12:23+00:00\",\"breadcrumb\":{\"@id\":\"https:\/\/espak.ee\/epood\/toode\/koogisegisti-grohe-essence-must-kroomitud\/#breadcrumb\"},\"inLanguage\":\"et\",\"potentialAction\":[{\"@type\":\"ReadAction\",\"target\":[\"https:\/\/espak.ee\/epood\/toode\/koogisegisti-grohe-essence-must-kroomitud\/\"]}]},{\"@type\":\"ImageObject\",\"inLanguage\":\"et\",\"@id\":\"https:\/\/espak.ee\/epood\/toode\/koogisegisti-grohe-essence-must-kroomitud\/#primaryimage\",\"url\":\"https:\/\/espak.ee\/epood\/wp-content\/uploads\/Mustkroomitud-k\u00f6\u00f6gisegisti-Essence.jpg\",\"contentUrl\":\"https:\/\/espak.ee\/epood\/wp-content\/uploads\/Mustkroomitud-k\u00f6\u00f6gisegisti-Essence.jpg\",\"width\":1500,\"height\":1500},{\"@type\":\"BreadcrumbList\",\"@id\":\"https:\/\/espak.ee\/epood\/toode\/koogisegisti-grohe-essence-must-kroomitud\/#breadcrumb\",\"itemListElement\":[{\"@type\":\"ListItem\",\"position\":1,\"name\":\"Home\",\"item\":\"https:\/\/espak.ee\/epood\/\"},{\"@type\":\"ListItem\",\"position\":2,\"name\":\"Tootevalik\",\"item\":\"https:\/\/espak.ee\/epood\/tootevalik\/\"},{\"@type\":\"ListItem\",\"position\":3,\"name\":\"K\u00d6\u00d6GISEGISTI GROHE ESSENCE MUST\/KROOMITUD\"}]},{\"@type\":\"WebSite\",\"@id\":\"https:\/\/espak.ee\/epood\/#website\",\"url\":\"https:\/\/espak.ee\/epood\/\",\"name\":\"Espak E-pood\",\"description\":\"\",\"potentialAction\":[{\"@type\":\"SearchAction\",\"target\":{\"@type\":\"EntryPoint\",\"urlTemplate\":\"https:\/\/espak.ee\/epood\/?s={search_term_string}\"},\"query-input\":{\"@type\":\"PropertyValueSpecification\",\"valueRequired\":true,\"valueName\":\"search_term_string\"}}],\"inLanguage\":\"et\"}]}<\/script>\n<!-- \/ Yoast SEO plugin. -->","yoast_head_json":{"title":"K\u00d6\u00d6GISEGISTI GROHE ESSENCE MUST\/KROOMITUD - Espak E-pood","robots":{"index":"index","follow":"follow","max-snippet":"max-snippet:-1","max-image-preview":"max-image-preview:large","max-video-preview":"max-video-preview:-1"},"canonical":"https:\/\/espak.ee\/epood\/toode\/koogisegisti-grohe-essence-must-kroomitud\/","og_locale":"et_EE","og_type":"article","og_title":"K\u00d6\u00d6GISEGISTI GROHE ESSENCE MUST\/KROOMITUD - Espak E-pood","og_url":"https:\/\/espak.ee\/epood\/toode\/koogisegisti-grohe-essence-must-kroomitud\/","og_site_name":"Espak E-pood","article_modified_time":"2024-03-22T22:12:23+00:00","og_image":[{"width":1500,"height":1500,"url":"https:\/\/espak.ee\/epood\/wp-content\/uploads\/Mustkroomitud-k\u00f6\u00f6gisegisti-Essence.jpg","type":"image\/jpeg"}],"twitter_card":"summary_large_image","twitter_misc":{"Est. reading time":"1 minut"},"schema":{"@context":"https:\/\/schema.org","@graph":[{"@type":"WebPage","@id":"https:\/\/espak.ee\/epood\/toode\/koogisegisti-grohe-essence-must-kroomitud\/","url":"https:\/\/espak.ee\/epood\/toode\/koogisegisti-grohe-essence-must-kroomitud\/","name":"K\u00d6\u00d6GISEGISTI GROHE ESSENCE MUST\/KROOMITUD - Espak E-pood","isPartOf":{"@id":"https:\/\/espak.ee\/epood\/#website"},"primaryImageOfPage":{"@id":"https:\/\/espak.ee\/epood\/toode\/koogisegisti-grohe-essence-must-kroomitud\/#primaryimage"},"image":{"@id":"https:\/\/espak.ee\/epood\/toode\/koogisegisti-grohe-essence-must-kroomitud\/#primaryimage"},"thumbnailUrl":"https:\/\/espak.ee\/epood\/wp-content\/uploads\/Mustkroomitud-k\u00f6\u00f6gisegisti-Essence.jpg","datePublished":"2019-10-25T23:35:49+00:00","dateModified":"2024-03-22T22:12:23+00:00","breadcrumb":{"@id":"https:\/\/espak.ee\/epood\/toode\/koogisegisti-grohe-essence-must-kroomitud\/#breadcrumb"},"inLanguage":"et","potentialAction":[{"@type":"ReadAction","target":["https:\/\/espak.ee\/epood\/toode\/koogisegisti-grohe-essence-must-kroomitud\/"]}]},{"@type":"ImageObject","inLanguage":"et","@id":"https:\/\/espak.ee\/epood\/toode\/koogisegisti-grohe-essence-must-kroomitud\/#primaryimage","url":"https:\/\/espak.ee\/epood\/wp-content\/uploads\/Mustkroomitud-k\u00f6\u00f6gisegisti-Essence.jpg","contentUrl":"https:\/\/espak.ee\/epood\/wp-content\/uploads\/Mustkroomitud-k\u00f6\u00f6gisegisti-Essence.jpg","width":1500,"height":1500},{"@type":"BreadcrumbList","@id":"https:\/\/espak.ee\/epood\/toode\/koogisegisti-grohe-essence-must-kroomitud\/#breadcrumb","itemListElement":[{"@type":"ListItem","position":1,"name":"Home","item":"https:\/\/espak.ee\/epood\/"},{"@type":"ListItem","position":2,"name":"Tootevalik","item":"https:\/\/espak.ee\/epood\/tootevalik\/"},{"@type":"ListItem","position":3,"name":"K\u00d6\u00d6GISEGISTI GROHE ESSENCE MUST\/KROOMITUD"}]},{"@type":"WebSite","@id":"https:\/\/espak.ee\/epood\/#website","url":"https:\/\/espak.ee\/epood\/","name":"Espak E-pood","description":"","potentialAction":[{"@type":"SearchAction","target":{"@type":"EntryPoint","urlTemplate":"https:\/\/espak.ee\/epood\/?s={search_term_string}"},"query-input":{"@type":"PropertyValueSpecification","valueRequired":true,"valueName":"search_term_string"}}],"inLanguage":"et"}]}},"_links":{"self":[{"href":"https:\/\/espak.ee\/epood\/wp-json\/wp\/v2\/product\/10530","targetHints":{"allow":["GET"]}}],"collection":[{"href":"https:\/\/espak.ee\/epood\/wp-json\/wp\/v2\/product"}],"about":[{"href":"https:\/\/espak.ee\/epood\/wp-json\/wp\/v2\/types\/product"}],"replies":[{"embeddable":true,"href":"https:\/\/espak.ee\/epood\/wp-json\/wp\/v2\/comments?post=10530"}],"wp:featuredmedia":[{"embeddable":true,"href":"https:\/\/espak.ee\/epood\/wp-json\/wp\/v2\/media\/15556"}],"wp:attachment":[{"href":"https:\/\/espak.ee\/epood\/wp-json\/wp\/v2\/media?parent=10530"}],"wp:term":[{"taxonomy":"product_brand","embeddable":true,"href":"https:\/\/espak.ee\/epood\/wp-json\/wp\/v2\/product_brand?post=10530"},{"taxonomy":"product_cat","embeddable":true,"href":"https:\/\/espak.ee\/epood\/wp-json\/wp\/v2\/product_cat?post=10530"},{"taxonomy":"product_tag","embeddable":true,"href":"https:\/\/espak.ee\/epood\/wp-json\/wp\/v2\/product_tag?post=10530"}],"curies":[{"name":"wp","href":"https:\/\/api.w.org\/{rel}","templated":true}]}}