{"id":10506,"date":"2019-10-23T02:36:44","date_gmt":"2019-10-22T23:36:44","guid":{"rendered":"https:\/\/espak.ee\/hinnakiri\/?post_type=product&#038;p=10506"},"modified":"2025-09-15T16:59:35","modified_gmt":"2025-09-15T13:59:35","slug":"seinale-kinnitatav-wc-pott-grohe-euro-ceramic","status":"publish","type":"product","link":"https:\/\/espak.ee\/epood\/toode\/seinale-kinnitatav-wc-pott-grohe-euro-ceramic\/","title":{"rendered":"SEINALE KINNITATAV WC-POTT GROHE EURO CERAMIC"},"content":{"rendered":"<div class=\"row\"  id=\"row-342483352\">\n\n\t<div id=\"col-1673232128\" class=\"col medium-9 small-12 large-9\"  >\n\t\t\t\t<div class=\"col-inner\"  >\n\t\t\t\n\t\t\t\n<h2>Seinale kinnitatav WC-pott EURO Ceramic<\/h2>\n<p>Seinale kinnitatav kompaktne WC-pott GROHE Euro Ceramic. Sanitaarportselan, valge Alpine White, \u00e4\u00e4reta disain ja vaikne loputus Triple Vortex, 5\/3 l<\/p>\n\t<div id=\"gap-132191051\" class=\"gap-element clearfix\" style=\"display:block; height:auto;\">\n\t\t\n<style>\n#gap-132191051 {\n  padding-top: 30px;\n}\n<\/style>\n\t<\/div>\n\t\n<h3>Kasutamise \u00fcksikasjad<\/h3>\n<p><strong>Toote kirjeldus:<\/strong> Seinale kinnitatav kompaktne WC-pott GROHE Euro Ceramic sobib t\u00e4iuslikult v\u00e4ikeste vannitubade v\u00f5i tualettruumide uuendamiseks. Seinale kinnitatav WC-pott j\u00e4tab mulje suuremast ruumist ja 490 \u00d7 374 mm elegantne mudel sobib v\u00e4iksesse ruumi nagu valatult. L\u00e4ikiva valge Alpine White&#8217;i portselanpinnaga ja \u00e4\u00e4reta tehnoloogiaga WC-potis pole bakteritel kuhugi peituda, mist\u00f5ttu on puhastamine lihtsam ning funktsionaalsus parem. GROHE Triple Vortex kasutab kolme vee v\u00e4ljalaskeava, et loputus oleks vaikne, v\u00f5imas ja pritsmeteta ning puhastaks igat potinurka. Loputusmaht on 5 v\u00f5i 3 liitrit ja WC-potiga on kaasas kinnituskomplekt.<br \/>\nGROHE Euro Ceramicu kollektsioon sobib suurep\u00e4raselt GROHE Arena Cosmopolitani loputusnuppude ja GROHE Rapid SLi paigalduskomplektidega, luues t\u00e4ieliku esteetilise harmoonia ning pakkudes parimat kvaliteeti. Valides GROHE keraamika, saate kasu GROHE \u00fclemaailmsest kogemusest sanitaartehnika valdkonnas ning LIXILi, juhtiva pinnatehnoloogia tootemargi enam kui saja-aastasest kvaliteedist ja kogemusest. GROHE Euro Ceramic \u2013 moodne silmapaistev disain, mis sobib ideaalselt teie elustiiliga.<br \/>\nKoplekti kuulub GROHE Euro Ceramic Compacti vaikselt sulguva SoftClose&#8217;i funktsiooniga prill-lauaga (39458000).<\/p>\n\t\t<\/div>\n\t\t\t\t\t<\/div>\n\n\t\n\n\t<div id=\"col-711769951\" class=\"col medium-3 small-12 large-3\"  >\n\t\t\t\t<div class=\"col-inner\"  >\n\t\t\t\n\t\t\t\n\t<div id=\"gap-2035469689\" class=\"gap-element clearfix\" style=\"display:block; height:auto;\">\n\t\t\n<style>\n#gap-2035469689 {\n  padding-top: 30px;\n}\n<\/style>\n\t<\/div>\n\t\n<h3>Tehniline informatsioon<\/h3>\n<p><a href=\"https:\/\/espak.ee\/epood\/wp-content\/uploads\/Seinale-kinnitatav-WC-pott-EURO-Ceramic-tooteleht.pdf\" target=\"_blank\" rel=\"noopener noreferrer\"><i class=\"far fa-file-pdf\"><\/i> Tehniline info (PDF)<\/a><\/p>\n<div class=\"is-divider divider clearfix\" ><\/div>\n<p><strong>\u00dcksikasjalikuma n\u00f5u saamiseks v\u00f5tke \u00fchendust:<br \/><\/strong>Grohe AG Eesti filiaal<br \/>Tartu mnt 16<br \/>10117<br \/>Tallinn<br \/>+372 6616354<\/p>\n<div class=\"is-divider divider clearfix\" ><\/div>\n\t\t<\/div>\n\t\t\t\t\t<\/div>\n\n\t\n<\/div>\n","protected":false},"excerpt":{"rendered":"","protected":false},"featured_media":26632,"comment_status":"closed","ping_status":"open","template":"","meta":[],"product_brand":[],"product_cat":[2819,2820,2839,2841],"product_tag":[],"class_list":{"0":"post-10506","1":"product","2":"type-product","3":"status-publish","4":"has-post-thumbnail","6":"product_cat-sanitaartehnika","7":"product_cat-sanitaartehnika-sanitaartehnika","8":"product_cat-wc-potid","9":"product_cat-wc-potid-tahavooluga","10":"pa_kaubamark-grohe-a-g","12":"first","13":"outofstock","14":"sale","15":"taxable","16":"shipping-taxable","17":"purchasable","18":"product-type-simple"},"yoast_head":"<!-- This site is optimized with the Yoast SEO plugin v26.9 - https:\/\/yoast.com\/product\/yoast-seo-wordpress\/ -->\n<title>SEINALE KINNITATAV WC-POTT GROHE EURO CERAMIC - Espak E-pood<\/title>\n<meta name=\"robots\" content=\"index, follow, max-snippet:-1, max-image-preview:large, max-video-preview:-1\" \/>\n<link rel=\"canonical\" href=\"https:\/\/espak.ee\/epood\/toode\/seinale-kinnitatav-wc-pott-grohe-euro-ceramic\/\" \/>\n<meta property=\"og:locale\" content=\"et_EE\" \/>\n<meta property=\"og:type\" content=\"article\" \/>\n<meta property=\"og:title\" content=\"SEINALE KINNITATAV WC-POTT GROHE EURO CERAMIC - Espak E-pood\" \/>\n<meta property=\"og:url\" content=\"https:\/\/espak.ee\/epood\/toode\/seinale-kinnitatav-wc-pott-grohe-euro-ceramic\/\" \/>\n<meta property=\"og:site_name\" content=\"Espak E-pood\" \/>\n<meta property=\"article:modified_time\" content=\"2025-09-15T13:59:35+00:00\" \/>\n<meta property=\"og:image\" content=\"https:\/\/espak.ee\/epood\/wp-content\/uploads\/39206000_1.jpg\" \/>\n\t<meta property=\"og:image:width\" content=\"480\" \/>\n\t<meta property=\"og:image:height\" content=\"480\" \/>\n\t<meta property=\"og:image:type\" content=\"image\/jpeg\" \/>\n<meta name=\"twitter:card\" content=\"summary_large_image\" \/>\n<meta name=\"twitter:label1\" content=\"Est. reading time\" \/>\n\t<meta name=\"twitter:data1\" content=\"1 minut\" \/>\n<script type=\"application\/ld+json\" class=\"yoast-schema-graph\">{\"@context\":\"https:\/\/schema.org\",\"@graph\":[{\"@type\":\"WebPage\",\"@id\":\"https:\/\/espak.ee\/epood\/toode\/seinale-kinnitatav-wc-pott-grohe-euro-ceramic\/\",\"url\":\"https:\/\/espak.ee\/epood\/toode\/seinale-kinnitatav-wc-pott-grohe-euro-ceramic\/\",\"name\":\"SEINALE KINNITATAV WC-POTT GROHE EURO CERAMIC - Espak E-pood\",\"isPartOf\":{\"@id\":\"https:\/\/espak.ee\/epood\/#website\"},\"primaryImageOfPage\":{\"@id\":\"https:\/\/espak.ee\/epood\/toode\/seinale-kinnitatav-wc-pott-grohe-euro-ceramic\/#primaryimage\"},\"image\":{\"@id\":\"https:\/\/espak.ee\/epood\/toode\/seinale-kinnitatav-wc-pott-grohe-euro-ceramic\/#primaryimage\"},\"thumbnailUrl\":\"https:\/\/espak.ee\/epood\/wp-content\/uploads\/39206000_1.jpg\",\"datePublished\":\"2019-10-22T23:36:44+00:00\",\"dateModified\":\"2025-09-15T13:59:35+00:00\",\"breadcrumb\":{\"@id\":\"https:\/\/espak.ee\/epood\/toode\/seinale-kinnitatav-wc-pott-grohe-euro-ceramic\/#breadcrumb\"},\"inLanguage\":\"et\",\"potentialAction\":[{\"@type\":\"ReadAction\",\"target\":[\"https:\/\/espak.ee\/epood\/toode\/seinale-kinnitatav-wc-pott-grohe-euro-ceramic\/\"]}]},{\"@type\":\"ImageObject\",\"inLanguage\":\"et\",\"@id\":\"https:\/\/espak.ee\/epood\/toode\/seinale-kinnitatav-wc-pott-grohe-euro-ceramic\/#primaryimage\",\"url\":\"https:\/\/espak.ee\/epood\/wp-content\/uploads\/39206000_1.jpg\",\"contentUrl\":\"https:\/\/espak.ee\/epood\/wp-content\/uploads\/39206000_1.jpg\",\"width\":480,\"height\":480},{\"@type\":\"BreadcrumbList\",\"@id\":\"https:\/\/espak.ee\/epood\/toode\/seinale-kinnitatav-wc-pott-grohe-euro-ceramic\/#breadcrumb\",\"itemListElement\":[{\"@type\":\"ListItem\",\"position\":1,\"name\":\"Home\",\"item\":\"https:\/\/espak.ee\/epood\/\"},{\"@type\":\"ListItem\",\"position\":2,\"name\":\"Tootevalik\",\"item\":\"https:\/\/espak.ee\/epood\/tootevalik\/\"},{\"@type\":\"ListItem\",\"position\":3,\"name\":\"SEINALE KINNITATAV WC-POTT GROHE EURO CERAMIC\"}]},{\"@type\":\"WebSite\",\"@id\":\"https:\/\/espak.ee\/epood\/#website\",\"url\":\"https:\/\/espak.ee\/epood\/\",\"name\":\"Espak E-pood\",\"description\":\"\",\"potentialAction\":[{\"@type\":\"SearchAction\",\"target\":{\"@type\":\"EntryPoint\",\"urlTemplate\":\"https:\/\/espak.ee\/epood\/?s={search_term_string}\"},\"query-input\":{\"@type\":\"PropertyValueSpecification\",\"valueRequired\":true,\"valueName\":\"search_term_string\"}}],\"inLanguage\":\"et\"}]}<\/script>\n<!-- \/ Yoast SEO plugin. -->","yoast_head_json":{"title":"SEINALE KINNITATAV WC-POTT GROHE EURO CERAMIC - Espak E-pood","robots":{"index":"index","follow":"follow","max-snippet":"max-snippet:-1","max-image-preview":"max-image-preview:large","max-video-preview":"max-video-preview:-1"},"canonical":"https:\/\/espak.ee\/epood\/toode\/seinale-kinnitatav-wc-pott-grohe-euro-ceramic\/","og_locale":"et_EE","og_type":"article","og_title":"SEINALE KINNITATAV WC-POTT GROHE EURO CERAMIC - Espak E-pood","og_url":"https:\/\/espak.ee\/epood\/toode\/seinale-kinnitatav-wc-pott-grohe-euro-ceramic\/","og_site_name":"Espak E-pood","article_modified_time":"2025-09-15T13:59:35+00:00","og_image":[{"width":480,"height":480,"url":"https:\/\/espak.ee\/epood\/wp-content\/uploads\/39206000_1.jpg","type":"image\/jpeg"}],"twitter_card":"summary_large_image","twitter_misc":{"Est. reading time":"1 minut"},"schema":{"@context":"https:\/\/schema.org","@graph":[{"@type":"WebPage","@id":"https:\/\/espak.ee\/epood\/toode\/seinale-kinnitatav-wc-pott-grohe-euro-ceramic\/","url":"https:\/\/espak.ee\/epood\/toode\/seinale-kinnitatav-wc-pott-grohe-euro-ceramic\/","name":"SEINALE KINNITATAV WC-POTT GROHE EURO CERAMIC - Espak E-pood","isPartOf":{"@id":"https:\/\/espak.ee\/epood\/#website"},"primaryImageOfPage":{"@id":"https:\/\/espak.ee\/epood\/toode\/seinale-kinnitatav-wc-pott-grohe-euro-ceramic\/#primaryimage"},"image":{"@id":"https:\/\/espak.ee\/epood\/toode\/seinale-kinnitatav-wc-pott-grohe-euro-ceramic\/#primaryimage"},"thumbnailUrl":"https:\/\/espak.ee\/epood\/wp-content\/uploads\/39206000_1.jpg","datePublished":"2019-10-22T23:36:44+00:00","dateModified":"2025-09-15T13:59:35+00:00","breadcrumb":{"@id":"https:\/\/espak.ee\/epood\/toode\/seinale-kinnitatav-wc-pott-grohe-euro-ceramic\/#breadcrumb"},"inLanguage":"et","potentialAction":[{"@type":"ReadAction","target":["https:\/\/espak.ee\/epood\/toode\/seinale-kinnitatav-wc-pott-grohe-euro-ceramic\/"]}]},{"@type":"ImageObject","inLanguage":"et","@id":"https:\/\/espak.ee\/epood\/toode\/seinale-kinnitatav-wc-pott-grohe-euro-ceramic\/#primaryimage","url":"https:\/\/espak.ee\/epood\/wp-content\/uploads\/39206000_1.jpg","contentUrl":"https:\/\/espak.ee\/epood\/wp-content\/uploads\/39206000_1.jpg","width":480,"height":480},{"@type":"BreadcrumbList","@id":"https:\/\/espak.ee\/epood\/toode\/seinale-kinnitatav-wc-pott-grohe-euro-ceramic\/#breadcrumb","itemListElement":[{"@type":"ListItem","position":1,"name":"Home","item":"https:\/\/espak.ee\/epood\/"},{"@type":"ListItem","position":2,"name":"Tootevalik","item":"https:\/\/espak.ee\/epood\/tootevalik\/"},{"@type":"ListItem","position":3,"name":"SEINALE KINNITATAV WC-POTT GROHE EURO CERAMIC"}]},{"@type":"WebSite","@id":"https:\/\/espak.ee\/epood\/#website","url":"https:\/\/espak.ee\/epood\/","name":"Espak E-pood","description":"","potentialAction":[{"@type":"SearchAction","target":{"@type":"EntryPoint","urlTemplate":"https:\/\/espak.ee\/epood\/?s={search_term_string}"},"query-input":{"@type":"PropertyValueSpecification","valueRequired":true,"valueName":"search_term_string"}}],"inLanguage":"et"}]}},"_links":{"self":[{"href":"https:\/\/espak.ee\/epood\/wp-json\/wp\/v2\/product\/10506","targetHints":{"allow":["GET"]}}],"collection":[{"href":"https:\/\/espak.ee\/epood\/wp-json\/wp\/v2\/product"}],"about":[{"href":"https:\/\/espak.ee\/epood\/wp-json\/wp\/v2\/types\/product"}],"replies":[{"embeddable":true,"href":"https:\/\/espak.ee\/epood\/wp-json\/wp\/v2\/comments?post=10506"}],"wp:featuredmedia":[{"embeddable":true,"href":"https:\/\/espak.ee\/epood\/wp-json\/wp\/v2\/media\/26632"}],"wp:attachment":[{"href":"https:\/\/espak.ee\/epood\/wp-json\/wp\/v2\/media?parent=10506"}],"wp:term":[{"taxonomy":"product_brand","embeddable":true,"href":"https:\/\/espak.ee\/epood\/wp-json\/wp\/v2\/product_brand?post=10506"},{"taxonomy":"product_cat","embeddable":true,"href":"https:\/\/espak.ee\/epood\/wp-json\/wp\/v2\/product_cat?post=10506"},{"taxonomy":"product_tag","embeddable":true,"href":"https:\/\/espak.ee\/epood\/wp-json\/wp\/v2\/product_tag?post=10506"}],"curies":[{"name":"wp","href":"https:\/\/api.w.org\/{rel}","templated":true}]}}