{"id":10478,"date":"2019-10-22T02:36:45","date_gmt":"2019-10-21T23:36:45","guid":{"rendered":"https:\/\/espak.ee\/hinnakiri\/?post_type=product&#038;p=10478"},"modified":"2024-03-23T00:12:32","modified_gmt":"2024-03-22T22:12:32","slug":"l-suuruses-valamusegisti-grohe-essence","status":"publish","type":"product","link":"https:\/\/espak.ee\/epood\/toode\/l-suuruses-valamusegisti-grohe-essence\/","title":{"rendered":"L-SUURUSES VALAMUSEGISTI GROHE ESSENCE"},"content":{"rendered":"<div class=\"row\"  id=\"row-2037838171\">\n\n\t<div id=\"col-972787973\" class=\"col medium-9 small-12 large-9\"  >\n\t\t\t\t<div class=\"col-inner\"  >\n\t\t\t\n\t\t\t\n<h2>L-suuruses valamusegisti Essence<\/h2>\n<p>Valamukraan GROHE Essence, sile korpus, k\u00f5rge tila, reguleeritav p\u00f6\u00f6rdeulatus 0\u00b0\/150\u00b0\/360\u00b0, GROHE EcoJoy, GROHE AquaGuide.<\/p>\n\t<div id=\"gap-774269535\" class=\"gap-element clearfix\" style=\"display:block; height:auto;\">\n\t\t\n<style>\n#gap-774269535 {\n  padding-top: 30px;\n}\n<\/style>\n\t<\/div>\n\t\n<h3>Kasutamise \u00fcksikasjad<\/h3>\n<p><strong>Toote kirjeldus:<\/strong> Kas teile meeldib tagasihoidlik ja elegantne stiil? Selge silinderja kujuga vannitoakraan GROHE Essence&#8217;i tootesarjast on parim valik. Vastupidav GROHE StarLighti kroompind on pilkup\u00fc\u00fcdev ja p\u00fcsib veatult s\u00e4rav veel aastaid. K\u00f5rge tila ja kuni 360\u00b0 p\u00f6\u00f6rdenurk annab teile piisavalt paindlikkust nii mugavaks juuksepesuks valamu kohal kui ka muudeks vannitoatoiminguteks. Vett ja energiat s\u00e4\u00e4stva GROHE EcoJoy tehnoloogia abil ei \u00fcleta \u00fche hoovaga segisti veetarve kunagi 6,6 liitrit minutis, isegi t\u00e4isvoolu puhul. Veehulka ja -temperatuuri saab reguleerida sujuvalt ning lihtsalt t\u00e4nu integreeritud GROHE SilkMove&#8217;i s\u00fcdamikule. S\u00fcsteemiga GROHE QuickFix Plus l\u00e4heb kraani paigaldamine kiirelt ja muretult.<\/p>\n\t\t<\/div>\n\t\t\t\t\t<\/div>\n\n\t\n\n\t<div id=\"col-1454385553\" class=\"col medium-3 small-12 large-3\"  >\n\t\t\t\t<div class=\"col-inner\"  >\n\t\t\t\n\t\t\t\n\t<div id=\"gap-146140716\" class=\"gap-element clearfix\" style=\"display:block; height:auto;\">\n\t\t\n<style>\n#gap-146140716 {\n  padding-top: 30px;\n}\n<\/style>\n\t<\/div>\n\t\n<h3>Tehniline informatsioon<\/h3>\n<p><a href=\"https:\/\/espak.ee\/epood\/wp-content\/uploads\/L-suuruses-valamusegisti-Essence-tooteleht.pdf\" target=\"_blank\" rel=\"noopener noreferrer\"><i class=\"far fa-file-pdf\"><\/i> Tehniline info (PDF)<\/a><\/p>\n<div class=\"is-divider divider clearfix\" ><\/div>\n<p><strong>\u00dcksikasjalikuma n\u00f5u saamiseks v\u00f5tke \u00fchendust:<br \/><\/strong>Grohe AG Eesti filiaal<br \/>Tartu mnt 16<br \/>10117<br \/>Tallinn<br \/>+372 6616354<\/p>\n<div class=\"is-divider divider clearfix\" ><\/div>\n\t\t<\/div>\n\t\t\t\t\t<\/div>\n\n\t\n<\/div>\n","protected":false},"excerpt":{"rendered":"","protected":false},"featured_media":15762,"comment_status":"closed","ping_status":"open","template":"","meta":[],"product_brand":[],"product_cat":[2820,2819,2821,2827],"product_tag":[],"class_list":{"0":"post-10478","1":"product","2":"type-product","3":"status-publish","4":"has-post-thumbnail","6":"product_cat-sanitaartehnika-sanitaartehnika","7":"product_cat-sanitaartehnika","8":"product_cat-segistid","9":"product_cat-valamusegistid","10":"pa_kaubamark-grohe-a-g","12":"first","13":"instock","14":"sale","15":"taxable","16":"shipping-taxable","17":"purchasable","18":"product-type-simple"},"yoast_head":"<!-- This site is optimized with the Yoast SEO plugin v26.9 - https:\/\/yoast.com\/product\/yoast-seo-wordpress\/ -->\n<title>L-SUURUSES VALAMUSEGISTI GROHE ESSENCE - Espak E-pood<\/title>\n<meta name=\"robots\" content=\"index, follow, max-snippet:-1, max-image-preview:large, max-video-preview:-1\" \/>\n<link rel=\"canonical\" href=\"https:\/\/espak.ee\/epood\/toode\/l-suuruses-valamusegisti-grohe-essence\/\" \/>\n<meta property=\"og:locale\" content=\"et_EE\" \/>\n<meta property=\"og:type\" content=\"article\" \/>\n<meta property=\"og:title\" content=\"L-SUURUSES VALAMUSEGISTI GROHE ESSENCE - Espak E-pood\" \/>\n<meta property=\"og:url\" content=\"https:\/\/espak.ee\/epood\/toode\/l-suuruses-valamusegisti-grohe-essence\/\" \/>\n<meta property=\"og:site_name\" content=\"Espak E-pood\" \/>\n<meta property=\"article:modified_time\" content=\"2024-03-22T22:12:32+00:00\" \/>\n<meta property=\"og:image\" content=\"https:\/\/espak.ee\/epood\/wp-content\/uploads\/L-suuruses-valamusegisti-Essence.jpg\" \/>\n\t<meta property=\"og:image:width\" content=\"1500\" \/>\n\t<meta property=\"og:image:height\" content=\"1500\" \/>\n\t<meta property=\"og:image:type\" content=\"image\/jpeg\" \/>\n<meta name=\"twitter:card\" content=\"summary_large_image\" \/>\n<meta name=\"twitter:label1\" content=\"Est. reading time\" \/>\n\t<meta name=\"twitter:data1\" content=\"1 minut\" \/>\n<script type=\"application\/ld+json\" class=\"yoast-schema-graph\">{\"@context\":\"https:\/\/schema.org\",\"@graph\":[{\"@type\":\"WebPage\",\"@id\":\"https:\/\/espak.ee\/epood\/toode\/l-suuruses-valamusegisti-grohe-essence\/\",\"url\":\"https:\/\/espak.ee\/epood\/toode\/l-suuruses-valamusegisti-grohe-essence\/\",\"name\":\"L-SUURUSES VALAMUSEGISTI GROHE ESSENCE - Espak E-pood\",\"isPartOf\":{\"@id\":\"https:\/\/espak.ee\/epood\/#website\"},\"primaryImageOfPage\":{\"@id\":\"https:\/\/espak.ee\/epood\/toode\/l-suuruses-valamusegisti-grohe-essence\/#primaryimage\"},\"image\":{\"@id\":\"https:\/\/espak.ee\/epood\/toode\/l-suuruses-valamusegisti-grohe-essence\/#primaryimage\"},\"thumbnailUrl\":\"https:\/\/espak.ee\/epood\/wp-content\/uploads\/L-suuruses-valamusegisti-Essence.jpg\",\"datePublished\":\"2019-10-21T23:36:45+00:00\",\"dateModified\":\"2024-03-22T22:12:32+00:00\",\"breadcrumb\":{\"@id\":\"https:\/\/espak.ee\/epood\/toode\/l-suuruses-valamusegisti-grohe-essence\/#breadcrumb\"},\"inLanguage\":\"et\",\"potentialAction\":[{\"@type\":\"ReadAction\",\"target\":[\"https:\/\/espak.ee\/epood\/toode\/l-suuruses-valamusegisti-grohe-essence\/\"]}]},{\"@type\":\"ImageObject\",\"inLanguage\":\"et\",\"@id\":\"https:\/\/espak.ee\/epood\/toode\/l-suuruses-valamusegisti-grohe-essence\/#primaryimage\",\"url\":\"https:\/\/espak.ee\/epood\/wp-content\/uploads\/L-suuruses-valamusegisti-Essence.jpg\",\"contentUrl\":\"https:\/\/espak.ee\/epood\/wp-content\/uploads\/L-suuruses-valamusegisti-Essence.jpg\",\"width\":1500,\"height\":1500},{\"@type\":\"BreadcrumbList\",\"@id\":\"https:\/\/espak.ee\/epood\/toode\/l-suuruses-valamusegisti-grohe-essence\/#breadcrumb\",\"itemListElement\":[{\"@type\":\"ListItem\",\"position\":1,\"name\":\"Home\",\"item\":\"https:\/\/espak.ee\/epood\/\"},{\"@type\":\"ListItem\",\"position\":2,\"name\":\"Tootevalik\",\"item\":\"https:\/\/espak.ee\/epood\/tootevalik\/\"},{\"@type\":\"ListItem\",\"position\":3,\"name\":\"L-SUURUSES VALAMUSEGISTI GROHE ESSENCE\"}]},{\"@type\":\"WebSite\",\"@id\":\"https:\/\/espak.ee\/epood\/#website\",\"url\":\"https:\/\/espak.ee\/epood\/\",\"name\":\"Espak E-pood\",\"description\":\"\",\"potentialAction\":[{\"@type\":\"SearchAction\",\"target\":{\"@type\":\"EntryPoint\",\"urlTemplate\":\"https:\/\/espak.ee\/epood\/?s={search_term_string}\"},\"query-input\":{\"@type\":\"PropertyValueSpecification\",\"valueRequired\":true,\"valueName\":\"search_term_string\"}}],\"inLanguage\":\"et\"}]}<\/script>\n<!-- \/ Yoast SEO plugin. -->","yoast_head_json":{"title":"L-SUURUSES VALAMUSEGISTI GROHE ESSENCE - Espak E-pood","robots":{"index":"index","follow":"follow","max-snippet":"max-snippet:-1","max-image-preview":"max-image-preview:large","max-video-preview":"max-video-preview:-1"},"canonical":"https:\/\/espak.ee\/epood\/toode\/l-suuruses-valamusegisti-grohe-essence\/","og_locale":"et_EE","og_type":"article","og_title":"L-SUURUSES VALAMUSEGISTI GROHE ESSENCE - Espak E-pood","og_url":"https:\/\/espak.ee\/epood\/toode\/l-suuruses-valamusegisti-grohe-essence\/","og_site_name":"Espak E-pood","article_modified_time":"2024-03-22T22:12:32+00:00","og_image":[{"width":1500,"height":1500,"url":"https:\/\/espak.ee\/epood\/wp-content\/uploads\/L-suuruses-valamusegisti-Essence.jpg","type":"image\/jpeg"}],"twitter_card":"summary_large_image","twitter_misc":{"Est. reading time":"1 minut"},"schema":{"@context":"https:\/\/schema.org","@graph":[{"@type":"WebPage","@id":"https:\/\/espak.ee\/epood\/toode\/l-suuruses-valamusegisti-grohe-essence\/","url":"https:\/\/espak.ee\/epood\/toode\/l-suuruses-valamusegisti-grohe-essence\/","name":"L-SUURUSES VALAMUSEGISTI GROHE ESSENCE - Espak E-pood","isPartOf":{"@id":"https:\/\/espak.ee\/epood\/#website"},"primaryImageOfPage":{"@id":"https:\/\/espak.ee\/epood\/toode\/l-suuruses-valamusegisti-grohe-essence\/#primaryimage"},"image":{"@id":"https:\/\/espak.ee\/epood\/toode\/l-suuruses-valamusegisti-grohe-essence\/#primaryimage"},"thumbnailUrl":"https:\/\/espak.ee\/epood\/wp-content\/uploads\/L-suuruses-valamusegisti-Essence.jpg","datePublished":"2019-10-21T23:36:45+00:00","dateModified":"2024-03-22T22:12:32+00:00","breadcrumb":{"@id":"https:\/\/espak.ee\/epood\/toode\/l-suuruses-valamusegisti-grohe-essence\/#breadcrumb"},"inLanguage":"et","potentialAction":[{"@type":"ReadAction","target":["https:\/\/espak.ee\/epood\/toode\/l-suuruses-valamusegisti-grohe-essence\/"]}]},{"@type":"ImageObject","inLanguage":"et","@id":"https:\/\/espak.ee\/epood\/toode\/l-suuruses-valamusegisti-grohe-essence\/#primaryimage","url":"https:\/\/espak.ee\/epood\/wp-content\/uploads\/L-suuruses-valamusegisti-Essence.jpg","contentUrl":"https:\/\/espak.ee\/epood\/wp-content\/uploads\/L-suuruses-valamusegisti-Essence.jpg","width":1500,"height":1500},{"@type":"BreadcrumbList","@id":"https:\/\/espak.ee\/epood\/toode\/l-suuruses-valamusegisti-grohe-essence\/#breadcrumb","itemListElement":[{"@type":"ListItem","position":1,"name":"Home","item":"https:\/\/espak.ee\/epood\/"},{"@type":"ListItem","position":2,"name":"Tootevalik","item":"https:\/\/espak.ee\/epood\/tootevalik\/"},{"@type":"ListItem","position":3,"name":"L-SUURUSES VALAMUSEGISTI GROHE ESSENCE"}]},{"@type":"WebSite","@id":"https:\/\/espak.ee\/epood\/#website","url":"https:\/\/espak.ee\/epood\/","name":"Espak E-pood","description":"","potentialAction":[{"@type":"SearchAction","target":{"@type":"EntryPoint","urlTemplate":"https:\/\/espak.ee\/epood\/?s={search_term_string}"},"query-input":{"@type":"PropertyValueSpecification","valueRequired":true,"valueName":"search_term_string"}}],"inLanguage":"et"}]}},"_links":{"self":[{"href":"https:\/\/espak.ee\/epood\/wp-json\/wp\/v2\/product\/10478","targetHints":{"allow":["GET"]}}],"collection":[{"href":"https:\/\/espak.ee\/epood\/wp-json\/wp\/v2\/product"}],"about":[{"href":"https:\/\/espak.ee\/epood\/wp-json\/wp\/v2\/types\/product"}],"replies":[{"embeddable":true,"href":"https:\/\/espak.ee\/epood\/wp-json\/wp\/v2\/comments?post=10478"}],"wp:featuredmedia":[{"embeddable":true,"href":"https:\/\/espak.ee\/epood\/wp-json\/wp\/v2\/media\/15762"}],"wp:attachment":[{"href":"https:\/\/espak.ee\/epood\/wp-json\/wp\/v2\/media?parent=10478"}],"wp:term":[{"taxonomy":"product_brand","embeddable":true,"href":"https:\/\/espak.ee\/epood\/wp-json\/wp\/v2\/product_brand?post=10478"},{"taxonomy":"product_cat","embeddable":true,"href":"https:\/\/espak.ee\/epood\/wp-json\/wp\/v2\/product_cat?post=10478"},{"taxonomy":"product_tag","embeddable":true,"href":"https:\/\/espak.ee\/epood\/wp-json\/wp\/v2\/product_tag?post=10478"}],"curies":[{"name":"wp","href":"https:\/\/api.w.org\/{rel}","templated":true}]}}