{"id":104719,"date":"2022-01-08T04:27:42","date_gmt":"2022-01-08T04:27:42","guid":{"rendered":"https:\/\/espak.ee\/epood\/?post_type=product&#038;p=104719"},"modified":"2024-03-23T04:42:11","modified_gmt":"2024-03-23T02:42:11","slug":"kerise-kaitsesein-harvia-legend-wl200","status":"publish","type":"product","link":"https:\/\/espak.ee\/epood\/toode\/kerise-kaitsesein-harvia-legend-wl200\/","title":{"rendered":"KERISE KAITSESEIN HARVIA LEGEND WL200"},"content":{"rendered":"<div class=\"row\"  id=\"row-1214620548\">\n\n\t<div id=\"col-2086395097\" class=\"col medium-9 small-12 large-9\"  >\n\t\t\t\t<div class=\"col-inner\"  >\n\t\t\t\n\t\t\t\n<h3>Kerise kaitsesein Legend WL200 Harvia<\/h3>\n<p>Kaitsesein WL200 sobitub Harvia Legend k\u00f5igi puuk\u00fcttekeriste mudelitega.<br \/>\n\u00dche kerise kohta v\u00f5ib kuluda 1-3 kaitseseina.<br \/>\nPuuk\u00fcttega keriste kaitseseinad l\u00fchendavad oluliselt ohutuskaugusi p\u00f5leva materjalini \u2013 praktikas aitab see kerisel v\u00e4iksemasse ruumi mahtuda. Kaitse\u00fcmbris kinnitatakse kerise k\u00fclge, mis muudab ka ahju v\u00e4limuse stiilsemaks. Igal kerisemudelile on oma kaitsesein, mist\u00f5ttu ei olnud disaini ega kaitsev\u00f5ime v\u00e4ljat\u00f6\u00f6tamisel vaja j\u00e4releandmisi teha.<br \/>\n Kaitseseina tootmiseks kasutatav materjal on mustaks v\u00e4rvitud terasplaat. Kui ka  p\u00f5rand vajab kaitset, on lahenduseks Harvia paigaldusalus.  <\/p>\n\t\t<\/div>\n\t\t\t\t\t<\/div>\n\n\t\n\n\t<div id=\"col-1179595033\" class=\"col medium-3 small-12 large-3\"  >\n\t\t\t\t<div class=\"col-inner\"  >\n\t\t\t\n\t\t\t\n<h3>Paigaldusjuhend<\/h3>\n<p><a href=\"https:\/\/espak.ee\/epood\/wp-content\/uploads\/2022\/01\/Legend_WL200_FISVENDERUET_CE_VTT_Y05-0403_uusi.pdf\"target=\"_blank\" rel=\"noopener noreferrer\"><i class=\"far fa-file-pdf\"><\/i> Paigaldusjuhend (PDF)<\/a><\/p>\n<div class=\"is-divider divider clearfix\" ><\/div>\n<p><strong>\u00dcksikasjalikuma n\u00f5u saamiseks v\u00f5tke \u00fchendust:<br \/><\/strong>Espak AS<br \/>Viadukti 42<br \/>11313<br \/>Tallinn<br \/>+372 6 512333<\/p>\n\t\t<\/div>\n\t\t\t\t\t<\/div>\n\n\t\n<\/div>\n","protected":false},"excerpt":{"rendered":"","protected":false},"featured_media":104924,"comment_status":"closed","ping_status":"closed","template":"","meta":[],"product_brand":[],"product_cat":[3071,3196,3198,3070],"product_tag":[],"class_list":{"0":"post-104719","1":"product","2":"type-product","3":"status-publish","4":"has-post-thumbnail","6":"product_cat-ahjud-kaminad-kerised","7":"product_cat-kerised","8":"product_cat-keriste-tarvikud","9":"product_cat-kute-ja-ventilatsioon","10":"pa_kaubamark-harvia-finland-oy","12":"first","13":"instock","14":"sale","15":"taxable","16":"shipping-taxable","17":"purchasable","18":"product-type-simple"},"yoast_head":"<!-- This site is optimized with the Yoast SEO plugin v26.9 - https:\/\/yoast.com\/product\/yoast-seo-wordpress\/ -->\n<title>KERISE KAITSESEIN HARVIA LEGEND WL200 - Espak E-pood<\/title>\n<meta name=\"robots\" content=\"index, follow, max-snippet:-1, max-image-preview:large, max-video-preview:-1\" \/>\n<link rel=\"canonical\" href=\"https:\/\/espak.ee\/epood\/toode\/kerise-kaitsesein-harvia-legend-wl200\/\" \/>\n<meta property=\"og:locale\" content=\"et_EE\" \/>\n<meta property=\"og:type\" content=\"article\" \/>\n<meta property=\"og:title\" content=\"KERISE KAITSESEIN HARVIA LEGEND WL200 - Espak E-pood\" \/>\n<meta property=\"og:url\" content=\"https:\/\/espak.ee\/epood\/toode\/kerise-kaitsesein-harvia-legend-wl200\/\" \/>\n<meta property=\"og:site_name\" content=\"Espak E-pood\" \/>\n<meta property=\"article:modified_time\" content=\"2024-03-23T02:42:11+00:00\" \/>\n<meta property=\"og:image\" content=\"https:\/\/espak.ee\/epood\/wp-content\/uploads\/2022\/01\/wl200.jpg\" \/>\n\t<meta property=\"og:image:width\" content=\"800\" \/>\n\t<meta property=\"og:image:height\" content=\"800\" \/>\n\t<meta property=\"og:image:type\" content=\"image\/jpeg\" \/>\n<meta name=\"twitter:card\" content=\"summary_large_image\" \/>\n<meta name=\"twitter:label1\" content=\"Est. reading time\" \/>\n\t<meta name=\"twitter:data1\" content=\"1 minut\" \/>\n<script type=\"application\/ld+json\" class=\"yoast-schema-graph\">{\"@context\":\"https:\/\/schema.org\",\"@graph\":[{\"@type\":\"WebPage\",\"@id\":\"https:\/\/espak.ee\/epood\/toode\/kerise-kaitsesein-harvia-legend-wl200\/\",\"url\":\"https:\/\/espak.ee\/epood\/toode\/kerise-kaitsesein-harvia-legend-wl200\/\",\"name\":\"KERISE KAITSESEIN HARVIA LEGEND WL200 - Espak E-pood\",\"isPartOf\":{\"@id\":\"https:\/\/espak.ee\/epood\/#website\"},\"primaryImageOfPage\":{\"@id\":\"https:\/\/espak.ee\/epood\/toode\/kerise-kaitsesein-harvia-legend-wl200\/#primaryimage\"},\"image\":{\"@id\":\"https:\/\/espak.ee\/epood\/toode\/kerise-kaitsesein-harvia-legend-wl200\/#primaryimage\"},\"thumbnailUrl\":\"https:\/\/espak.ee\/epood\/wp-content\/uploads\/2022\/01\/wl200.jpg\",\"datePublished\":\"2022-01-08T04:27:42+00:00\",\"dateModified\":\"2024-03-23T02:42:11+00:00\",\"breadcrumb\":{\"@id\":\"https:\/\/espak.ee\/epood\/toode\/kerise-kaitsesein-harvia-legend-wl200\/#breadcrumb\"},\"inLanguage\":\"et\",\"potentialAction\":[{\"@type\":\"ReadAction\",\"target\":[\"https:\/\/espak.ee\/epood\/toode\/kerise-kaitsesein-harvia-legend-wl200\/\"]}]},{\"@type\":\"ImageObject\",\"inLanguage\":\"et\",\"@id\":\"https:\/\/espak.ee\/epood\/toode\/kerise-kaitsesein-harvia-legend-wl200\/#primaryimage\",\"url\":\"https:\/\/espak.ee\/epood\/wp-content\/uploads\/2022\/01\/wl200.jpg\",\"contentUrl\":\"https:\/\/espak.ee\/epood\/wp-content\/uploads\/2022\/01\/wl200.jpg\",\"width\":800,\"height\":800},{\"@type\":\"BreadcrumbList\",\"@id\":\"https:\/\/espak.ee\/epood\/toode\/kerise-kaitsesein-harvia-legend-wl200\/#breadcrumb\",\"itemListElement\":[{\"@type\":\"ListItem\",\"position\":1,\"name\":\"Home\",\"item\":\"https:\/\/espak.ee\/epood\/\"},{\"@type\":\"ListItem\",\"position\":2,\"name\":\"Tootevalik\",\"item\":\"https:\/\/espak.ee\/epood\/tootevalik\/\"},{\"@type\":\"ListItem\",\"position\":3,\"name\":\"KERISE KAITSESEIN HARVIA LEGEND WL200\"}]},{\"@type\":\"WebSite\",\"@id\":\"https:\/\/espak.ee\/epood\/#website\",\"url\":\"https:\/\/espak.ee\/epood\/\",\"name\":\"Espak E-pood\",\"description\":\"\",\"potentialAction\":[{\"@type\":\"SearchAction\",\"target\":{\"@type\":\"EntryPoint\",\"urlTemplate\":\"https:\/\/espak.ee\/epood\/?s={search_term_string}\"},\"query-input\":{\"@type\":\"PropertyValueSpecification\",\"valueRequired\":true,\"valueName\":\"search_term_string\"}}],\"inLanguage\":\"et\"}]}<\/script>\n<!-- \/ Yoast SEO plugin. -->","yoast_head_json":{"title":"KERISE KAITSESEIN HARVIA LEGEND WL200 - Espak E-pood","robots":{"index":"index","follow":"follow","max-snippet":"max-snippet:-1","max-image-preview":"max-image-preview:large","max-video-preview":"max-video-preview:-1"},"canonical":"https:\/\/espak.ee\/epood\/toode\/kerise-kaitsesein-harvia-legend-wl200\/","og_locale":"et_EE","og_type":"article","og_title":"KERISE KAITSESEIN HARVIA LEGEND WL200 - Espak E-pood","og_url":"https:\/\/espak.ee\/epood\/toode\/kerise-kaitsesein-harvia-legend-wl200\/","og_site_name":"Espak E-pood","article_modified_time":"2024-03-23T02:42:11+00:00","og_image":[{"width":800,"height":800,"url":"https:\/\/espak.ee\/epood\/wp-content\/uploads\/2022\/01\/wl200.jpg","type":"image\/jpeg"}],"twitter_card":"summary_large_image","twitter_misc":{"Est. reading time":"1 minut"},"schema":{"@context":"https:\/\/schema.org","@graph":[{"@type":"WebPage","@id":"https:\/\/espak.ee\/epood\/toode\/kerise-kaitsesein-harvia-legend-wl200\/","url":"https:\/\/espak.ee\/epood\/toode\/kerise-kaitsesein-harvia-legend-wl200\/","name":"KERISE KAITSESEIN HARVIA LEGEND WL200 - Espak E-pood","isPartOf":{"@id":"https:\/\/espak.ee\/epood\/#website"},"primaryImageOfPage":{"@id":"https:\/\/espak.ee\/epood\/toode\/kerise-kaitsesein-harvia-legend-wl200\/#primaryimage"},"image":{"@id":"https:\/\/espak.ee\/epood\/toode\/kerise-kaitsesein-harvia-legend-wl200\/#primaryimage"},"thumbnailUrl":"https:\/\/espak.ee\/epood\/wp-content\/uploads\/2022\/01\/wl200.jpg","datePublished":"2022-01-08T04:27:42+00:00","dateModified":"2024-03-23T02:42:11+00:00","breadcrumb":{"@id":"https:\/\/espak.ee\/epood\/toode\/kerise-kaitsesein-harvia-legend-wl200\/#breadcrumb"},"inLanguage":"et","potentialAction":[{"@type":"ReadAction","target":["https:\/\/espak.ee\/epood\/toode\/kerise-kaitsesein-harvia-legend-wl200\/"]}]},{"@type":"ImageObject","inLanguage":"et","@id":"https:\/\/espak.ee\/epood\/toode\/kerise-kaitsesein-harvia-legend-wl200\/#primaryimage","url":"https:\/\/espak.ee\/epood\/wp-content\/uploads\/2022\/01\/wl200.jpg","contentUrl":"https:\/\/espak.ee\/epood\/wp-content\/uploads\/2022\/01\/wl200.jpg","width":800,"height":800},{"@type":"BreadcrumbList","@id":"https:\/\/espak.ee\/epood\/toode\/kerise-kaitsesein-harvia-legend-wl200\/#breadcrumb","itemListElement":[{"@type":"ListItem","position":1,"name":"Home","item":"https:\/\/espak.ee\/epood\/"},{"@type":"ListItem","position":2,"name":"Tootevalik","item":"https:\/\/espak.ee\/epood\/tootevalik\/"},{"@type":"ListItem","position":3,"name":"KERISE KAITSESEIN HARVIA LEGEND WL200"}]},{"@type":"WebSite","@id":"https:\/\/espak.ee\/epood\/#website","url":"https:\/\/espak.ee\/epood\/","name":"Espak E-pood","description":"","potentialAction":[{"@type":"SearchAction","target":{"@type":"EntryPoint","urlTemplate":"https:\/\/espak.ee\/epood\/?s={search_term_string}"},"query-input":{"@type":"PropertyValueSpecification","valueRequired":true,"valueName":"search_term_string"}}],"inLanguage":"et"}]}},"_links":{"self":[{"href":"https:\/\/espak.ee\/epood\/wp-json\/wp\/v2\/product\/104719","targetHints":{"allow":["GET"]}}],"collection":[{"href":"https:\/\/espak.ee\/epood\/wp-json\/wp\/v2\/product"}],"about":[{"href":"https:\/\/espak.ee\/epood\/wp-json\/wp\/v2\/types\/product"}],"replies":[{"embeddable":true,"href":"https:\/\/espak.ee\/epood\/wp-json\/wp\/v2\/comments?post=104719"}],"wp:featuredmedia":[{"embeddable":true,"href":"https:\/\/espak.ee\/epood\/wp-json\/wp\/v2\/media\/104924"}],"wp:attachment":[{"href":"https:\/\/espak.ee\/epood\/wp-json\/wp\/v2\/media?parent=104719"}],"wp:term":[{"taxonomy":"product_brand","embeddable":true,"href":"https:\/\/espak.ee\/epood\/wp-json\/wp\/v2\/product_brand?post=104719"},{"taxonomy":"product_cat","embeddable":true,"href":"https:\/\/espak.ee\/epood\/wp-json\/wp\/v2\/product_cat?post=104719"},{"taxonomy":"product_tag","embeddable":true,"href":"https:\/\/espak.ee\/epood\/wp-json\/wp\/v2\/product_tag?post=104719"}],"curies":[{"name":"wp","href":"https:\/\/api.w.org\/{rel}","templated":true}]}}