{"id":10468,"date":"2019-10-22T02:36:37","date_gmt":"2019-10-21T23:36:37","guid":{"rendered":"https:\/\/espak.ee\/hinnakiri\/?post_type=product&#038;p=10468"},"modified":"2025-07-26T11:39:26","modified_gmt":"2025-07-26T08:39:26","slug":"3-pihustusreziimiga-dusiliftisusteem-euphoria-110-champagne","status":"publish","type":"product","link":"https:\/\/espak.ee\/epood\/toode\/3-pihustusreziimiga-dusiliftisusteem-euphoria-110-champagne\/","title":{"rendered":"3 PIHUSTUSRE\u017dIIMIGA DU\u0160ILIFTIS\u00dcSTEEM EUPHORIA 110 CHAMPAGNE"},"content":{"rendered":"<div class=\"row\"  id=\"row-1655992523\">\n\n\t<div id=\"col-507412779\" class=\"col medium-9 small-12 large-9\"  >\n\t\t\t\t<div class=\"col-inner\"  >\n\t\t\t\n\t\t\t\n<h2>3 pihustusre\u017eiimiga du\u0161iliftis\u00fcsteem Euphoria 110 Champagne<\/h2>\n<p>Komplekt GROHE Euphoria 110 Champagne du\u0161iliftiga (600 mm) ja kolme pihustusre\u017eiimiga.<\/p>\n\t<div id=\"gap-1097434876\" class=\"gap-element clearfix\" style=\"display:block; height:auto;\">\n\t\t\n<style>\n#gap-1097434876 {\n  padding-top: 30px;\n}\n<\/style>\n\t<\/div>\n\t\n<h3>Kasutamise \u00fcksikasjad<\/h3>\n<p><strong>Toote kirjeldus:<\/strong> Peale pihustusre\u017eiimide Rain ja SmartRain on GROHE Euphoria tootevaliku k\u00e4sidu\u0161il luksuslik lisafunktsioon: pihustusre\u017eiim Champagne segab pihustusplaadis \u00f5hu veega, et saaksite nautida m\u00f5nusalt l\u00f5\u00f5gastavat sujuvat veevoolu. K\u00e4sidu\u0161iga tuleb kaasa 600 mm du\u0161ilift. T\u00e4nu s\u00fcsteemile GROHE QuickFix on paigaldus kiire ja lihtne, sest saate kasutada olemasolevaid puuritud avasid v\u00f5i paigutada need plaadivahedesse. TwistFree voolikuga on keerdus du\u0161ivoolikuga v\u00f5itlemine vaid kauge m\u00e4lestus. Vastupidavat GROHE StarLighti pinda saab v\u00e4ga lihtsalt puhastada. GROHE EasyReachi alus on mugav tarvik, mille abil on du\u0161igeel ja \u0161ampoon alati k\u00e4eulatuses.<\/p>\n\t\t<\/div>\n\t\t\t\t\t<\/div>\n\n\t\n\n\t<div id=\"col-1727544350\" class=\"col medium-3 small-12 large-3\"  >\n\t\t\t\t<div class=\"col-inner\"  >\n\t\t\t\n\t\t\t\n\t<div id=\"gap-607685924\" class=\"gap-element clearfix\" style=\"display:block; height:auto;\">\n\t\t\n<style>\n#gap-607685924 {\n  padding-top: 30px;\n}\n<\/style>\n\t<\/div>\n\t\n<div class=\"is-divider divider clearfix\" ><\/div>\n<p><strong>\u00dcksikasjalikuma n\u00f5u saamiseks v\u00f5tke \u00fchendust:<br \/><\/strong>Grohe AG Eesti filiaal<br \/>Tartu mnt 16<br \/>10117<br \/>Tallinn<br \/>+372 6616354<\/p>\n<div class=\"is-divider divider clearfix\" ><\/div>\n\t\t<\/div>\n\t\t\t\t\t<\/div>\n\n\t\n<\/div>\n","protected":false},"excerpt":{"rendered":"","protected":false},"featured_media":28116,"comment_status":"closed","ping_status":"open","template":"","meta":[],"product_brand":[],"product_cat":[2823,2819,2820,2821],"product_tag":[],"class_list":{"0":"post-10468","1":"product","2":"type-product","3":"status-publish","4":"has-post-thumbnail","6":"product_cat-dusisegistite-komplektid","7":"product_cat-sanitaartehnika","8":"product_cat-sanitaartehnika-sanitaartehnika","9":"product_cat-segistid","10":"pa_kaubamark-grohe-a-g","12":"first","13":"instock","14":"sale","15":"taxable","16":"shipping-taxable","17":"purchasable","18":"product-type-simple"},"yoast_head":"<!-- This site is optimized with the Yoast SEO plugin v26.9 - https:\/\/yoast.com\/product\/yoast-seo-wordpress\/ -->\n<title>3 PIHUSTUSRE\u017dIIMIGA DU\u0160ILIFTIS\u00dcSTEEM EUPHORIA 110 CHAMPAGNE - Espak E-pood<\/title>\n<meta name=\"robots\" content=\"index, follow, max-snippet:-1, max-image-preview:large, max-video-preview:-1\" \/>\n<link rel=\"canonical\" href=\"https:\/\/espak.ee\/epood\/toode\/3-pihustusreziimiga-dusiliftisusteem-euphoria-110-champagne\/\" \/>\n<meta property=\"og:locale\" content=\"et_EE\" \/>\n<meta property=\"og:type\" content=\"article\" \/>\n<meta property=\"og:title\" content=\"3 PIHUSTUSRE\u017dIIMIGA DU\u0160ILIFTIS\u00dcSTEEM EUPHORIA 110 CHAMPAGNE - Espak E-pood\" \/>\n<meta property=\"og:url\" content=\"https:\/\/espak.ee\/epood\/toode\/3-pihustusreziimiga-dusiliftisusteem-euphoria-110-champagne\/\" \/>\n<meta property=\"og:site_name\" content=\"Espak E-pood\" \/>\n<meta property=\"article:modified_time\" content=\"2025-07-26T08:39:26+00:00\" \/>\n<meta property=\"og:image\" content=\"https:\/\/espak.ee\/epood\/wp-content\/uploads\/27232001.jpg\" \/>\n\t<meta property=\"og:image:width\" content=\"2048\" \/>\n\t<meta property=\"og:image:height\" content=\"2048\" \/>\n\t<meta property=\"og:image:type\" content=\"image\/jpeg\" \/>\n<meta name=\"twitter:card\" content=\"summary_large_image\" \/>\n<meta name=\"twitter:label1\" content=\"Est. reading time\" \/>\n\t<meta name=\"twitter:data1\" content=\"1 minut\" \/>\n<script type=\"application\/ld+json\" class=\"yoast-schema-graph\">{\"@context\":\"https:\/\/schema.org\",\"@graph\":[{\"@type\":\"WebPage\",\"@id\":\"https:\/\/espak.ee\/epood\/toode\/3-pihustusreziimiga-dusiliftisusteem-euphoria-110-champagne\/\",\"url\":\"https:\/\/espak.ee\/epood\/toode\/3-pihustusreziimiga-dusiliftisusteem-euphoria-110-champagne\/\",\"name\":\"3 PIHUSTUSRE\u017dIIMIGA DU\u0160ILIFTIS\u00dcSTEEM EUPHORIA 110 CHAMPAGNE - Espak E-pood\",\"isPartOf\":{\"@id\":\"https:\/\/espak.ee\/epood\/#website\"},\"primaryImageOfPage\":{\"@id\":\"https:\/\/espak.ee\/epood\/toode\/3-pihustusreziimiga-dusiliftisusteem-euphoria-110-champagne\/#primaryimage\"},\"image\":{\"@id\":\"https:\/\/espak.ee\/epood\/toode\/3-pihustusreziimiga-dusiliftisusteem-euphoria-110-champagne\/#primaryimage\"},\"thumbnailUrl\":\"https:\/\/espak.ee\/epood\/wp-content\/uploads\/27232001.jpg\",\"datePublished\":\"2019-10-21T23:36:37+00:00\",\"dateModified\":\"2025-07-26T08:39:26+00:00\",\"breadcrumb\":{\"@id\":\"https:\/\/espak.ee\/epood\/toode\/3-pihustusreziimiga-dusiliftisusteem-euphoria-110-champagne\/#breadcrumb\"},\"inLanguage\":\"et\",\"potentialAction\":[{\"@type\":\"ReadAction\",\"target\":[\"https:\/\/espak.ee\/epood\/toode\/3-pihustusreziimiga-dusiliftisusteem-euphoria-110-champagne\/\"]}]},{\"@type\":\"ImageObject\",\"inLanguage\":\"et\",\"@id\":\"https:\/\/espak.ee\/epood\/toode\/3-pihustusreziimiga-dusiliftisusteem-euphoria-110-champagne\/#primaryimage\",\"url\":\"https:\/\/espak.ee\/epood\/wp-content\/uploads\/27232001.jpg\",\"contentUrl\":\"https:\/\/espak.ee\/epood\/wp-content\/uploads\/27232001.jpg\",\"width\":2048,\"height\":2048},{\"@type\":\"BreadcrumbList\",\"@id\":\"https:\/\/espak.ee\/epood\/toode\/3-pihustusreziimiga-dusiliftisusteem-euphoria-110-champagne\/#breadcrumb\",\"itemListElement\":[{\"@type\":\"ListItem\",\"position\":1,\"name\":\"Home\",\"item\":\"https:\/\/espak.ee\/epood\/\"},{\"@type\":\"ListItem\",\"position\":2,\"name\":\"Tootevalik\",\"item\":\"https:\/\/espak.ee\/epood\/tootevalik\/\"},{\"@type\":\"ListItem\",\"position\":3,\"name\":\"3 PIHUSTUSRE\u017dIIMIGA DU\u0160ILIFTIS\u00dcSTEEM EUPHORIA 110 CHAMPAGNE\"}]},{\"@type\":\"WebSite\",\"@id\":\"https:\/\/espak.ee\/epood\/#website\",\"url\":\"https:\/\/espak.ee\/epood\/\",\"name\":\"Espak E-pood\",\"description\":\"\",\"potentialAction\":[{\"@type\":\"SearchAction\",\"target\":{\"@type\":\"EntryPoint\",\"urlTemplate\":\"https:\/\/espak.ee\/epood\/?s={search_term_string}\"},\"query-input\":{\"@type\":\"PropertyValueSpecification\",\"valueRequired\":true,\"valueName\":\"search_term_string\"}}],\"inLanguage\":\"et\"}]}<\/script>\n<!-- \/ Yoast SEO plugin. -->","yoast_head_json":{"title":"3 PIHUSTUSRE\u017dIIMIGA DU\u0160ILIFTIS\u00dcSTEEM EUPHORIA 110 CHAMPAGNE - Espak E-pood","robots":{"index":"index","follow":"follow","max-snippet":"max-snippet:-1","max-image-preview":"max-image-preview:large","max-video-preview":"max-video-preview:-1"},"canonical":"https:\/\/espak.ee\/epood\/toode\/3-pihustusreziimiga-dusiliftisusteem-euphoria-110-champagne\/","og_locale":"et_EE","og_type":"article","og_title":"3 PIHUSTUSRE\u017dIIMIGA DU\u0160ILIFTIS\u00dcSTEEM EUPHORIA 110 CHAMPAGNE - Espak E-pood","og_url":"https:\/\/espak.ee\/epood\/toode\/3-pihustusreziimiga-dusiliftisusteem-euphoria-110-champagne\/","og_site_name":"Espak E-pood","article_modified_time":"2025-07-26T08:39:26+00:00","og_image":[{"width":2048,"height":2048,"url":"https:\/\/espak.ee\/epood\/wp-content\/uploads\/27232001.jpg","type":"image\/jpeg"}],"twitter_card":"summary_large_image","twitter_misc":{"Est. reading time":"1 minut"},"schema":{"@context":"https:\/\/schema.org","@graph":[{"@type":"WebPage","@id":"https:\/\/espak.ee\/epood\/toode\/3-pihustusreziimiga-dusiliftisusteem-euphoria-110-champagne\/","url":"https:\/\/espak.ee\/epood\/toode\/3-pihustusreziimiga-dusiliftisusteem-euphoria-110-champagne\/","name":"3 PIHUSTUSRE\u017dIIMIGA DU\u0160ILIFTIS\u00dcSTEEM EUPHORIA 110 CHAMPAGNE - Espak E-pood","isPartOf":{"@id":"https:\/\/espak.ee\/epood\/#website"},"primaryImageOfPage":{"@id":"https:\/\/espak.ee\/epood\/toode\/3-pihustusreziimiga-dusiliftisusteem-euphoria-110-champagne\/#primaryimage"},"image":{"@id":"https:\/\/espak.ee\/epood\/toode\/3-pihustusreziimiga-dusiliftisusteem-euphoria-110-champagne\/#primaryimage"},"thumbnailUrl":"https:\/\/espak.ee\/epood\/wp-content\/uploads\/27232001.jpg","datePublished":"2019-10-21T23:36:37+00:00","dateModified":"2025-07-26T08:39:26+00:00","breadcrumb":{"@id":"https:\/\/espak.ee\/epood\/toode\/3-pihustusreziimiga-dusiliftisusteem-euphoria-110-champagne\/#breadcrumb"},"inLanguage":"et","potentialAction":[{"@type":"ReadAction","target":["https:\/\/espak.ee\/epood\/toode\/3-pihustusreziimiga-dusiliftisusteem-euphoria-110-champagne\/"]}]},{"@type":"ImageObject","inLanguage":"et","@id":"https:\/\/espak.ee\/epood\/toode\/3-pihustusreziimiga-dusiliftisusteem-euphoria-110-champagne\/#primaryimage","url":"https:\/\/espak.ee\/epood\/wp-content\/uploads\/27232001.jpg","contentUrl":"https:\/\/espak.ee\/epood\/wp-content\/uploads\/27232001.jpg","width":2048,"height":2048},{"@type":"BreadcrumbList","@id":"https:\/\/espak.ee\/epood\/toode\/3-pihustusreziimiga-dusiliftisusteem-euphoria-110-champagne\/#breadcrumb","itemListElement":[{"@type":"ListItem","position":1,"name":"Home","item":"https:\/\/espak.ee\/epood\/"},{"@type":"ListItem","position":2,"name":"Tootevalik","item":"https:\/\/espak.ee\/epood\/tootevalik\/"},{"@type":"ListItem","position":3,"name":"3 PIHUSTUSRE\u017dIIMIGA DU\u0160ILIFTIS\u00dcSTEEM EUPHORIA 110 CHAMPAGNE"}]},{"@type":"WebSite","@id":"https:\/\/espak.ee\/epood\/#website","url":"https:\/\/espak.ee\/epood\/","name":"Espak E-pood","description":"","potentialAction":[{"@type":"SearchAction","target":{"@type":"EntryPoint","urlTemplate":"https:\/\/espak.ee\/epood\/?s={search_term_string}"},"query-input":{"@type":"PropertyValueSpecification","valueRequired":true,"valueName":"search_term_string"}}],"inLanguage":"et"}]}},"_links":{"self":[{"href":"https:\/\/espak.ee\/epood\/wp-json\/wp\/v2\/product\/10468","targetHints":{"allow":["GET"]}}],"collection":[{"href":"https:\/\/espak.ee\/epood\/wp-json\/wp\/v2\/product"}],"about":[{"href":"https:\/\/espak.ee\/epood\/wp-json\/wp\/v2\/types\/product"}],"replies":[{"embeddable":true,"href":"https:\/\/espak.ee\/epood\/wp-json\/wp\/v2\/comments?post=10468"}],"wp:featuredmedia":[{"embeddable":true,"href":"https:\/\/espak.ee\/epood\/wp-json\/wp\/v2\/media\/28116"}],"wp:attachment":[{"href":"https:\/\/espak.ee\/epood\/wp-json\/wp\/v2\/media?parent=10468"}],"wp:term":[{"taxonomy":"product_brand","embeddable":true,"href":"https:\/\/espak.ee\/epood\/wp-json\/wp\/v2\/product_brand?post=10468"},{"taxonomy":"product_cat","embeddable":true,"href":"https:\/\/espak.ee\/epood\/wp-json\/wp\/v2\/product_cat?post=10468"},{"taxonomy":"product_tag","embeddable":true,"href":"https:\/\/espak.ee\/epood\/wp-json\/wp\/v2\/product_tag?post=10468"}],"curies":[{"name":"wp","href":"https:\/\/api.w.org\/{rel}","templated":true}]}}