{"id":104543,"date":"2022-01-07T05:06:03","date_gmt":"2022-01-07T05:06:03","guid":{"rendered":"https:\/\/espak.ee\/epood\/?post_type=product&#038;p=104543"},"modified":"2025-12-18T10:54:52","modified_gmt":"2025-12-18T08:54:52","slug":"elektrikeris-harvia-cilindro-pc90xe","status":"publish","type":"product","link":"https:\/\/espak.ee\/epood\/toode\/elektrikeris-harvia-cilindro-pc90xe\/","title":{"rendered":"ELEKTRIKERIS HARVIA CILINDRO PC90XE"},"content":{"rendered":"<div class=\"row\"  id=\"row-19774172\">\n\n\t<div id=\"col-1433551649\" class=\"col medium-9 small-12 large-9\"  >\n\t\t\t\t<div class=\"col-inner\"  >\n\t\t\t\n\t\t\t\n<h3> Elektrikeris Cilindro PC90XE Harvia<\/h3>\n<p>Suure kivide hulgaga elektrikeris, mis pakub nauditavat saunask\u00e4iku. Harvia Cilindro PC90 elektrikerisel on roostevabast terasest avadega v\u00e4liskest, mis v\u00f5imaldab reguleerida leili iseloomu visates vett kas kerise k\u00fclgedele v\u00f5i otse kivisamba peale.<br \/>\nJuhtpaneelist juhitav p\u00f5randale paigaldatav keris. Kerist on v\u00f5imalik aktiveerida l\u00e4bi nutirakenduse MyHarvia. Juhtpaneeli v\u00f5ib paigaldada ka sauna sisse.<br \/>\nM\u00f5\u00f5dud: 930 x 320 x 320 mm, paneeli m\u00f5\u00f5dud 85 x 24 x110 mm.<br \/>\nSobivad kerisekivid m\u00f5\u00f5duga 5 &#8211; 10 cm, kivide kogus 90 kg.\n <\/p>\n\t\t<\/div>\n\t\t\t\t\t<\/div>\n\n\t\n\n\t<div id=\"col-752169181\" class=\"col medium-3 small-12 large-3\"  >\n\t\t\t\t<div class=\"col-inner\"  >\n\t\t\t\n\t\t\t\n<h3>Kasutusjuhend<\/h3>\n<p><a href=\"https:\/\/espak.ee\/epood\/wp-content\/uploads\/2022\/01\/PC_XE_XW_FISVENDERUET_Y05-0815-1.pdf\"target=\"_blank\" rel=\"noopener noreferrer\"><i class=\"far fa-file-pdf\"><\/i> Kasutusjuhend (PDF)<\/a><\/p>\n<div class=\"is-divider divider clearfix\" ><\/div>\n<p><strong>\u00dcksikasjalikuma n\u00f5u saamiseks v\u00f5tke \u00fchendust:<br \/><\/strong>Espak AS<br \/>Viadukti 42<br \/>11313<br \/>Tallinn<br \/>+372 6 512333<\/p>\n\t\t<\/div>\n\t\t\t\t\t<\/div>\n\n\t\n<\/div>\n","protected":false},"excerpt":{"rendered":"","protected":false},"featured_media":104993,"comment_status":"closed","ping_status":"closed","template":"","meta":[],"product_brand":[],"product_cat":[3071,3197,3196,3070],"product_tag":[],"class_list":{"0":"post-104543","1":"product","2":"type-product","3":"status-publish","4":"has-post-thumbnail","6":"product_cat-ahjud-kaminad-kerised","7":"product_cat-elektrikerised","8":"product_cat-kerised","9":"product_cat-kute-ja-ventilatsioon","10":"pa_kaubamark-harvia-finland-oy","12":"first","13":"instock","14":"sale","15":"taxable","16":"shipping-taxable","17":"purchasable","18":"product-type-simple"},"yoast_head":"<!-- This site is optimized with the Yoast SEO plugin v26.9 - https:\/\/yoast.com\/product\/yoast-seo-wordpress\/ -->\n<title>ELEKTRIKERIS HARVIA CILINDRO PC90XE - Espak E-pood<\/title>\n<meta name=\"robots\" content=\"index, follow, max-snippet:-1, max-image-preview:large, max-video-preview:-1\" \/>\n<link rel=\"canonical\" href=\"https:\/\/espak.ee\/epood\/toode\/elektrikeris-harvia-cilindro-pc90xe\/\" \/>\n<meta property=\"og:locale\" content=\"et_EE\" \/>\n<meta property=\"og:type\" content=\"article\" \/>\n<meta property=\"og:title\" content=\"ELEKTRIKERIS HARVIA CILINDRO PC90XE - Espak E-pood\" \/>\n<meta property=\"og:url\" content=\"https:\/\/espak.ee\/epood\/toode\/elektrikeris-harvia-cilindro-pc90xe\/\" \/>\n<meta property=\"og:site_name\" content=\"Espak E-pood\" \/>\n<meta property=\"article:modified_time\" content=\"2025-12-18T08:54:52+00:00\" \/>\n<meta property=\"og:image\" content=\"https:\/\/espak.ee\/epood\/wp-content\/uploads\/2022\/01\/HarviaCilindro_PC70XE-90XE_steel_p1.jpg\" \/>\n\t<meta property=\"og:image:width\" content=\"1000\" \/>\n\t<meta property=\"og:image:height\" content=\"1000\" \/>\n\t<meta property=\"og:image:type\" content=\"image\/jpeg\" \/>\n<meta name=\"twitter:card\" content=\"summary_large_image\" \/>\n<meta name=\"twitter:label1\" content=\"Est. reading time\" \/>\n\t<meta name=\"twitter:data1\" content=\"1 minut\" \/>\n<script type=\"application\/ld+json\" class=\"yoast-schema-graph\">{\"@context\":\"https:\/\/schema.org\",\"@graph\":[{\"@type\":\"WebPage\",\"@id\":\"https:\/\/espak.ee\/epood\/toode\/elektrikeris-harvia-cilindro-pc90xe\/\",\"url\":\"https:\/\/espak.ee\/epood\/toode\/elektrikeris-harvia-cilindro-pc90xe\/\",\"name\":\"ELEKTRIKERIS HARVIA CILINDRO PC90XE - Espak E-pood\",\"isPartOf\":{\"@id\":\"https:\/\/espak.ee\/epood\/#website\"},\"primaryImageOfPage\":{\"@id\":\"https:\/\/espak.ee\/epood\/toode\/elektrikeris-harvia-cilindro-pc90xe\/#primaryimage\"},\"image\":{\"@id\":\"https:\/\/espak.ee\/epood\/toode\/elektrikeris-harvia-cilindro-pc90xe\/#primaryimage\"},\"thumbnailUrl\":\"https:\/\/espak.ee\/epood\/wp-content\/uploads\/2022\/01\/HarviaCilindro_PC70XE-90XE_steel_p1.jpg\",\"datePublished\":\"2022-01-07T05:06:03+00:00\",\"dateModified\":\"2025-12-18T08:54:52+00:00\",\"breadcrumb\":{\"@id\":\"https:\/\/espak.ee\/epood\/toode\/elektrikeris-harvia-cilindro-pc90xe\/#breadcrumb\"},\"inLanguage\":\"et\",\"potentialAction\":[{\"@type\":\"ReadAction\",\"target\":[\"https:\/\/espak.ee\/epood\/toode\/elektrikeris-harvia-cilindro-pc90xe\/\"]}]},{\"@type\":\"ImageObject\",\"inLanguage\":\"et\",\"@id\":\"https:\/\/espak.ee\/epood\/toode\/elektrikeris-harvia-cilindro-pc90xe\/#primaryimage\",\"url\":\"https:\/\/espak.ee\/epood\/wp-content\/uploads\/2022\/01\/HarviaCilindro_PC70XE-90XE_steel_p1.jpg\",\"contentUrl\":\"https:\/\/espak.ee\/epood\/wp-content\/uploads\/2022\/01\/HarviaCilindro_PC70XE-90XE_steel_p1.jpg\",\"width\":1000,\"height\":1000},{\"@type\":\"BreadcrumbList\",\"@id\":\"https:\/\/espak.ee\/epood\/toode\/elektrikeris-harvia-cilindro-pc90xe\/#breadcrumb\",\"itemListElement\":[{\"@type\":\"ListItem\",\"position\":1,\"name\":\"Home\",\"item\":\"https:\/\/espak.ee\/epood\/\"},{\"@type\":\"ListItem\",\"position\":2,\"name\":\"Tootevalik\",\"item\":\"https:\/\/espak.ee\/epood\/tootevalik\/\"},{\"@type\":\"ListItem\",\"position\":3,\"name\":\"ELEKTRIKERIS HARVIA CILINDRO PC90XE\"}]},{\"@type\":\"WebSite\",\"@id\":\"https:\/\/espak.ee\/epood\/#website\",\"url\":\"https:\/\/espak.ee\/epood\/\",\"name\":\"Espak E-pood\",\"description\":\"\",\"potentialAction\":[{\"@type\":\"SearchAction\",\"target\":{\"@type\":\"EntryPoint\",\"urlTemplate\":\"https:\/\/espak.ee\/epood\/?s={search_term_string}\"},\"query-input\":{\"@type\":\"PropertyValueSpecification\",\"valueRequired\":true,\"valueName\":\"search_term_string\"}}],\"inLanguage\":\"et\"}]}<\/script>\n<!-- \/ Yoast SEO plugin. -->","yoast_head_json":{"title":"ELEKTRIKERIS HARVIA CILINDRO PC90XE - Espak E-pood","robots":{"index":"index","follow":"follow","max-snippet":"max-snippet:-1","max-image-preview":"max-image-preview:large","max-video-preview":"max-video-preview:-1"},"canonical":"https:\/\/espak.ee\/epood\/toode\/elektrikeris-harvia-cilindro-pc90xe\/","og_locale":"et_EE","og_type":"article","og_title":"ELEKTRIKERIS HARVIA CILINDRO PC90XE - Espak E-pood","og_url":"https:\/\/espak.ee\/epood\/toode\/elektrikeris-harvia-cilindro-pc90xe\/","og_site_name":"Espak E-pood","article_modified_time":"2025-12-18T08:54:52+00:00","og_image":[{"width":1000,"height":1000,"url":"https:\/\/espak.ee\/epood\/wp-content\/uploads\/2022\/01\/HarviaCilindro_PC70XE-90XE_steel_p1.jpg","type":"image\/jpeg"}],"twitter_card":"summary_large_image","twitter_misc":{"Est. reading time":"1 minut"},"schema":{"@context":"https:\/\/schema.org","@graph":[{"@type":"WebPage","@id":"https:\/\/espak.ee\/epood\/toode\/elektrikeris-harvia-cilindro-pc90xe\/","url":"https:\/\/espak.ee\/epood\/toode\/elektrikeris-harvia-cilindro-pc90xe\/","name":"ELEKTRIKERIS HARVIA CILINDRO PC90XE - Espak E-pood","isPartOf":{"@id":"https:\/\/espak.ee\/epood\/#website"},"primaryImageOfPage":{"@id":"https:\/\/espak.ee\/epood\/toode\/elektrikeris-harvia-cilindro-pc90xe\/#primaryimage"},"image":{"@id":"https:\/\/espak.ee\/epood\/toode\/elektrikeris-harvia-cilindro-pc90xe\/#primaryimage"},"thumbnailUrl":"https:\/\/espak.ee\/epood\/wp-content\/uploads\/2022\/01\/HarviaCilindro_PC70XE-90XE_steel_p1.jpg","datePublished":"2022-01-07T05:06:03+00:00","dateModified":"2025-12-18T08:54:52+00:00","breadcrumb":{"@id":"https:\/\/espak.ee\/epood\/toode\/elektrikeris-harvia-cilindro-pc90xe\/#breadcrumb"},"inLanguage":"et","potentialAction":[{"@type":"ReadAction","target":["https:\/\/espak.ee\/epood\/toode\/elektrikeris-harvia-cilindro-pc90xe\/"]}]},{"@type":"ImageObject","inLanguage":"et","@id":"https:\/\/espak.ee\/epood\/toode\/elektrikeris-harvia-cilindro-pc90xe\/#primaryimage","url":"https:\/\/espak.ee\/epood\/wp-content\/uploads\/2022\/01\/HarviaCilindro_PC70XE-90XE_steel_p1.jpg","contentUrl":"https:\/\/espak.ee\/epood\/wp-content\/uploads\/2022\/01\/HarviaCilindro_PC70XE-90XE_steel_p1.jpg","width":1000,"height":1000},{"@type":"BreadcrumbList","@id":"https:\/\/espak.ee\/epood\/toode\/elektrikeris-harvia-cilindro-pc90xe\/#breadcrumb","itemListElement":[{"@type":"ListItem","position":1,"name":"Home","item":"https:\/\/espak.ee\/epood\/"},{"@type":"ListItem","position":2,"name":"Tootevalik","item":"https:\/\/espak.ee\/epood\/tootevalik\/"},{"@type":"ListItem","position":3,"name":"ELEKTRIKERIS HARVIA CILINDRO PC90XE"}]},{"@type":"WebSite","@id":"https:\/\/espak.ee\/epood\/#website","url":"https:\/\/espak.ee\/epood\/","name":"Espak E-pood","description":"","potentialAction":[{"@type":"SearchAction","target":{"@type":"EntryPoint","urlTemplate":"https:\/\/espak.ee\/epood\/?s={search_term_string}"},"query-input":{"@type":"PropertyValueSpecification","valueRequired":true,"valueName":"search_term_string"}}],"inLanguage":"et"}]}},"_links":{"self":[{"href":"https:\/\/espak.ee\/epood\/wp-json\/wp\/v2\/product\/104543","targetHints":{"allow":["GET"]}}],"collection":[{"href":"https:\/\/espak.ee\/epood\/wp-json\/wp\/v2\/product"}],"about":[{"href":"https:\/\/espak.ee\/epood\/wp-json\/wp\/v2\/types\/product"}],"replies":[{"embeddable":true,"href":"https:\/\/espak.ee\/epood\/wp-json\/wp\/v2\/comments?post=104543"}],"wp:featuredmedia":[{"embeddable":true,"href":"https:\/\/espak.ee\/epood\/wp-json\/wp\/v2\/media\/104993"}],"wp:attachment":[{"href":"https:\/\/espak.ee\/epood\/wp-json\/wp\/v2\/media?parent=104543"}],"wp:term":[{"taxonomy":"product_brand","embeddable":true,"href":"https:\/\/espak.ee\/epood\/wp-json\/wp\/v2\/product_brand?post=104543"},{"taxonomy":"product_cat","embeddable":true,"href":"https:\/\/espak.ee\/epood\/wp-json\/wp\/v2\/product_cat?post=104543"},{"taxonomy":"product_tag","embeddable":true,"href":"https:\/\/espak.ee\/epood\/wp-json\/wp\/v2\/product_tag?post=104543"}],"curies":[{"name":"wp","href":"https:\/\/api.w.org\/{rel}","templated":true}]}}