{"id":103950,"date":"2021-12-31T05:18:03","date_gmt":"2021-12-31T05:18:03","guid":{"rendered":"https:\/\/espak.ee\/epood\/?post_type=product&#038;p=103950"},"modified":"2024-05-27T18:14:23","modified_gmt":"2024-05-27T15:14:23","slug":"akulamp-einhell-tc-cl-18-1800-li-solo","status":"publish","type":"product","link":"https:\/\/espak.ee\/epood\/toode\/akulamp-einhell-tc-cl-18-1800-li-solo\/","title":{"rendered":"AKULAMP EINHELL TC-CL 18\/1800 LI SOLO"},"content":{"rendered":"<div class=\"row\"  id=\"row-1985574441\">\n\n\t<div id=\"col-1149096159\" class=\"col medium-9 small-12 large-9\"  >\n\t\t\t\t<div class=\"col-inner\"  >\n\t\t\t\n\t\t\t\n<div class=\"message-box relative\" style=\"padding-top:15px;padding-bottom:15px;\"><div class=\"message-box-bg-image bg-fill fill\" ><\/div><div class=\"message-box-bg-overlay bg-fill fill\" ><\/div><div class=\"container relative\"><div class=\"inner last-reset\">\n<div class=\"row align-middle align-center\"  id=\"row-1082313527\">\n\n\t<div id=\"col-1909526534\" class=\"col small-12 large-12\"  >\n\t\t\t\t<div class=\"col-inner text-left\"  >\n\t\t\t\n\t\t\t\n<h4>Omadused<\/h4>\n<div class=\"row\"  id=\"row-1572694279\">\n\n\t<div id=\"col-174433547\" class=\"col medium-6 small-12 large-6\"  >\n\t\t\t\t<div class=\"col-inner\"  >\n\t\t\t\n\t\t\t\n<p><i class=\"far fa-check-circle fa-2x\"><\/i><strong>\u00a0Power X-Change\u00b4i tootepere liige <\/strong><\/p>\n<p><i class=\"far fa-check-circle fa-2x\"><\/i><strong> P\u00f6\u00f6ratav lambipea muudab valgusti v\u00e4ga paindlikuks\u00a0<\/strong><\/p>\n<p><i class=\"far fa-check-circle fa-2x\"><\/i><strong> P\u00f6\u00f6rlev dimmer heleduse reguleerimiseks <\/strong><\/p>\n\t\t<\/div>\n\t\t\t\t\n<style>\n#col-174433547 > .col-inner {\n  margin: 0px 0px 15px 0px;\n}\n<\/style>\n\t<\/div>\n\n\t\n\n\t<div id=\"col-335497503\" class=\"col medium-6 small-12 large-6\"  >\n\t\t\t\t<div class=\"col-inner\"  >\n\t\t\t\n\t\t\t\n<p><i class=\"far fa-check-circle fa-2x\"><\/i><strong> Suure j\u00f5udlusega LED-valgustid tagavad piisava valgustatuse <\/strong><\/p>\n<p><i class=\"far fa-check-circle fa-2x\"><\/i><strong> Arvukad kinnitusv\u00f5imalused tagavad mitmek\u00fclgse kasutuse\u00a0<\/strong><\/p>\n<p><i class=\"far fa-check-circle fa-2x\"><\/i><strong> Komplekt ilma akuta ja akulaadurita (saadaval eraldi)\u00a0<\/strong><\/p>\n\t\t<\/div>\n\t\t\t\t\n<style>\n#col-335497503 > .col-inner {\n  margin: 0px 0px 15px 0px;\n}\n<\/style>\n\t<\/div>\n\n\t\n<\/div>\n\t\t<\/div>\n\t\t\t\t\t<\/div>\n\n\t\n<\/div>\n<\/div><\/div><\/div>\n\t<div id=\"gap-52687027\" class=\"gap-element clearfix\" style=\"display:block; height:auto;\">\n\t\t\n<style>\n#gap-52687027 {\n  padding-top: 30px;\n}\n<\/style>\n\t<\/div>\n\t\n<h2>Tootekirjeldus<\/h2>\n<p> Akulamp Einhell TC-CL 18\/1800 Li SOLO valgustab pimedal ajal ehitusplatsil ja kuuris, garaa\u017eis v\u00f5i aias t\u00f6\u00f6tades. Parima heleduse tagab uuendusliku Power X-Change\u00b4i tootepere suure j\u00f5udlusega laetav liitiumioonaku. See suure j\u00f5udlusega lamp kuulub Power X-Change\u00b4i tooteperekonda, mis t\u00e4hendab, et selle nutika s\u00fcsteemiseeria k\u00f5iki laetavaid akusid saab kasutada koos k\u00f5igi PXC tootepere seadmetega. Lamp on kaasaskantav ja lihtsalt k\u00e4sitsetav. Lampi saab kasutada jalal seisvana v\u00f5i riputuskonksuga.  Toode tarnitakse akuta ja akulaadurita. Need on saadaval eraldi, n\u00e4iteks otstarbeka Power-X-Change\u00b4i tootepere akukomplektina. <\/p>\n\t<div id=\"gap-71695251\" class=\"gap-element clearfix\" style=\"display:block; height:auto;\">\n\t\t\n<style>\n#gap-71695251 {\n  padding-top: 30px;\n}\n<\/style>\n\t<\/div>\n\t\n\t\t<\/div>\n\t\t\t\t\t<\/div>\n\n\t\n\n\t<div id=\"col-624282447\" class=\"col medium-3 small-12 large-3\"  >\n\t\t\t\t<div class=\"col-inner\"  >\n\t\t\t\n\t\t\t\n\t<div id=\"gap-154380146\" class=\"gap-element clearfix\" style=\"display:block; height:auto;\">\n\t\t\n<style>\n#gap-154380146 {\n  padding-top: 30px;\n}\n<\/style>\n\t<\/div>\n\t\n<img decoding=\"async\" src=\"https:\/\/espak.ee\/epood\/wp-content\/uploads\/2020\/04\/Power-x-change-logo.jpg\" alt=\"\" width=\"1772\" height=\"343\" class=\"alignnone size-full wp-image-97311\" srcset=\"https:\/\/espak.ee\/epood\/wp-content\/uploads\/2020\/04\/Power-x-change-logo.jpg 1772w, https:\/\/espak.ee\/epood\/wp-content\/uploads\/2020\/04\/Power-x-change-logo-500x97.jpg 500w, https:\/\/espak.ee\/epood\/wp-content\/uploads\/2020\/04\/Power-x-change-logo-769x149.jpg 769w, https:\/\/espak.ee\/epood\/wp-content\/uploads\/2020\/04\/Power-x-change-logo-300x58.jpg 300w, https:\/\/espak.ee\/epood\/wp-content\/uploads\/2020\/04\/Power-x-change-logo-1024x198.jpg 1024w, https:\/\/espak.ee\/epood\/wp-content\/uploads\/2020\/04\/Power-x-change-logo-150x29.jpg 150w, https:\/\/espak.ee\/epood\/wp-content\/uploads\/2020\/04\/Power-x-change-logo-768x149.jpg 768w, https:\/\/espak.ee\/epood\/wp-content\/uploads\/2020\/04\/Power-x-change-logo-1536x297.jpg 1536w\" sizes=\"(max-width: 1772px) 100vw, 1772px\" \/><br \/>\n<div class=\"is-divider divider clearfix\" ><\/div>\n<h3>Kasutusjuhend<\/h3>\n<p><a href=\"https:\/\/espak.ee\/epood\/wp-content\/uploads\/2021\/12\/Akulamp-Einhell-TC-CL-18-1800-Li-Solo-4514115.pdf\" target=\"_blank\" rel=\"noopener noreferrer\"><i class=\"far fa-file-pdf\"><\/i> Kasutusjuhend (PDF)<\/a><\/p>\n<div class=\"is-divider divider clearfix\" ><\/div>\n<p><strong>\u00dcksikasjalikuma n\u00f5u saamiseks v\u00f5tke \u00fchendust:<br \/><\/strong>Espak AS<br \/>Viadukti 42<br \/>11313<br \/>Tallinn<br \/>+372 6 512333<\/p>\n\t\t<\/div>\n\t\t\t\t\t<\/div>\n\n\t\n<\/div>\n","protected":false},"excerpt":{"rendered":"","protected":false},"featured_media":104661,"comment_status":"closed","ping_status":"closed","template":"","meta":[],"product_brand":[],"product_cat":[2746,2733,2680,2679],"product_tag":[],"class_list":{"0":"post-103950","1":"product","2":"type-product","3":"status-publish","4":"has-post-thumbnail","6":"product_cat-akulambid","7":"product_cat-akutooriistad","8":"product_cat-elektritooriistad","9":"product_cat-tooriistad","10":"pa_kaubamark-einhell","12":"first","13":"instock","14":"sale","15":"taxable","16":"shipping-taxable","17":"purchasable","18":"product-type-simple"},"yoast_head":"<!-- This site is optimized with the Yoast SEO plugin v26.9 - https:\/\/yoast.com\/product\/yoast-seo-wordpress\/ -->\n<title>AKULAMP EINHELL TC-CL 18\/1800 LI SOLO - Espak E-pood<\/title>\n<meta name=\"robots\" content=\"index, follow, max-snippet:-1, max-image-preview:large, max-video-preview:-1\" \/>\n<link rel=\"canonical\" href=\"https:\/\/espak.ee\/epood\/toode\/akulamp-einhell-tc-cl-18-1800-li-solo\/\" \/>\n<meta property=\"og:locale\" content=\"et_EE\" \/>\n<meta property=\"og:type\" content=\"article\" \/>\n<meta property=\"og:title\" content=\"AKULAMP EINHELL TC-CL 18\/1800 LI SOLO - Espak E-pood\" \/>\n<meta property=\"og:url\" content=\"https:\/\/espak.ee\/epood\/toode\/akulamp-einhell-tc-cl-18-1800-li-solo\/\" \/>\n<meta property=\"og:site_name\" content=\"Espak E-pood\" \/>\n<meta property=\"article:modified_time\" content=\"2024-05-27T15:14:23+00:00\" \/>\n<meta property=\"og:image\" content=\"https:\/\/espak.ee\/epood\/wp-content\/uploads\/2021\/12\/4514115_11019_002_TC_CL_18_1800_Li_RAL3002_Pic.jpg\" \/>\n\t<meta property=\"og:image:width\" content=\"1000\" \/>\n\t<meta property=\"og:image:height\" content=\"1000\" \/>\n\t<meta property=\"og:image:type\" content=\"image\/jpeg\" \/>\n<meta name=\"twitter:card\" content=\"summary_large_image\" \/>\n<meta name=\"twitter:label1\" content=\"Est. reading time\" \/>\n\t<meta name=\"twitter:data1\" content=\"1 minut\" \/>\n<script type=\"application\/ld+json\" class=\"yoast-schema-graph\">{\"@context\":\"https:\/\/schema.org\",\"@graph\":[{\"@type\":\"WebPage\",\"@id\":\"https:\/\/espak.ee\/epood\/toode\/akulamp-einhell-tc-cl-18-1800-li-solo\/\",\"url\":\"https:\/\/espak.ee\/epood\/toode\/akulamp-einhell-tc-cl-18-1800-li-solo\/\",\"name\":\"AKULAMP EINHELL TC-CL 18\/1800 LI SOLO - Espak E-pood\",\"isPartOf\":{\"@id\":\"https:\/\/espak.ee\/epood\/#website\"},\"primaryImageOfPage\":{\"@id\":\"https:\/\/espak.ee\/epood\/toode\/akulamp-einhell-tc-cl-18-1800-li-solo\/#primaryimage\"},\"image\":{\"@id\":\"https:\/\/espak.ee\/epood\/toode\/akulamp-einhell-tc-cl-18-1800-li-solo\/#primaryimage\"},\"thumbnailUrl\":\"https:\/\/espak.ee\/epood\/wp-content\/uploads\/2021\/12\/4514115_11019_002_TC_CL_18_1800_Li_RAL3002_Pic.jpg\",\"datePublished\":\"2021-12-31T05:18:03+00:00\",\"dateModified\":\"2024-05-27T15:14:23+00:00\",\"breadcrumb\":{\"@id\":\"https:\/\/espak.ee\/epood\/toode\/akulamp-einhell-tc-cl-18-1800-li-solo\/#breadcrumb\"},\"inLanguage\":\"et\",\"potentialAction\":[{\"@type\":\"ReadAction\",\"target\":[\"https:\/\/espak.ee\/epood\/toode\/akulamp-einhell-tc-cl-18-1800-li-solo\/\"]}]},{\"@type\":\"ImageObject\",\"inLanguage\":\"et\",\"@id\":\"https:\/\/espak.ee\/epood\/toode\/akulamp-einhell-tc-cl-18-1800-li-solo\/#primaryimage\",\"url\":\"https:\/\/espak.ee\/epood\/wp-content\/uploads\/2021\/12\/4514115_11019_002_TC_CL_18_1800_Li_RAL3002_Pic.jpg\",\"contentUrl\":\"https:\/\/espak.ee\/epood\/wp-content\/uploads\/2021\/12\/4514115_11019_002_TC_CL_18_1800_Li_RAL3002_Pic.jpg\",\"width\":1000,\"height\":1000},{\"@type\":\"BreadcrumbList\",\"@id\":\"https:\/\/espak.ee\/epood\/toode\/akulamp-einhell-tc-cl-18-1800-li-solo\/#breadcrumb\",\"itemListElement\":[{\"@type\":\"ListItem\",\"position\":1,\"name\":\"Home\",\"item\":\"https:\/\/espak.ee\/epood\/\"},{\"@type\":\"ListItem\",\"position\":2,\"name\":\"Tootevalik\",\"item\":\"https:\/\/espak.ee\/epood\/tootevalik\/\"},{\"@type\":\"ListItem\",\"position\":3,\"name\":\"AKULAMP EINHELL TC-CL 18\/1800 LI SOLO\"}]},{\"@type\":\"WebSite\",\"@id\":\"https:\/\/espak.ee\/epood\/#website\",\"url\":\"https:\/\/espak.ee\/epood\/\",\"name\":\"Espak E-pood\",\"description\":\"\",\"potentialAction\":[{\"@type\":\"SearchAction\",\"target\":{\"@type\":\"EntryPoint\",\"urlTemplate\":\"https:\/\/espak.ee\/epood\/?s={search_term_string}\"},\"query-input\":{\"@type\":\"PropertyValueSpecification\",\"valueRequired\":true,\"valueName\":\"search_term_string\"}}],\"inLanguage\":\"et\"}]}<\/script>\n<!-- \/ Yoast SEO plugin. -->","yoast_head_json":{"title":"AKULAMP EINHELL TC-CL 18\/1800 LI SOLO - Espak E-pood","robots":{"index":"index","follow":"follow","max-snippet":"max-snippet:-1","max-image-preview":"max-image-preview:large","max-video-preview":"max-video-preview:-1"},"canonical":"https:\/\/espak.ee\/epood\/toode\/akulamp-einhell-tc-cl-18-1800-li-solo\/","og_locale":"et_EE","og_type":"article","og_title":"AKULAMP EINHELL TC-CL 18\/1800 LI SOLO - Espak E-pood","og_url":"https:\/\/espak.ee\/epood\/toode\/akulamp-einhell-tc-cl-18-1800-li-solo\/","og_site_name":"Espak E-pood","article_modified_time":"2024-05-27T15:14:23+00:00","og_image":[{"width":1000,"height":1000,"url":"https:\/\/espak.ee\/epood\/wp-content\/uploads\/2021\/12\/4514115_11019_002_TC_CL_18_1800_Li_RAL3002_Pic.jpg","type":"image\/jpeg"}],"twitter_card":"summary_large_image","twitter_misc":{"Est. reading time":"1 minut"},"schema":{"@context":"https:\/\/schema.org","@graph":[{"@type":"WebPage","@id":"https:\/\/espak.ee\/epood\/toode\/akulamp-einhell-tc-cl-18-1800-li-solo\/","url":"https:\/\/espak.ee\/epood\/toode\/akulamp-einhell-tc-cl-18-1800-li-solo\/","name":"AKULAMP EINHELL TC-CL 18\/1800 LI SOLO - Espak E-pood","isPartOf":{"@id":"https:\/\/espak.ee\/epood\/#website"},"primaryImageOfPage":{"@id":"https:\/\/espak.ee\/epood\/toode\/akulamp-einhell-tc-cl-18-1800-li-solo\/#primaryimage"},"image":{"@id":"https:\/\/espak.ee\/epood\/toode\/akulamp-einhell-tc-cl-18-1800-li-solo\/#primaryimage"},"thumbnailUrl":"https:\/\/espak.ee\/epood\/wp-content\/uploads\/2021\/12\/4514115_11019_002_TC_CL_18_1800_Li_RAL3002_Pic.jpg","datePublished":"2021-12-31T05:18:03+00:00","dateModified":"2024-05-27T15:14:23+00:00","breadcrumb":{"@id":"https:\/\/espak.ee\/epood\/toode\/akulamp-einhell-tc-cl-18-1800-li-solo\/#breadcrumb"},"inLanguage":"et","potentialAction":[{"@type":"ReadAction","target":["https:\/\/espak.ee\/epood\/toode\/akulamp-einhell-tc-cl-18-1800-li-solo\/"]}]},{"@type":"ImageObject","inLanguage":"et","@id":"https:\/\/espak.ee\/epood\/toode\/akulamp-einhell-tc-cl-18-1800-li-solo\/#primaryimage","url":"https:\/\/espak.ee\/epood\/wp-content\/uploads\/2021\/12\/4514115_11019_002_TC_CL_18_1800_Li_RAL3002_Pic.jpg","contentUrl":"https:\/\/espak.ee\/epood\/wp-content\/uploads\/2021\/12\/4514115_11019_002_TC_CL_18_1800_Li_RAL3002_Pic.jpg","width":1000,"height":1000},{"@type":"BreadcrumbList","@id":"https:\/\/espak.ee\/epood\/toode\/akulamp-einhell-tc-cl-18-1800-li-solo\/#breadcrumb","itemListElement":[{"@type":"ListItem","position":1,"name":"Home","item":"https:\/\/espak.ee\/epood\/"},{"@type":"ListItem","position":2,"name":"Tootevalik","item":"https:\/\/espak.ee\/epood\/tootevalik\/"},{"@type":"ListItem","position":3,"name":"AKULAMP EINHELL TC-CL 18\/1800 LI SOLO"}]},{"@type":"WebSite","@id":"https:\/\/espak.ee\/epood\/#website","url":"https:\/\/espak.ee\/epood\/","name":"Espak E-pood","description":"","potentialAction":[{"@type":"SearchAction","target":{"@type":"EntryPoint","urlTemplate":"https:\/\/espak.ee\/epood\/?s={search_term_string}"},"query-input":{"@type":"PropertyValueSpecification","valueRequired":true,"valueName":"search_term_string"}}],"inLanguage":"et"}]}},"_links":{"self":[{"href":"https:\/\/espak.ee\/epood\/wp-json\/wp\/v2\/product\/103950","targetHints":{"allow":["GET"]}}],"collection":[{"href":"https:\/\/espak.ee\/epood\/wp-json\/wp\/v2\/product"}],"about":[{"href":"https:\/\/espak.ee\/epood\/wp-json\/wp\/v2\/types\/product"}],"replies":[{"embeddable":true,"href":"https:\/\/espak.ee\/epood\/wp-json\/wp\/v2\/comments?post=103950"}],"wp:featuredmedia":[{"embeddable":true,"href":"https:\/\/espak.ee\/epood\/wp-json\/wp\/v2\/media\/104661"}],"wp:attachment":[{"href":"https:\/\/espak.ee\/epood\/wp-json\/wp\/v2\/media?parent=103950"}],"wp:term":[{"taxonomy":"product_brand","embeddable":true,"href":"https:\/\/espak.ee\/epood\/wp-json\/wp\/v2\/product_brand?post=103950"},{"taxonomy":"product_cat","embeddable":true,"href":"https:\/\/espak.ee\/epood\/wp-json\/wp\/v2\/product_cat?post=103950"},{"taxonomy":"product_tag","embeddable":true,"href":"https:\/\/espak.ee\/epood\/wp-json\/wp\/v2\/product_tag?post=103950"}],"curies":[{"name":"wp","href":"https:\/\/api.w.org\/{rel}","templated":true}]}}