{"id":103948,"date":"2021-12-31T05:18:03","date_gmt":"2021-12-31T05:18:03","guid":{"rendered":"https:\/\/espak.ee\/epood\/?post_type=product&#038;p=103948"},"modified":"2024-06-25T16:36:04","modified_gmt":"2024-06-25T13:36:04","slug":"akumultitooriist-einhell-tc-mg-18-li-solo","status":"publish","type":"product","link":"https:\/\/espak.ee\/epood\/toode\/akumultitooriist-einhell-tc-mg-18-li-solo\/","title":{"rendered":"AKUMULTIT\u00d6\u00d6RIIST EINHELL TC-MG 18 LI SOLO"},"content":{"rendered":"<div class=\"row\"  id=\"row-1144726478\">\n\n\t<div id=\"col-2085853035\" class=\"col medium-9 small-12 large-9\"  >\n\t\t\t\t<div class=\"col-inner\"  >\n\t\t\t\n\t\t\t\n<div class=\"message-box relative\" style=\"padding-top:15px;padding-bottom:15px;\"><div class=\"message-box-bg-image bg-fill fill\" ><\/div><div class=\"message-box-bg-overlay bg-fill fill\" ><\/div><div class=\"container relative\"><div class=\"inner last-reset\">\n<div class=\"row align-middle align-center\"  id=\"row-906349617\">\n\n\t<div id=\"col-1200824816\" class=\"col small-12 large-12\"  >\n\t\t\t\t<div class=\"col-inner text-left\"  >\n\t\t\t\n\t\t\t\n<h4>Omadused<\/h4>\n<div class=\"row\"  id=\"row-1848959959\">\n\n\t<div id=\"col-686093383\" class=\"col medium-6 small-12 large-6\"  >\n\t\t\t\t<div class=\"col-inner\"  >\n\t\t\t\n\t\t\t\n<p><i class=\"far fa-check-circle fa-2x\"><\/i><strong>\u00a0Power X-Change\u00b4i tootepere liige <\/strong><\/p>\n<p><i class=\"far fa-check-circle fa-2x\"><\/i><strong> Mugav tarvikute vahetus magnetilise tarvikukinnituse abil\u00a0<\/strong><\/p>\n<p><i class=\"far fa-check-circle fa-2x\"><\/i><strong> Vibratsiooni v\u00e4hendamiseks on akupesa \u00fchendatud v\u00f5nkesummutiga<\/strong><\/p>\n<p><i class=\"far fa-check-circle fa-2x\"><\/i><strong> 12-tihvtiline tarvikukinnis tarviku paindlikuks paigutamiseks\u00a0<\/strong><\/p>\n<p><i class=\"far fa-check-circle fa-2x\"><\/i><strong> Kaasas 9 lihvpaberit (3\u00a0\u00d7\u00a0P60, 3\u00a0\u00d7\u00a0P80, 3\u00a0\u00d7\u00a0P120)\u00a0<\/strong><\/p>\n<p><i class=\"far fa-check-circle fa-2x\"><\/i><strong> Kaasas saeleht (HCS) puidu ja plasti jaoks\u00a0<\/strong><\/p>\n<p><i class=\"far fa-check-circle fa-2x\"><\/i><strong> Kaasas segmentsaeleht (HSS) puidu, plastiku ja pehme metalli jaoks\u00a0<\/strong><\/p>\n\t\t<\/div>\n\t\t\t\t\n<style>\n#col-686093383 > .col-inner {\n  margin: 0px 0px 15px 0px;\n}\n<\/style>\n\t<\/div>\n\n\t\n\n\t<div id=\"col-1037704276\" class=\"col medium-6 small-12 large-6\"  >\n\t\t\t\t<div class=\"col-inner\"  >\n\t\t\t\n\t\t\t\n<p><i class=\"far fa-check-circle fa-2x\"><\/i><strong> Elektrooniline v\u00f5nkesageduse seadistus materjali ja t\u00f6\u00f6tlusega kohandamiseks\u00a0<\/strong><\/p>\n<p><i class=\"far fa-check-circle fa-2x\"><\/i><strong> Ohutud ja mugavad t\u00f6\u00f6tingimused t\u00e4nu pehmendatud k\u00e4epidemele\u00a0<\/strong><\/p>\n<p><i class=\"far fa-check-circle fa-2x\"><\/i><strong> Kaasas kolmnurkne lihvplaat\u00a0<\/strong><\/p>\n<p><i class=\"far fa-check-circle fa-2x\"><\/i><strong> Kaasas kaabits\u00a0<\/strong><\/p>\n<p><i class=\"far fa-check-circle fa-2x\"><\/i><strong> Komplekt akuta ja akulaadurita (saadaval eraldi)\u00a0<\/strong><\/p>\n\t\t<\/div>\n\t\t\t\t\n<style>\n#col-1037704276 > .col-inner {\n  margin: 0px 0px 15px 0px;\n}\n<\/style>\n\t<\/div>\n\n\t\n<\/div>\n\t\t<\/div>\n\t\t\t\t\t<\/div>\n\n\t\n<\/div>\n<\/div><\/div><\/div>\n\t<div id=\"gap-1292977468\" class=\"gap-element clearfix\" style=\"display:block; height:auto;\">\n\t\t\n<style>\n#gap-1292977468 {\n  padding-top: 30px;\n}\n<\/style>\n\t<\/div>\n\t\n<h2>Tootekirjeldus<\/h2>\n<p> Akumultit\u00f6\u00f6riist Einhell TC-MG 18 Li &#8211; Solo on paindlik ja kvaliteetne abiline erinevateks restaureerimis- ja renoveerimist\u00f6\u00f6deks. Mitmek\u00fclgsete omaduste t\u00f5ttu on see suureks abiks erinevate t\u00f6\u00f6de nagu saagimise, lihvimise v\u00f5i kraapimise juures. Kuna see kuulub Power-X-Change\u00b4i tooteperesse, saate nautida k\u00f5iki Einhelli tipptasemel liitiumioontehnoloogia eeliseid. Akumultit\u00f6\u00f6riist on kvaliteetne ergonoomiliseks t\u00f6\u00f6tamiseks m\u00f5eldud t\u00f6\u00f6riist, mis s\u00e4\u00e4stab kasutamisel palju vaeva. Sellel on magnetiline tarvikukinnitus tarviku kiireks ja mugavaks paigaldamiseks. Tarviku paindlikuks paigutamiseks on seadmel 12-tihvtiline tarvikukinnis. Elektrooniline juhtimine v\u00f5imaldab kohandada tarvikut vastavalt kasutatavale materjalile ja rakendusele. Varrito v\u00f5imaldab seada t\u00e4pseks t\u00f6\u00f6tamiseks 22\u00a0000\u00a0&#8230;\u00a040\u00a0000 v\u00f5nget minutis. Multit\u00f6\u00f6riista akupesa on vibratsiooni v\u00e4hendamiseks \u00fchendatud v\u00f5nkesummutiga. Kasutuse ohutuse ja mugavuse tagamiseks on k\u00e4epidemel pehmendus. Toode tarnitakse koos kolmnurkse k\u00e4iamis- ja lihvimisplaadiga (nn deltalihvtald) ning \u00fcheksa lihvpaberiga (iga\u00fcht 3 tk teralisusega P60, P80 ja P120). Akut\u00f6\u00f6riista eelised on ilmsed. Vedelevad kaablid, komistamisoht ja piiratud liikumisulatus on t\u00e4nu Einhelli uue p\u00f5lvkonna v\u00f5imsatele ja vastupidavatele akut\u00f6\u00f6riistadele n\u00fc\u00fcd minevik. Kvaliteetseid liitiumioonakusid saab kasutada k\u00f5igi Power X-Change\u00b4i tootepere seadmetega. Toode tarnitakse akuta ja akulaadurita, mille saab hankida eraldi. <\/p>\n\t<div id=\"gap-1369952945\" class=\"gap-element clearfix\" style=\"display:block; height:auto;\">\n\t\t\n<style>\n#gap-1369952945 {\n  padding-top: 30px;\n}\n<\/style>\n\t<\/div>\n\t\n\t\t<\/div>\n\t\t\t\t\t<\/div>\n\n\t\n\n\t<div id=\"col-2043065284\" class=\"col medium-3 small-12 large-3\"  >\n\t\t\t\t<div class=\"col-inner\"  >\n\t\t\t\n\t\t\t\n<img decoding=\"async\" src=\"https:\/\/espak.ee\/epood\/wp-content\/uploads\/2020\/04\/Power-x-change-logo.jpg\" alt=\"\" width=\"1772\" height=\"343\" class=\"alignnone size-full wp-image-97311\" srcset=\"https:\/\/espak.ee\/epood\/wp-content\/uploads\/2020\/04\/Power-x-change-logo.jpg 1772w, https:\/\/espak.ee\/epood\/wp-content\/uploads\/2020\/04\/Power-x-change-logo-500x97.jpg 500w, https:\/\/espak.ee\/epood\/wp-content\/uploads\/2020\/04\/Power-x-change-logo-769x149.jpg 769w, https:\/\/espak.ee\/epood\/wp-content\/uploads\/2020\/04\/Power-x-change-logo-300x58.jpg 300w, https:\/\/espak.ee\/epood\/wp-content\/uploads\/2020\/04\/Power-x-change-logo-1024x198.jpg 1024w, https:\/\/espak.ee\/epood\/wp-content\/uploads\/2020\/04\/Power-x-change-logo-150x29.jpg 150w, https:\/\/espak.ee\/epood\/wp-content\/uploads\/2020\/04\/Power-x-change-logo-768x149.jpg 768w, https:\/\/espak.ee\/epood\/wp-content\/uploads\/2020\/04\/Power-x-change-logo-1536x297.jpg 1536w\" sizes=\"(max-width: 1772px) 100vw, 1772px\" \/><\/p>\n<h3>Kasutusjuhend<\/h3>\n<p><a href=\"https:\/\/espak.ee\/epood\/wp-content\/uploads\/2021\/12\/Akumultitooriist-Einhell-TC-MG-18-Li-Solo-4465170.pdf\" target=\"_blank\" rel=\"noopener noreferrer\"><i class=\"far fa-file-pdf\"><\/i>Kasutusjuhend (PDF)<\/a><\/p>\n<div class=\"is-divider divider clearfix\" ><\/div>\n<p><strong>\u00dcksikasjalikuma n\u00f5u saamiseks v\u00f5tke \u00fchendust:<br \/><\/strong>Espak AS<br \/>Viadukti 42<br \/>11313<br \/>Tallinn<br \/>+372 6 512333<\/p>\n\t\t<\/div>\n\t\t\t\t\t<\/div>\n\n\t\n<\/div>\n","protected":false},"excerpt":{"rendered":"","protected":false},"featured_media":104643,"comment_status":"closed","ping_status":"closed","template":"","meta":[],"product_brand":[],"product_cat":[2750,2733,2680,2679],"product_tag":[],"class_list":{"0":"post-103948","1":"product","2":"type-product","3":"status-publish","4":"has-post-thumbnail","6":"product_cat-akumultitooriistad","7":"product_cat-akutooriistad","8":"product_cat-elektritooriistad","9":"product_cat-tooriistad","10":"pa_kaubamark-einhell","12":"first","13":"instock","14":"sale","15":"taxable","16":"shipping-taxable","17":"purchasable","18":"product-type-simple"},"yoast_head":"<!-- This site is optimized with the Yoast SEO plugin v26.9 - https:\/\/yoast.com\/product\/yoast-seo-wordpress\/ -->\n<title>AKUMULTIT\u00d6\u00d6RIIST EINHELL TC-MG 18 LI SOLO - Espak E-pood<\/title>\n<meta name=\"robots\" content=\"index, follow, max-snippet:-1, max-image-preview:large, max-video-preview:-1\" \/>\n<link rel=\"canonical\" href=\"https:\/\/espak.ee\/epood\/toode\/akumultitooriist-einhell-tc-mg-18-li-solo\/\" \/>\n<meta property=\"og:locale\" content=\"et_EE\" \/>\n<meta property=\"og:type\" content=\"article\" \/>\n<meta property=\"og:title\" content=\"AKUMULTIT\u00d6\u00d6RIIST EINHELL TC-MG 18 LI SOLO - Espak E-pood\" \/>\n<meta property=\"og:url\" content=\"https:\/\/espak.ee\/epood\/toode\/akumultitooriist-einhell-tc-mg-18-li-solo\/\" \/>\n<meta property=\"og:site_name\" content=\"Espak E-pood\" \/>\n<meta property=\"article:modified_time\" content=\"2024-06-25T13:36:04+00:00\" \/>\n<meta property=\"og:image\" content=\"https:\/\/espak.ee\/epood\/wp-content\/uploads\/2021\/12\/4465170_11017_002_TC_MG_18_Li_Solo_RAL3002_Pic.jpg\" \/>\n\t<meta property=\"og:image:width\" content=\"1000\" \/>\n\t<meta property=\"og:image:height\" content=\"1000\" \/>\n\t<meta property=\"og:image:type\" content=\"image\/jpeg\" \/>\n<meta name=\"twitter:card\" content=\"summary_large_image\" \/>\n<meta name=\"twitter:label1\" content=\"Est. reading time\" \/>\n\t<meta name=\"twitter:data1\" content=\"2 minutit\" \/>\n<script type=\"application\/ld+json\" class=\"yoast-schema-graph\">{\"@context\":\"https:\/\/schema.org\",\"@graph\":[{\"@type\":\"WebPage\",\"@id\":\"https:\/\/espak.ee\/epood\/toode\/akumultitooriist-einhell-tc-mg-18-li-solo\/\",\"url\":\"https:\/\/espak.ee\/epood\/toode\/akumultitooriist-einhell-tc-mg-18-li-solo\/\",\"name\":\"AKUMULTIT\u00d6\u00d6RIIST EINHELL TC-MG 18 LI SOLO - Espak E-pood\",\"isPartOf\":{\"@id\":\"https:\/\/espak.ee\/epood\/#website\"},\"primaryImageOfPage\":{\"@id\":\"https:\/\/espak.ee\/epood\/toode\/akumultitooriist-einhell-tc-mg-18-li-solo\/#primaryimage\"},\"image\":{\"@id\":\"https:\/\/espak.ee\/epood\/toode\/akumultitooriist-einhell-tc-mg-18-li-solo\/#primaryimage\"},\"thumbnailUrl\":\"https:\/\/espak.ee\/epood\/wp-content\/uploads\/2021\/12\/4465170_11017_002_TC_MG_18_Li_Solo_RAL3002_Pic.jpg\",\"datePublished\":\"2021-12-31T05:18:03+00:00\",\"dateModified\":\"2024-06-25T13:36:04+00:00\",\"breadcrumb\":{\"@id\":\"https:\/\/espak.ee\/epood\/toode\/akumultitooriist-einhell-tc-mg-18-li-solo\/#breadcrumb\"},\"inLanguage\":\"et\",\"potentialAction\":[{\"@type\":\"ReadAction\",\"target\":[\"https:\/\/espak.ee\/epood\/toode\/akumultitooriist-einhell-tc-mg-18-li-solo\/\"]}]},{\"@type\":\"ImageObject\",\"inLanguage\":\"et\",\"@id\":\"https:\/\/espak.ee\/epood\/toode\/akumultitooriist-einhell-tc-mg-18-li-solo\/#primaryimage\",\"url\":\"https:\/\/espak.ee\/epood\/wp-content\/uploads\/2021\/12\/4465170_11017_002_TC_MG_18_Li_Solo_RAL3002_Pic.jpg\",\"contentUrl\":\"https:\/\/espak.ee\/epood\/wp-content\/uploads\/2021\/12\/4465170_11017_002_TC_MG_18_Li_Solo_RAL3002_Pic.jpg\",\"width\":1000,\"height\":1000},{\"@type\":\"BreadcrumbList\",\"@id\":\"https:\/\/espak.ee\/epood\/toode\/akumultitooriist-einhell-tc-mg-18-li-solo\/#breadcrumb\",\"itemListElement\":[{\"@type\":\"ListItem\",\"position\":1,\"name\":\"Home\",\"item\":\"https:\/\/espak.ee\/epood\/\"},{\"@type\":\"ListItem\",\"position\":2,\"name\":\"Tootevalik\",\"item\":\"https:\/\/espak.ee\/epood\/tootevalik\/\"},{\"@type\":\"ListItem\",\"position\":3,\"name\":\"AKUMULTIT\u00d6\u00d6RIIST EINHELL TC-MG 18 LI SOLO\"}]},{\"@type\":\"WebSite\",\"@id\":\"https:\/\/espak.ee\/epood\/#website\",\"url\":\"https:\/\/espak.ee\/epood\/\",\"name\":\"Espak E-pood\",\"description\":\"\",\"potentialAction\":[{\"@type\":\"SearchAction\",\"target\":{\"@type\":\"EntryPoint\",\"urlTemplate\":\"https:\/\/espak.ee\/epood\/?s={search_term_string}\"},\"query-input\":{\"@type\":\"PropertyValueSpecification\",\"valueRequired\":true,\"valueName\":\"search_term_string\"}}],\"inLanguage\":\"et\"}]}<\/script>\n<!-- \/ Yoast SEO plugin. -->","yoast_head_json":{"title":"AKUMULTIT\u00d6\u00d6RIIST EINHELL TC-MG 18 LI SOLO - Espak E-pood","robots":{"index":"index","follow":"follow","max-snippet":"max-snippet:-1","max-image-preview":"max-image-preview:large","max-video-preview":"max-video-preview:-1"},"canonical":"https:\/\/espak.ee\/epood\/toode\/akumultitooriist-einhell-tc-mg-18-li-solo\/","og_locale":"et_EE","og_type":"article","og_title":"AKUMULTIT\u00d6\u00d6RIIST EINHELL TC-MG 18 LI SOLO - Espak E-pood","og_url":"https:\/\/espak.ee\/epood\/toode\/akumultitooriist-einhell-tc-mg-18-li-solo\/","og_site_name":"Espak E-pood","article_modified_time":"2024-06-25T13:36:04+00:00","og_image":[{"width":1000,"height":1000,"url":"https:\/\/espak.ee\/epood\/wp-content\/uploads\/2021\/12\/4465170_11017_002_TC_MG_18_Li_Solo_RAL3002_Pic.jpg","type":"image\/jpeg"}],"twitter_card":"summary_large_image","twitter_misc":{"Est. reading time":"2 minutit"},"schema":{"@context":"https:\/\/schema.org","@graph":[{"@type":"WebPage","@id":"https:\/\/espak.ee\/epood\/toode\/akumultitooriist-einhell-tc-mg-18-li-solo\/","url":"https:\/\/espak.ee\/epood\/toode\/akumultitooriist-einhell-tc-mg-18-li-solo\/","name":"AKUMULTIT\u00d6\u00d6RIIST EINHELL TC-MG 18 LI SOLO - Espak E-pood","isPartOf":{"@id":"https:\/\/espak.ee\/epood\/#website"},"primaryImageOfPage":{"@id":"https:\/\/espak.ee\/epood\/toode\/akumultitooriist-einhell-tc-mg-18-li-solo\/#primaryimage"},"image":{"@id":"https:\/\/espak.ee\/epood\/toode\/akumultitooriist-einhell-tc-mg-18-li-solo\/#primaryimage"},"thumbnailUrl":"https:\/\/espak.ee\/epood\/wp-content\/uploads\/2021\/12\/4465170_11017_002_TC_MG_18_Li_Solo_RAL3002_Pic.jpg","datePublished":"2021-12-31T05:18:03+00:00","dateModified":"2024-06-25T13:36:04+00:00","breadcrumb":{"@id":"https:\/\/espak.ee\/epood\/toode\/akumultitooriist-einhell-tc-mg-18-li-solo\/#breadcrumb"},"inLanguage":"et","potentialAction":[{"@type":"ReadAction","target":["https:\/\/espak.ee\/epood\/toode\/akumultitooriist-einhell-tc-mg-18-li-solo\/"]}]},{"@type":"ImageObject","inLanguage":"et","@id":"https:\/\/espak.ee\/epood\/toode\/akumultitooriist-einhell-tc-mg-18-li-solo\/#primaryimage","url":"https:\/\/espak.ee\/epood\/wp-content\/uploads\/2021\/12\/4465170_11017_002_TC_MG_18_Li_Solo_RAL3002_Pic.jpg","contentUrl":"https:\/\/espak.ee\/epood\/wp-content\/uploads\/2021\/12\/4465170_11017_002_TC_MG_18_Li_Solo_RAL3002_Pic.jpg","width":1000,"height":1000},{"@type":"BreadcrumbList","@id":"https:\/\/espak.ee\/epood\/toode\/akumultitooriist-einhell-tc-mg-18-li-solo\/#breadcrumb","itemListElement":[{"@type":"ListItem","position":1,"name":"Home","item":"https:\/\/espak.ee\/epood\/"},{"@type":"ListItem","position":2,"name":"Tootevalik","item":"https:\/\/espak.ee\/epood\/tootevalik\/"},{"@type":"ListItem","position":3,"name":"AKUMULTIT\u00d6\u00d6RIIST EINHELL TC-MG 18 LI SOLO"}]},{"@type":"WebSite","@id":"https:\/\/espak.ee\/epood\/#website","url":"https:\/\/espak.ee\/epood\/","name":"Espak E-pood","description":"","potentialAction":[{"@type":"SearchAction","target":{"@type":"EntryPoint","urlTemplate":"https:\/\/espak.ee\/epood\/?s={search_term_string}"},"query-input":{"@type":"PropertyValueSpecification","valueRequired":true,"valueName":"search_term_string"}}],"inLanguage":"et"}]}},"_links":{"self":[{"href":"https:\/\/espak.ee\/epood\/wp-json\/wp\/v2\/product\/103948","targetHints":{"allow":["GET"]}}],"collection":[{"href":"https:\/\/espak.ee\/epood\/wp-json\/wp\/v2\/product"}],"about":[{"href":"https:\/\/espak.ee\/epood\/wp-json\/wp\/v2\/types\/product"}],"replies":[{"embeddable":true,"href":"https:\/\/espak.ee\/epood\/wp-json\/wp\/v2\/comments?post=103948"}],"wp:featuredmedia":[{"embeddable":true,"href":"https:\/\/espak.ee\/epood\/wp-json\/wp\/v2\/media\/104643"}],"wp:attachment":[{"href":"https:\/\/espak.ee\/epood\/wp-json\/wp\/v2\/media?parent=103948"}],"wp:term":[{"taxonomy":"product_brand","embeddable":true,"href":"https:\/\/espak.ee\/epood\/wp-json\/wp\/v2\/product_brand?post=103948"},{"taxonomy":"product_cat","embeddable":true,"href":"https:\/\/espak.ee\/epood\/wp-json\/wp\/v2\/product_cat?post=103948"},{"taxonomy":"product_tag","embeddable":true,"href":"https:\/\/espak.ee\/epood\/wp-json\/wp\/v2\/product_tag?post=103948"}],"curies":[{"name":"wp","href":"https:\/\/api.w.org\/{rel}","templated":true}]}}