{"id":103947,"date":"2021-12-31T05:18:03","date_gmt":"2021-12-31T05:18:03","guid":{"rendered":"https:\/\/espak.ee\/epood\/?post_type=product&#038;p=103947"},"modified":"2026-04-12T00:28:17","modified_gmt":"2026-04-11T21:28:17","slug":"akuvarvipustol-einhell-tc-sy-18-60-solo","status":"publish","type":"product","link":"https:\/\/espak.ee\/epood\/toode\/akuvarvipustol-einhell-tc-sy-18-60-solo\/","title":{"rendered":"AKUV\u00c4RVIP\u00dcSTOL EINHELL TC-SY 18\/60 SOLO"},"content":{"rendered":"<div class=\"row\"  id=\"row-245825403\">\n\n\t<div id=\"col-1728501923\" class=\"col medium-9 small-12 large-9\"  >\n\t\t\t\t<div class=\"col-inner\"  >\n\t\t\t\n\t\t\t\n<div class=\"message-box relative\" style=\"padding-top:15px;padding-bottom:15px;\"><div class=\"message-box-bg-image bg-fill fill\" ><\/div><div class=\"message-box-bg-overlay bg-fill fill\" ><\/div><div class=\"container relative\"><div class=\"inner last-reset\">\n<div class=\"row align-middle align-center\"  id=\"row-2052104062\">\n\n\t<div id=\"col-1440802443\" class=\"col small-12 large-12\"  >\n\t\t\t\t<div class=\"col-inner text-left\"  >\n\t\t\t\n\t\t\t\n<h4>Omadused<\/h4>\n<div class=\"row\"  id=\"row-1355320281\">\n\n\t<div id=\"col-566900837\" class=\"col medium-6 small-12 large-6\"  >\n\t\t\t\t<div class=\"col-inner\"  >\n\t\t\t\n\t\t\t\n<p><i class=\"far fa-check-circle fa-2x\"><\/i><strong>\u00a0K\u00e4sip\u00fcstol v\u00e4ikeste ja keskmise suurusega t\u00f6\u00f6kohtade jaoks <\/strong><\/p>\n<p><i class=\"far fa-check-circle fa-2x\"><\/i><strong> Eemaldatav pihustipea k\u00f5ikide v\u00e4rvi juhtivate osade puhastamiseks\u00a0<\/strong><\/p>\n<p><i class=\"far fa-check-circle fa-2x\"><\/i><strong> Vertikaalse, horisontaalse ja \u00fcmara joa jaoks seadistatav kork <\/strong><\/p>\n<p><i class=\"far fa-check-circle fa-2x\"><\/i><strong> K\u00e4ep\u00e4rane riputi ruumis\u00e4\u00e4stlikuks hoiustamiseks\u00a0<\/strong><\/p>\n<p><i class=\"far fa-check-circle fa-2x\"><\/i><strong> Kaasas v\u00e4rviv\u00f5tuava puhastushari\u00a0<\/strong><\/p>\n<p><i class=\"far fa-check-circle fa-2x\"><\/i><strong> Kaasas pihusti puhastusn\u00f5el\u00a0<\/strong><\/p>\n<p><i class=\"far fa-check-circle fa-2x\"><\/i><strong> Kaasas v\u00e4rvimahuti kaas\u00a0<\/strong><\/p>\n\t\t<\/div>\n\t\t\t\t\n<style>\n#col-566900837 > .col-inner {\n  margin: 0px 0px 15px 0px;\n}\n<\/style>\n\t<\/div>\n\n\t\n\n\t<div id=\"col-918262959\" class=\"col medium-6 small-12 large-6\"  >\n\t\t\t\t<div class=\"col-inner\"  >\n\t\t\t\n\t\t\t\n<p><i class=\"far fa-check-circle fa-2x\"><\/i><strong> Kohandatud lakkide ja emailide pihustamiseks <\/strong><\/p>\n<p><i class=\"far fa-check-circle fa-2x\"><\/i><strong> V\u00e4rvi vooluhulga regulaator parimaks v\u00e4rvimist\u00f6\u00f6ga kohandamiseks\u00a0<\/strong><\/p>\n<p><i class=\"far fa-check-circle fa-2x\"><\/i><strong> Mugav ja ohutu k\u00e4sitseda t\u00e4nu pehmendusega pindadele\u00a0<\/strong><\/p>\n<p><i class=\"far fa-check-circle fa-2x\"><\/i><strong> Kaasas kaks pihustit erineva viskoossusega lakkide ja emailide jaoks\u00a0<\/strong><\/p>\n<p><i class=\"far fa-check-circle fa-2x\"><\/i><strong> Kaasas viskoossuse kontrollimise anum\u00a0<\/strong><\/p>\n<p><i class=\"far fa-check-circle fa-2x\"><\/i><strong> Kaasas m\u00f5\u00f5teskaalaga 800 ml v\u00e4rvimahuti <\/strong><\/p>\n\t\t<\/div>\n\t\t\t\t\n<style>\n#col-918262959 > .col-inner {\n  margin: 0px 0px 15px 0px;\n}\n<\/style>\n\t<\/div>\n\n\t\n<\/div>\n\t\t<\/div>\n\t\t\t\t\t<\/div>\n\n\t\n<\/div>\n<\/div><\/div><\/div>\n\t<div id=\"gap-2030389148\" class=\"gap-element clearfix\" style=\"display:block; height:auto;\">\n\t\t\n<style>\n#gap-2030389148 {\n  padding-top: 30px;\n}\n<\/style>\n\t<\/div>\n\t\n<h2>Tootekirjeldus<\/h2>\n<p>Akuv\u00e4rvip\u00fcstol TC-SY 18\/60 Li Solo on Power X-CHANGE tootepere liige. Kompaktne k\u00e4es hoitav v\u00e4rvip\u00fcstol v\u00e4ikeste ja keskmise suurusega t\u00f6\u00f6kohtade jaoks on mugav abimees erinevate projektide ja meisterduste jaoks. P\u00fcstol on kohandatud lakkide ja emailide pihustamiseks. Sobib \u00f5hukese kaitsev\u00e4rvi, paksu glasuurikatte v\u00f5i eriefektide tegemiseks. K\u00e4es hoitaval v\u00e4rvip\u00fcstolil on v\u00e4rvi vooluhulga regulaator, mis v\u00f5imaldab seda v\u00e4rvimist\u00f6\u00f6ga ideaalselt kohandada. Vertikaalse, horisontaalse ja \u00fcmara joa jaoks seadistatav kork tagab iga t\u00f6\u00f6 jaoks suurima paindlikkuse. P\u00f5hjalikuks puhastamiseks tarnitakse koos pihusti puhastusn\u00f5elaga ning k\u00f5igi v\u00e4rviga kokku puutunud elementide kiire ja h\u00f5lpsa puhastamise v\u00f5imaldamiseks, on sellel eemaldatav pihustuspea. K\u00e4ep\u00e4rase riputi abil saab elektrilise v\u00e4rvip\u00fcstoli p\u00e4rast t\u00f6\u00f6 tegemist h\u00f5lpsasti v\u00e4iksesse ruumi hoiule paigutada. Komplektis on kaks pihustit erineva viskoossusega laki ja emaili jaoks koos viskoossuse kontrollimise anumaga. Komplektis on puhastushari v\u00e4rviv\u00f5tuava puhastamiseks, puhastusn\u00f5el pihusti puhastamiseks ja 800 ml mahuti, mille saab p\u00e4rast t\u00f6\u00f6 tegemist kaanega t\u00e4ielikult sulgeda.<br \/>\nAku ja akulaadija tuleb eraldi tellida. <\/p>\n\t<div id=\"gap-1120811159\" class=\"gap-element clearfix\" style=\"display:block; height:auto;\">\n\t\t\n<style>\n#gap-1120811159 {\n  padding-top: 30px;\n}\n<\/style>\n\t<\/div>\n\t\n\t\t<\/div>\n\t\t\t\t\t<\/div>\n\n\t\n\n\t<div id=\"col-362175720\" class=\"col medium-3 small-12 large-3\"  >\n\t\t\t\t<div class=\"col-inner\"  >\n\t\t\t\n\t\t\t\n<img decoding=\"async\" src=\"https:\/\/espak.ee\/epood\/wp-content\/uploads\/2020\/04\/Power-x-change-logo.jpg\" alt=\"\" width=\"1772\" height=\"343\" class=\"alignnone size-full wp-image-97311\" srcset=\"https:\/\/espak.ee\/epood\/wp-content\/uploads\/2020\/04\/Power-x-change-logo.jpg 1772w, https:\/\/espak.ee\/epood\/wp-content\/uploads\/2020\/04\/Power-x-change-logo-500x97.jpg 500w, https:\/\/espak.ee\/epood\/wp-content\/uploads\/2020\/04\/Power-x-change-logo-769x149.jpg 769w, https:\/\/espak.ee\/epood\/wp-content\/uploads\/2020\/04\/Power-x-change-logo-300x58.jpg 300w, https:\/\/espak.ee\/epood\/wp-content\/uploads\/2020\/04\/Power-x-change-logo-1024x198.jpg 1024w, https:\/\/espak.ee\/epood\/wp-content\/uploads\/2020\/04\/Power-x-change-logo-150x29.jpg 150w, https:\/\/espak.ee\/epood\/wp-content\/uploads\/2020\/04\/Power-x-change-logo-768x149.jpg 768w, https:\/\/espak.ee\/epood\/wp-content\/uploads\/2020\/04\/Power-x-change-logo-1536x297.jpg 1536w\" sizes=\"(max-width: 1772px) 100vw, 1772px\" \/><br \/>\n<div class=\"is-divider divider clearfix\" ><\/div>\n<h3>Kasutusjuhend<\/h3>\n<p><a href=\"https:\/\/espak.ee\/epood\/wp-content\/uploads\/2021\/12\/Akuvarvipustol-Einhell-TC-SY-18-60-LI-Solo-4260025.pdf\" target=\"_blank\" rel=\"noopener noreferrer\"><i class=\"far fa-file-pdf\"><\/i> Kasutusjuhend (PDF)<\/a><\/p>\n<div class=\"is-divider divider clearfix\" ><\/div>\n<p><strong>\u00dcksikasjalikuma n\u00f5u saamiseks v\u00f5tke \u00fchendust:<br \/><\/strong>Espak AS<br \/>Viadukti 42<br \/>11313<br \/>Tallinn<br \/>+372 6 512333<\/p>\n\t\t<\/div>\n\t\t\t\t\t<\/div>\n\n\t\n<\/div>\n","protected":false},"excerpt":{"rendered":"","protected":false},"featured_media":104638,"comment_status":"closed","ping_status":"closed","template":"","meta":[],"product_brand":[],"product_cat":[2741,2733,2680,2679],"product_tag":[],"class_list":{"0":"post-103947","1":"product","2":"type-product","3":"status-publish","4":"has-post-thumbnail","6":"product_cat-akuga-eritooriistad","7":"product_cat-akutooriistad","8":"product_cat-elektritooriistad","9":"product_cat-tooriistad","10":"pa_kaubamark-einhell","12":"first","13":"instock","14":"sale","15":"taxable","16":"shipping-taxable","17":"purchasable","18":"product-type-simple"},"yoast_head":"<!-- This site is optimized with the Yoast SEO plugin v26.9 - https:\/\/yoast.com\/product\/yoast-seo-wordpress\/ -->\n<title>AKUV\u00c4RVIP\u00dcSTOL EINHELL TC-SY 18\/60 SOLO - Espak E-pood<\/title>\n<meta name=\"robots\" content=\"index, follow, max-snippet:-1, max-image-preview:large, max-video-preview:-1\" \/>\n<link rel=\"canonical\" href=\"https:\/\/espak.ee\/epood\/toode\/akuvarvipustol-einhell-tc-sy-18-60-solo\/\" \/>\n<meta property=\"og:locale\" content=\"et_EE\" \/>\n<meta property=\"og:type\" content=\"article\" \/>\n<meta property=\"og:title\" content=\"AKUV\u00c4RVIP\u00dcSTOL EINHELL TC-SY 18\/60 SOLO - Espak E-pood\" \/>\n<meta property=\"og:url\" content=\"https:\/\/espak.ee\/epood\/toode\/akuvarvipustol-einhell-tc-sy-18-60-solo\/\" \/>\n<meta property=\"og:site_name\" content=\"Espak E-pood\" \/>\n<meta property=\"article:modified_time\" content=\"2026-04-11T21:28:17+00:00\" \/>\n<meta property=\"og:image\" content=\"https:\/\/espak.ee\/epood\/wp-content\/uploads\/2021\/12\/4260025_21010_002_TC_SY_18_60_Li_Solo_RAL3002_Pic-2.jpg\" \/>\n\t<meta property=\"og:image:width\" content=\"1000\" \/>\n\t<meta property=\"og:image:height\" content=\"1000\" \/>\n\t<meta property=\"og:image:type\" content=\"image\/jpeg\" \/>\n<meta name=\"twitter:card\" content=\"summary_large_image\" \/>\n<meta name=\"twitter:label1\" content=\"Est. reading time\" \/>\n\t<meta name=\"twitter:data1\" content=\"2 minutit\" \/>\n<script type=\"application\/ld+json\" class=\"yoast-schema-graph\">{\"@context\":\"https:\/\/schema.org\",\"@graph\":[{\"@type\":\"WebPage\",\"@id\":\"https:\/\/espak.ee\/epood\/toode\/akuvarvipustol-einhell-tc-sy-18-60-solo\/\",\"url\":\"https:\/\/espak.ee\/epood\/toode\/akuvarvipustol-einhell-tc-sy-18-60-solo\/\",\"name\":\"AKUV\u00c4RVIP\u00dcSTOL EINHELL TC-SY 18\/60 SOLO - Espak E-pood\",\"isPartOf\":{\"@id\":\"https:\/\/espak.ee\/epood\/#website\"},\"primaryImageOfPage\":{\"@id\":\"https:\/\/espak.ee\/epood\/toode\/akuvarvipustol-einhell-tc-sy-18-60-solo\/#primaryimage\"},\"image\":{\"@id\":\"https:\/\/espak.ee\/epood\/toode\/akuvarvipustol-einhell-tc-sy-18-60-solo\/#primaryimage\"},\"thumbnailUrl\":\"https:\/\/espak.ee\/epood\/wp-content\/uploads\/2021\/12\/4260025_21010_002_TC_SY_18_60_Li_Solo_RAL3002_Pic-2.jpg\",\"datePublished\":\"2021-12-31T05:18:03+00:00\",\"dateModified\":\"2026-04-11T21:28:17+00:00\",\"breadcrumb\":{\"@id\":\"https:\/\/espak.ee\/epood\/toode\/akuvarvipustol-einhell-tc-sy-18-60-solo\/#breadcrumb\"},\"inLanguage\":\"et\",\"potentialAction\":[{\"@type\":\"ReadAction\",\"target\":[\"https:\/\/espak.ee\/epood\/toode\/akuvarvipustol-einhell-tc-sy-18-60-solo\/\"]}]},{\"@type\":\"ImageObject\",\"inLanguage\":\"et\",\"@id\":\"https:\/\/espak.ee\/epood\/toode\/akuvarvipustol-einhell-tc-sy-18-60-solo\/#primaryimage\",\"url\":\"https:\/\/espak.ee\/epood\/wp-content\/uploads\/2021\/12\/4260025_21010_002_TC_SY_18_60_Li_Solo_RAL3002_Pic-2.jpg\",\"contentUrl\":\"https:\/\/espak.ee\/epood\/wp-content\/uploads\/2021\/12\/4260025_21010_002_TC_SY_18_60_Li_Solo_RAL3002_Pic-2.jpg\",\"width\":1000,\"height\":1000},{\"@type\":\"BreadcrumbList\",\"@id\":\"https:\/\/espak.ee\/epood\/toode\/akuvarvipustol-einhell-tc-sy-18-60-solo\/#breadcrumb\",\"itemListElement\":[{\"@type\":\"ListItem\",\"position\":1,\"name\":\"Home\",\"item\":\"https:\/\/espak.ee\/epood\/\"},{\"@type\":\"ListItem\",\"position\":2,\"name\":\"Tootevalik\",\"item\":\"https:\/\/espak.ee\/epood\/tootevalik\/\"},{\"@type\":\"ListItem\",\"position\":3,\"name\":\"AKUV\u00c4RVIP\u00dcSTOL EINHELL TC-SY 18\/60 SOLO\"}]},{\"@type\":\"WebSite\",\"@id\":\"https:\/\/espak.ee\/epood\/#website\",\"url\":\"https:\/\/espak.ee\/epood\/\",\"name\":\"Espak E-pood\",\"description\":\"\",\"potentialAction\":[{\"@type\":\"SearchAction\",\"target\":{\"@type\":\"EntryPoint\",\"urlTemplate\":\"https:\/\/espak.ee\/epood\/?s={search_term_string}\"},\"query-input\":{\"@type\":\"PropertyValueSpecification\",\"valueRequired\":true,\"valueName\":\"search_term_string\"}}],\"inLanguage\":\"et\"}]}<\/script>\n<!-- \/ Yoast SEO plugin. -->","yoast_head_json":{"title":"AKUV\u00c4RVIP\u00dcSTOL EINHELL TC-SY 18\/60 SOLO - Espak E-pood","robots":{"index":"index","follow":"follow","max-snippet":"max-snippet:-1","max-image-preview":"max-image-preview:large","max-video-preview":"max-video-preview:-1"},"canonical":"https:\/\/espak.ee\/epood\/toode\/akuvarvipustol-einhell-tc-sy-18-60-solo\/","og_locale":"et_EE","og_type":"article","og_title":"AKUV\u00c4RVIP\u00dcSTOL EINHELL TC-SY 18\/60 SOLO - Espak E-pood","og_url":"https:\/\/espak.ee\/epood\/toode\/akuvarvipustol-einhell-tc-sy-18-60-solo\/","og_site_name":"Espak E-pood","article_modified_time":"2026-04-11T21:28:17+00:00","og_image":[{"width":1000,"height":1000,"url":"https:\/\/espak.ee\/epood\/wp-content\/uploads\/2021\/12\/4260025_21010_002_TC_SY_18_60_Li_Solo_RAL3002_Pic-2.jpg","type":"image\/jpeg"}],"twitter_card":"summary_large_image","twitter_misc":{"Est. reading time":"2 minutit"},"schema":{"@context":"https:\/\/schema.org","@graph":[{"@type":"WebPage","@id":"https:\/\/espak.ee\/epood\/toode\/akuvarvipustol-einhell-tc-sy-18-60-solo\/","url":"https:\/\/espak.ee\/epood\/toode\/akuvarvipustol-einhell-tc-sy-18-60-solo\/","name":"AKUV\u00c4RVIP\u00dcSTOL EINHELL TC-SY 18\/60 SOLO - Espak E-pood","isPartOf":{"@id":"https:\/\/espak.ee\/epood\/#website"},"primaryImageOfPage":{"@id":"https:\/\/espak.ee\/epood\/toode\/akuvarvipustol-einhell-tc-sy-18-60-solo\/#primaryimage"},"image":{"@id":"https:\/\/espak.ee\/epood\/toode\/akuvarvipustol-einhell-tc-sy-18-60-solo\/#primaryimage"},"thumbnailUrl":"https:\/\/espak.ee\/epood\/wp-content\/uploads\/2021\/12\/4260025_21010_002_TC_SY_18_60_Li_Solo_RAL3002_Pic-2.jpg","datePublished":"2021-12-31T05:18:03+00:00","dateModified":"2026-04-11T21:28:17+00:00","breadcrumb":{"@id":"https:\/\/espak.ee\/epood\/toode\/akuvarvipustol-einhell-tc-sy-18-60-solo\/#breadcrumb"},"inLanguage":"et","potentialAction":[{"@type":"ReadAction","target":["https:\/\/espak.ee\/epood\/toode\/akuvarvipustol-einhell-tc-sy-18-60-solo\/"]}]},{"@type":"ImageObject","inLanguage":"et","@id":"https:\/\/espak.ee\/epood\/toode\/akuvarvipustol-einhell-tc-sy-18-60-solo\/#primaryimage","url":"https:\/\/espak.ee\/epood\/wp-content\/uploads\/2021\/12\/4260025_21010_002_TC_SY_18_60_Li_Solo_RAL3002_Pic-2.jpg","contentUrl":"https:\/\/espak.ee\/epood\/wp-content\/uploads\/2021\/12\/4260025_21010_002_TC_SY_18_60_Li_Solo_RAL3002_Pic-2.jpg","width":1000,"height":1000},{"@type":"BreadcrumbList","@id":"https:\/\/espak.ee\/epood\/toode\/akuvarvipustol-einhell-tc-sy-18-60-solo\/#breadcrumb","itemListElement":[{"@type":"ListItem","position":1,"name":"Home","item":"https:\/\/espak.ee\/epood\/"},{"@type":"ListItem","position":2,"name":"Tootevalik","item":"https:\/\/espak.ee\/epood\/tootevalik\/"},{"@type":"ListItem","position":3,"name":"AKUV\u00c4RVIP\u00dcSTOL EINHELL TC-SY 18\/60 SOLO"}]},{"@type":"WebSite","@id":"https:\/\/espak.ee\/epood\/#website","url":"https:\/\/espak.ee\/epood\/","name":"Espak E-pood","description":"","potentialAction":[{"@type":"SearchAction","target":{"@type":"EntryPoint","urlTemplate":"https:\/\/espak.ee\/epood\/?s={search_term_string}"},"query-input":{"@type":"PropertyValueSpecification","valueRequired":true,"valueName":"search_term_string"}}],"inLanguage":"et"}]}},"_links":{"self":[{"href":"https:\/\/espak.ee\/epood\/wp-json\/wp\/v2\/product\/103947","targetHints":{"allow":["GET"]}}],"collection":[{"href":"https:\/\/espak.ee\/epood\/wp-json\/wp\/v2\/product"}],"about":[{"href":"https:\/\/espak.ee\/epood\/wp-json\/wp\/v2\/types\/product"}],"replies":[{"embeddable":true,"href":"https:\/\/espak.ee\/epood\/wp-json\/wp\/v2\/comments?post=103947"}],"wp:featuredmedia":[{"embeddable":true,"href":"https:\/\/espak.ee\/epood\/wp-json\/wp\/v2\/media\/104638"}],"wp:attachment":[{"href":"https:\/\/espak.ee\/epood\/wp-json\/wp\/v2\/media?parent=103947"}],"wp:term":[{"taxonomy":"product_brand","embeddable":true,"href":"https:\/\/espak.ee\/epood\/wp-json\/wp\/v2\/product_brand?post=103947"},{"taxonomy":"product_cat","embeddable":true,"href":"https:\/\/espak.ee\/epood\/wp-json\/wp\/v2\/product_cat?post=103947"},{"taxonomy":"product_tag","embeddable":true,"href":"https:\/\/espak.ee\/epood\/wp-json\/wp\/v2\/product_tag?post=103947"}],"curies":[{"name":"wp","href":"https:\/\/api.w.org\/{rel}","templated":true}]}}