{"id":103905,"date":"2021-12-30T03:30:02","date_gmt":"2021-12-30T03:30:02","guid":{"rendered":"https:\/\/espak.ee\/epood\/?post_type=product&#038;p=103905"},"modified":"2024-03-23T04:43:59","modified_gmt":"2024-03-23T02:43:59","slug":"septik-strong-3000l-imbvaljakuga","status":"publish","type":"product","link":"https:\/\/espak.ee\/epood\/toode\/septik-strong-3000l-imbvaljakuga\/","title":{"rendered":"SEPTIK STRONG 3000L IMBV\u00c4LJAKUGA"},"content":{"rendered":"<div class=\"row\"  id=\"row-1725153024\">\n\n\t<div id=\"col-1161580112\" class=\"col medium-9 small-12 large-9\"  >\n\t\t\t\t<div class=\"col-inner\"  >\n\t\t\t\n\t\t\t\n<h3>Septik Strong 3000L imbv\u00e4ljakuga<\/h3>\n<p>Septik 3000L on sobiv toode eramaja reovee puhastamiseks kuni seitsmele inimesele. M\u00f5eldud eramutele, milledel puudub \u00fchendus \u00fchiskanalisatsiooniga. Eramu reovesi eelpuhastatakse mehaaniliselt septikus ja immutatakse maasse l\u00e4bi pinnasfiltri. Puhastus on loodusl\u00e4hedane ning elektrienergiat ei vaja. Toote kasutamiseks tuleb taotleda luba veekaitset korraldavalt asutuselt.<\/p>\n<p><strong>Puhasti koosneb:<\/strong><br \/>\n&#8211; kolmekambrilisest septikust, milles reovesi vabaneb heljuvainest ja rasvadest;<br \/>\n&#8211; jaotuskaevust, mille abil juhitakse reovesi imbtorudest koosnevasse jaotustorustikku;<br \/>\n&#8211; augustatud imbtorud, mille kaudu juhitakse eelpuhastatud reovesi maasse;<br \/>\n&#8211; tuulutusp\u00fcstikutest, mis asuvad jaotustorustike l\u00f5pus;<br \/>\n&#8211; filterkangast, mis aitab \u00e4ra hoida pinnase erifraktsioonide segunemise.<\/p>\n\t\t<\/div>\n\t\t\t\t\t<\/div>\n\n\t\n\n\t<div id=\"col-896091992\" class=\"col medium-3 small-12 large-3\"  >\n\t\t\t\t<div class=\"col-inner\"  >\n\t\t\t\n\t\t\t\n<div class=\"is-divider divider clearfix\" ><\/div>\n<h3>Joonis<\/h3>\n<p><a href=\"https:\/\/espak.ee\/epood\/wp-content\/uploads\/2021\/12\/501105-ID1000-septik-3m3_EE_2.pdf\" target=\"_blank\" rel=\"noopener noreferrer\"><i class=\"far fa-file-pdf\"><\/i> Joonis (PDF)<\/a><\/p>\n<h3>Paigaldusjuhend<\/h3>\n<p><a href=\"https:\/\/espak.ee\/epood\/wp-content\/uploads\/2021\/12\/IWS_STRONG_Septik_EST.pdf\" target=\"_blank\" rel=\"noopener noreferrer\"><i class=\"far fa-file-pdf\"><\/i> Paigaldusjuhend (PDF)<\/a><\/p>\n<h3>Sertifikaat<\/h3>\n<p><a href=\"https:\/\/espak.ee\/epood\/wp-content\/uploads\/2021\/12\/Septikute-toimivusdeklaratsioon-EST.pdf\" target=\"_blank\" rel=\"noopener noreferrer\"><i class=\"far fa-file-pdf\"><\/i> Sertifikaat (PDF)<\/a><\/p>\n<p><strong>\u00dcksikasjalikuma n\u00f5u saamiseks v\u00f5tke \u00fchendust:<br \/><\/strong>Innovative Water Systems O\u00dc<br \/>Aruk\u00fcla tee 65<br \/>75301<br \/>J\u00fcri alevik<br \/>Rae vald, Harjumaa<br \/>+372 56 677 353<\/p>\n\t\t<\/div>\n\t\t\t\t\t<\/div>\n\n\t\n<\/div>\n","protected":false},"excerpt":{"rendered":"","protected":false},"featured_media":125964,"comment_status":"closed","ping_status":"closed","template":"","meta":[],"product_brand":[],"product_cat":[3393,3699,2819,2820],"product_tag":[],"class_list":{"0":"post-103905","1":"product","2":"type-product","3":"status-publish","4":"has-post-thumbnail","6":"product_cat-kanalisatsioon","7":"product_cat-kanalisatsioonikaevud","8":"product_cat-sanitaartehnika","9":"product_cat-sanitaartehnika-sanitaartehnika","10":"pa_kaubamark-innovative-water-system-ou","12":"first","13":"instock","14":"sale","15":"taxable","16":"shipping-taxable","17":"purchasable","18":"product-type-simple"},"yoast_head":"<!-- This site is optimized with the Yoast SEO plugin v26.9 - https:\/\/yoast.com\/product\/yoast-seo-wordpress\/ -->\n<title>SEPTIK STRONG 3000L IMBV\u00c4LJAKUGA - Espak E-pood<\/title>\n<meta name=\"robots\" content=\"index, follow, max-snippet:-1, max-image-preview:large, max-video-preview:-1\" \/>\n<link rel=\"canonical\" href=\"https:\/\/espak.ee\/epood\/toode\/septik-strong-3000l-imbvaljakuga\/\" \/>\n<meta property=\"og:locale\" content=\"et_EE\" \/>\n<meta property=\"og:type\" content=\"article\" \/>\n<meta property=\"og:title\" content=\"SEPTIK STRONG 3000L IMBV\u00c4LJAKUGA - Espak E-pood\" \/>\n<meta property=\"og:url\" content=\"https:\/\/espak.ee\/epood\/toode\/septik-strong-3000l-imbvaljakuga\/\" \/>\n<meta property=\"og:site_name\" content=\"Espak E-pood\" \/>\n<meta property=\"article:modified_time\" content=\"2024-03-23T02:43:59+00:00\" \/>\n<meta property=\"og:image\" content=\"https:\/\/espak.ee\/epood\/wp-content\/uploads\/2021\/12\/501105_ID1000_Septik_3m3_imbvaljak_jaotuskaev.png\" \/>\n\t<meta property=\"og:image:width\" content=\"1080\" \/>\n\t<meta property=\"og:image:height\" content=\"1080\" \/>\n\t<meta property=\"og:image:type\" content=\"image\/png\" \/>\n<meta name=\"twitter:card\" content=\"summary_large_image\" \/>\n<meta name=\"twitter:label1\" content=\"Est. reading time\" \/>\n\t<meta name=\"twitter:data1\" content=\"1 minut\" \/>\n<script type=\"application\/ld+json\" class=\"yoast-schema-graph\">{\"@context\":\"https:\/\/schema.org\",\"@graph\":[{\"@type\":\"WebPage\",\"@id\":\"https:\/\/espak.ee\/epood\/toode\/septik-strong-3000l-imbvaljakuga\/\",\"url\":\"https:\/\/espak.ee\/epood\/toode\/septik-strong-3000l-imbvaljakuga\/\",\"name\":\"SEPTIK STRONG 3000L IMBV\u00c4LJAKUGA - Espak E-pood\",\"isPartOf\":{\"@id\":\"https:\/\/espak.ee\/epood\/#website\"},\"primaryImageOfPage\":{\"@id\":\"https:\/\/espak.ee\/epood\/toode\/septik-strong-3000l-imbvaljakuga\/#primaryimage\"},\"image\":{\"@id\":\"https:\/\/espak.ee\/epood\/toode\/septik-strong-3000l-imbvaljakuga\/#primaryimage\"},\"thumbnailUrl\":\"https:\/\/espak.ee\/epood\/wp-content\/uploads\/2021\/12\/501105_ID1000_Septik_3m3_imbvaljak_jaotuskaev.png\",\"datePublished\":\"2021-12-30T03:30:02+00:00\",\"dateModified\":\"2024-03-23T02:43:59+00:00\",\"breadcrumb\":{\"@id\":\"https:\/\/espak.ee\/epood\/toode\/septik-strong-3000l-imbvaljakuga\/#breadcrumb\"},\"inLanguage\":\"et\",\"potentialAction\":[{\"@type\":\"ReadAction\",\"target\":[\"https:\/\/espak.ee\/epood\/toode\/septik-strong-3000l-imbvaljakuga\/\"]}]},{\"@type\":\"ImageObject\",\"inLanguage\":\"et\",\"@id\":\"https:\/\/espak.ee\/epood\/toode\/septik-strong-3000l-imbvaljakuga\/#primaryimage\",\"url\":\"https:\/\/espak.ee\/epood\/wp-content\/uploads\/2021\/12\/501105_ID1000_Septik_3m3_imbvaljak_jaotuskaev.png\",\"contentUrl\":\"https:\/\/espak.ee\/epood\/wp-content\/uploads\/2021\/12\/501105_ID1000_Septik_3m3_imbvaljak_jaotuskaev.png\",\"width\":1080,\"height\":1080},{\"@type\":\"BreadcrumbList\",\"@id\":\"https:\/\/espak.ee\/epood\/toode\/septik-strong-3000l-imbvaljakuga\/#breadcrumb\",\"itemListElement\":[{\"@type\":\"ListItem\",\"position\":1,\"name\":\"Home\",\"item\":\"https:\/\/espak.ee\/epood\/\"},{\"@type\":\"ListItem\",\"position\":2,\"name\":\"Tootevalik\",\"item\":\"https:\/\/espak.ee\/epood\/tootevalik\/\"},{\"@type\":\"ListItem\",\"position\":3,\"name\":\"SEPTIK STRONG 3000L IMBV\u00c4LJAKUGA\"}]},{\"@type\":\"WebSite\",\"@id\":\"https:\/\/espak.ee\/epood\/#website\",\"url\":\"https:\/\/espak.ee\/epood\/\",\"name\":\"Espak E-pood\",\"description\":\"\",\"potentialAction\":[{\"@type\":\"SearchAction\",\"target\":{\"@type\":\"EntryPoint\",\"urlTemplate\":\"https:\/\/espak.ee\/epood\/?s={search_term_string}\"},\"query-input\":{\"@type\":\"PropertyValueSpecification\",\"valueRequired\":true,\"valueName\":\"search_term_string\"}}],\"inLanguage\":\"et\"}]}<\/script>\n<!-- \/ Yoast SEO plugin. -->","yoast_head_json":{"title":"SEPTIK STRONG 3000L IMBV\u00c4LJAKUGA - Espak E-pood","robots":{"index":"index","follow":"follow","max-snippet":"max-snippet:-1","max-image-preview":"max-image-preview:large","max-video-preview":"max-video-preview:-1"},"canonical":"https:\/\/espak.ee\/epood\/toode\/septik-strong-3000l-imbvaljakuga\/","og_locale":"et_EE","og_type":"article","og_title":"SEPTIK STRONG 3000L IMBV\u00c4LJAKUGA - Espak E-pood","og_url":"https:\/\/espak.ee\/epood\/toode\/septik-strong-3000l-imbvaljakuga\/","og_site_name":"Espak E-pood","article_modified_time":"2024-03-23T02:43:59+00:00","og_image":[{"width":1080,"height":1080,"url":"https:\/\/espak.ee\/epood\/wp-content\/uploads\/2021\/12\/501105_ID1000_Septik_3m3_imbvaljak_jaotuskaev.png","type":"image\/png"}],"twitter_card":"summary_large_image","twitter_misc":{"Est. reading time":"1 minut"},"schema":{"@context":"https:\/\/schema.org","@graph":[{"@type":"WebPage","@id":"https:\/\/espak.ee\/epood\/toode\/septik-strong-3000l-imbvaljakuga\/","url":"https:\/\/espak.ee\/epood\/toode\/septik-strong-3000l-imbvaljakuga\/","name":"SEPTIK STRONG 3000L IMBV\u00c4LJAKUGA - Espak E-pood","isPartOf":{"@id":"https:\/\/espak.ee\/epood\/#website"},"primaryImageOfPage":{"@id":"https:\/\/espak.ee\/epood\/toode\/septik-strong-3000l-imbvaljakuga\/#primaryimage"},"image":{"@id":"https:\/\/espak.ee\/epood\/toode\/septik-strong-3000l-imbvaljakuga\/#primaryimage"},"thumbnailUrl":"https:\/\/espak.ee\/epood\/wp-content\/uploads\/2021\/12\/501105_ID1000_Septik_3m3_imbvaljak_jaotuskaev.png","datePublished":"2021-12-30T03:30:02+00:00","dateModified":"2024-03-23T02:43:59+00:00","breadcrumb":{"@id":"https:\/\/espak.ee\/epood\/toode\/septik-strong-3000l-imbvaljakuga\/#breadcrumb"},"inLanguage":"et","potentialAction":[{"@type":"ReadAction","target":["https:\/\/espak.ee\/epood\/toode\/septik-strong-3000l-imbvaljakuga\/"]}]},{"@type":"ImageObject","inLanguage":"et","@id":"https:\/\/espak.ee\/epood\/toode\/septik-strong-3000l-imbvaljakuga\/#primaryimage","url":"https:\/\/espak.ee\/epood\/wp-content\/uploads\/2021\/12\/501105_ID1000_Septik_3m3_imbvaljak_jaotuskaev.png","contentUrl":"https:\/\/espak.ee\/epood\/wp-content\/uploads\/2021\/12\/501105_ID1000_Septik_3m3_imbvaljak_jaotuskaev.png","width":1080,"height":1080},{"@type":"BreadcrumbList","@id":"https:\/\/espak.ee\/epood\/toode\/septik-strong-3000l-imbvaljakuga\/#breadcrumb","itemListElement":[{"@type":"ListItem","position":1,"name":"Home","item":"https:\/\/espak.ee\/epood\/"},{"@type":"ListItem","position":2,"name":"Tootevalik","item":"https:\/\/espak.ee\/epood\/tootevalik\/"},{"@type":"ListItem","position":3,"name":"SEPTIK STRONG 3000L IMBV\u00c4LJAKUGA"}]},{"@type":"WebSite","@id":"https:\/\/espak.ee\/epood\/#website","url":"https:\/\/espak.ee\/epood\/","name":"Espak E-pood","description":"","potentialAction":[{"@type":"SearchAction","target":{"@type":"EntryPoint","urlTemplate":"https:\/\/espak.ee\/epood\/?s={search_term_string}"},"query-input":{"@type":"PropertyValueSpecification","valueRequired":true,"valueName":"search_term_string"}}],"inLanguage":"et"}]}},"_links":{"self":[{"href":"https:\/\/espak.ee\/epood\/wp-json\/wp\/v2\/product\/103905","targetHints":{"allow":["GET"]}}],"collection":[{"href":"https:\/\/espak.ee\/epood\/wp-json\/wp\/v2\/product"}],"about":[{"href":"https:\/\/espak.ee\/epood\/wp-json\/wp\/v2\/types\/product"}],"replies":[{"embeddable":true,"href":"https:\/\/espak.ee\/epood\/wp-json\/wp\/v2\/comments?post=103905"}],"wp:featuredmedia":[{"embeddable":true,"href":"https:\/\/espak.ee\/epood\/wp-json\/wp\/v2\/media\/125964"}],"wp:attachment":[{"href":"https:\/\/espak.ee\/epood\/wp-json\/wp\/v2\/media?parent=103905"}],"wp:term":[{"taxonomy":"product_brand","embeddable":true,"href":"https:\/\/espak.ee\/epood\/wp-json\/wp\/v2\/product_brand?post=103905"},{"taxonomy":"product_cat","embeddable":true,"href":"https:\/\/espak.ee\/epood\/wp-json\/wp\/v2\/product_cat?post=103905"},{"taxonomy":"product_tag","embeddable":true,"href":"https:\/\/espak.ee\/epood\/wp-json\/wp\/v2\/product_tag?post=103905"}],"curies":[{"name":"wp","href":"https:\/\/api.w.org\/{rel}","templated":true}]}}