{"id":103187,"date":"2021-12-17T02:16:33","date_gmt":"2021-12-17T02:16:33","guid":{"rendered":"https:\/\/espak.ee\/epood\/?post_type=product&#038;p=103187"},"modified":"2026-03-21T09:11:46","modified_gmt":"2026-03-21T07:11:46","slug":"poolmatt-spetsiaallakk-teknos-helo-aqua-20-045l","status":"publish","type":"product","link":"https:\/\/espak.ee\/epood\/toode\/poolmatt-spetsiaallakk-teknos-helo-aqua-20-045l\/","title":{"rendered":"POOLMATT SPETSIAALLAKK TEKNOS HELO AQUA 20 0,45L"},"content":{"rendered":"<div class=\"row\"  id=\"row-1976191103\">\n\n\t<div id=\"col-532264902\" class=\"col medium-9 small-12 large-9\"  >\n\t\t\t\t<div class=\"col-inner\"  >\n\t\t\t\n\t\t\t\n<h3>Poolmatt spetsiaallakk Helo Aqua 20 0,45L Teknos<\/h3>\n<p>HELO AQUA 20 on poolmatt vesialuseline pol\u00fcuretaandispersioonip\u00f5hine spetsiaallakk. Puitpindadele siseja v\u00e4lit\u00f6\u00f6deks.<\/p>\n<p>Kasutamine: Laud- ja parkettp\u00f5randad, sisetrepid, sise- ja v\u00e4lisinventar.<br \/>\nToode t\u00e4idab m\u00e4nguasjade ohutuse standardi EN 71-3:2019 keemiliste elementide eraldumise piirm\u00e4\u00e4rade n\u00f5udmisi.\n<\/p>\n\t\t<\/div>\n\t\t\t\t\t<\/div>\n\n\t\n\n\t<div id=\"col-1857663529\" class=\"col medium-3 small-12 large-3\"  >\n\t\t\t\t<div class=\"col-inner\"  >\n\t\t\t\n\t\t\t\n\t<div id=\"gap-1362848159\" class=\"gap-element clearfix\" style=\"display:block; height:auto;\">\n\t\t\n<style>\n#gap-1362848159 {\n  padding-top: 30px;\n}\n<\/style>\n\t<\/div>\n\t\n<h3>Tootekirjeldus<\/h3>\n<p><a href=\"https:\/\/espak.ee\/epood\/wp-content\/uploads\/2021\/12\/HELO-AQUA-20_0480-20_TDS_et.pdf\"target=\"_blank\" rel=\"noopener noreferrer\"><i class=\"far fa-file-pdf\"><\/i> Tootekirjeldus (PDF)<\/a><\/p>\n<h3>Ohutuskaart<\/h3>\n<p><a href=\"https:\/\/espak.ee\/epood\/wp-content\/uploads\/2021\/12\/HELO-AQUA-20_2020-09-30_EE_et.pdf\"target=\"_blank\" rel=\"noopener noreferrer\"><i class=\"far fa-file-pdf\"><\/i> Ohutuskaart (PDF)<\/a><\/p>\n<div class=\"is-divider divider clearfix\" ><\/div>\n<p><strong>\u00dcksikasjalikuma n\u00f5u saamiseks v\u00f5tke \u00fchendust:<br \/><\/strong>Teknos O\u00dc<br \/>Kesk tee 29, Aaviku k\u00fcla<br \/>Rae vald, Harjumaa<br \/>75 305<br \/>+372 656 34 91<\/p>\n\t\t<\/div>\n\t\t\t\t\t<\/div>\n\n\t\n<\/div>\n","protected":false},"excerpt":{"rendered":"","protected":false},"featured_media":103444,"comment_status":"closed","ping_status":"closed","template":"","meta":[],"product_brand":[],"product_cat":[2693,2694,2684,2683],"product_tag":[],"class_list":{"0":"post-103187","1":"product","2":"type-product","3":"status-publish","4":"has-post-thumbnail","6":"product_cat-lakid-peitsid-olid-puidukaitse","7":"product_cat-siselakid-ja-peitsid","8":"product_cat-varvid-lakid-lahustid-puidukaitsed-olid","9":"product_cat-viimistluskaubad","10":"product_shipping_class-dpd-cold","11":"pa_kaubamark-teknos-ou","13":"first","14":"instock","15":"sale","16":"taxable","17":"shipping-taxable","18":"purchasable","19":"product-type-simple"},"yoast_head":"<!-- This site is optimized with the Yoast SEO plugin v26.9 - https:\/\/yoast.com\/product\/yoast-seo-wordpress\/ -->\n<title>POOLMATT SPETSIAALLAKK TEKNOS HELO AQUA 20 0,45L - Espak E-pood<\/title>\n<meta name=\"robots\" content=\"index, follow, max-snippet:-1, max-image-preview:large, max-video-preview:-1\" \/>\n<link rel=\"canonical\" href=\"https:\/\/espak.ee\/epood\/toode\/poolmatt-spetsiaallakk-teknos-helo-aqua-20-045l\/\" \/>\n<meta property=\"og:locale\" content=\"et_EE\" \/>\n<meta property=\"og:type\" content=\"article\" \/>\n<meta property=\"og:title\" content=\"POOLMATT SPETSIAALLAKK TEKNOS HELO AQUA 20 0,45L - Espak E-pood\" \/>\n<meta property=\"og:url\" content=\"https:\/\/espak.ee\/epood\/toode\/poolmatt-spetsiaallakk-teknos-helo-aqua-20-045l\/\" \/>\n<meta property=\"og:site_name\" content=\"Espak E-pood\" \/>\n<meta property=\"article:modified_time\" content=\"2026-03-21T07:11:46+00:00\" \/>\n<meta property=\"og:image\" content=\"https:\/\/espak.ee\/epood\/wp-content\/uploads\/2021\/12\/Teknos_05L_HELO-AQUA-20.jpg\" \/>\n\t<meta property=\"og:image:width\" content=\"800\" \/>\n\t<meta property=\"og:image:height\" content=\"800\" \/>\n\t<meta property=\"og:image:type\" content=\"image\/jpeg\" \/>\n<meta name=\"twitter:card\" content=\"summary_large_image\" \/>\n<script type=\"application\/ld+json\" class=\"yoast-schema-graph\">{\"@context\":\"https:\/\/schema.org\",\"@graph\":[{\"@type\":\"WebPage\",\"@id\":\"https:\/\/espak.ee\/epood\/toode\/poolmatt-spetsiaallakk-teknos-helo-aqua-20-045l\/\",\"url\":\"https:\/\/espak.ee\/epood\/toode\/poolmatt-spetsiaallakk-teknos-helo-aqua-20-045l\/\",\"name\":\"POOLMATT SPETSIAALLAKK TEKNOS HELO AQUA 20 0,45L - Espak E-pood\",\"isPartOf\":{\"@id\":\"https:\/\/espak.ee\/epood\/#website\"},\"primaryImageOfPage\":{\"@id\":\"https:\/\/espak.ee\/epood\/toode\/poolmatt-spetsiaallakk-teknos-helo-aqua-20-045l\/#primaryimage\"},\"image\":{\"@id\":\"https:\/\/espak.ee\/epood\/toode\/poolmatt-spetsiaallakk-teknos-helo-aqua-20-045l\/#primaryimage\"},\"thumbnailUrl\":\"https:\/\/espak.ee\/epood\/wp-content\/uploads\/2021\/12\/Teknos_05L_HELO-AQUA-20.jpg\",\"datePublished\":\"2021-12-17T02:16:33+00:00\",\"dateModified\":\"2026-03-21T07:11:46+00:00\",\"breadcrumb\":{\"@id\":\"https:\/\/espak.ee\/epood\/toode\/poolmatt-spetsiaallakk-teknos-helo-aqua-20-045l\/#breadcrumb\"},\"inLanguage\":\"et\",\"potentialAction\":[{\"@type\":\"ReadAction\",\"target\":[\"https:\/\/espak.ee\/epood\/toode\/poolmatt-spetsiaallakk-teknos-helo-aqua-20-045l\/\"]}]},{\"@type\":\"ImageObject\",\"inLanguage\":\"et\",\"@id\":\"https:\/\/espak.ee\/epood\/toode\/poolmatt-spetsiaallakk-teknos-helo-aqua-20-045l\/#primaryimage\",\"url\":\"https:\/\/espak.ee\/epood\/wp-content\/uploads\/2021\/12\/Teknos_05L_HELO-AQUA-20.jpg\",\"contentUrl\":\"https:\/\/espak.ee\/epood\/wp-content\/uploads\/2021\/12\/Teknos_05L_HELO-AQUA-20.jpg\",\"width\":800,\"height\":800},{\"@type\":\"BreadcrumbList\",\"@id\":\"https:\/\/espak.ee\/epood\/toode\/poolmatt-spetsiaallakk-teknos-helo-aqua-20-045l\/#breadcrumb\",\"itemListElement\":[{\"@type\":\"ListItem\",\"position\":1,\"name\":\"Home\",\"item\":\"https:\/\/espak.ee\/epood\/\"},{\"@type\":\"ListItem\",\"position\":2,\"name\":\"Tootevalik\",\"item\":\"https:\/\/espak.ee\/epood\/tootevalik\/\"},{\"@type\":\"ListItem\",\"position\":3,\"name\":\"POOLMATT SPETSIAALLAKK TEKNOS HELO AQUA 20 0,45L\"}]},{\"@type\":\"WebSite\",\"@id\":\"https:\/\/espak.ee\/epood\/#website\",\"url\":\"https:\/\/espak.ee\/epood\/\",\"name\":\"Espak E-pood\",\"description\":\"\",\"potentialAction\":[{\"@type\":\"SearchAction\",\"target\":{\"@type\":\"EntryPoint\",\"urlTemplate\":\"https:\/\/espak.ee\/epood\/?s={search_term_string}\"},\"query-input\":{\"@type\":\"PropertyValueSpecification\",\"valueRequired\":true,\"valueName\":\"search_term_string\"}}],\"inLanguage\":\"et\"}]}<\/script>\n<!-- \/ Yoast SEO plugin. -->","yoast_head_json":{"title":"POOLMATT SPETSIAALLAKK TEKNOS HELO AQUA 20 0,45L - Espak E-pood","robots":{"index":"index","follow":"follow","max-snippet":"max-snippet:-1","max-image-preview":"max-image-preview:large","max-video-preview":"max-video-preview:-1"},"canonical":"https:\/\/espak.ee\/epood\/toode\/poolmatt-spetsiaallakk-teknos-helo-aqua-20-045l\/","og_locale":"et_EE","og_type":"article","og_title":"POOLMATT SPETSIAALLAKK TEKNOS HELO AQUA 20 0,45L - Espak E-pood","og_url":"https:\/\/espak.ee\/epood\/toode\/poolmatt-spetsiaallakk-teknos-helo-aqua-20-045l\/","og_site_name":"Espak E-pood","article_modified_time":"2026-03-21T07:11:46+00:00","og_image":[{"width":800,"height":800,"url":"https:\/\/espak.ee\/epood\/wp-content\/uploads\/2021\/12\/Teknos_05L_HELO-AQUA-20.jpg","type":"image\/jpeg"}],"twitter_card":"summary_large_image","schema":{"@context":"https:\/\/schema.org","@graph":[{"@type":"WebPage","@id":"https:\/\/espak.ee\/epood\/toode\/poolmatt-spetsiaallakk-teknos-helo-aqua-20-045l\/","url":"https:\/\/espak.ee\/epood\/toode\/poolmatt-spetsiaallakk-teknos-helo-aqua-20-045l\/","name":"POOLMATT SPETSIAALLAKK TEKNOS HELO AQUA 20 0,45L - Espak E-pood","isPartOf":{"@id":"https:\/\/espak.ee\/epood\/#website"},"primaryImageOfPage":{"@id":"https:\/\/espak.ee\/epood\/toode\/poolmatt-spetsiaallakk-teknos-helo-aqua-20-045l\/#primaryimage"},"image":{"@id":"https:\/\/espak.ee\/epood\/toode\/poolmatt-spetsiaallakk-teknos-helo-aqua-20-045l\/#primaryimage"},"thumbnailUrl":"https:\/\/espak.ee\/epood\/wp-content\/uploads\/2021\/12\/Teknos_05L_HELO-AQUA-20.jpg","datePublished":"2021-12-17T02:16:33+00:00","dateModified":"2026-03-21T07:11:46+00:00","breadcrumb":{"@id":"https:\/\/espak.ee\/epood\/toode\/poolmatt-spetsiaallakk-teknos-helo-aqua-20-045l\/#breadcrumb"},"inLanguage":"et","potentialAction":[{"@type":"ReadAction","target":["https:\/\/espak.ee\/epood\/toode\/poolmatt-spetsiaallakk-teknos-helo-aqua-20-045l\/"]}]},{"@type":"ImageObject","inLanguage":"et","@id":"https:\/\/espak.ee\/epood\/toode\/poolmatt-spetsiaallakk-teknos-helo-aqua-20-045l\/#primaryimage","url":"https:\/\/espak.ee\/epood\/wp-content\/uploads\/2021\/12\/Teknos_05L_HELO-AQUA-20.jpg","contentUrl":"https:\/\/espak.ee\/epood\/wp-content\/uploads\/2021\/12\/Teknos_05L_HELO-AQUA-20.jpg","width":800,"height":800},{"@type":"BreadcrumbList","@id":"https:\/\/espak.ee\/epood\/toode\/poolmatt-spetsiaallakk-teknos-helo-aqua-20-045l\/#breadcrumb","itemListElement":[{"@type":"ListItem","position":1,"name":"Home","item":"https:\/\/espak.ee\/epood\/"},{"@type":"ListItem","position":2,"name":"Tootevalik","item":"https:\/\/espak.ee\/epood\/tootevalik\/"},{"@type":"ListItem","position":3,"name":"POOLMATT SPETSIAALLAKK TEKNOS HELO AQUA 20 0,45L"}]},{"@type":"WebSite","@id":"https:\/\/espak.ee\/epood\/#website","url":"https:\/\/espak.ee\/epood\/","name":"Espak E-pood","description":"","potentialAction":[{"@type":"SearchAction","target":{"@type":"EntryPoint","urlTemplate":"https:\/\/espak.ee\/epood\/?s={search_term_string}"},"query-input":{"@type":"PropertyValueSpecification","valueRequired":true,"valueName":"search_term_string"}}],"inLanguage":"et"}]}},"_links":{"self":[{"href":"https:\/\/espak.ee\/epood\/wp-json\/wp\/v2\/product\/103187","targetHints":{"allow":["GET"]}}],"collection":[{"href":"https:\/\/espak.ee\/epood\/wp-json\/wp\/v2\/product"}],"about":[{"href":"https:\/\/espak.ee\/epood\/wp-json\/wp\/v2\/types\/product"}],"replies":[{"embeddable":true,"href":"https:\/\/espak.ee\/epood\/wp-json\/wp\/v2\/comments?post=103187"}],"wp:featuredmedia":[{"embeddable":true,"href":"https:\/\/espak.ee\/epood\/wp-json\/wp\/v2\/media\/103444"}],"wp:attachment":[{"href":"https:\/\/espak.ee\/epood\/wp-json\/wp\/v2\/media?parent=103187"}],"wp:term":[{"taxonomy":"product_brand","embeddable":true,"href":"https:\/\/espak.ee\/epood\/wp-json\/wp\/v2\/product_brand?post=103187"},{"taxonomy":"product_cat","embeddable":true,"href":"https:\/\/espak.ee\/epood\/wp-json\/wp\/v2\/product_cat?post=103187"},{"taxonomy":"product_tag","embeddable":true,"href":"https:\/\/espak.ee\/epood\/wp-json\/wp\/v2\/product_tag?post=103187"}],"curies":[{"name":"wp","href":"https:\/\/api.w.org\/{rel}","templated":true}]}}