{"id":103121,"date":"2021-12-16T03:42:03","date_gmt":"2021-12-16T03:42:03","guid":{"rendered":"https:\/\/espak.ee\/epood\/?post_type=product&#038;p=103121"},"modified":"2026-04-07T09:50:01","modified_gmt":"2026-04-07T06:50:01","slug":"bio-kasvuhoonemuld-matogard-60l","status":"publish","type":"product","link":"https:\/\/espak.ee\/epood\/toode\/bio-kasvuhoonemuld-matogard-60l\/","title":{"rendered":"BIO KASVUHOONEMULD MATOGARD 60L"},"content":{"rendered":"<div class=\"row\"  id=\"row-817171055\">\n\n\t<div id=\"col-1291442809\" class=\"col medium-9 small-12 large-9\"  >\n\t\t\t\t<div class=\"col-inner\"  >\n\t\t\t\n\t\t\t\n<h3>Bio kasvuhoonemuld Matogard 60L<\/h3>\n<p>Kaks-\u00fches-toode: kasvumuld  ja mullaparandus.<\/p>\n<p>Kasvumuld \u2013 kasutusvalmis bioloogiliselt aktiivne \u00fcldmuld kasvuhoone taimedele.<br \/>\nMullaparandus \u2013 lisades olemasolevale kasvumullale, parandab t\u00e4nu kompostidele ning humiinpreparaadile kasvumulla bioloogilisi omadusi aastateks.<\/p>\n<p><strong>Kasutuskoht:<\/strong><br \/>\n&#8211; K\u00f6\u00f6giviljade kasvatamine katmikalal<br \/>\n&#8211; Kasvumuldade parandamine<\/p>\n<p><strong>Koostis:<\/strong><br \/>\n&#8211; Turvas \u2013 dolomiidijahuga neutraliseeritud ja orgaaniliste v\u00e4etistega rikastatud v\u00e4iksema lagunemisastmega ja suurema veemahutavusega hele kasvuturvas.<br \/>\n&#8211; Kompost s\u00f5nnikust \u2013 biotehnoloogiliselt valmistatud taimetoitaineterikast kompost. Tagab taimedele sobiva mikrobioloogilise koosluse.<br \/>\n&#8211; Biohuumus e. vermikompost \u2013 s\u00f5nnikuussidega valmistatud kompost. Lisab mulda vitamiine, kasvuaineid, aminohappeid ja kasuliku mikrofloora.<br \/>\n&#8211; Humiinpreparaat \u2013 kiirendab tugeva juurestiku arenemist, parandab mulla mikrofloorat. Aitab kaasa taime toitainete omastamisele.  Humiinid leevendavad ebasoodsatest kasvutingimustest tingitud taime kasvustressi.  On loodusliku p\u00e4ritoluga.<br \/>\n&#8211; Trichoderma spp \u2013 kasulik seen, mis moodustades seeneniidistiku taime juurte \u00fcmber p\u00e4rsib haiguste teket ja levikut, soodustab juurte arengut  ja kiirendab kasvu.<br \/>\n&#8211; Orgaanilised v\u00e4etised \u2013 looduslikud v\u00e4etised, mis tagavad koos kompostidega taimede kasvuks vajaliku toitainete vahekorra.<\/p>\n<p>Matogardi kompostiga kasvuhoonemulda v\u00f5ib kasutada mahetootmises. Toode vastab EU m\u00e4\u00e4rusele  (EC) Nr. 834\/2007.<br \/>\n<div class=\"is-divider divider clearfix\" ><\/div>\n<strong>Soovitused:<\/strong><br \/>\nKasvuhoones ja peenrakastides kasvukihi paksus 10 \u2013 30 cm.<br \/>\nKasvukihi paksus s\u00f5ltub kasvatavast kultuurist ja kasutatavast kastmiss\u00fcsteemist. Tilkkastmisel mulla kiht v\u00e4iksem, kastekannuga v\u00f5i voolikust kastes soovituslik mullakiht paksem.<br \/>\nKompostidega antud toitained on mullas pikema aja v\u00e4ltel ning nad on mullaosakestega tugevasti  seotud.<br \/>\nSegades Matogardi aiamulda olemasolevasse kasvupinnasesse parandavad  kompostid ja mikrobioloogilised preparaadid aastateks olemasoleva kasvumulla bioloogilisi ja f\u00fc\u00fcsikalisi omadusi. Kiireneb taimede kasv,  tugevneb juurestik, soodustab \u00f5itsemist ja suureneb saagikus. Paraneb taimede haiguskindlus ja stressitaluvus.<\/p>\n\t\t<\/div>\n\t\t\t\t\t<\/div>\n\n\t\n\n\t<div id=\"col-1801837361\" class=\"col medium-3 small-12 large-3\"  >\n\t\t\t\t<div class=\"col-inner\"  >\n\t\t\t\n\t\t\t\n<div class=\"is-divider divider clearfix\" ><\/div>\n<p><strong>\u00dcksikasjalikuma n\u00f5u saamiseks v\u00f5tke \u00fchendust:<br \/><\/strong>Matogard O\u00dc<br \/>Altpoe, Randiv\u00e4lja k\u00fcla<br \/>86814<br \/>P\u00e4rnumaa<br \/>+372 447 5570<\/p>\n\t\t<\/div>\n\t\t\t\t\t<\/div>\n\n\t\n<\/div>\n","protected":false},"excerpt":{"rendered":"","protected":false},"featured_media":104298,"comment_status":"closed","ping_status":"closed","template":"","meta":[],"product_brand":[],"product_cat":[2905,2789,2788,2879],"product_tag":[],"class_list":{"0":"post-103121","1":"product","2":"type-product","3":"status-publish","4":"has-post-thumbnail","6":"product_cat-aiamullad","7":"product_cat-aiatarbed","8":"product_cat-aiatarbed-ja-kodukaubad","9":"product_cat-aiaturbad-ja-mullad","10":"pa_kaubamark-matogard-ou","12":"first","13":"instock","14":"sale","15":"taxable","16":"shipping-taxable","17":"purchasable","18":"product-type-simple"},"yoast_head":"<!-- This site is optimized with the Yoast SEO plugin v26.9 - https:\/\/yoast.com\/product\/yoast-seo-wordpress\/ -->\n<title>BIO KASVUHOONEMULD MATOGARD 60L - Espak E-pood<\/title>\n<meta name=\"robots\" content=\"index, follow, max-snippet:-1, max-image-preview:large, max-video-preview:-1\" \/>\n<link rel=\"canonical\" href=\"https:\/\/espak.ee\/epood\/toode\/bio-kasvuhoonemuld-matogard-60l\/\" \/>\n<meta property=\"og:locale\" content=\"et_EE\" \/>\n<meta property=\"og:type\" content=\"article\" \/>\n<meta property=\"og:title\" content=\"BIO KASVUHOONEMULD MATOGARD 60L - Espak E-pood\" \/>\n<meta property=\"og:url\" content=\"https:\/\/espak.ee\/epood\/toode\/bio-kasvuhoonemuld-matogard-60l\/\" \/>\n<meta property=\"og:site_name\" content=\"Espak E-pood\" \/>\n<meta property=\"article:modified_time\" content=\"2026-04-07T06:50:01+00:00\" \/>\n<meta property=\"og:image\" content=\"https:\/\/espak.ee\/epood\/wp-content\/uploads\/2021\/12\/kasvuhoone-60.jpg\" \/>\n\t<meta property=\"og:image:width\" content=\"1000\" \/>\n\t<meta property=\"og:image:height\" content=\"1000\" \/>\n\t<meta property=\"og:image:type\" content=\"image\/jpeg\" \/>\n<meta name=\"twitter:card\" content=\"summary_large_image\" \/>\n<meta name=\"twitter:label1\" content=\"Est. reading time\" \/>\n\t<meta name=\"twitter:data1\" content=\"1 minut\" \/>\n<script type=\"application\/ld+json\" class=\"yoast-schema-graph\">{\"@context\":\"https:\/\/schema.org\",\"@graph\":[{\"@type\":\"WebPage\",\"@id\":\"https:\/\/espak.ee\/epood\/toode\/bio-kasvuhoonemuld-matogard-60l\/\",\"url\":\"https:\/\/espak.ee\/epood\/toode\/bio-kasvuhoonemuld-matogard-60l\/\",\"name\":\"BIO KASVUHOONEMULD MATOGARD 60L - Espak E-pood\",\"isPartOf\":{\"@id\":\"https:\/\/espak.ee\/epood\/#website\"},\"primaryImageOfPage\":{\"@id\":\"https:\/\/espak.ee\/epood\/toode\/bio-kasvuhoonemuld-matogard-60l\/#primaryimage\"},\"image\":{\"@id\":\"https:\/\/espak.ee\/epood\/toode\/bio-kasvuhoonemuld-matogard-60l\/#primaryimage\"},\"thumbnailUrl\":\"https:\/\/espak.ee\/epood\/wp-content\/uploads\/2021\/12\/kasvuhoone-60.jpg\",\"datePublished\":\"2021-12-16T03:42:03+00:00\",\"dateModified\":\"2026-04-07T06:50:01+00:00\",\"breadcrumb\":{\"@id\":\"https:\/\/espak.ee\/epood\/toode\/bio-kasvuhoonemuld-matogard-60l\/#breadcrumb\"},\"inLanguage\":\"et\",\"potentialAction\":[{\"@type\":\"ReadAction\",\"target\":[\"https:\/\/espak.ee\/epood\/toode\/bio-kasvuhoonemuld-matogard-60l\/\"]}]},{\"@type\":\"ImageObject\",\"inLanguage\":\"et\",\"@id\":\"https:\/\/espak.ee\/epood\/toode\/bio-kasvuhoonemuld-matogard-60l\/#primaryimage\",\"url\":\"https:\/\/espak.ee\/epood\/wp-content\/uploads\/2021\/12\/kasvuhoone-60.jpg\",\"contentUrl\":\"https:\/\/espak.ee\/epood\/wp-content\/uploads\/2021\/12\/kasvuhoone-60.jpg\",\"width\":1000,\"height\":1000},{\"@type\":\"BreadcrumbList\",\"@id\":\"https:\/\/espak.ee\/epood\/toode\/bio-kasvuhoonemuld-matogard-60l\/#breadcrumb\",\"itemListElement\":[{\"@type\":\"ListItem\",\"position\":1,\"name\":\"Home\",\"item\":\"https:\/\/espak.ee\/epood\/\"},{\"@type\":\"ListItem\",\"position\":2,\"name\":\"Tootevalik\",\"item\":\"https:\/\/espak.ee\/epood\/tootevalik\/\"},{\"@type\":\"ListItem\",\"position\":3,\"name\":\"BIO KASVUHOONEMULD MATOGARD 60L\"}]},{\"@type\":\"WebSite\",\"@id\":\"https:\/\/espak.ee\/epood\/#website\",\"url\":\"https:\/\/espak.ee\/epood\/\",\"name\":\"Espak E-pood\",\"description\":\"\",\"potentialAction\":[{\"@type\":\"SearchAction\",\"target\":{\"@type\":\"EntryPoint\",\"urlTemplate\":\"https:\/\/espak.ee\/epood\/?s={search_term_string}\"},\"query-input\":{\"@type\":\"PropertyValueSpecification\",\"valueRequired\":true,\"valueName\":\"search_term_string\"}}],\"inLanguage\":\"et\"}]}<\/script>\n<!-- \/ Yoast SEO plugin. -->","yoast_head_json":{"title":"BIO KASVUHOONEMULD MATOGARD 60L - Espak E-pood","robots":{"index":"index","follow":"follow","max-snippet":"max-snippet:-1","max-image-preview":"max-image-preview:large","max-video-preview":"max-video-preview:-1"},"canonical":"https:\/\/espak.ee\/epood\/toode\/bio-kasvuhoonemuld-matogard-60l\/","og_locale":"et_EE","og_type":"article","og_title":"BIO KASVUHOONEMULD MATOGARD 60L - Espak E-pood","og_url":"https:\/\/espak.ee\/epood\/toode\/bio-kasvuhoonemuld-matogard-60l\/","og_site_name":"Espak E-pood","article_modified_time":"2026-04-07T06:50:01+00:00","og_image":[{"width":1000,"height":1000,"url":"https:\/\/espak.ee\/epood\/wp-content\/uploads\/2021\/12\/kasvuhoone-60.jpg","type":"image\/jpeg"}],"twitter_card":"summary_large_image","twitter_misc":{"Est. reading time":"1 minut"},"schema":{"@context":"https:\/\/schema.org","@graph":[{"@type":"WebPage","@id":"https:\/\/espak.ee\/epood\/toode\/bio-kasvuhoonemuld-matogard-60l\/","url":"https:\/\/espak.ee\/epood\/toode\/bio-kasvuhoonemuld-matogard-60l\/","name":"BIO KASVUHOONEMULD MATOGARD 60L - Espak E-pood","isPartOf":{"@id":"https:\/\/espak.ee\/epood\/#website"},"primaryImageOfPage":{"@id":"https:\/\/espak.ee\/epood\/toode\/bio-kasvuhoonemuld-matogard-60l\/#primaryimage"},"image":{"@id":"https:\/\/espak.ee\/epood\/toode\/bio-kasvuhoonemuld-matogard-60l\/#primaryimage"},"thumbnailUrl":"https:\/\/espak.ee\/epood\/wp-content\/uploads\/2021\/12\/kasvuhoone-60.jpg","datePublished":"2021-12-16T03:42:03+00:00","dateModified":"2026-04-07T06:50:01+00:00","breadcrumb":{"@id":"https:\/\/espak.ee\/epood\/toode\/bio-kasvuhoonemuld-matogard-60l\/#breadcrumb"},"inLanguage":"et","potentialAction":[{"@type":"ReadAction","target":["https:\/\/espak.ee\/epood\/toode\/bio-kasvuhoonemuld-matogard-60l\/"]}]},{"@type":"ImageObject","inLanguage":"et","@id":"https:\/\/espak.ee\/epood\/toode\/bio-kasvuhoonemuld-matogard-60l\/#primaryimage","url":"https:\/\/espak.ee\/epood\/wp-content\/uploads\/2021\/12\/kasvuhoone-60.jpg","contentUrl":"https:\/\/espak.ee\/epood\/wp-content\/uploads\/2021\/12\/kasvuhoone-60.jpg","width":1000,"height":1000},{"@type":"BreadcrumbList","@id":"https:\/\/espak.ee\/epood\/toode\/bio-kasvuhoonemuld-matogard-60l\/#breadcrumb","itemListElement":[{"@type":"ListItem","position":1,"name":"Home","item":"https:\/\/espak.ee\/epood\/"},{"@type":"ListItem","position":2,"name":"Tootevalik","item":"https:\/\/espak.ee\/epood\/tootevalik\/"},{"@type":"ListItem","position":3,"name":"BIO KASVUHOONEMULD MATOGARD 60L"}]},{"@type":"WebSite","@id":"https:\/\/espak.ee\/epood\/#website","url":"https:\/\/espak.ee\/epood\/","name":"Espak E-pood","description":"","potentialAction":[{"@type":"SearchAction","target":{"@type":"EntryPoint","urlTemplate":"https:\/\/espak.ee\/epood\/?s={search_term_string}"},"query-input":{"@type":"PropertyValueSpecification","valueRequired":true,"valueName":"search_term_string"}}],"inLanguage":"et"}]}},"_links":{"self":[{"href":"https:\/\/espak.ee\/epood\/wp-json\/wp\/v2\/product\/103121","targetHints":{"allow":["GET"]}}],"collection":[{"href":"https:\/\/espak.ee\/epood\/wp-json\/wp\/v2\/product"}],"about":[{"href":"https:\/\/espak.ee\/epood\/wp-json\/wp\/v2\/types\/product"}],"replies":[{"embeddable":true,"href":"https:\/\/espak.ee\/epood\/wp-json\/wp\/v2\/comments?post=103121"}],"wp:featuredmedia":[{"embeddable":true,"href":"https:\/\/espak.ee\/epood\/wp-json\/wp\/v2\/media\/104298"}],"wp:attachment":[{"href":"https:\/\/espak.ee\/epood\/wp-json\/wp\/v2\/media?parent=103121"}],"wp:term":[{"taxonomy":"product_brand","embeddable":true,"href":"https:\/\/espak.ee\/epood\/wp-json\/wp\/v2\/product_brand?post=103121"},{"taxonomy":"product_cat","embeddable":true,"href":"https:\/\/espak.ee\/epood\/wp-json\/wp\/v2\/product_cat?post=103121"},{"taxonomy":"product_tag","embeddable":true,"href":"https:\/\/espak.ee\/epood\/wp-json\/wp\/v2\/product_tag?post=103121"}],"curies":[{"name":"wp","href":"https:\/\/api.w.org\/{rel}","templated":true}]}}