{"id":103113,"date":"2021-12-16T01:46:49","date_gmt":"2021-12-16T01:46:49","guid":{"rendered":"https:\/\/espak.ee\/epood\/?post_type=product&#038;p=103113"},"modified":"2024-07-23T10:21:24","modified_gmt":"2024-07-23T07:21:24","slug":"rododendronite-muld-matogard-50l","status":"publish","type":"product","link":"https:\/\/espak.ee\/epood\/toode\/rododendronite-muld-matogard-50l\/","title":{"rendered":"RODODENDRONITE MULD MATOGARD 50L"},"content":{"rendered":"<div class=\"row\"  id=\"row-1047850972\">\n\n\t<div id=\"col-1530884705\" class=\"col medium-9 small-12 large-9\"  >\n\t\t\t\t<div class=\"col-inner\"  >\n\t\t\t\n\t\t\t\n<h3>Rododendronite muld Matogard 50L<\/h3>\n<p>Kasvumuld happelist mulda vajavatele \u00f5uetaimedele.<br \/>\n<strong>Kasutamine:<\/strong><br \/>\n&#8211; Hapulembesed okaspuud ja p\u00f5\u00f5sad<br \/>\n&#8211; Mustikad, j\u00f5hvikad, pohlad<br \/>\n&#8211; Kanarbikud, eerikad<br \/>\n&#8211; Asalead, hortensiad<\/p>\n<p><strong>Koostis:<\/strong><br \/>\n&#8211; Turvas \u2014 segatuna k\u00f5rg- ja madalsooturvas, seob h\u00e4sti vett, happelise reaktsiooniga , haiguste- ja umbrohuvaba<br \/>\n&#8211; Puukoor \u2014 tagab mulla \u00f5hulisuse ning vee l\u00e4bilaskvuse, suurendab mulla bioloogilist aktiivsust , m\u00e4nnikoor p\u00e4rsib juurem\u00e4danikku tekitava seene levikut<br \/>\n&#8211; Liiv \u2014 tagab mullale p\u00fcsiva struktuuri ja hea veel\u00e4bilaskvuse<br \/>\n&#8211; Kompost hobuses\u00f5nnikust \u2014 biotehnoloogiliselt valmistatud taimetoitaineterikast komposti. Tagab taimedele sobiva mikrobioloogilise koosluse. Tunnustamise reg. Nr 09\/ABP\/K001<br \/>\n&#8211; Biohuumus e. vermikompost \u2014 s\u00f5nnikuussidega valmistatud kompost. Lisab mulda vitanniine , kasvuaineid , aminohappeid ja kasuliku mikrofloora.<br \/>\n&#8211; Humiinpreparaat \u2013 kiirendab tugeva juurestiku arenemist, parandab mulla mikrofloorat. Aitab kaasa taime toitainete omastamisele. Humiinid leevendavad ebasoodsatest kasvutingimustest tingitud taime kasvustressi.<br \/>\n&#8211; V\u00e4etised \u2013 rododendronite eriv\u00e4etis kindlustab toitainete vajaduse istutusj\u00e4rgsel hooajal Matogard rododendroni ja okaspuumulla koostisega on tagatud mullale hea veel\u00e4bilaskvus , hea \u00f5hustatus, happeline mullareaktsioon, vajalikud toitained , kasulik ja aktiivne mikrobioloogiline kooslus.<\/p>\n<div class=\"is-divider divider clearfix\" ><\/div>\n<p>Rododendronite istutusaugu suurus on olenevalt plaanitavast kasvukohast ja taime suurusest 30 cm s\u00fcgav ja 40-100 cm lai. Istutusala rajamisel on oluline arvestada , et rododendronite juured hargnevad laiuti mitte s\u00fcgavuti. Soovitav on istutusauk v\u00f5i istutusala vooderdada nii k\u00fclgedelt kui p\u00f5hjast peenravaibaga. Kindlasti on eraldamine vajalik aluselise kasvukeskkonna korral v\u00f5i rajades istutusala suurte puude l\u00e4hedusse. Kasvupinnases, kus mullareaktsioon on happeline ehk pH on alla 5,6 v\u00f5ib teha v\u00e4iksema istutusaugu ja eraldamine ei ole vajalik. \u00dchele taimele sobilik kogus 50 kuni 300 liitrit.<\/p>\n<p>Okaspuude istumisel istutusaugu laius on 2-3 korda suurem istutatava taime juurepallist ja istutusaugu s\u00fcgavus 50 cm. Mullakulu 2-3 kotti \u00fchele taimele. Mustikad, pohlad, kanarbikud, eerikad mullakulu 5-20 liitrit \u00fchele taimele.<\/p>\n<p>Mullaparandus \u2014 leeliselise mullareaktsiooni v\u00e4hendamiseks segada olemasolevale kasvupinnasele rododendroni -ja okaspuumulda 0,5 kuni 2 kotti \/m2-1e.<\/p>\n\t\t<\/div>\n\t\t\t\t\t<\/div>\n\n\t\n\n\t<div id=\"col-219792183\" class=\"col medium-3 small-12 large-3\"  >\n\t\t\t\t<div class=\"col-inner\"  >\n\t\t\t\n\t\t\t\n<div class=\"is-divider divider clearfix\" ><\/div>\n<p><strong>\u00dcksikasjalikuma n\u00f5u saamiseks v\u00f5tke \u00fchendust:<br \/><\/strong>Matogard O\u00dc<br \/>Altpoe, Randiv\u00e4lja k\u00fcla<br \/>86814<br \/>P\u00e4rnumaa<br \/>+372 447 5570<\/p>\n\t\t<\/div>\n\t\t\t\t\t<\/div>\n\n\t\n<\/div>\n","protected":false},"excerpt":{"rendered":"","protected":false},"featured_media":104305,"comment_status":"closed","ping_status":"closed","template":"","meta":[],"product_brand":[],"product_cat":[2789,2788,2879,2880],"product_tag":[],"class_list":{"0":"post-103113","1":"product","2":"type-product","3":"status-publish","4":"has-post-thumbnail","6":"product_cat-aiatarbed","7":"product_cat-aiatarbed-ja-kodukaubad","8":"product_cat-aiaturbad-ja-mullad","9":"product_cat-lillemullad","10":"pa_kaubamark-matogard-ou","12":"first","13":"instock","14":"sale","15":"taxable","16":"shipping-taxable","17":"purchasable","18":"product-type-simple"},"yoast_head":"<!-- This site is optimized with the Yoast SEO plugin v26.9 - https:\/\/yoast.com\/product\/yoast-seo-wordpress\/ -->\n<title>RODODENDRONITE MULD MATOGARD 50L - Espak E-pood<\/title>\n<meta name=\"robots\" content=\"index, follow, max-snippet:-1, max-image-preview:large, max-video-preview:-1\" \/>\n<link rel=\"canonical\" href=\"https:\/\/espak.ee\/epood\/toode\/rododendronite-muld-matogard-50l\/\" \/>\n<meta property=\"og:locale\" content=\"et_EE\" \/>\n<meta property=\"og:type\" content=\"article\" \/>\n<meta property=\"og:title\" content=\"RODODENDRONITE MULD MATOGARD 50L - Espak E-pood\" \/>\n<meta property=\"og:url\" content=\"https:\/\/espak.ee\/epood\/toode\/rododendronite-muld-matogard-50l\/\" \/>\n<meta property=\"og:site_name\" content=\"Espak E-pood\" \/>\n<meta property=\"article:modified_time\" content=\"2024-07-23T07:21:24+00:00\" \/>\n<meta property=\"og:image\" content=\"https:\/\/espak.ee\/epood\/wp-content\/uploads\/2021\/12\/rodo.jpg\" \/>\n\t<meta property=\"og:image:width\" content=\"1000\" \/>\n\t<meta property=\"og:image:height\" content=\"1000\" \/>\n\t<meta property=\"og:image:type\" content=\"image\/jpeg\" \/>\n<meta name=\"twitter:card\" content=\"summary_large_image\" \/>\n<meta name=\"twitter:label1\" content=\"Est. reading time\" \/>\n\t<meta name=\"twitter:data1\" content=\"2 minutit\" \/>\n<script type=\"application\/ld+json\" class=\"yoast-schema-graph\">{\"@context\":\"https:\/\/schema.org\",\"@graph\":[{\"@type\":\"WebPage\",\"@id\":\"https:\/\/espak.ee\/epood\/toode\/rododendronite-muld-matogard-50l\/\",\"url\":\"https:\/\/espak.ee\/epood\/toode\/rododendronite-muld-matogard-50l\/\",\"name\":\"RODODENDRONITE MULD MATOGARD 50L - Espak E-pood\",\"isPartOf\":{\"@id\":\"https:\/\/espak.ee\/epood\/#website\"},\"primaryImageOfPage\":{\"@id\":\"https:\/\/espak.ee\/epood\/toode\/rododendronite-muld-matogard-50l\/#primaryimage\"},\"image\":{\"@id\":\"https:\/\/espak.ee\/epood\/toode\/rododendronite-muld-matogard-50l\/#primaryimage\"},\"thumbnailUrl\":\"https:\/\/espak.ee\/epood\/wp-content\/uploads\/2021\/12\/rodo.jpg\",\"datePublished\":\"2021-12-16T01:46:49+00:00\",\"dateModified\":\"2024-07-23T07:21:24+00:00\",\"breadcrumb\":{\"@id\":\"https:\/\/espak.ee\/epood\/toode\/rododendronite-muld-matogard-50l\/#breadcrumb\"},\"inLanguage\":\"et\",\"potentialAction\":[{\"@type\":\"ReadAction\",\"target\":[\"https:\/\/espak.ee\/epood\/toode\/rododendronite-muld-matogard-50l\/\"]}]},{\"@type\":\"ImageObject\",\"inLanguage\":\"et\",\"@id\":\"https:\/\/espak.ee\/epood\/toode\/rododendronite-muld-matogard-50l\/#primaryimage\",\"url\":\"https:\/\/espak.ee\/epood\/wp-content\/uploads\/2021\/12\/rodo.jpg\",\"contentUrl\":\"https:\/\/espak.ee\/epood\/wp-content\/uploads\/2021\/12\/rodo.jpg\",\"width\":1000,\"height\":1000},{\"@type\":\"BreadcrumbList\",\"@id\":\"https:\/\/espak.ee\/epood\/toode\/rododendronite-muld-matogard-50l\/#breadcrumb\",\"itemListElement\":[{\"@type\":\"ListItem\",\"position\":1,\"name\":\"Home\",\"item\":\"https:\/\/espak.ee\/epood\/\"},{\"@type\":\"ListItem\",\"position\":2,\"name\":\"Tootevalik\",\"item\":\"https:\/\/espak.ee\/epood\/tootevalik\/\"},{\"@type\":\"ListItem\",\"position\":3,\"name\":\"RODODENDRONITE MULD MATOGARD 50L\"}]},{\"@type\":\"WebSite\",\"@id\":\"https:\/\/espak.ee\/epood\/#website\",\"url\":\"https:\/\/espak.ee\/epood\/\",\"name\":\"Espak E-pood\",\"description\":\"\",\"potentialAction\":[{\"@type\":\"SearchAction\",\"target\":{\"@type\":\"EntryPoint\",\"urlTemplate\":\"https:\/\/espak.ee\/epood\/?s={search_term_string}\"},\"query-input\":{\"@type\":\"PropertyValueSpecification\",\"valueRequired\":true,\"valueName\":\"search_term_string\"}}],\"inLanguage\":\"et\"}]}<\/script>\n<!-- \/ Yoast SEO plugin. -->","yoast_head_json":{"title":"RODODENDRONITE MULD MATOGARD 50L - Espak E-pood","robots":{"index":"index","follow":"follow","max-snippet":"max-snippet:-1","max-image-preview":"max-image-preview:large","max-video-preview":"max-video-preview:-1"},"canonical":"https:\/\/espak.ee\/epood\/toode\/rododendronite-muld-matogard-50l\/","og_locale":"et_EE","og_type":"article","og_title":"RODODENDRONITE MULD MATOGARD 50L - Espak E-pood","og_url":"https:\/\/espak.ee\/epood\/toode\/rododendronite-muld-matogard-50l\/","og_site_name":"Espak E-pood","article_modified_time":"2024-07-23T07:21:24+00:00","og_image":[{"width":1000,"height":1000,"url":"https:\/\/espak.ee\/epood\/wp-content\/uploads\/2021\/12\/rodo.jpg","type":"image\/jpeg"}],"twitter_card":"summary_large_image","twitter_misc":{"Est. reading time":"2 minutit"},"schema":{"@context":"https:\/\/schema.org","@graph":[{"@type":"WebPage","@id":"https:\/\/espak.ee\/epood\/toode\/rododendronite-muld-matogard-50l\/","url":"https:\/\/espak.ee\/epood\/toode\/rododendronite-muld-matogard-50l\/","name":"RODODENDRONITE MULD MATOGARD 50L - Espak E-pood","isPartOf":{"@id":"https:\/\/espak.ee\/epood\/#website"},"primaryImageOfPage":{"@id":"https:\/\/espak.ee\/epood\/toode\/rododendronite-muld-matogard-50l\/#primaryimage"},"image":{"@id":"https:\/\/espak.ee\/epood\/toode\/rododendronite-muld-matogard-50l\/#primaryimage"},"thumbnailUrl":"https:\/\/espak.ee\/epood\/wp-content\/uploads\/2021\/12\/rodo.jpg","datePublished":"2021-12-16T01:46:49+00:00","dateModified":"2024-07-23T07:21:24+00:00","breadcrumb":{"@id":"https:\/\/espak.ee\/epood\/toode\/rododendronite-muld-matogard-50l\/#breadcrumb"},"inLanguage":"et","potentialAction":[{"@type":"ReadAction","target":["https:\/\/espak.ee\/epood\/toode\/rododendronite-muld-matogard-50l\/"]}]},{"@type":"ImageObject","inLanguage":"et","@id":"https:\/\/espak.ee\/epood\/toode\/rododendronite-muld-matogard-50l\/#primaryimage","url":"https:\/\/espak.ee\/epood\/wp-content\/uploads\/2021\/12\/rodo.jpg","contentUrl":"https:\/\/espak.ee\/epood\/wp-content\/uploads\/2021\/12\/rodo.jpg","width":1000,"height":1000},{"@type":"BreadcrumbList","@id":"https:\/\/espak.ee\/epood\/toode\/rododendronite-muld-matogard-50l\/#breadcrumb","itemListElement":[{"@type":"ListItem","position":1,"name":"Home","item":"https:\/\/espak.ee\/epood\/"},{"@type":"ListItem","position":2,"name":"Tootevalik","item":"https:\/\/espak.ee\/epood\/tootevalik\/"},{"@type":"ListItem","position":3,"name":"RODODENDRONITE MULD MATOGARD 50L"}]},{"@type":"WebSite","@id":"https:\/\/espak.ee\/epood\/#website","url":"https:\/\/espak.ee\/epood\/","name":"Espak E-pood","description":"","potentialAction":[{"@type":"SearchAction","target":{"@type":"EntryPoint","urlTemplate":"https:\/\/espak.ee\/epood\/?s={search_term_string}"},"query-input":{"@type":"PropertyValueSpecification","valueRequired":true,"valueName":"search_term_string"}}],"inLanguage":"et"}]}},"_links":{"self":[{"href":"https:\/\/espak.ee\/epood\/wp-json\/wp\/v2\/product\/103113","targetHints":{"allow":["GET"]}}],"collection":[{"href":"https:\/\/espak.ee\/epood\/wp-json\/wp\/v2\/product"}],"about":[{"href":"https:\/\/espak.ee\/epood\/wp-json\/wp\/v2\/types\/product"}],"replies":[{"embeddable":true,"href":"https:\/\/espak.ee\/epood\/wp-json\/wp\/v2\/comments?post=103113"}],"wp:featuredmedia":[{"embeddable":true,"href":"https:\/\/espak.ee\/epood\/wp-json\/wp\/v2\/media\/104305"}],"wp:attachment":[{"href":"https:\/\/espak.ee\/epood\/wp-json\/wp\/v2\/media?parent=103113"}],"wp:term":[{"taxonomy":"product_brand","embeddable":true,"href":"https:\/\/espak.ee\/epood\/wp-json\/wp\/v2\/product_brand?post=103113"},{"taxonomy":"product_cat","embeddable":true,"href":"https:\/\/espak.ee\/epood\/wp-json\/wp\/v2\/product_cat?post=103113"},{"taxonomy":"product_tag","embeddable":true,"href":"https:\/\/espak.ee\/epood\/wp-json\/wp\/v2\/product_tag?post=103113"}],"curies":[{"name":"wp","href":"https:\/\/api.w.org\/{rel}","templated":true}]}}