{"id":10297,"date":"2019-10-08T02:30:26","date_gmt":"2019-10-07T23:30:26","guid":{"rendered":"https:\/\/espak.ee\/hinnakiri\/?post_type=product&#038;p=10297"},"modified":"2025-06-08T08:54:56","modified_gmt":"2025-06-08T05:54:56","slug":"bituumen-kulmliim-cold-glue-5kg","status":"publish","type":"product","link":"https:\/\/espak.ee\/epood\/toode\/bituumen-kulmliim-cold-glue-5kg\/","title":{"rendered":"BITUUMEN K\u00dcLMLIIM COLD GLUE 5KG"},"content":{"rendered":"<div class=\"row\"  id=\"row-1805476544\">\n\n\t<div id=\"col-508486550\" class=\"col medium-9 small-12 large-9\"  >\n\t\t\t\t<div class=\"col-inner\"  >\n\t\t\t\n\t\t\t\n<p>COLD CLUE: Bituumen k\u00fclmliim, Bituumen materjalide kleepimiseks ja pindade h\u00fcdroisolatsiooniks. <\/p>\n<div class=\"message-box relative\" style=\"padding-top:15px;padding-bottom:15px;\"><div class=\"message-box-bg-image bg-fill fill\" ><\/div><div class=\"message-box-bg-overlay bg-fill fill\" ><\/div><div class=\"container relative\"><div class=\"inner last-reset\">\n<div class=\"row align-middle align-center\"  id=\"row-778385977\">\n\n\t<div id=\"col-2103504349\" class=\"col small-12 large-12\"  >\n\t\t\t\t<div class=\"col-inner text-left\"  >\n\t\t\t\n\t\t\t\n<h4>Omadused<\/h4>\n<div class=\"row\"  id=\"row-1918438432\">\n\n\t<div id=\"col-1566382445\" class=\"col medium-6 small-12 large-6\"  >\n\t\t\t\t<div class=\"col-inner\"  >\n\t\t\t\n\t\t\t\n<p><i class=\"far fa-check-circle fa-2x\"><\/i> <strong>V\u00f5ib kasutada kergelt niisketel pindadel<\/strong><\/p>\n\t\t<\/div>\n\t\t\t\t\n<style>\n#col-1566382445 > .col-inner {\n  margin: 10px 0px 15px 0px;\n}\n<\/style>\n\t<\/div>\n\n\t\n\n\t<div id=\"col-1899534933\" class=\"col medium-6 small-12 large-6\"  >\n\t\t\t\t<div class=\"col-inner\"  >\n\t\t\t\n\t\t\t\n<p><i class=\"far fa-check-circle fa-2x\"><\/i> <strong>Vundamentide, soklite ja vundamendi vaiade h\u00fcdroisolatsiooniks<\/strong><\/p>\n\t\t<\/div>\n\t\t\t\t\n<style>\n#col-1899534933 > .col-inner {\n  margin: 10px 0px 15px 0px;\n}\n<\/style>\n\t<\/div>\n\n\t\n<\/div>\n\t\t<\/div>\n\t\t\t\t\t<\/div>\n\n\t\n<\/div>\n<\/div><\/div><\/div>\n\t<div id=\"gap-3875422\" class=\"gap-element clearfix\" style=\"display:block; height:auto;\">\n\t\t\n<style>\n#gap-3875422 {\n  padding-top: 30px;\n}\n<\/style>\n\t<\/div>\n\t\n<h3>Kasutamise \u00fcksikasjad<\/h3>\n<p><strong>Kasutamine:<\/strong> Pinnad peavd olema tugevad,kuivad ja kuivad (pinnad v\u00f6ivadolla kergelt niisked ). Vajadusel eelnevalt kruntida Bitum Primeriga. Kahjustused ja praod t\u00e4ita eelnevalt Fiber Bitumiga. Mastiksit kanda pintsli v\u00f6i pahtli labidaga, oodata 15 -20 min. ja seej\u00e4rel suruda pinnale ruberoid. Mitte kasutada pol\u00fcst\u00fcrooli liimimiseks. Pinnale kanda minimaalselt kaks h\u00fcdroisolatsiooni kihti eri suundades. Teine kiht kanda peale esimese kihi t\u00e4ielikku kuivamist (24 tundi).<\/p>\n<p><strong>Ohutus:<\/strong> Tuleohtlik. Hoida laste eest. Kahjulik sissehingamisel. \u00c4rritab silmi, nahka ja hingamiselundeid. Kahjulik veeorganismidele. V\u00f5ib omada pikaajalist negatiivset m\u00f5ju veekeskkonnale. Hoia sattumast nahale ja silma. Kasuta kindaid ja kaitsvat riietust. Tulekahju korral kasuta pulberkustutit, vahttulekustutit v\u00f5i liiva. Silma v\u00f5i suhu sattumisel p\u00f6\u00f6rdu arsti poole.<\/p>\n\t\t<\/div>\n\t\t\t\t\t<\/div>\n\n\t\n<\/div>\n","protected":false},"excerpt":{"rendered":"","protected":false},"featured_media":141376,"comment_status":"closed","ping_status":"closed","template":"","meta":[],"product_brand":[],"product_cat":[2703,2706,2707,2683],"product_tag":[],"class_list":{"0":"post-10297","1":"product","2":"type-product","3":"status-publish","4":"has-post-thumbnail","6":"product_cat-ehituskeemia","7":"product_cat-liimid","8":"product_cat-universaalliimid","9":"product_cat-viimistluskaubad","10":"pa_kaubamark-kkk-piegus-ou","12":"first","13":"instock","14":"sale","15":"taxable","16":"shipping-taxable","17":"purchasable","18":"product-type-simple"},"yoast_head":"<!-- This site is optimized with the Yoast SEO plugin v26.9 - https:\/\/yoast.com\/product\/yoast-seo-wordpress\/ -->\n<title>BITUUMEN K\u00dcLMLIIM COLD GLUE 5KG - Espak E-pood<\/title>\n<meta name=\"robots\" content=\"index, follow, max-snippet:-1, max-image-preview:large, max-video-preview:-1\" \/>\n<link rel=\"canonical\" href=\"https:\/\/espak.ee\/epood\/toode\/bituumen-kulmliim-cold-glue-5kg\/\" \/>\n<meta property=\"og:locale\" content=\"et_EE\" \/>\n<meta property=\"og:type\" content=\"article\" \/>\n<meta property=\"og:title\" content=\"BITUUMEN K\u00dcLMLIIM COLD GLUE 5KG - Espak E-pood\" \/>\n<meta property=\"og:url\" content=\"https:\/\/espak.ee\/epood\/toode\/bituumen-kulmliim-cold-glue-5kg\/\" \/>\n<meta property=\"og:site_name\" content=\"Espak E-pood\" \/>\n<meta property=\"article:modified_time\" content=\"2025-06-08T05:54:56+00:00\" \/>\n<meta property=\"og:image\" content=\"https:\/\/espak.ee\/epood\/wp-content\/uploads\/2019\/10\/Cold-Glue-vesimargita.jpg\" \/>\n\t<meta property=\"og:image:width\" content=\"800\" \/>\n\t<meta property=\"og:image:height\" content=\"800\" \/>\n\t<meta property=\"og:image:type\" content=\"image\/jpeg\" \/>\n<meta name=\"twitter:card\" content=\"summary_large_image\" \/>\n<meta name=\"twitter:label1\" content=\"Est. reading time\" \/>\n\t<meta name=\"twitter:data1\" content=\"1 minut\" \/>\n<script type=\"application\/ld+json\" class=\"yoast-schema-graph\">{\"@context\":\"https:\/\/schema.org\",\"@graph\":[{\"@type\":\"WebPage\",\"@id\":\"https:\/\/espak.ee\/epood\/toode\/bituumen-kulmliim-cold-glue-5kg\/\",\"url\":\"https:\/\/espak.ee\/epood\/toode\/bituumen-kulmliim-cold-glue-5kg\/\",\"name\":\"BITUUMEN K\u00dcLMLIIM COLD GLUE 5KG - Espak E-pood\",\"isPartOf\":{\"@id\":\"https:\/\/espak.ee\/epood\/#website\"},\"primaryImageOfPage\":{\"@id\":\"https:\/\/espak.ee\/epood\/toode\/bituumen-kulmliim-cold-glue-5kg\/#primaryimage\"},\"image\":{\"@id\":\"https:\/\/espak.ee\/epood\/toode\/bituumen-kulmliim-cold-glue-5kg\/#primaryimage\"},\"thumbnailUrl\":\"https:\/\/espak.ee\/epood\/wp-content\/uploads\/2019\/10\/Cold-Glue-vesimargita.jpg\",\"datePublished\":\"2019-10-07T23:30:26+00:00\",\"dateModified\":\"2025-06-08T05:54:56+00:00\",\"breadcrumb\":{\"@id\":\"https:\/\/espak.ee\/epood\/toode\/bituumen-kulmliim-cold-glue-5kg\/#breadcrumb\"},\"inLanguage\":\"et\",\"potentialAction\":[{\"@type\":\"ReadAction\",\"target\":[\"https:\/\/espak.ee\/epood\/toode\/bituumen-kulmliim-cold-glue-5kg\/\"]}]},{\"@type\":\"ImageObject\",\"inLanguage\":\"et\",\"@id\":\"https:\/\/espak.ee\/epood\/toode\/bituumen-kulmliim-cold-glue-5kg\/#primaryimage\",\"url\":\"https:\/\/espak.ee\/epood\/wp-content\/uploads\/2019\/10\/Cold-Glue-vesimargita.jpg\",\"contentUrl\":\"https:\/\/espak.ee\/epood\/wp-content\/uploads\/2019\/10\/Cold-Glue-vesimargita.jpg\",\"width\":800,\"height\":800},{\"@type\":\"BreadcrumbList\",\"@id\":\"https:\/\/espak.ee\/epood\/toode\/bituumen-kulmliim-cold-glue-5kg\/#breadcrumb\",\"itemListElement\":[{\"@type\":\"ListItem\",\"position\":1,\"name\":\"Home\",\"item\":\"https:\/\/espak.ee\/epood\/\"},{\"@type\":\"ListItem\",\"position\":2,\"name\":\"Tootevalik\",\"item\":\"https:\/\/espak.ee\/epood\/tootevalik\/\"},{\"@type\":\"ListItem\",\"position\":3,\"name\":\"BITUUMEN K\u00dcLMLIIM COLD GLUE 5KG\"}]},{\"@type\":\"WebSite\",\"@id\":\"https:\/\/espak.ee\/epood\/#website\",\"url\":\"https:\/\/espak.ee\/epood\/\",\"name\":\"Espak E-pood\",\"description\":\"\",\"potentialAction\":[{\"@type\":\"SearchAction\",\"target\":{\"@type\":\"EntryPoint\",\"urlTemplate\":\"https:\/\/espak.ee\/epood\/?s={search_term_string}\"},\"query-input\":{\"@type\":\"PropertyValueSpecification\",\"valueRequired\":true,\"valueName\":\"search_term_string\"}}],\"inLanguage\":\"et\"}]}<\/script>\n<!-- \/ Yoast SEO plugin. -->","yoast_head_json":{"title":"BITUUMEN K\u00dcLMLIIM COLD GLUE 5KG - Espak E-pood","robots":{"index":"index","follow":"follow","max-snippet":"max-snippet:-1","max-image-preview":"max-image-preview:large","max-video-preview":"max-video-preview:-1"},"canonical":"https:\/\/espak.ee\/epood\/toode\/bituumen-kulmliim-cold-glue-5kg\/","og_locale":"et_EE","og_type":"article","og_title":"BITUUMEN K\u00dcLMLIIM COLD GLUE 5KG - Espak E-pood","og_url":"https:\/\/espak.ee\/epood\/toode\/bituumen-kulmliim-cold-glue-5kg\/","og_site_name":"Espak E-pood","article_modified_time":"2025-06-08T05:54:56+00:00","og_image":[{"width":800,"height":800,"url":"https:\/\/espak.ee\/epood\/wp-content\/uploads\/2019\/10\/Cold-Glue-vesimargita.jpg","type":"image\/jpeg"}],"twitter_card":"summary_large_image","twitter_misc":{"Est. reading time":"1 minut"},"schema":{"@context":"https:\/\/schema.org","@graph":[{"@type":"WebPage","@id":"https:\/\/espak.ee\/epood\/toode\/bituumen-kulmliim-cold-glue-5kg\/","url":"https:\/\/espak.ee\/epood\/toode\/bituumen-kulmliim-cold-glue-5kg\/","name":"BITUUMEN K\u00dcLMLIIM COLD GLUE 5KG - Espak E-pood","isPartOf":{"@id":"https:\/\/espak.ee\/epood\/#website"},"primaryImageOfPage":{"@id":"https:\/\/espak.ee\/epood\/toode\/bituumen-kulmliim-cold-glue-5kg\/#primaryimage"},"image":{"@id":"https:\/\/espak.ee\/epood\/toode\/bituumen-kulmliim-cold-glue-5kg\/#primaryimage"},"thumbnailUrl":"https:\/\/espak.ee\/epood\/wp-content\/uploads\/2019\/10\/Cold-Glue-vesimargita.jpg","datePublished":"2019-10-07T23:30:26+00:00","dateModified":"2025-06-08T05:54:56+00:00","breadcrumb":{"@id":"https:\/\/espak.ee\/epood\/toode\/bituumen-kulmliim-cold-glue-5kg\/#breadcrumb"},"inLanguage":"et","potentialAction":[{"@type":"ReadAction","target":["https:\/\/espak.ee\/epood\/toode\/bituumen-kulmliim-cold-glue-5kg\/"]}]},{"@type":"ImageObject","inLanguage":"et","@id":"https:\/\/espak.ee\/epood\/toode\/bituumen-kulmliim-cold-glue-5kg\/#primaryimage","url":"https:\/\/espak.ee\/epood\/wp-content\/uploads\/2019\/10\/Cold-Glue-vesimargita.jpg","contentUrl":"https:\/\/espak.ee\/epood\/wp-content\/uploads\/2019\/10\/Cold-Glue-vesimargita.jpg","width":800,"height":800},{"@type":"BreadcrumbList","@id":"https:\/\/espak.ee\/epood\/toode\/bituumen-kulmliim-cold-glue-5kg\/#breadcrumb","itemListElement":[{"@type":"ListItem","position":1,"name":"Home","item":"https:\/\/espak.ee\/epood\/"},{"@type":"ListItem","position":2,"name":"Tootevalik","item":"https:\/\/espak.ee\/epood\/tootevalik\/"},{"@type":"ListItem","position":3,"name":"BITUUMEN K\u00dcLMLIIM COLD GLUE 5KG"}]},{"@type":"WebSite","@id":"https:\/\/espak.ee\/epood\/#website","url":"https:\/\/espak.ee\/epood\/","name":"Espak E-pood","description":"","potentialAction":[{"@type":"SearchAction","target":{"@type":"EntryPoint","urlTemplate":"https:\/\/espak.ee\/epood\/?s={search_term_string}"},"query-input":{"@type":"PropertyValueSpecification","valueRequired":true,"valueName":"search_term_string"}}],"inLanguage":"et"}]}},"_links":{"self":[{"href":"https:\/\/espak.ee\/epood\/wp-json\/wp\/v2\/product\/10297","targetHints":{"allow":["GET"]}}],"collection":[{"href":"https:\/\/espak.ee\/epood\/wp-json\/wp\/v2\/product"}],"about":[{"href":"https:\/\/espak.ee\/epood\/wp-json\/wp\/v2\/types\/product"}],"replies":[{"embeddable":true,"href":"https:\/\/espak.ee\/epood\/wp-json\/wp\/v2\/comments?post=10297"}],"wp:featuredmedia":[{"embeddable":true,"href":"https:\/\/espak.ee\/epood\/wp-json\/wp\/v2\/media\/141376"}],"wp:attachment":[{"href":"https:\/\/espak.ee\/epood\/wp-json\/wp\/v2\/media?parent=10297"}],"wp:term":[{"taxonomy":"product_brand","embeddable":true,"href":"https:\/\/espak.ee\/epood\/wp-json\/wp\/v2\/product_brand?post=10297"},{"taxonomy":"product_cat","embeddable":true,"href":"https:\/\/espak.ee\/epood\/wp-json\/wp\/v2\/product_cat?post=10297"},{"taxonomy":"product_tag","embeddable":true,"href":"https:\/\/espak.ee\/epood\/wp-json\/wp\/v2\/product_tag?post=10297"}],"curies":[{"name":"wp","href":"https:\/\/api.w.org\/{rel}","templated":true}]}}