{"id":102646,"date":"2021-12-11T03:49:27","date_gmt":"2021-12-11T03:49:27","guid":{"rendered":"https:\/\/espak.ee\/epood\/?post_type=product&#038;p=102646"},"modified":"2026-04-07T12:28:25","modified_gmt":"2026-04-07T09:28:25","slug":"kooritud-paevalilleseemned-baltic-agro-3kg","status":"publish","type":"product","link":"https:\/\/espak.ee\/epood\/toode\/kooritud-paevalilleseemned-baltic-agro-3kg\/","title":{"rendered":"KOORITUD P\u00c4EVALILLESEEMNED BALTIC AGRO 3KG"},"content":{"rendered":"<div class=\"row\"  id=\"row-747456092\">\n\n\t<div id=\"col-535158728\" class=\"col medium-9 small-12 large-9\"  >\n\t\t\t\t<div class=\"col-inner\"  >\n\t\t\t\n\t\t\t\n<h3>Kooritud p\u00e4evalilleseemned Baltic Agro 3kg<\/h3>\n<p>Kooritud p\u00e4evalilleseemned on v\u00e4ga k\u00f5rge toitev\u00e4\u00e4rtusega parim s\u00f6\u00f6t lindude talviseks toitmiseks. Lindudel lihtne s\u00fc\u00fca. Eelistavad eelk\u00f5ige just v\u00e4iksemad linnud, kelle nokad pole piisavalt tugevad koorega p\u00e4evalilleseemnete l\u00f5hkumiseks. Mugav kasutada, sest ei ole vajadust kevadel s\u00f6\u00f6gimaja alt koorepr\u00fcgi koristada.<\/p>\n\t\t<\/div>\n\t\t\t\t\t<\/div>\n\n\t\n\n\t<div id=\"col-2052538010\" class=\"col medium-3 small-12 large-3\"  >\n\t\t\t\t<div class=\"col-inner\"  >\n\t\t\t\n\t\t\t\n<p><strong>\u00dcksikasjalikuma n\u00f5u saamiseks v\u00f5tke \u00fchendust:<br \/><\/strong>Baltic Agro AS,<br \/> Rukki tee 8,<br \/> Lehmja k\u00fcla, Rae vald,<br \/> Telefon +372 606 2260<\/p>\n\t\t<\/div>\n\t\t\t\t\t<\/div>\n\n\t\n<\/div>\n","protected":false},"excerpt":{"rendered":"","protected":false},"featured_media":103523,"comment_status":"closed","ping_status":"closed","template":"","meta":[],"product_brand":[],"product_cat":[2789,2788,3347,3346],"product_tag":[],"class_list":{"0":"post-102646","1":"product","2":"type-product","3":"status-publish","4":"has-post-thumbnail","6":"product_cat-aiatarbed","7":"product_cat-aiatarbed-ja-kodukaubad","8":"product_cat-linnutoidud","9":"product_cat-seemned-ja-sibulad","10":"pa_kaubamark-baltic-agro-as","12":"first","13":"instock","14":"sale","15":"taxable","16":"shipping-taxable","17":"purchasable","18":"product-type-simple"},"yoast_head":"<!-- This site is optimized with the Yoast SEO plugin v26.9 - https:\/\/yoast.com\/product\/yoast-seo-wordpress\/ -->\n<title>KOORITUD P\u00c4EVALILLESEEMNED BALTIC AGRO 3KG - Espak E-pood<\/title>\n<meta name=\"robots\" content=\"index, follow, max-snippet:-1, max-image-preview:large, max-video-preview:-1\" \/>\n<link rel=\"canonical\" href=\"https:\/\/espak.ee\/epood\/toode\/kooritud-paevalilleseemned-baltic-agro-3kg\/\" \/>\n<meta property=\"og:locale\" content=\"et_EE\" \/>\n<meta property=\"og:type\" content=\"article\" \/>\n<meta property=\"og:title\" content=\"KOORITUD P\u00c4EVALILLESEEMNED BALTIC AGRO 3KG - Espak E-pood\" \/>\n<meta property=\"og:url\" content=\"https:\/\/espak.ee\/epood\/toode\/kooritud-paevalilleseemned-baltic-agro-3kg\/\" \/>\n<meta property=\"og:site_name\" content=\"Espak E-pood\" \/>\n<meta property=\"article:modified_time\" content=\"2026-04-07T09:28:25+00:00\" \/>\n<meta property=\"og:image\" content=\"https:\/\/espak.ee\/epood\/wp-content\/uploads\/2021\/12\/kooritud-paevalilleseemned3.jpg\" \/>\n\t<meta property=\"og:image:width\" content=\"900\" \/>\n\t<meta property=\"og:image:height\" content=\"959\" \/>\n\t<meta property=\"og:image:type\" content=\"image\/jpeg\" \/>\n<meta name=\"twitter:card\" content=\"summary_large_image\" \/>\n<script type=\"application\/ld+json\" class=\"yoast-schema-graph\">{\"@context\":\"https:\/\/schema.org\",\"@graph\":[{\"@type\":\"WebPage\",\"@id\":\"https:\/\/espak.ee\/epood\/toode\/kooritud-paevalilleseemned-baltic-agro-3kg\/\",\"url\":\"https:\/\/espak.ee\/epood\/toode\/kooritud-paevalilleseemned-baltic-agro-3kg\/\",\"name\":\"KOORITUD P\u00c4EVALILLESEEMNED BALTIC AGRO 3KG - Espak E-pood\",\"isPartOf\":{\"@id\":\"https:\/\/espak.ee\/epood\/#website\"},\"primaryImageOfPage\":{\"@id\":\"https:\/\/espak.ee\/epood\/toode\/kooritud-paevalilleseemned-baltic-agro-3kg\/#primaryimage\"},\"image\":{\"@id\":\"https:\/\/espak.ee\/epood\/toode\/kooritud-paevalilleseemned-baltic-agro-3kg\/#primaryimage\"},\"thumbnailUrl\":\"https:\/\/espak.ee\/epood\/wp-content\/uploads\/2021\/12\/kooritud-paevalilleseemned3.jpg\",\"datePublished\":\"2021-12-11T03:49:27+00:00\",\"dateModified\":\"2026-04-07T09:28:25+00:00\",\"breadcrumb\":{\"@id\":\"https:\/\/espak.ee\/epood\/toode\/kooritud-paevalilleseemned-baltic-agro-3kg\/#breadcrumb\"},\"inLanguage\":\"et\",\"potentialAction\":[{\"@type\":\"ReadAction\",\"target\":[\"https:\/\/espak.ee\/epood\/toode\/kooritud-paevalilleseemned-baltic-agro-3kg\/\"]}]},{\"@type\":\"ImageObject\",\"inLanguage\":\"et\",\"@id\":\"https:\/\/espak.ee\/epood\/toode\/kooritud-paevalilleseemned-baltic-agro-3kg\/#primaryimage\",\"url\":\"https:\/\/espak.ee\/epood\/wp-content\/uploads\/2021\/12\/kooritud-paevalilleseemned3.jpg\",\"contentUrl\":\"https:\/\/espak.ee\/epood\/wp-content\/uploads\/2021\/12\/kooritud-paevalilleseemned3.jpg\",\"width\":900,\"height\":959},{\"@type\":\"BreadcrumbList\",\"@id\":\"https:\/\/espak.ee\/epood\/toode\/kooritud-paevalilleseemned-baltic-agro-3kg\/#breadcrumb\",\"itemListElement\":[{\"@type\":\"ListItem\",\"position\":1,\"name\":\"Home\",\"item\":\"https:\/\/espak.ee\/epood\/\"},{\"@type\":\"ListItem\",\"position\":2,\"name\":\"Tootevalik\",\"item\":\"https:\/\/espak.ee\/epood\/tootevalik\/\"},{\"@type\":\"ListItem\",\"position\":3,\"name\":\"KOORITUD P\u00c4EVALILLESEEMNED BALTIC AGRO 3KG\"}]},{\"@type\":\"WebSite\",\"@id\":\"https:\/\/espak.ee\/epood\/#website\",\"url\":\"https:\/\/espak.ee\/epood\/\",\"name\":\"Espak E-pood\",\"description\":\"\",\"potentialAction\":[{\"@type\":\"SearchAction\",\"target\":{\"@type\":\"EntryPoint\",\"urlTemplate\":\"https:\/\/espak.ee\/epood\/?s={search_term_string}\"},\"query-input\":{\"@type\":\"PropertyValueSpecification\",\"valueRequired\":true,\"valueName\":\"search_term_string\"}}],\"inLanguage\":\"et\"}]}<\/script>\n<!-- \/ Yoast SEO plugin. -->","yoast_head_json":{"title":"KOORITUD P\u00c4EVALILLESEEMNED BALTIC AGRO 3KG - Espak E-pood","robots":{"index":"index","follow":"follow","max-snippet":"max-snippet:-1","max-image-preview":"max-image-preview:large","max-video-preview":"max-video-preview:-1"},"canonical":"https:\/\/espak.ee\/epood\/toode\/kooritud-paevalilleseemned-baltic-agro-3kg\/","og_locale":"et_EE","og_type":"article","og_title":"KOORITUD P\u00c4EVALILLESEEMNED BALTIC AGRO 3KG - Espak E-pood","og_url":"https:\/\/espak.ee\/epood\/toode\/kooritud-paevalilleseemned-baltic-agro-3kg\/","og_site_name":"Espak E-pood","article_modified_time":"2026-04-07T09:28:25+00:00","og_image":[{"width":900,"height":959,"url":"https:\/\/espak.ee\/epood\/wp-content\/uploads\/2021\/12\/kooritud-paevalilleseemned3.jpg","type":"image\/jpeg"}],"twitter_card":"summary_large_image","schema":{"@context":"https:\/\/schema.org","@graph":[{"@type":"WebPage","@id":"https:\/\/espak.ee\/epood\/toode\/kooritud-paevalilleseemned-baltic-agro-3kg\/","url":"https:\/\/espak.ee\/epood\/toode\/kooritud-paevalilleseemned-baltic-agro-3kg\/","name":"KOORITUD P\u00c4EVALILLESEEMNED BALTIC AGRO 3KG - Espak E-pood","isPartOf":{"@id":"https:\/\/espak.ee\/epood\/#website"},"primaryImageOfPage":{"@id":"https:\/\/espak.ee\/epood\/toode\/kooritud-paevalilleseemned-baltic-agro-3kg\/#primaryimage"},"image":{"@id":"https:\/\/espak.ee\/epood\/toode\/kooritud-paevalilleseemned-baltic-agro-3kg\/#primaryimage"},"thumbnailUrl":"https:\/\/espak.ee\/epood\/wp-content\/uploads\/2021\/12\/kooritud-paevalilleseemned3.jpg","datePublished":"2021-12-11T03:49:27+00:00","dateModified":"2026-04-07T09:28:25+00:00","breadcrumb":{"@id":"https:\/\/espak.ee\/epood\/toode\/kooritud-paevalilleseemned-baltic-agro-3kg\/#breadcrumb"},"inLanguage":"et","potentialAction":[{"@type":"ReadAction","target":["https:\/\/espak.ee\/epood\/toode\/kooritud-paevalilleseemned-baltic-agro-3kg\/"]}]},{"@type":"ImageObject","inLanguage":"et","@id":"https:\/\/espak.ee\/epood\/toode\/kooritud-paevalilleseemned-baltic-agro-3kg\/#primaryimage","url":"https:\/\/espak.ee\/epood\/wp-content\/uploads\/2021\/12\/kooritud-paevalilleseemned3.jpg","contentUrl":"https:\/\/espak.ee\/epood\/wp-content\/uploads\/2021\/12\/kooritud-paevalilleseemned3.jpg","width":900,"height":959},{"@type":"BreadcrumbList","@id":"https:\/\/espak.ee\/epood\/toode\/kooritud-paevalilleseemned-baltic-agro-3kg\/#breadcrumb","itemListElement":[{"@type":"ListItem","position":1,"name":"Home","item":"https:\/\/espak.ee\/epood\/"},{"@type":"ListItem","position":2,"name":"Tootevalik","item":"https:\/\/espak.ee\/epood\/tootevalik\/"},{"@type":"ListItem","position":3,"name":"KOORITUD P\u00c4EVALILLESEEMNED BALTIC AGRO 3KG"}]},{"@type":"WebSite","@id":"https:\/\/espak.ee\/epood\/#website","url":"https:\/\/espak.ee\/epood\/","name":"Espak E-pood","description":"","potentialAction":[{"@type":"SearchAction","target":{"@type":"EntryPoint","urlTemplate":"https:\/\/espak.ee\/epood\/?s={search_term_string}"},"query-input":{"@type":"PropertyValueSpecification","valueRequired":true,"valueName":"search_term_string"}}],"inLanguage":"et"}]}},"_links":{"self":[{"href":"https:\/\/espak.ee\/epood\/wp-json\/wp\/v2\/product\/102646","targetHints":{"allow":["GET"]}}],"collection":[{"href":"https:\/\/espak.ee\/epood\/wp-json\/wp\/v2\/product"}],"about":[{"href":"https:\/\/espak.ee\/epood\/wp-json\/wp\/v2\/types\/product"}],"replies":[{"embeddable":true,"href":"https:\/\/espak.ee\/epood\/wp-json\/wp\/v2\/comments?post=102646"}],"wp:featuredmedia":[{"embeddable":true,"href":"https:\/\/espak.ee\/epood\/wp-json\/wp\/v2\/media\/103523"}],"wp:attachment":[{"href":"https:\/\/espak.ee\/epood\/wp-json\/wp\/v2\/media?parent=102646"}],"wp:term":[{"taxonomy":"product_brand","embeddable":true,"href":"https:\/\/espak.ee\/epood\/wp-json\/wp\/v2\/product_brand?post=102646"},{"taxonomy":"product_cat","embeddable":true,"href":"https:\/\/espak.ee\/epood\/wp-json\/wp\/v2\/product_cat?post=102646"},{"taxonomy":"product_tag","embeddable":true,"href":"https:\/\/espak.ee\/epood\/wp-json\/wp\/v2\/product_tag?post=102646"}],"curies":[{"name":"wp","href":"https:\/\/api.w.org\/{rel}","templated":true}]}}