{"id":101528,"date":"2021-12-01T00:07:47","date_gmt":"2021-12-01T00:07:47","guid":{"rendered":"https:\/\/espak.ee\/epood\/?post_type=product&#038;p=101528"},"modified":"2026-03-21T09:59:38","modified_gmt":"2026-03-21T07:59:38","slug":"katuseparandusvarv-rr22-hall-400ml","status":"publish","type":"product","link":"https:\/\/espak.ee\/epood\/toode\/katuseparandusvarv-rr22-hall-400ml\/","title":{"rendered":"KATUSEPARANDUSV\u00c4RV RR22 HALL 400ML"},"content":{"rendered":"<div class=\"row\"  id=\"row-1171265879\">\n\n\t<div id=\"col-1502350679\" class=\"col medium-9 small-12 large-9\"  >\n\t\t\t\t<div class=\"col-inner\"  >\n\t\t\t\n\t\t\t\n<h3>Katuseparandusv\u00e4rv RR22 hall 400ml<\/h3>\n<p>RR (RautaRuukki) tooniga katusepleki, vihmaveetorude, aknalaudade jms parandusv\u00e4rv, mis sobib k\u00f5igi levinud pinnakattevahendite v\u00e4rvimiseks.<br \/>\nNakkub ilma kruntimata pol\u00fcuretaan-, vin\u00fc\u00fcl-, plast- ja pol\u00fcesterpindadega.<br \/>\nV\u00e4rvikiht j\u00e4\u00e4b elastne ning talub h\u00e4sti soojuspaisumist.<br \/>\nSobib nii sise- kui v\u00e4list\u00f6\u00f6deks.<br \/>\nJ\u00e4lgi ka pudelil olevat kasutusjuhendit!<\/p>\n\t\t<\/div>\n\t\t\t\t\t<\/div>\n\n\t\n\n\t<div id=\"col-1711138130\" class=\"col medium-3 small-12 large-3\"  >\n\t\t\t\t<div class=\"col-inner\"  >\n\t\t\t\n\t\t\t\n\t<div id=\"gap-1974497596\" class=\"gap-element clearfix\" style=\"display:block; height:auto;\">\n\t\t\n<style>\n#gap-1974497596 {\n  padding-top: 30px;\n}\n<\/style>\n\t<\/div>\n\t\n<p><strong>\u00dcksikasjalikuma n\u00f5u saamiseks v\u00f5tke \u00fchendust:<br \/><\/strong>AS Salome Auto<br \/>Kadaka tee 42a<br \/>12915<br \/>Tallinn<br \/> Telefon +372 6808 801<\/p>\n\t\t<\/div>\n\t\t\t\t\t<\/div>\n\n\t\n<\/div>\n","protected":false},"excerpt":{"rendered":"","protected":false},"featured_media":101960,"comment_status":"closed","ping_status":"closed","template":"","meta":[],"product_brand":[],"product_cat":[2686,2685,2684,2683],"product_tag":[],"class_list":{"0":"post-101528","1":"product","2":"type-product","3":"status-publish","4":"has-post-thumbnail","6":"product_cat-aerosoolvarvid","7":"product_cat-varvid","8":"product_cat-varvid-lakid-lahustid-puidukaitsed-olid","9":"product_cat-viimistluskaubad","10":"product_shipping_class-dpd-cold","11":"pa_kaubamark-salome-auto-as","13":"first","14":"instock","15":"sale","16":"taxable","17":"shipping-taxable","18":"purchasable","19":"product-type-simple"},"yoast_head":"<!-- This site is optimized with the Yoast SEO plugin v26.9 - https:\/\/yoast.com\/product\/yoast-seo-wordpress\/ -->\n<title>KATUSEPARANDUSV\u00c4RV RR22 HALL 400ML - Espak E-pood<\/title>\n<meta name=\"robots\" content=\"index, follow, max-snippet:-1, max-image-preview:large, max-video-preview:-1\" \/>\n<link rel=\"canonical\" href=\"https:\/\/espak.ee\/epood\/toode\/katuseparandusvarv-rr22-hall-400ml\/\" \/>\n<meta property=\"og:locale\" content=\"et_EE\" \/>\n<meta property=\"og:type\" content=\"article\" \/>\n<meta property=\"og:title\" content=\"KATUSEPARANDUSV\u00c4RV RR22 HALL 400ML - Espak E-pood\" \/>\n<meta property=\"og:url\" content=\"https:\/\/espak.ee\/epood\/toode\/katuseparandusvarv-rr22-hall-400ml\/\" \/>\n<meta property=\"og:site_name\" content=\"Espak E-pood\" \/>\n<meta property=\"article:modified_time\" content=\"2026-03-21T07:59:38+00:00\" \/>\n<meta property=\"og:image\" content=\"https:\/\/espak.ee\/epood\/wp-content\/uploads\/2021\/12\/rr22.jpg\" \/>\n\t<meta property=\"og:image:width\" content=\"800\" \/>\n\t<meta property=\"og:image:height\" content=\"800\" \/>\n\t<meta property=\"og:image:type\" content=\"image\/jpeg\" \/>\n<meta name=\"twitter:card\" content=\"summary_large_image\" \/>\n<script type=\"application\/ld+json\" class=\"yoast-schema-graph\">{\"@context\":\"https:\/\/schema.org\",\"@graph\":[{\"@type\":\"WebPage\",\"@id\":\"https:\/\/espak.ee\/epood\/toode\/katuseparandusvarv-rr22-hall-400ml\/\",\"url\":\"https:\/\/espak.ee\/epood\/toode\/katuseparandusvarv-rr22-hall-400ml\/\",\"name\":\"KATUSEPARANDUSV\u00c4RV RR22 HALL 400ML - Espak E-pood\",\"isPartOf\":{\"@id\":\"https:\/\/espak.ee\/epood\/#website\"},\"primaryImageOfPage\":{\"@id\":\"https:\/\/espak.ee\/epood\/toode\/katuseparandusvarv-rr22-hall-400ml\/#primaryimage\"},\"image\":{\"@id\":\"https:\/\/espak.ee\/epood\/toode\/katuseparandusvarv-rr22-hall-400ml\/#primaryimage\"},\"thumbnailUrl\":\"https:\/\/espak.ee\/epood\/wp-content\/uploads\/2021\/12\/rr22.jpg\",\"datePublished\":\"2021-12-01T00:07:47+00:00\",\"dateModified\":\"2026-03-21T07:59:38+00:00\",\"breadcrumb\":{\"@id\":\"https:\/\/espak.ee\/epood\/toode\/katuseparandusvarv-rr22-hall-400ml\/#breadcrumb\"},\"inLanguage\":\"et\",\"potentialAction\":[{\"@type\":\"ReadAction\",\"target\":[\"https:\/\/espak.ee\/epood\/toode\/katuseparandusvarv-rr22-hall-400ml\/\"]}]},{\"@type\":\"ImageObject\",\"inLanguage\":\"et\",\"@id\":\"https:\/\/espak.ee\/epood\/toode\/katuseparandusvarv-rr22-hall-400ml\/#primaryimage\",\"url\":\"https:\/\/espak.ee\/epood\/wp-content\/uploads\/2021\/12\/rr22.jpg\",\"contentUrl\":\"https:\/\/espak.ee\/epood\/wp-content\/uploads\/2021\/12\/rr22.jpg\",\"width\":800,\"height\":800},{\"@type\":\"BreadcrumbList\",\"@id\":\"https:\/\/espak.ee\/epood\/toode\/katuseparandusvarv-rr22-hall-400ml\/#breadcrumb\",\"itemListElement\":[{\"@type\":\"ListItem\",\"position\":1,\"name\":\"Home\",\"item\":\"https:\/\/espak.ee\/epood\/\"},{\"@type\":\"ListItem\",\"position\":2,\"name\":\"Tootevalik\",\"item\":\"https:\/\/espak.ee\/epood\/tootevalik\/\"},{\"@type\":\"ListItem\",\"position\":3,\"name\":\"KATUSEPARANDUSV\u00c4RV RR22 HALL 400ML\"}]},{\"@type\":\"WebSite\",\"@id\":\"https:\/\/espak.ee\/epood\/#website\",\"url\":\"https:\/\/espak.ee\/epood\/\",\"name\":\"Espak E-pood\",\"description\":\"\",\"potentialAction\":[{\"@type\":\"SearchAction\",\"target\":{\"@type\":\"EntryPoint\",\"urlTemplate\":\"https:\/\/espak.ee\/epood\/?s={search_term_string}\"},\"query-input\":{\"@type\":\"PropertyValueSpecification\",\"valueRequired\":true,\"valueName\":\"search_term_string\"}}],\"inLanguage\":\"et\"}]}<\/script>\n<!-- \/ Yoast SEO plugin. -->","yoast_head_json":{"title":"KATUSEPARANDUSV\u00c4RV RR22 HALL 400ML - Espak E-pood","robots":{"index":"index","follow":"follow","max-snippet":"max-snippet:-1","max-image-preview":"max-image-preview:large","max-video-preview":"max-video-preview:-1"},"canonical":"https:\/\/espak.ee\/epood\/toode\/katuseparandusvarv-rr22-hall-400ml\/","og_locale":"et_EE","og_type":"article","og_title":"KATUSEPARANDUSV\u00c4RV RR22 HALL 400ML - Espak E-pood","og_url":"https:\/\/espak.ee\/epood\/toode\/katuseparandusvarv-rr22-hall-400ml\/","og_site_name":"Espak E-pood","article_modified_time":"2026-03-21T07:59:38+00:00","og_image":[{"width":800,"height":800,"url":"https:\/\/espak.ee\/epood\/wp-content\/uploads\/2021\/12\/rr22.jpg","type":"image\/jpeg"}],"twitter_card":"summary_large_image","schema":{"@context":"https:\/\/schema.org","@graph":[{"@type":"WebPage","@id":"https:\/\/espak.ee\/epood\/toode\/katuseparandusvarv-rr22-hall-400ml\/","url":"https:\/\/espak.ee\/epood\/toode\/katuseparandusvarv-rr22-hall-400ml\/","name":"KATUSEPARANDUSV\u00c4RV RR22 HALL 400ML - Espak E-pood","isPartOf":{"@id":"https:\/\/espak.ee\/epood\/#website"},"primaryImageOfPage":{"@id":"https:\/\/espak.ee\/epood\/toode\/katuseparandusvarv-rr22-hall-400ml\/#primaryimage"},"image":{"@id":"https:\/\/espak.ee\/epood\/toode\/katuseparandusvarv-rr22-hall-400ml\/#primaryimage"},"thumbnailUrl":"https:\/\/espak.ee\/epood\/wp-content\/uploads\/2021\/12\/rr22.jpg","datePublished":"2021-12-01T00:07:47+00:00","dateModified":"2026-03-21T07:59:38+00:00","breadcrumb":{"@id":"https:\/\/espak.ee\/epood\/toode\/katuseparandusvarv-rr22-hall-400ml\/#breadcrumb"},"inLanguage":"et","potentialAction":[{"@type":"ReadAction","target":["https:\/\/espak.ee\/epood\/toode\/katuseparandusvarv-rr22-hall-400ml\/"]}]},{"@type":"ImageObject","inLanguage":"et","@id":"https:\/\/espak.ee\/epood\/toode\/katuseparandusvarv-rr22-hall-400ml\/#primaryimage","url":"https:\/\/espak.ee\/epood\/wp-content\/uploads\/2021\/12\/rr22.jpg","contentUrl":"https:\/\/espak.ee\/epood\/wp-content\/uploads\/2021\/12\/rr22.jpg","width":800,"height":800},{"@type":"BreadcrumbList","@id":"https:\/\/espak.ee\/epood\/toode\/katuseparandusvarv-rr22-hall-400ml\/#breadcrumb","itemListElement":[{"@type":"ListItem","position":1,"name":"Home","item":"https:\/\/espak.ee\/epood\/"},{"@type":"ListItem","position":2,"name":"Tootevalik","item":"https:\/\/espak.ee\/epood\/tootevalik\/"},{"@type":"ListItem","position":3,"name":"KATUSEPARANDUSV\u00c4RV RR22 HALL 400ML"}]},{"@type":"WebSite","@id":"https:\/\/espak.ee\/epood\/#website","url":"https:\/\/espak.ee\/epood\/","name":"Espak E-pood","description":"","potentialAction":[{"@type":"SearchAction","target":{"@type":"EntryPoint","urlTemplate":"https:\/\/espak.ee\/epood\/?s={search_term_string}"},"query-input":{"@type":"PropertyValueSpecification","valueRequired":true,"valueName":"search_term_string"}}],"inLanguage":"et"}]}},"_links":{"self":[{"href":"https:\/\/espak.ee\/epood\/wp-json\/wp\/v2\/product\/101528","targetHints":{"allow":["GET"]}}],"collection":[{"href":"https:\/\/espak.ee\/epood\/wp-json\/wp\/v2\/product"}],"about":[{"href":"https:\/\/espak.ee\/epood\/wp-json\/wp\/v2\/types\/product"}],"replies":[{"embeddable":true,"href":"https:\/\/espak.ee\/epood\/wp-json\/wp\/v2\/comments?post=101528"}],"wp:featuredmedia":[{"embeddable":true,"href":"https:\/\/espak.ee\/epood\/wp-json\/wp\/v2\/media\/101960"}],"wp:attachment":[{"href":"https:\/\/espak.ee\/epood\/wp-json\/wp\/v2\/media?parent=101528"}],"wp:term":[{"taxonomy":"product_brand","embeddable":true,"href":"https:\/\/espak.ee\/epood\/wp-json\/wp\/v2\/product_brand?post=101528"},{"taxonomy":"product_cat","embeddable":true,"href":"https:\/\/espak.ee\/epood\/wp-json\/wp\/v2\/product_cat?post=101528"},{"taxonomy":"product_tag","embeddable":true,"href":"https:\/\/espak.ee\/epood\/wp-json\/wp\/v2\/product_tag?post=101528"}],"curies":[{"name":"wp","href":"https:\/\/api.w.org\/{rel}","templated":true}]}}