{"id":101517,"date":"2021-11-30T23:58:45","date_gmt":"2021-11-30T23:58:45","guid":{"rendered":"https:\/\/espak.ee\/epood\/?post_type=product&#038;p=101517"},"modified":"2026-04-26T00:32:04","modified_gmt":"2026-04-25T21:32:04","slug":"roostekaitse-rust-stop-must-metallik-400ml","status":"publish","type":"product","link":"https:\/\/espak.ee\/epood\/toode\/roostekaitse-rust-stop-must-metallik-400ml\/","title":{"rendered":"ROOSTEKAITSE RUST-STOP MUST METALLIK 400ML"},"content":{"rendered":"<div class=\"row\"  id=\"row-1808557087\">\n\n\t<div id=\"col-139191485\" class=\"col medium-9 small-12 large-9\"  >\n\t\t\t\t<div class=\"col-inner\"  >\n\t\t\t\n\t\t\t\n<h3>Roostekaitse Rust-Stop must metallik 400ml<\/h3>\n<p>Rust Stop 4in1 on parim v\u00e4rv roostes pinna katmiseks, kuna sisaldab (LCI) roostetamist peatavat ainet.<\/p>\n<p>RUST STOP 4in1 &#8211; neli \u00fches:<br \/>\n1. Kruntv\u00e4rv<br \/>\n2. Korrosioonikaitse<br \/>\n3. P\u00f5hiv\u00e4rv<br \/>\n4. Hermeetik<\/p>\n<p><strong>Omadused: <\/strong><br \/>\n&#8211; Pikaealine roostekaitse<br \/>\n&#8211; Kiirelt kuivav<br \/>\n&#8211; H\u00e4sti kattev<br \/>\n&#8211; V\u00e4ga elastne<br \/>\n&#8211; L\u00f6\u00f6gi- ja vibratsioonikindel<br \/>\n&#8211; Ideaalne nakkuvus<br \/>\n&#8211; UV-kindel, mitte pleekiv<br \/>\n&#8211; Ilmastiku- ja veekindel<br \/>\n&#8211; Testitud soolastes oludes \u00fcle 500 tunni<br \/>\n&#8211; Professionaalne seadistatav pihusti (vertikaalne\/horisontaalne)<br \/>\n&#8211; Sobib metall-, tsink-, vask-, messing-, alumiinium-, puit-, klaas-, kivipindade katmiseks.\n<\/p>\n\t\t<\/div>\n\t\t\t\t\t<\/div>\n\n\t\n\n\t<div id=\"col-2100096659\" class=\"col medium-3 small-12 large-3\"  >\n\t\t\t\t<div class=\"col-inner\"  >\n\t\t\t\n\t\t\t\n\t<div id=\"gap-1250924849\" class=\"gap-element clearfix\" style=\"display:block; height:auto;\">\n\t\t\n<style>\n#gap-1250924849 {\n  padding-top: 30px;\n}\n<\/style>\n\t<\/div>\n\t\n<p><strong>\u00dcksikasjalikuma n\u00f5u saamiseks v\u00f5tke \u00fchendust:<br \/><\/strong>AS Salome Auto<br \/>Kadaka tee 42a<br \/>12915<br \/>Tallinn<br \/> Telefon +372 6808 801<\/p>\n\t\t<\/div>\n\t\t\t\t\t<\/div>\n\n\t\n<\/div>\n","protected":false},"excerpt":{"rendered":"","protected":false},"featured_media":102034,"comment_status":"closed","ping_status":"closed","template":"","meta":[],"product_brand":[],"product_cat":[2686,2685,2684,2683],"product_tag":[],"class_list":{"0":"post-101517","1":"product","2":"type-product","3":"status-publish","4":"has-post-thumbnail","6":"product_cat-aerosoolvarvid","7":"product_cat-varvid","8":"product_cat-varvid-lakid-lahustid-puidukaitsed-olid","9":"product_cat-viimistluskaubad","10":"pa_kaubamark-salome-auto-as","12":"first","13":"instock","14":"sale","15":"taxable","16":"shipping-taxable","17":"purchasable","18":"product-type-simple"},"yoast_head":"<!-- This site is optimized with the Yoast SEO plugin v26.9 - https:\/\/yoast.com\/product\/yoast-seo-wordpress\/ -->\n<title>ROOSTEKAITSE RUST-STOP MUST METALLIK 400ML - Espak E-pood<\/title>\n<meta name=\"robots\" content=\"index, follow, max-snippet:-1, max-image-preview:large, max-video-preview:-1\" \/>\n<link rel=\"canonical\" href=\"https:\/\/espak.ee\/epood\/toode\/roostekaitse-rust-stop-must-metallik-400ml\/\" \/>\n<meta property=\"og:locale\" content=\"et_EE\" \/>\n<meta property=\"og:type\" content=\"article\" \/>\n<meta property=\"og:title\" content=\"ROOSTEKAITSE RUST-STOP MUST METALLIK 400ML - Espak E-pood\" \/>\n<meta property=\"og:url\" content=\"https:\/\/espak.ee\/epood\/toode\/roostekaitse-rust-stop-must-metallik-400ml\/\" \/>\n<meta property=\"og:site_name\" content=\"Espak E-pood\" \/>\n<meta property=\"article:modified_time\" content=\"2026-04-25T21:32:04+00:00\" \/>\n<meta property=\"og:image\" content=\"https:\/\/espak.ee\/epood\/wp-content\/uploads\/2021\/11\/must-metallic.jpg\" \/>\n\t<meta property=\"og:image:width\" content=\"800\" \/>\n\t<meta property=\"og:image:height\" content=\"800\" \/>\n\t<meta property=\"og:image:type\" content=\"image\/jpeg\" \/>\n<meta name=\"twitter:card\" content=\"summary_large_image\" \/>\n<meta name=\"twitter:label1\" content=\"Est. reading time\" \/>\n\t<meta name=\"twitter:data1\" content=\"1 minut\" \/>\n<script type=\"application\/ld+json\" class=\"yoast-schema-graph\">{\"@context\":\"https:\/\/schema.org\",\"@graph\":[{\"@type\":\"WebPage\",\"@id\":\"https:\/\/espak.ee\/epood\/toode\/roostekaitse-rust-stop-must-metallik-400ml\/\",\"url\":\"https:\/\/espak.ee\/epood\/toode\/roostekaitse-rust-stop-must-metallik-400ml\/\",\"name\":\"ROOSTEKAITSE RUST-STOP MUST METALLIK 400ML - Espak E-pood\",\"isPartOf\":{\"@id\":\"https:\/\/espak.ee\/epood\/#website\"},\"primaryImageOfPage\":{\"@id\":\"https:\/\/espak.ee\/epood\/toode\/roostekaitse-rust-stop-must-metallik-400ml\/#primaryimage\"},\"image\":{\"@id\":\"https:\/\/espak.ee\/epood\/toode\/roostekaitse-rust-stop-must-metallik-400ml\/#primaryimage\"},\"thumbnailUrl\":\"https:\/\/espak.ee\/epood\/wp-content\/uploads\/2021\/11\/must-metallic.jpg\",\"datePublished\":\"2021-11-30T23:58:45+00:00\",\"dateModified\":\"2026-04-25T21:32:04+00:00\",\"breadcrumb\":{\"@id\":\"https:\/\/espak.ee\/epood\/toode\/roostekaitse-rust-stop-must-metallik-400ml\/#breadcrumb\"},\"inLanguage\":\"et\",\"potentialAction\":[{\"@type\":\"ReadAction\",\"target\":[\"https:\/\/espak.ee\/epood\/toode\/roostekaitse-rust-stop-must-metallik-400ml\/\"]}]},{\"@type\":\"ImageObject\",\"inLanguage\":\"et\",\"@id\":\"https:\/\/espak.ee\/epood\/toode\/roostekaitse-rust-stop-must-metallik-400ml\/#primaryimage\",\"url\":\"https:\/\/espak.ee\/epood\/wp-content\/uploads\/2021\/11\/must-metallic.jpg\",\"contentUrl\":\"https:\/\/espak.ee\/epood\/wp-content\/uploads\/2021\/11\/must-metallic.jpg\",\"width\":800,\"height\":800},{\"@type\":\"BreadcrumbList\",\"@id\":\"https:\/\/espak.ee\/epood\/toode\/roostekaitse-rust-stop-must-metallik-400ml\/#breadcrumb\",\"itemListElement\":[{\"@type\":\"ListItem\",\"position\":1,\"name\":\"Home\",\"item\":\"https:\/\/espak.ee\/epood\/\"},{\"@type\":\"ListItem\",\"position\":2,\"name\":\"Tootevalik\",\"item\":\"https:\/\/espak.ee\/epood\/tootevalik\/\"},{\"@type\":\"ListItem\",\"position\":3,\"name\":\"ROOSTEKAITSE RUST-STOP MUST METALLIK 400ML\"}]},{\"@type\":\"WebSite\",\"@id\":\"https:\/\/espak.ee\/epood\/#website\",\"url\":\"https:\/\/espak.ee\/epood\/\",\"name\":\"Espak E-pood\",\"description\":\"\",\"potentialAction\":[{\"@type\":\"SearchAction\",\"target\":{\"@type\":\"EntryPoint\",\"urlTemplate\":\"https:\/\/espak.ee\/epood\/?s={search_term_string}\"},\"query-input\":{\"@type\":\"PropertyValueSpecification\",\"valueRequired\":true,\"valueName\":\"search_term_string\"}}],\"inLanguage\":\"et\"}]}<\/script>\n<!-- \/ Yoast SEO plugin. -->","yoast_head_json":{"title":"ROOSTEKAITSE RUST-STOP MUST METALLIK 400ML - Espak E-pood","robots":{"index":"index","follow":"follow","max-snippet":"max-snippet:-1","max-image-preview":"max-image-preview:large","max-video-preview":"max-video-preview:-1"},"canonical":"https:\/\/espak.ee\/epood\/toode\/roostekaitse-rust-stop-must-metallik-400ml\/","og_locale":"et_EE","og_type":"article","og_title":"ROOSTEKAITSE RUST-STOP MUST METALLIK 400ML - Espak E-pood","og_url":"https:\/\/espak.ee\/epood\/toode\/roostekaitse-rust-stop-must-metallik-400ml\/","og_site_name":"Espak E-pood","article_modified_time":"2026-04-25T21:32:04+00:00","og_image":[{"width":800,"height":800,"url":"https:\/\/espak.ee\/epood\/wp-content\/uploads\/2021\/11\/must-metallic.jpg","type":"image\/jpeg"}],"twitter_card":"summary_large_image","twitter_misc":{"Est. reading time":"1 minut"},"schema":{"@context":"https:\/\/schema.org","@graph":[{"@type":"WebPage","@id":"https:\/\/espak.ee\/epood\/toode\/roostekaitse-rust-stop-must-metallik-400ml\/","url":"https:\/\/espak.ee\/epood\/toode\/roostekaitse-rust-stop-must-metallik-400ml\/","name":"ROOSTEKAITSE RUST-STOP MUST METALLIK 400ML - Espak E-pood","isPartOf":{"@id":"https:\/\/espak.ee\/epood\/#website"},"primaryImageOfPage":{"@id":"https:\/\/espak.ee\/epood\/toode\/roostekaitse-rust-stop-must-metallik-400ml\/#primaryimage"},"image":{"@id":"https:\/\/espak.ee\/epood\/toode\/roostekaitse-rust-stop-must-metallik-400ml\/#primaryimage"},"thumbnailUrl":"https:\/\/espak.ee\/epood\/wp-content\/uploads\/2021\/11\/must-metallic.jpg","datePublished":"2021-11-30T23:58:45+00:00","dateModified":"2026-04-25T21:32:04+00:00","breadcrumb":{"@id":"https:\/\/espak.ee\/epood\/toode\/roostekaitse-rust-stop-must-metallik-400ml\/#breadcrumb"},"inLanguage":"et","potentialAction":[{"@type":"ReadAction","target":["https:\/\/espak.ee\/epood\/toode\/roostekaitse-rust-stop-must-metallik-400ml\/"]}]},{"@type":"ImageObject","inLanguage":"et","@id":"https:\/\/espak.ee\/epood\/toode\/roostekaitse-rust-stop-must-metallik-400ml\/#primaryimage","url":"https:\/\/espak.ee\/epood\/wp-content\/uploads\/2021\/11\/must-metallic.jpg","contentUrl":"https:\/\/espak.ee\/epood\/wp-content\/uploads\/2021\/11\/must-metallic.jpg","width":800,"height":800},{"@type":"BreadcrumbList","@id":"https:\/\/espak.ee\/epood\/toode\/roostekaitse-rust-stop-must-metallik-400ml\/#breadcrumb","itemListElement":[{"@type":"ListItem","position":1,"name":"Home","item":"https:\/\/espak.ee\/epood\/"},{"@type":"ListItem","position":2,"name":"Tootevalik","item":"https:\/\/espak.ee\/epood\/tootevalik\/"},{"@type":"ListItem","position":3,"name":"ROOSTEKAITSE RUST-STOP MUST METALLIK 400ML"}]},{"@type":"WebSite","@id":"https:\/\/espak.ee\/epood\/#website","url":"https:\/\/espak.ee\/epood\/","name":"Espak E-pood","description":"","potentialAction":[{"@type":"SearchAction","target":{"@type":"EntryPoint","urlTemplate":"https:\/\/espak.ee\/epood\/?s={search_term_string}"},"query-input":{"@type":"PropertyValueSpecification","valueRequired":true,"valueName":"search_term_string"}}],"inLanguage":"et"}]}},"_links":{"self":[{"href":"https:\/\/espak.ee\/epood\/wp-json\/wp\/v2\/product\/101517","targetHints":{"allow":["GET"]}}],"collection":[{"href":"https:\/\/espak.ee\/epood\/wp-json\/wp\/v2\/product"}],"about":[{"href":"https:\/\/espak.ee\/epood\/wp-json\/wp\/v2\/types\/product"}],"replies":[{"embeddable":true,"href":"https:\/\/espak.ee\/epood\/wp-json\/wp\/v2\/comments?post=101517"}],"wp:featuredmedia":[{"embeddable":true,"href":"https:\/\/espak.ee\/epood\/wp-json\/wp\/v2\/media\/102034"}],"wp:attachment":[{"href":"https:\/\/espak.ee\/epood\/wp-json\/wp\/v2\/media?parent=101517"}],"wp:term":[{"taxonomy":"product_brand","embeddable":true,"href":"https:\/\/espak.ee\/epood\/wp-json\/wp\/v2\/product_brand?post=101517"},{"taxonomy":"product_cat","embeddable":true,"href":"https:\/\/espak.ee\/epood\/wp-json\/wp\/v2\/product_cat?post=101517"},{"taxonomy":"product_tag","embeddable":true,"href":"https:\/\/espak.ee\/epood\/wp-json\/wp\/v2\/product_tag?post=101517"}],"curies":[{"name":"wp","href":"https:\/\/api.w.org\/{rel}","templated":true}]}}