{"id":101335,"date":"2021-11-29T23:19:40","date_gmt":"2021-11-29T23:19:40","guid":{"rendered":"https:\/\/espak.ee\/epood\/?post_type=product&#038;p=101335"},"modified":"2025-06-02T23:17:41","modified_gmt":"2025-06-02T20:17:41","slug":"krunt-knauf-stuck-primer-5kg","status":"publish","type":"product","link":"https:\/\/espak.ee\/epood\/toode\/krunt-knauf-stuck-primer-5kg\/","title":{"rendered":"KRUNT KNAUF STUCK-PRIMER 5KG"},"content":{"rendered":"<div class=\"row\"  id=\"row-1141451179\">\n\n\t<div id=\"col-1226372587\" class=\"col medium-9 small-12 large-9\"  >\n\t\t\t\t<div class=\"col-inner\"  >\n\t\t\t\n\t\t\t\n<h3>Krunt Knauf Stuck-Primer<\/h3>\n<p>Vett imavate pindade ja m\u00fc\u00fcritiste krunt kipskrohvide jaoks.<br \/>\nPol\u00fcmeerdispersiooni kontsentraat m\u00fc\u00fcritiste ja suure veeimavuse mineraalsete pindade veeimavuse \u00fchtlustamiseks ning v\u00e4hendamiseks pindade krohvit\u00f6\u00f6 jaoks ette valmistamisel. Kulu lahjendamisel veega suhtes 1:3 umbes 100 g\/m\u00b2.<\/p>\n<p>&#8211; Siset\u00f6\u00f6deks<br \/>\n&#8211; Lahustivaba<br \/>\n&#8211; Leelisekindel<br \/>\n&#8211; V\u00e4hendab ja \u00fchtlustab imavust<br \/>\n&#8211; Kollase v\u00e4rvusega<br \/>\n&#8211; Lahjendatav 1:1 kuni 1:3 s\u00f5ltuvalt aluspinna imavusest<\/p>\n\t<div id=\"gap-662486979\" class=\"gap-element clearfix\" style=\"display:block; height:auto;\">\n\t\t\n<style>\n#gap-662486979 {\n  padding-top: 30px;\n}\n<\/style>\n\t<\/div>\n\t\n<h3>Kasutamise \u00fcksikasjad<\/h3>\n<p>Siset\u00f6\u00f6del imavate aluspindade (poorbetoon) v\u00f5i eba\u00fchtlase veeimavusega (kergtellistest, betoonkividest m\u00fc\u00fcritised) pindade t\u00f6\u00f6tlemiseks enne kipskrohvidega (Goldband, Rotband, MP75, MP75L) krohvimist ja kinnituskipsi Perlfix jaoks aluspinna ette valmistamiseks selleks, et v\u00e4ltida v\u00e4rske krohvi kiiret v\u00f5i eba\u00fchtlast (m\u00fc\u00fcritise mustri pinnale) kuivamist.<\/p>\n<p><strong>Kasutamine:<\/strong> Krunt lahjendatakse vastavalt krohvitava aluspinna imavusele puhta veega vahekorras 1:1\u20131:3 (krunt : vesi) Krunt kantakse pinnale rulli, harja v\u00f5i pritsiga. \u00c4rge kasutage toodet, kui aluspinna v\u00f5i \u00f5hu temperatuur on alla +5 \u00b0C. Temperatuurin\u00f5ue kehtib kuni krundi kuivamiseni. Krohvimist v\u00f5ib alustada alles siis, kui krunt on t\u00e4ielikult kuivanud (k\u00f5ige varem 6 tunni m\u00f6\u00f6dudes). P\u00e4rast kasutamist peske t\u00f6\u00f6riistad veega. Pritsmed eemaldage veega, kuni krunt ei ole veel kuivanud. Kuivanud plekke saab eemaldada vee v\u00f5i orgaaniliste lahustite abil.<\/p>\n\t\t<\/div>\n\t\t\t\t\t<\/div>\n\n\t\n\n\t<div id=\"col-556482017\" class=\"col medium-3 small-12 large-3\"  >\n\t\t\t\t<div class=\"col-inner\"  >\n\t\t\t\n\t\t\t\n<h3>Tooteleht<\/h3>\n<p><a href=\"https:\/\/espak.ee\/epood\/wp-content\/uploads\/2021\/11\/Knauf_Stuck-Primer_2014.pdf\" target=\"_blank\" rel=\"noopener noreferrer\"><i class=\"far fa-file-pdf\"><\/i> Tooteleht (PDF)<\/a><\/p>\n<h3>Ohutusalane teave<\/h3>\n<p><a href=\"https:\/\/espak.ee\/epood\/wp-content\/uploads\/2021\/11\/OK_Knauf_Stuck-Primer_PL_2016.pdf\" target=\"_blank\" rel=\"noopener noreferrer\"><i class=\"far fa-file-pdf\"><\/i> Ohutusalane teave (PDF)<\/a><\/p>\n<div class=\"is-divider divider clearfix\" ><\/div>\n<p><strong>\u00dcksikasjalikuma n\u00f5u saamiseks v\u00f5tke \u00fchendust:<br \/><\/strong>Knauf Tallinn U\u00dc<br \/>J\u00e4rvevana tee 7B<br \/>10132<br \/>Tallinn<br \/>+372 6518697<\/p>\n<div class=\"is-divider divider clearfix\" ><\/div>\n\t\t<\/div>\n\t\t\t\t\t<\/div>\n\n\t\n<\/div>\n","protected":false},"excerpt":{"rendered":"","protected":false},"featured_media":101631,"comment_status":"closed","ping_status":"closed","template":"","meta":[],"product_brand":[],"product_cat":[2703,2705,2704,2683],"product_tag":[],"class_list":{"0":"post-101335","1":"product","2":"type-product","3":"status-publish","4":"has-post-thumbnail","6":"product_cat-ehituskeemia","7":"product_cat-immutuskrundid","8":"product_cat-krundid-ja-lisandid","9":"product_cat-viimistluskaubad","10":"pa_kaubamark-knauf","12":"first","13":"instock","14":"sale","15":"taxable","16":"shipping-taxable","17":"purchasable","18":"product-type-simple"},"yoast_head":"<!-- This site is optimized with the Yoast SEO plugin v26.9 - https:\/\/yoast.com\/product\/yoast-seo-wordpress\/ -->\n<title>KRUNT KNAUF STUCK-PRIMER 5KG - Espak E-pood<\/title>\n<meta name=\"robots\" content=\"index, follow, max-snippet:-1, max-image-preview:large, max-video-preview:-1\" \/>\n<link rel=\"canonical\" href=\"https:\/\/espak.ee\/epood\/toode\/krunt-knauf-stuck-primer-5kg\/\" \/>\n<meta property=\"og:locale\" content=\"et_EE\" \/>\n<meta property=\"og:type\" content=\"article\" \/>\n<meta property=\"og:title\" content=\"KRUNT KNAUF STUCK-PRIMER 5KG - Espak E-pood\" \/>\n<meta property=\"og:url\" content=\"https:\/\/espak.ee\/epood\/toode\/krunt-knauf-stuck-primer-5kg\/\" \/>\n<meta property=\"og:site_name\" content=\"Espak E-pood\" \/>\n<meta property=\"article:modified_time\" content=\"2025-06-02T20:17:41+00:00\" \/>\n<meta property=\"og:image\" content=\"https:\/\/espak.ee\/epood\/wp-content\/uploads\/2021\/11\/293226_683x512.jpg\" \/>\n\t<meta property=\"og:image:width\" content=\"800\" \/>\n\t<meta property=\"og:image:height\" content=\"800\" \/>\n\t<meta property=\"og:image:type\" content=\"image\/jpeg\" \/>\n<meta name=\"twitter:card\" content=\"summary_large_image\" \/>\n<meta name=\"twitter:label1\" content=\"Est. reading time\" \/>\n\t<meta name=\"twitter:data1\" content=\"1 minut\" \/>\n<script type=\"application\/ld+json\" class=\"yoast-schema-graph\">{\"@context\":\"https:\/\/schema.org\",\"@graph\":[{\"@type\":\"WebPage\",\"@id\":\"https:\/\/espak.ee\/epood\/toode\/krunt-knauf-stuck-primer-5kg\/\",\"url\":\"https:\/\/espak.ee\/epood\/toode\/krunt-knauf-stuck-primer-5kg\/\",\"name\":\"KRUNT KNAUF STUCK-PRIMER 5KG - Espak E-pood\",\"isPartOf\":{\"@id\":\"https:\/\/espak.ee\/epood\/#website\"},\"primaryImageOfPage\":{\"@id\":\"https:\/\/espak.ee\/epood\/toode\/krunt-knauf-stuck-primer-5kg\/#primaryimage\"},\"image\":{\"@id\":\"https:\/\/espak.ee\/epood\/toode\/krunt-knauf-stuck-primer-5kg\/#primaryimage\"},\"thumbnailUrl\":\"https:\/\/espak.ee\/epood\/wp-content\/uploads\/2021\/11\/293226_683x512.jpg\",\"datePublished\":\"2021-11-29T23:19:40+00:00\",\"dateModified\":\"2025-06-02T20:17:41+00:00\",\"breadcrumb\":{\"@id\":\"https:\/\/espak.ee\/epood\/toode\/krunt-knauf-stuck-primer-5kg\/#breadcrumb\"},\"inLanguage\":\"et\",\"potentialAction\":[{\"@type\":\"ReadAction\",\"target\":[\"https:\/\/espak.ee\/epood\/toode\/krunt-knauf-stuck-primer-5kg\/\"]}]},{\"@type\":\"ImageObject\",\"inLanguage\":\"et\",\"@id\":\"https:\/\/espak.ee\/epood\/toode\/krunt-knauf-stuck-primer-5kg\/#primaryimage\",\"url\":\"https:\/\/espak.ee\/epood\/wp-content\/uploads\/2021\/11\/293226_683x512.jpg\",\"contentUrl\":\"https:\/\/espak.ee\/epood\/wp-content\/uploads\/2021\/11\/293226_683x512.jpg\",\"width\":800,\"height\":800},{\"@type\":\"BreadcrumbList\",\"@id\":\"https:\/\/espak.ee\/epood\/toode\/krunt-knauf-stuck-primer-5kg\/#breadcrumb\",\"itemListElement\":[{\"@type\":\"ListItem\",\"position\":1,\"name\":\"Home\",\"item\":\"https:\/\/espak.ee\/epood\/\"},{\"@type\":\"ListItem\",\"position\":2,\"name\":\"Tootevalik\",\"item\":\"https:\/\/espak.ee\/epood\/tootevalik\/\"},{\"@type\":\"ListItem\",\"position\":3,\"name\":\"KRUNT KNAUF STUCK-PRIMER 5KG\"}]},{\"@type\":\"WebSite\",\"@id\":\"https:\/\/espak.ee\/epood\/#website\",\"url\":\"https:\/\/espak.ee\/epood\/\",\"name\":\"Espak E-pood\",\"description\":\"\",\"potentialAction\":[{\"@type\":\"SearchAction\",\"target\":{\"@type\":\"EntryPoint\",\"urlTemplate\":\"https:\/\/espak.ee\/epood\/?s={search_term_string}\"},\"query-input\":{\"@type\":\"PropertyValueSpecification\",\"valueRequired\":true,\"valueName\":\"search_term_string\"}}],\"inLanguage\":\"et\"}]}<\/script>\n<!-- \/ Yoast SEO plugin. -->","yoast_head_json":{"title":"KRUNT KNAUF STUCK-PRIMER 5KG - Espak E-pood","robots":{"index":"index","follow":"follow","max-snippet":"max-snippet:-1","max-image-preview":"max-image-preview:large","max-video-preview":"max-video-preview:-1"},"canonical":"https:\/\/espak.ee\/epood\/toode\/krunt-knauf-stuck-primer-5kg\/","og_locale":"et_EE","og_type":"article","og_title":"KRUNT KNAUF STUCK-PRIMER 5KG - Espak E-pood","og_url":"https:\/\/espak.ee\/epood\/toode\/krunt-knauf-stuck-primer-5kg\/","og_site_name":"Espak E-pood","article_modified_time":"2025-06-02T20:17:41+00:00","og_image":[{"width":800,"height":800,"url":"https:\/\/espak.ee\/epood\/wp-content\/uploads\/2021\/11\/293226_683x512.jpg","type":"image\/jpeg"}],"twitter_card":"summary_large_image","twitter_misc":{"Est. reading time":"1 minut"},"schema":{"@context":"https:\/\/schema.org","@graph":[{"@type":"WebPage","@id":"https:\/\/espak.ee\/epood\/toode\/krunt-knauf-stuck-primer-5kg\/","url":"https:\/\/espak.ee\/epood\/toode\/krunt-knauf-stuck-primer-5kg\/","name":"KRUNT KNAUF STUCK-PRIMER 5KG - Espak E-pood","isPartOf":{"@id":"https:\/\/espak.ee\/epood\/#website"},"primaryImageOfPage":{"@id":"https:\/\/espak.ee\/epood\/toode\/krunt-knauf-stuck-primer-5kg\/#primaryimage"},"image":{"@id":"https:\/\/espak.ee\/epood\/toode\/krunt-knauf-stuck-primer-5kg\/#primaryimage"},"thumbnailUrl":"https:\/\/espak.ee\/epood\/wp-content\/uploads\/2021\/11\/293226_683x512.jpg","datePublished":"2021-11-29T23:19:40+00:00","dateModified":"2025-06-02T20:17:41+00:00","breadcrumb":{"@id":"https:\/\/espak.ee\/epood\/toode\/krunt-knauf-stuck-primer-5kg\/#breadcrumb"},"inLanguage":"et","potentialAction":[{"@type":"ReadAction","target":["https:\/\/espak.ee\/epood\/toode\/krunt-knauf-stuck-primer-5kg\/"]}]},{"@type":"ImageObject","inLanguage":"et","@id":"https:\/\/espak.ee\/epood\/toode\/krunt-knauf-stuck-primer-5kg\/#primaryimage","url":"https:\/\/espak.ee\/epood\/wp-content\/uploads\/2021\/11\/293226_683x512.jpg","contentUrl":"https:\/\/espak.ee\/epood\/wp-content\/uploads\/2021\/11\/293226_683x512.jpg","width":800,"height":800},{"@type":"BreadcrumbList","@id":"https:\/\/espak.ee\/epood\/toode\/krunt-knauf-stuck-primer-5kg\/#breadcrumb","itemListElement":[{"@type":"ListItem","position":1,"name":"Home","item":"https:\/\/espak.ee\/epood\/"},{"@type":"ListItem","position":2,"name":"Tootevalik","item":"https:\/\/espak.ee\/epood\/tootevalik\/"},{"@type":"ListItem","position":3,"name":"KRUNT KNAUF STUCK-PRIMER 5KG"}]},{"@type":"WebSite","@id":"https:\/\/espak.ee\/epood\/#website","url":"https:\/\/espak.ee\/epood\/","name":"Espak E-pood","description":"","potentialAction":[{"@type":"SearchAction","target":{"@type":"EntryPoint","urlTemplate":"https:\/\/espak.ee\/epood\/?s={search_term_string}"},"query-input":{"@type":"PropertyValueSpecification","valueRequired":true,"valueName":"search_term_string"}}],"inLanguage":"et"}]}},"_links":{"self":[{"href":"https:\/\/espak.ee\/epood\/wp-json\/wp\/v2\/product\/101335","targetHints":{"allow":["GET"]}}],"collection":[{"href":"https:\/\/espak.ee\/epood\/wp-json\/wp\/v2\/product"}],"about":[{"href":"https:\/\/espak.ee\/epood\/wp-json\/wp\/v2\/types\/product"}],"replies":[{"embeddable":true,"href":"https:\/\/espak.ee\/epood\/wp-json\/wp\/v2\/comments?post=101335"}],"wp:featuredmedia":[{"embeddable":true,"href":"https:\/\/espak.ee\/epood\/wp-json\/wp\/v2\/media\/101631"}],"wp:attachment":[{"href":"https:\/\/espak.ee\/epood\/wp-json\/wp\/v2\/media?parent=101335"}],"wp:term":[{"taxonomy":"product_brand","embeddable":true,"href":"https:\/\/espak.ee\/epood\/wp-json\/wp\/v2\/product_brand?post=101335"},{"taxonomy":"product_cat","embeddable":true,"href":"https:\/\/espak.ee\/epood\/wp-json\/wp\/v2\/product_cat?post=101335"},{"taxonomy":"product_tag","embeddable":true,"href":"https:\/\/espak.ee\/epood\/wp-json\/wp\/v2\/product_tag?post=101335"}],"curies":[{"name":"wp","href":"https:\/\/api.w.org\/{rel}","templated":true}]}}