{"id":101216,"date":"2021-11-27T06:03:25","date_gmt":"2021-11-27T06:03:25","guid":{"rendered":"https:\/\/espak.ee\/epood\/?post_type=product&#038;p=101216"},"modified":"2024-06-05T14:31:43","modified_gmt":"2024-06-05T11:31:43","slug":"kivikaitse-eskaro-05l","status":"publish","type":"product","link":"https:\/\/espak.ee\/epood\/toode\/kivikaitse-eskaro-05l\/","title":{"rendered":"KIVIKAITSE ESKARO 0,5L"},"content":{"rendered":"<div class=\"row\"  id=\"row-1819339334\">\n\n\t<div id=\"col-1837832289\" class=\"col medium-9 small-12 large-9\"  >\n\t\t\t\t<div class=\"col-inner\"  >\n\t\t\t\n\t\t\t\n<h2>Kivikaitse Eskaro 0,5L<\/h2>\n<p>Siloksaanibaasil vahend mineraalsete pindade pikaajaliseks kaitseks v\u00e4listingimustes.<br \/>\nMineraalpindade vetth\u00fclgavuse suurendamiseks v\u00e4list\u00f6\u00f6del. Fassaadid, k\u00f5nniteed, \u00e4\u00e4rekivid, trepid, skulptuurid, monumendid, m\u00e4lestuskivid jm. dekoratiivsed elemendid. Ei sobi v\u00e4rsketele krohv- ja betoonpindadele ning pindadele, mis on pidevalt kontaktis veega.<\/p>\n<p>&#8211; Pikaajaline kaitse niiskuse eest (5-8 aastat)<br \/>\n&#8211; Aitab s\u00e4ilitada naturaalsest ja tehiskivist ehitiste ja toodete esialgse ilme ja tagab mugava hoolduse<br \/>\n&#8211; Imbub s\u00fcgavale pinna pooridesse tekitamata pinnal kilet<br \/>\n&#8211; Annab pinnale vett h\u00fclgavuse<br \/>\n&#8211; V\u00e4hendab vihma vee ja veepritsmete imbumist t\u00f6\u00f6deldud pinna kapillaaridesse<br \/>\n&#8211; Kaitseb pinda ilmastiku m\u00f5jude eest<br \/>\n&#8211; Takistab pinnale mustuse kogunemist<br \/>\n&#8211; Hea veeauru l\u00e4bilaskev\u00f5imega<br \/>\n&#8211; Parandab pinna soojusisolatsiooni<br \/>\n&#8211; T\u00f6\u00f6deldud pind m\u00e4\u00e4rdub ja mureneb v\u00e4hem<br \/>\n&#8211; V\u00e4rvitu<\/p>\n<p><strong>Kasutamine: <\/strong> T\u00f6\u00f6deldav pind puhastada mustusest, rasvast, tolmust, sooladest, samblast, mittep\u00fcsivast ja kooruvast materjalist. Tugevalt m\u00e4\u00e4rdunud v\u00f5i rasvased pinnad pesta 3-5%-lise soodalahusega, loputada puhta veega ja lasta kuivada. Vana katte ja suurema mustuse t\u00e4ielikuks eemaldamiseks soovitame kasutada survepesu. Hallituse- ja sambliku kahjustustega kohad hoolikalt puhastada ja t\u00f6\u00f6delda vahendiga BIOTOL \u0415 v\u00f5i BIOTOL SPRAY, pesta veega ja lasta kuivada. Armatuur ja teised metallist elemendid puhastada roostest ning koheselt kruntida roostekaitsev\u00e4rviga. Seej\u00e4rel katta \u00fcmbritsevaga sarnase t\u00e4iteseguga, tasandada ja lasta kuivada. T\u00f6\u00f6deldavad pinnad peavad olema enne t\u00f6\u00f6tlemist t\u00e4ielikult kuivanud. Vihmam\u00e4rgadel pindadel lasta kuivada v\u00e4hemalt 2 p\u00e4eve enne t\u00f6\u00f6tlemist. Pinna t\u00f6\u00f6tlemise ajaks tuleb kinni katta k\u00f5ik t\u00f6\u00f6tlemist mittavajavad pinnad (aknad, uksed, metallist, puidust vm materjalist detailid).<br \/>\nKanda pinnale pehme pintsli, rulli, lapi v\u00f5i pihustiga 1&#8230;2 kihti. Teine kiht kanda pinnale 0,5&#8230;1 tundi p\u00e4rast esimest kihti. V\u00e4ga imavate pindade puhul on soovitav pinda t\u00f6\u00f6delda 3 v\u00f5i enamas kihis. Vertikaalsete pindade puhul on soovitav vahendit kanda \u00fchtlaselt alt \u00fcles et v\u00e4ltida nirede tekkimist. Aluspinna ja\u00f5hutemperatuur t\u00f6\u00f6de tegemisel peab olema \u00fcle +5\u00b0\u0421 ja suhteline \u00f5huniiskus kuni 80%. Mitte kanda pinnale vihma ajal!<\/p>\n\t\t<\/div>\n\t\t\t\t\t<\/div>\n\n\t\n\n\t<div id=\"col-116064109\" class=\"col medium-3 small-12 large-3\"  >\n\t\t\t\t<div class=\"col-inner\"  >\n\t\t\t\n\t\t\t\n<h3>Tehniline informatsioon<\/h3>\n<p><a href=\"https:\/\/espak.ee\/epood\/wp-content\/uploads\/2021\/11\/WEB_Passport_Eskaro_Kivikaitse_Estonia_eesti_01.pdf\"target=\"_blank\" rel=\"noopener noreferrer\"><i class=\"far fa-file-pdf\"><\/i> Tehniline info (PDF)<\/a><\/p>\n<div class=\"is-divider divider clearfix\" ><\/div>\n<p><strong>\u00dcksikasjalikuma n\u00f5u saamiseks v\u00f5tke \u00fchendust:<br \/><\/strong>Eskaro AS<br \/>Fosforiidi 20<br \/>Maardu<br \/>+372 6217969<\/p>\n<div class=\"is-divider divider clearfix\" ><\/div>\n\t\t<\/div>\n\t\t\t\t\t<\/div>\n\n\t\n<\/div>\n","protected":false},"excerpt":{"rendered":"","protected":false},"featured_media":101666,"comment_status":"closed","ping_status":"closed","template":"","meta":[],"product_brand":[],"product_cat":[2691,3441,2684,2683],"product_tag":[],"class_list":{"0":"post-101216","1":"product","2":"type-product","3":"status-publish","4":"has-post-thumbnail","6":"product_cat-lahustid","7":"product_cat-lahustid-ja-pesuained","8":"product_cat-varvid-lakid-lahustid-puidukaitsed-olid","9":"product_cat-viimistluskaubad","10":"product_shipping_class-dpd-cold","11":"pa_kaubamark-eskaro-as","13":"first","14":"instock","15":"sale","16":"taxable","17":"shipping-taxable","18":"purchasable","19":"product-type-simple"},"yoast_head":"<!-- This site is optimized with the Yoast SEO plugin v26.9 - https:\/\/yoast.com\/product\/yoast-seo-wordpress\/ -->\n<title>KIVIKAITSE ESKARO 0,5L - Espak E-pood<\/title>\n<meta name=\"robots\" content=\"index, follow, max-snippet:-1, max-image-preview:large, max-video-preview:-1\" \/>\n<link rel=\"canonical\" href=\"https:\/\/espak.ee\/epood\/toode\/kivikaitse-eskaro-05l\/\" \/>\n<meta property=\"og:locale\" content=\"et_EE\" \/>\n<meta property=\"og:type\" content=\"article\" \/>\n<meta property=\"og:title\" content=\"KIVIKAITSE ESKARO 0,5L - Espak E-pood\" \/>\n<meta property=\"og:url\" content=\"https:\/\/espak.ee\/epood\/toode\/kivikaitse-eskaro-05l\/\" \/>\n<meta property=\"og:site_name\" content=\"Espak E-pood\" \/>\n<meta property=\"article:modified_time\" content=\"2024-06-05T11:31:43+00:00\" \/>\n<meta property=\"og:image\" content=\"https:\/\/espak.ee\/epood\/wp-content\/uploads\/2021\/11\/Eskaro_Kivikaitse_2021_web_512_est.jpg\" \/>\n\t<meta property=\"og:image:width\" content=\"800\" \/>\n\t<meta property=\"og:image:height\" content=\"800\" \/>\n\t<meta property=\"og:image:type\" content=\"image\/jpeg\" \/>\n<meta name=\"twitter:card\" content=\"summary_large_image\" \/>\n<meta name=\"twitter:label1\" content=\"Est. reading time\" \/>\n\t<meta name=\"twitter:data1\" content=\"2 minutit\" \/>\n<script type=\"application\/ld+json\" class=\"yoast-schema-graph\">{\"@context\":\"https:\/\/schema.org\",\"@graph\":[{\"@type\":\"WebPage\",\"@id\":\"https:\/\/espak.ee\/epood\/toode\/kivikaitse-eskaro-05l\/\",\"url\":\"https:\/\/espak.ee\/epood\/toode\/kivikaitse-eskaro-05l\/\",\"name\":\"KIVIKAITSE ESKARO 0,5L - Espak E-pood\",\"isPartOf\":{\"@id\":\"https:\/\/espak.ee\/epood\/#website\"},\"primaryImageOfPage\":{\"@id\":\"https:\/\/espak.ee\/epood\/toode\/kivikaitse-eskaro-05l\/#primaryimage\"},\"image\":{\"@id\":\"https:\/\/espak.ee\/epood\/toode\/kivikaitse-eskaro-05l\/#primaryimage\"},\"thumbnailUrl\":\"https:\/\/espak.ee\/epood\/wp-content\/uploads\/2021\/11\/Eskaro_Kivikaitse_2021_web_512_est.jpg\",\"datePublished\":\"2021-11-27T06:03:25+00:00\",\"dateModified\":\"2024-06-05T11:31:43+00:00\",\"breadcrumb\":{\"@id\":\"https:\/\/espak.ee\/epood\/toode\/kivikaitse-eskaro-05l\/#breadcrumb\"},\"inLanguage\":\"et\",\"potentialAction\":[{\"@type\":\"ReadAction\",\"target\":[\"https:\/\/espak.ee\/epood\/toode\/kivikaitse-eskaro-05l\/\"]}]},{\"@type\":\"ImageObject\",\"inLanguage\":\"et\",\"@id\":\"https:\/\/espak.ee\/epood\/toode\/kivikaitse-eskaro-05l\/#primaryimage\",\"url\":\"https:\/\/espak.ee\/epood\/wp-content\/uploads\/2021\/11\/Eskaro_Kivikaitse_2021_web_512_est.jpg\",\"contentUrl\":\"https:\/\/espak.ee\/epood\/wp-content\/uploads\/2021\/11\/Eskaro_Kivikaitse_2021_web_512_est.jpg\",\"width\":800,\"height\":800},{\"@type\":\"BreadcrumbList\",\"@id\":\"https:\/\/espak.ee\/epood\/toode\/kivikaitse-eskaro-05l\/#breadcrumb\",\"itemListElement\":[{\"@type\":\"ListItem\",\"position\":1,\"name\":\"Home\",\"item\":\"https:\/\/espak.ee\/epood\/\"},{\"@type\":\"ListItem\",\"position\":2,\"name\":\"Tootevalik\",\"item\":\"https:\/\/espak.ee\/epood\/tootevalik\/\"},{\"@type\":\"ListItem\",\"position\":3,\"name\":\"KIVIKAITSE ESKARO 0,5L\"}]},{\"@type\":\"WebSite\",\"@id\":\"https:\/\/espak.ee\/epood\/#website\",\"url\":\"https:\/\/espak.ee\/epood\/\",\"name\":\"Espak E-pood\",\"description\":\"\",\"potentialAction\":[{\"@type\":\"SearchAction\",\"target\":{\"@type\":\"EntryPoint\",\"urlTemplate\":\"https:\/\/espak.ee\/epood\/?s={search_term_string}\"},\"query-input\":{\"@type\":\"PropertyValueSpecification\",\"valueRequired\":true,\"valueName\":\"search_term_string\"}}],\"inLanguage\":\"et\"}]}<\/script>\n<!-- \/ Yoast SEO plugin. -->","yoast_head_json":{"title":"KIVIKAITSE ESKARO 0,5L - Espak E-pood","robots":{"index":"index","follow":"follow","max-snippet":"max-snippet:-1","max-image-preview":"max-image-preview:large","max-video-preview":"max-video-preview:-1"},"canonical":"https:\/\/espak.ee\/epood\/toode\/kivikaitse-eskaro-05l\/","og_locale":"et_EE","og_type":"article","og_title":"KIVIKAITSE ESKARO 0,5L - Espak E-pood","og_url":"https:\/\/espak.ee\/epood\/toode\/kivikaitse-eskaro-05l\/","og_site_name":"Espak E-pood","article_modified_time":"2024-06-05T11:31:43+00:00","og_image":[{"width":800,"height":800,"url":"https:\/\/espak.ee\/epood\/wp-content\/uploads\/2021\/11\/Eskaro_Kivikaitse_2021_web_512_est.jpg","type":"image\/jpeg"}],"twitter_card":"summary_large_image","twitter_misc":{"Est. reading time":"2 minutit"},"schema":{"@context":"https:\/\/schema.org","@graph":[{"@type":"WebPage","@id":"https:\/\/espak.ee\/epood\/toode\/kivikaitse-eskaro-05l\/","url":"https:\/\/espak.ee\/epood\/toode\/kivikaitse-eskaro-05l\/","name":"KIVIKAITSE ESKARO 0,5L - Espak E-pood","isPartOf":{"@id":"https:\/\/espak.ee\/epood\/#website"},"primaryImageOfPage":{"@id":"https:\/\/espak.ee\/epood\/toode\/kivikaitse-eskaro-05l\/#primaryimage"},"image":{"@id":"https:\/\/espak.ee\/epood\/toode\/kivikaitse-eskaro-05l\/#primaryimage"},"thumbnailUrl":"https:\/\/espak.ee\/epood\/wp-content\/uploads\/2021\/11\/Eskaro_Kivikaitse_2021_web_512_est.jpg","datePublished":"2021-11-27T06:03:25+00:00","dateModified":"2024-06-05T11:31:43+00:00","breadcrumb":{"@id":"https:\/\/espak.ee\/epood\/toode\/kivikaitse-eskaro-05l\/#breadcrumb"},"inLanguage":"et","potentialAction":[{"@type":"ReadAction","target":["https:\/\/espak.ee\/epood\/toode\/kivikaitse-eskaro-05l\/"]}]},{"@type":"ImageObject","inLanguage":"et","@id":"https:\/\/espak.ee\/epood\/toode\/kivikaitse-eskaro-05l\/#primaryimage","url":"https:\/\/espak.ee\/epood\/wp-content\/uploads\/2021\/11\/Eskaro_Kivikaitse_2021_web_512_est.jpg","contentUrl":"https:\/\/espak.ee\/epood\/wp-content\/uploads\/2021\/11\/Eskaro_Kivikaitse_2021_web_512_est.jpg","width":800,"height":800},{"@type":"BreadcrumbList","@id":"https:\/\/espak.ee\/epood\/toode\/kivikaitse-eskaro-05l\/#breadcrumb","itemListElement":[{"@type":"ListItem","position":1,"name":"Home","item":"https:\/\/espak.ee\/epood\/"},{"@type":"ListItem","position":2,"name":"Tootevalik","item":"https:\/\/espak.ee\/epood\/tootevalik\/"},{"@type":"ListItem","position":3,"name":"KIVIKAITSE ESKARO 0,5L"}]},{"@type":"WebSite","@id":"https:\/\/espak.ee\/epood\/#website","url":"https:\/\/espak.ee\/epood\/","name":"Espak E-pood","description":"","potentialAction":[{"@type":"SearchAction","target":{"@type":"EntryPoint","urlTemplate":"https:\/\/espak.ee\/epood\/?s={search_term_string}"},"query-input":{"@type":"PropertyValueSpecification","valueRequired":true,"valueName":"search_term_string"}}],"inLanguage":"et"}]}},"_links":{"self":[{"href":"https:\/\/espak.ee\/epood\/wp-json\/wp\/v2\/product\/101216","targetHints":{"allow":["GET"]}}],"collection":[{"href":"https:\/\/espak.ee\/epood\/wp-json\/wp\/v2\/product"}],"about":[{"href":"https:\/\/espak.ee\/epood\/wp-json\/wp\/v2\/types\/product"}],"replies":[{"embeddable":true,"href":"https:\/\/espak.ee\/epood\/wp-json\/wp\/v2\/comments?post=101216"}],"wp:featuredmedia":[{"embeddable":true,"href":"https:\/\/espak.ee\/epood\/wp-json\/wp\/v2\/media\/101666"}],"wp:attachment":[{"href":"https:\/\/espak.ee\/epood\/wp-json\/wp\/v2\/media?parent=101216"}],"wp:term":[{"taxonomy":"product_brand","embeddable":true,"href":"https:\/\/espak.ee\/epood\/wp-json\/wp\/v2\/product_brand?post=101216"},{"taxonomy":"product_cat","embeddable":true,"href":"https:\/\/espak.ee\/epood\/wp-json\/wp\/v2\/product_cat?post=101216"},{"taxonomy":"product_tag","embeddable":true,"href":"https:\/\/espak.ee\/epood\/wp-json\/wp\/v2\/product_tag?post=101216"}],"curies":[{"name":"wp","href":"https:\/\/api.w.org\/{rel}","templated":true}]}}