{"id":101136,"date":"2021-11-27T02:03:02","date_gmt":"2021-11-27T02:03:02","guid":{"rendered":"https:\/\/espak.ee\/epood\/?post_type=product&#038;p=101136"},"modified":"2026-03-21T09:22:22","modified_gmt":"2026-03-21T07:22:22","slug":"teknos-dispersioonvarv-superlateksi-pm1-09l","status":"publish","type":"product","link":"https:\/\/espak.ee\/epood\/toode\/teknos-dispersioonvarv-superlateksi-pm1-09l\/","title":{"rendered":"DISPERSIOONV\u00c4RV TEKNOS SUPERLATEKSI PM1 0,9L"},"content":{"rendered":"<div class=\"row\"  id=\"row-1256904266\">\n\n\t<div id=\"col-2084179017\" class=\"col medium-9 small-12 large-9\"  >\n\t\t\t\t<div class=\"col-inner\"  >\n\t\t\t\n\t\t\t\n<h3>Matt dispersioonv\u00e4rv Superlateksi pm1 0,9L Teknos<\/h3>\n<p>Matt akr\u00fclaadisisaldusega dispersioonv\u00e4rv.<\/p>\n<p>Seinad ja laed siseruumides. Radiaatorid ja soojatorud, galvaniseeritud ventilatsioonitorud ja valubetoonpinnad. Pindadena sobivad laast-, kiud-, kips- ja muud siseplaatpinnad, puit, betoon, vineer, krohv-, tellis- ja pahtelpinnad. Nakkub h\u00e4sti ka puhtale \u00f5li- ja alk\u00fc\u00fcdv\u00e4rvitud pinnale ning plastikuga kaetud \u00f5hukestele plaatidele.<br \/>\nSUPERLATEKSIL on suurep\u00e4rane nake, tasanduvus ja pestavas. Talub l\u00fchiajaliselt temperatuuri kuni 125\u00b0C kollaseks muutumata.\n<\/p>\n\t\t<\/div>\n\t\t\t\t\t<\/div>\n\n\t\n\n\t<div id=\"col-1811700428\" class=\"col medium-3 small-12 large-3\"  >\n\t\t\t\t<div class=\"col-inner\"  >\n\t\t\t\n\t\t\t\n\t<div id=\"gap-1854820458\" class=\"gap-element clearfix\" style=\"display:block; height:auto;\">\n\t\t\n<style>\n#gap-1854820458 {\n  padding-top: 30px;\n}\n<\/style>\n\t<\/div>\n\t\n<h3>Tootekirjeldus<\/h3>\n<p><a href=\"https:\/\/espak.ee\/epood\/wp-content\/uploads\/2021\/11\/tootekirjeldus-superlateksi.pdf\"target=\"_blank\" rel=\"noopener noreferrer\"><i class=\"far fa-file-pdf\"><\/i> Tootekirjeldus (PDF)<\/a><\/p>\n<h3>Ohutuskaart<\/h3>\n<p><a href=\"https:\/\/espak.ee\/epood\/wp-content\/uploads\/2021\/11\/SUPERLATEKSI_2021-09-30_EE_et.pdf\"target=\"_blank\" rel=\"noopener noreferrer\"><i class=\"far fa-file-pdf\"><\/i> Ohutuskaart (PDF)<\/a><\/p>\n<div class=\"is-divider divider clearfix\" ><\/div>\n<p><strong>\u00dcksikasjalikuma n\u00f5u saamiseks v\u00f5tke \u00fchendust:<br \/><\/strong>Teknos O\u00dc<br \/>Kesk tee 29, Aaviku k\u00fcla<br \/>Rae vald, Harjumaa<br \/>75 305<br \/>+372 656 34 91<\/p>\n\t\t<\/div>\n\t\t\t\t\t<\/div>\n\n\t\n<\/div>\n","protected":false},"excerpt":{"rendered":"","protected":false},"featured_media":102621,"comment_status":"closed","ping_status":"closed","template":"","meta":[],"product_brand":[],"product_cat":[2689,2685,2684,2683],"product_tag":[],"class_list":{"0":"post-101136","1":"product","2":"type-product","3":"status-publish","4":"has-post-thumbnail","6":"product_cat-sisevarvid","7":"product_cat-varvid","8":"product_cat-varvid-lakid-lahustid-puidukaitsed-olid","9":"product_cat-viimistluskaubad","10":"product_shipping_class-dpd-cold","11":"pa_kaubamark-teknos-ou","13":"first","14":"instock","15":"sale","16":"taxable","17":"shipping-taxable","18":"purchasable","19":"product-type-simple"},"yoast_head":"<!-- This site is optimized with the Yoast SEO plugin v26.9 - https:\/\/yoast.com\/product\/yoast-seo-wordpress\/ -->\n<title>DISPERSIOONV\u00c4RV TEKNOS SUPERLATEKSI PM1 0,9L - Espak E-pood<\/title>\n<meta name=\"robots\" content=\"index, follow, max-snippet:-1, max-image-preview:large, max-video-preview:-1\" \/>\n<link rel=\"canonical\" href=\"https:\/\/espak.ee\/epood\/toode\/teknos-dispersioonvarv-superlateksi-pm1-09l\/\" \/>\n<meta property=\"og:locale\" content=\"et_EE\" \/>\n<meta property=\"og:type\" content=\"article\" \/>\n<meta property=\"og:title\" content=\"DISPERSIOONV\u00c4RV TEKNOS SUPERLATEKSI PM1 0,9L - Espak E-pood\" \/>\n<meta property=\"og:url\" content=\"https:\/\/espak.ee\/epood\/toode\/teknos-dispersioonvarv-superlateksi-pm1-09l\/\" \/>\n<meta property=\"og:site_name\" content=\"Espak E-pood\" \/>\n<meta property=\"article:modified_time\" content=\"2026-03-21T07:22:22+00:00\" \/>\n<meta property=\"og:image\" content=\"https:\/\/espak.ee\/epood\/wp-content\/uploads\/2021\/11\/Superlateksi_1l.jpg\" \/>\n\t<meta property=\"og:image:width\" content=\"800\" \/>\n\t<meta property=\"og:image:height\" content=\"800\" \/>\n\t<meta property=\"og:image:type\" content=\"image\/jpeg\" \/>\n<meta name=\"twitter:card\" content=\"summary_large_image\" \/>\n<meta name=\"twitter:label1\" content=\"Est. reading time\" \/>\n\t<meta name=\"twitter:data1\" content=\"1 minut\" \/>\n<script type=\"application\/ld+json\" class=\"yoast-schema-graph\">{\"@context\":\"https:\/\/schema.org\",\"@graph\":[{\"@type\":\"WebPage\",\"@id\":\"https:\/\/espak.ee\/epood\/toode\/teknos-dispersioonvarv-superlateksi-pm1-09l\/\",\"url\":\"https:\/\/espak.ee\/epood\/toode\/teknos-dispersioonvarv-superlateksi-pm1-09l\/\",\"name\":\"DISPERSIOONV\u00c4RV TEKNOS SUPERLATEKSI PM1 0,9L - Espak E-pood\",\"isPartOf\":{\"@id\":\"https:\/\/espak.ee\/epood\/#website\"},\"primaryImageOfPage\":{\"@id\":\"https:\/\/espak.ee\/epood\/toode\/teknos-dispersioonvarv-superlateksi-pm1-09l\/#primaryimage\"},\"image\":{\"@id\":\"https:\/\/espak.ee\/epood\/toode\/teknos-dispersioonvarv-superlateksi-pm1-09l\/#primaryimage\"},\"thumbnailUrl\":\"https:\/\/espak.ee\/epood\/wp-content\/uploads\/2021\/11\/Superlateksi_1l.jpg\",\"datePublished\":\"2021-11-27T02:03:02+00:00\",\"dateModified\":\"2026-03-21T07:22:22+00:00\",\"breadcrumb\":{\"@id\":\"https:\/\/espak.ee\/epood\/toode\/teknos-dispersioonvarv-superlateksi-pm1-09l\/#breadcrumb\"},\"inLanguage\":\"et\",\"potentialAction\":[{\"@type\":\"ReadAction\",\"target\":[\"https:\/\/espak.ee\/epood\/toode\/teknos-dispersioonvarv-superlateksi-pm1-09l\/\"]}]},{\"@type\":\"ImageObject\",\"inLanguage\":\"et\",\"@id\":\"https:\/\/espak.ee\/epood\/toode\/teknos-dispersioonvarv-superlateksi-pm1-09l\/#primaryimage\",\"url\":\"https:\/\/espak.ee\/epood\/wp-content\/uploads\/2021\/11\/Superlateksi_1l.jpg\",\"contentUrl\":\"https:\/\/espak.ee\/epood\/wp-content\/uploads\/2021\/11\/Superlateksi_1l.jpg\",\"width\":800,\"height\":800},{\"@type\":\"BreadcrumbList\",\"@id\":\"https:\/\/espak.ee\/epood\/toode\/teknos-dispersioonvarv-superlateksi-pm1-09l\/#breadcrumb\",\"itemListElement\":[{\"@type\":\"ListItem\",\"position\":1,\"name\":\"Home\",\"item\":\"https:\/\/espak.ee\/epood\/\"},{\"@type\":\"ListItem\",\"position\":2,\"name\":\"Tootevalik\",\"item\":\"https:\/\/espak.ee\/epood\/tootevalik\/\"},{\"@type\":\"ListItem\",\"position\":3,\"name\":\"DISPERSIOONV\u00c4RV TEKNOS SUPERLATEKSI PM1 0,9L\"}]},{\"@type\":\"WebSite\",\"@id\":\"https:\/\/espak.ee\/epood\/#website\",\"url\":\"https:\/\/espak.ee\/epood\/\",\"name\":\"Espak E-pood\",\"description\":\"\",\"potentialAction\":[{\"@type\":\"SearchAction\",\"target\":{\"@type\":\"EntryPoint\",\"urlTemplate\":\"https:\/\/espak.ee\/epood\/?s={search_term_string}\"},\"query-input\":{\"@type\":\"PropertyValueSpecification\",\"valueRequired\":true,\"valueName\":\"search_term_string\"}}],\"inLanguage\":\"et\"}]}<\/script>\n<!-- \/ Yoast SEO plugin. -->","yoast_head_json":{"title":"DISPERSIOONV\u00c4RV TEKNOS SUPERLATEKSI PM1 0,9L - Espak E-pood","robots":{"index":"index","follow":"follow","max-snippet":"max-snippet:-1","max-image-preview":"max-image-preview:large","max-video-preview":"max-video-preview:-1"},"canonical":"https:\/\/espak.ee\/epood\/toode\/teknos-dispersioonvarv-superlateksi-pm1-09l\/","og_locale":"et_EE","og_type":"article","og_title":"DISPERSIOONV\u00c4RV TEKNOS SUPERLATEKSI PM1 0,9L - Espak E-pood","og_url":"https:\/\/espak.ee\/epood\/toode\/teknos-dispersioonvarv-superlateksi-pm1-09l\/","og_site_name":"Espak E-pood","article_modified_time":"2026-03-21T07:22:22+00:00","og_image":[{"width":800,"height":800,"url":"https:\/\/espak.ee\/epood\/wp-content\/uploads\/2021\/11\/Superlateksi_1l.jpg","type":"image\/jpeg"}],"twitter_card":"summary_large_image","twitter_misc":{"Est. reading time":"1 minut"},"schema":{"@context":"https:\/\/schema.org","@graph":[{"@type":"WebPage","@id":"https:\/\/espak.ee\/epood\/toode\/teknos-dispersioonvarv-superlateksi-pm1-09l\/","url":"https:\/\/espak.ee\/epood\/toode\/teknos-dispersioonvarv-superlateksi-pm1-09l\/","name":"DISPERSIOONV\u00c4RV TEKNOS SUPERLATEKSI PM1 0,9L - Espak E-pood","isPartOf":{"@id":"https:\/\/espak.ee\/epood\/#website"},"primaryImageOfPage":{"@id":"https:\/\/espak.ee\/epood\/toode\/teknos-dispersioonvarv-superlateksi-pm1-09l\/#primaryimage"},"image":{"@id":"https:\/\/espak.ee\/epood\/toode\/teknos-dispersioonvarv-superlateksi-pm1-09l\/#primaryimage"},"thumbnailUrl":"https:\/\/espak.ee\/epood\/wp-content\/uploads\/2021\/11\/Superlateksi_1l.jpg","datePublished":"2021-11-27T02:03:02+00:00","dateModified":"2026-03-21T07:22:22+00:00","breadcrumb":{"@id":"https:\/\/espak.ee\/epood\/toode\/teknos-dispersioonvarv-superlateksi-pm1-09l\/#breadcrumb"},"inLanguage":"et","potentialAction":[{"@type":"ReadAction","target":["https:\/\/espak.ee\/epood\/toode\/teknos-dispersioonvarv-superlateksi-pm1-09l\/"]}]},{"@type":"ImageObject","inLanguage":"et","@id":"https:\/\/espak.ee\/epood\/toode\/teknos-dispersioonvarv-superlateksi-pm1-09l\/#primaryimage","url":"https:\/\/espak.ee\/epood\/wp-content\/uploads\/2021\/11\/Superlateksi_1l.jpg","contentUrl":"https:\/\/espak.ee\/epood\/wp-content\/uploads\/2021\/11\/Superlateksi_1l.jpg","width":800,"height":800},{"@type":"BreadcrumbList","@id":"https:\/\/espak.ee\/epood\/toode\/teknos-dispersioonvarv-superlateksi-pm1-09l\/#breadcrumb","itemListElement":[{"@type":"ListItem","position":1,"name":"Home","item":"https:\/\/espak.ee\/epood\/"},{"@type":"ListItem","position":2,"name":"Tootevalik","item":"https:\/\/espak.ee\/epood\/tootevalik\/"},{"@type":"ListItem","position":3,"name":"DISPERSIOONV\u00c4RV TEKNOS SUPERLATEKSI PM1 0,9L"}]},{"@type":"WebSite","@id":"https:\/\/espak.ee\/epood\/#website","url":"https:\/\/espak.ee\/epood\/","name":"Espak E-pood","description":"","potentialAction":[{"@type":"SearchAction","target":{"@type":"EntryPoint","urlTemplate":"https:\/\/espak.ee\/epood\/?s={search_term_string}"},"query-input":{"@type":"PropertyValueSpecification","valueRequired":true,"valueName":"search_term_string"}}],"inLanguage":"et"}]}},"_links":{"self":[{"href":"https:\/\/espak.ee\/epood\/wp-json\/wp\/v2\/product\/101136","targetHints":{"allow":["GET"]}}],"collection":[{"href":"https:\/\/espak.ee\/epood\/wp-json\/wp\/v2\/product"}],"about":[{"href":"https:\/\/espak.ee\/epood\/wp-json\/wp\/v2\/types\/product"}],"replies":[{"embeddable":true,"href":"https:\/\/espak.ee\/epood\/wp-json\/wp\/v2\/comments?post=101136"}],"wp:featuredmedia":[{"embeddable":true,"href":"https:\/\/espak.ee\/epood\/wp-json\/wp\/v2\/media\/102621"}],"wp:attachment":[{"href":"https:\/\/espak.ee\/epood\/wp-json\/wp\/v2\/media?parent=101136"}],"wp:term":[{"taxonomy":"product_brand","embeddable":true,"href":"https:\/\/espak.ee\/epood\/wp-json\/wp\/v2\/product_brand?post=101136"},{"taxonomy":"product_cat","embeddable":true,"href":"https:\/\/espak.ee\/epood\/wp-json\/wp\/v2\/product_cat?post=101136"},{"taxonomy":"product_tag","embeddable":true,"href":"https:\/\/espak.ee\/epood\/wp-json\/wp\/v2\/product_tag?post=101136"}],"curies":[{"name":"wp","href":"https:\/\/api.w.org\/{rel}","templated":true}]}}