{"id":100421,"date":"2021-11-20T00:33:37","date_gmt":"2021-11-20T00:33:37","guid":{"rendered":"https:\/\/espak.ee\/epood\/?post_type=product&#038;p=100421"},"modified":"2026-03-21T09:34:11","modified_gmt":"2026-03-21T07:34:11","slug":"metalse-efektiga-dekoratiivvarv-alpina-metall-effekt-gold-1l","status":"publish","type":"product","link":"https:\/\/espak.ee\/epood\/toode\/metalse-efektiga-dekoratiivvarv-alpina-metall-effekt-gold-1l\/","title":{"rendered":"METALSE EFEKTIGA DEKORATIIVV\u00c4RV ALPINA METALL EFFEKT GOLD 1L"},"content":{"rendered":"<div class=\"row\"  id=\"row-1133364705\">\n\n\t<div id=\"col-590576698\" class=\"col medium-9 small-12 large-9\"  >\n\t\t\t\t<div class=\"col-inner\"  >\n\t\t\t\n\t\t\t\n<h2>Dekoratiivv\u00e4rv Alpina METALL EFFEKT Gold<\/h2>\n<p>Alpina METALL Effekt paneb nii seinad kui silmad s\u00e4rama. Kasuta metalse l\u00e4ike v\u00f5lu ja paiguta siia-sinna \u00f5rna kulla, h\u00f5beda v\u00f5i pronksi l\u00e4iget. Suursugused seinad viivad Sind otsekui idamaisesse muinasjuttu ja meenutavad tuhande ja \u00fche \u00f6\u00f6 legende.<br \/>\nSee v\u00e4rv sobib k\u00f5ige paremini elu- ja t\u00f6\u00f6ruumi, kuna ei sisalda lahusteid ja talub suurt koormust. Lisaks on v\u00e4rviga kaetud pinda lihtne puhastada, see on vastupidav ja kulumiskindel.<br \/>\nV\u00e4rv Alpina METALL Effekt on eriti v\u00e4ljendusrikas struktuursetel pindadel. Eriti kvaliteetse metalliefektiga kujunduse loomiseks sobita v\u00e4rv Alpina METALL Effekt struktuurv\u00e4rvidega Alpina LINIE Effekt ja Alpina STRUCTUR Effekt.<\/p>\n<div class=\"message-box relative\" style=\"padding-top:15px;padding-bottom:15px;\"><div class=\"message-box-bg-image bg-fill fill\" ><\/div><div class=\"message-box-bg-overlay bg-fill fill\" ><\/div><div class=\"container relative\"><div class=\"inner last-reset\">\n<div class=\"row align-middle align-center\"  id=\"row-1849506686\">\n\n\t<div id=\"col-601232255\" class=\"col small-12 large-12\"  >\n\t\t\t\t<div class=\"col-inner text-left\"  >\n\t\t\t\n\t\t\t\n<h4>Omadused<\/h4>\n<div class=\"row\"  id=\"row-96670159\">\n\n\t<div id=\"col-1249262735\" class=\"col medium-6 small-12 large-6\"  >\n\t\t\t\t<div class=\"col-inner\"  >\n\t\t\t\n\t\t\t\n<p><i class=\"fa fa-check fa-2x\"><\/i> <strong> Veega lahjendatav<\/strong><\/p>\n<p><i class=\"fa fa-check fa-2x\"><\/i> <strong> Vastupidav<\/strong><\/p>\n\t\t<\/div>\n\t\t\t\t\n<style>\n#col-1249262735 > .col-inner {\n  margin: 0px 0px 15px 0px;\n}\n<\/style>\n\t<\/div>\n\n\t\n<\/div>\n\t\t<\/div>\n\t\t\t\t\t<\/div>\n\n\t\n<\/div>\n<\/div><\/div><\/div>\n\t<div id=\"gap-1167170666\" class=\"gap-element clearfix\" style=\"display:block; height:auto;\">\n\t\t\n<style>\n#gap-1167170666 {\n  padding-top: 30px;\n}\n<\/style>\n\t<\/div>\n\t\n<p><strong>T\u00f6\u00f6tlemine: <\/strong> Aluspind peab olema alati eelnevalt \u00fchtlases v\u00e4rvitoonis v\u00e4rvitud. Parimad efektid saavutatakse kombineerituna struktureeritud aluspindadega (nt Alpina LINIE Effekt). Vastavalt soovile v\u00f5ib aluspind olla sobivas v\u00e4rvitoonis v\u00f5i valge. Alpina METALL Effekt korralikult l\u00e4bi segada ning p\u00e4rast aluspinna t\u00e4ielikku kuivamist \u00fchtlase kihina rulliga pinnale kanda. Seej\u00e4rel t\u00f6\u00f6delda Alpina efektkammi v\u00f5i Alpina efektkelluga. Mitte kasutada alla +5 \u00b0C. T\u00f6\u00f6vahendid puhastada kohe peale kasutamist veega.<\/p>\n\t\t<\/div>\n\t\t\t\t\t<\/div>\n\n\t\n\n\t<div id=\"col-795691082\" class=\"col medium-3 small-12 large-3\"  >\n\t\t\t\t<div class=\"col-inner\"  >\n\t\t\t\n\t\t\t\n\t<div id=\"gap-998812178\" class=\"gap-element clearfix\" style=\"display:block; height:auto;\">\n\t\t\n<style>\n#gap-998812178 {\n  padding-top: 30px;\n}\n<\/style>\n\t<\/div>\n\t\n<h3>Tehniline informatsioon<\/h3>\n<p><a href=\"https:\/\/espak.ee\/epood\/wp-content\/uploads\/2021\/11\/TI_Alpina_Metall_Effekt_Gold_Silber_Bronze_EE_EE.pdf\"target=\"_blank\" rel=\"noopener noreferrer\"><i class=\"far fa-file-pdf\"><\/i> Tehniline info (PDF)<\/a><\/p>\n<div class=\"is-divider divider clearfix\" ><\/div>\n<p><strong>\u00dcksikasjalikuma n\u00f5u saamiseks v\u00f5tke \u00fchendust:<br \/><\/strong>SIA DAW Baltica Eesti filiaal<br \/>L\u00e4ike tee 2\/1<br \/>75312<br \/>Peetri alevik, Rae vald<br \/>+372 6000690<\/p>\n<div class=\"is-divider divider clearfix\" ><\/div>\n\t\t<\/div>\n\t\t\t\t\t<\/div>\n\n\t\n<\/div>\n","protected":false},"excerpt":{"rendered":"","protected":false},"featured_media":101325,"comment_status":"closed","ping_status":"closed","template":"","meta":[],"product_brand":[],"product_cat":[3233,2685,2684,2683],"product_tag":[],"class_list":{"0":"post-100421","1":"product","2":"type-product","3":"status-publish","4":"has-post-thumbnail","6":"product_cat-alpina","7":"product_cat-varvid","8":"product_cat-varvid-lakid-lahustid-puidukaitsed-olid","9":"product_cat-viimistluskaubad","10":"product_shipping_class-dpd-cold","11":"pa_kaubamark-daw-baltica-sia","13":"first","14":"instock","15":"sale","16":"taxable","17":"shipping-taxable","18":"purchasable","19":"product-type-simple"},"yoast_head":"<!-- This site is optimized with the Yoast SEO plugin v26.9 - https:\/\/yoast.com\/product\/yoast-seo-wordpress\/ -->\n<title>METALSE EFEKTIGA DEKORATIIVV\u00c4RV ALPINA METALL EFFEKT GOLD 1L - Espak E-pood<\/title>\n<meta name=\"robots\" content=\"index, follow, max-snippet:-1, max-image-preview:large, max-video-preview:-1\" \/>\n<link rel=\"canonical\" href=\"https:\/\/espak.ee\/epood\/toode\/metalse-efektiga-dekoratiivvarv-alpina-metall-effekt-gold-1l\/\" \/>\n<meta property=\"og:locale\" content=\"et_EE\" \/>\n<meta property=\"og:type\" content=\"article\" \/>\n<meta property=\"og:title\" content=\"METALSE EFEKTIGA DEKORATIIVV\u00c4RV ALPINA METALL EFFEKT GOLD 1L - Espak E-pood\" \/>\n<meta property=\"og:url\" content=\"https:\/\/espak.ee\/epood\/toode\/metalse-efektiga-dekoratiivvarv-alpina-metall-effekt-gold-1l\/\" \/>\n<meta property=\"og:site_name\" content=\"Espak E-pood\" \/>\n<meta property=\"article:modified_time\" content=\"2026-03-21T07:34:11+00:00\" \/>\n<meta property=\"og:image\" content=\"https:\/\/espak.ee\/epood\/wp-content\/uploads\/2021\/11\/AF013587_15669_Alpina_Effekt_Metall_Gold_1l.jpg\" \/>\n\t<meta property=\"og:image:width\" content=\"1000\" \/>\n\t<meta property=\"og:image:height\" content=\"1000\" \/>\n\t<meta property=\"og:image:type\" content=\"image\/jpeg\" \/>\n<meta name=\"twitter:card\" content=\"summary_large_image\" \/>\n<meta name=\"twitter:label1\" content=\"Est. reading time\" \/>\n\t<meta name=\"twitter:data1\" content=\"1 minut\" \/>\n<script type=\"application\/ld+json\" class=\"yoast-schema-graph\">{\"@context\":\"https:\/\/schema.org\",\"@graph\":[{\"@type\":\"WebPage\",\"@id\":\"https:\/\/espak.ee\/epood\/toode\/metalse-efektiga-dekoratiivvarv-alpina-metall-effekt-gold-1l\/\",\"url\":\"https:\/\/espak.ee\/epood\/toode\/metalse-efektiga-dekoratiivvarv-alpina-metall-effekt-gold-1l\/\",\"name\":\"METALSE EFEKTIGA DEKORATIIVV\u00c4RV ALPINA METALL EFFEKT GOLD 1L - Espak E-pood\",\"isPartOf\":{\"@id\":\"https:\/\/espak.ee\/epood\/#website\"},\"primaryImageOfPage\":{\"@id\":\"https:\/\/espak.ee\/epood\/toode\/metalse-efektiga-dekoratiivvarv-alpina-metall-effekt-gold-1l\/#primaryimage\"},\"image\":{\"@id\":\"https:\/\/espak.ee\/epood\/toode\/metalse-efektiga-dekoratiivvarv-alpina-metall-effekt-gold-1l\/#primaryimage\"},\"thumbnailUrl\":\"https:\/\/espak.ee\/epood\/wp-content\/uploads\/2021\/11\/AF013587_15669_Alpina_Effekt_Metall_Gold_1l.jpg\",\"datePublished\":\"2021-11-20T00:33:37+00:00\",\"dateModified\":\"2026-03-21T07:34:11+00:00\",\"breadcrumb\":{\"@id\":\"https:\/\/espak.ee\/epood\/toode\/metalse-efektiga-dekoratiivvarv-alpina-metall-effekt-gold-1l\/#breadcrumb\"},\"inLanguage\":\"et\",\"potentialAction\":[{\"@type\":\"ReadAction\",\"target\":[\"https:\/\/espak.ee\/epood\/toode\/metalse-efektiga-dekoratiivvarv-alpina-metall-effekt-gold-1l\/\"]}]},{\"@type\":\"ImageObject\",\"inLanguage\":\"et\",\"@id\":\"https:\/\/espak.ee\/epood\/toode\/metalse-efektiga-dekoratiivvarv-alpina-metall-effekt-gold-1l\/#primaryimage\",\"url\":\"https:\/\/espak.ee\/epood\/wp-content\/uploads\/2021\/11\/AF013587_15669_Alpina_Effekt_Metall_Gold_1l.jpg\",\"contentUrl\":\"https:\/\/espak.ee\/epood\/wp-content\/uploads\/2021\/11\/AF013587_15669_Alpina_Effekt_Metall_Gold_1l.jpg\",\"width\":1000,\"height\":1000},{\"@type\":\"BreadcrumbList\",\"@id\":\"https:\/\/espak.ee\/epood\/toode\/metalse-efektiga-dekoratiivvarv-alpina-metall-effekt-gold-1l\/#breadcrumb\",\"itemListElement\":[{\"@type\":\"ListItem\",\"position\":1,\"name\":\"Home\",\"item\":\"https:\/\/espak.ee\/epood\/\"},{\"@type\":\"ListItem\",\"position\":2,\"name\":\"Tootevalik\",\"item\":\"https:\/\/espak.ee\/epood\/tootevalik\/\"},{\"@type\":\"ListItem\",\"position\":3,\"name\":\"METALSE EFEKTIGA DEKORATIIVV\u00c4RV ALPINA METALL EFFEKT GOLD 1L\"}]},{\"@type\":\"WebSite\",\"@id\":\"https:\/\/espak.ee\/epood\/#website\",\"url\":\"https:\/\/espak.ee\/epood\/\",\"name\":\"Espak E-pood\",\"description\":\"\",\"potentialAction\":[{\"@type\":\"SearchAction\",\"target\":{\"@type\":\"EntryPoint\",\"urlTemplate\":\"https:\/\/espak.ee\/epood\/?s={search_term_string}\"},\"query-input\":{\"@type\":\"PropertyValueSpecification\",\"valueRequired\":true,\"valueName\":\"search_term_string\"}}],\"inLanguage\":\"et\"}]}<\/script>\n<!-- \/ Yoast SEO plugin. -->","yoast_head_json":{"title":"METALSE EFEKTIGA DEKORATIIVV\u00c4RV ALPINA METALL EFFEKT GOLD 1L - Espak E-pood","robots":{"index":"index","follow":"follow","max-snippet":"max-snippet:-1","max-image-preview":"max-image-preview:large","max-video-preview":"max-video-preview:-1"},"canonical":"https:\/\/espak.ee\/epood\/toode\/metalse-efektiga-dekoratiivvarv-alpina-metall-effekt-gold-1l\/","og_locale":"et_EE","og_type":"article","og_title":"METALSE EFEKTIGA DEKORATIIVV\u00c4RV ALPINA METALL EFFEKT GOLD 1L - Espak E-pood","og_url":"https:\/\/espak.ee\/epood\/toode\/metalse-efektiga-dekoratiivvarv-alpina-metall-effekt-gold-1l\/","og_site_name":"Espak E-pood","article_modified_time":"2026-03-21T07:34:11+00:00","og_image":[{"width":1000,"height":1000,"url":"https:\/\/espak.ee\/epood\/wp-content\/uploads\/2021\/11\/AF013587_15669_Alpina_Effekt_Metall_Gold_1l.jpg","type":"image\/jpeg"}],"twitter_card":"summary_large_image","twitter_misc":{"Est. reading time":"1 minut"},"schema":{"@context":"https:\/\/schema.org","@graph":[{"@type":"WebPage","@id":"https:\/\/espak.ee\/epood\/toode\/metalse-efektiga-dekoratiivvarv-alpina-metall-effekt-gold-1l\/","url":"https:\/\/espak.ee\/epood\/toode\/metalse-efektiga-dekoratiivvarv-alpina-metall-effekt-gold-1l\/","name":"METALSE EFEKTIGA DEKORATIIVV\u00c4RV ALPINA METALL EFFEKT GOLD 1L - Espak E-pood","isPartOf":{"@id":"https:\/\/espak.ee\/epood\/#website"},"primaryImageOfPage":{"@id":"https:\/\/espak.ee\/epood\/toode\/metalse-efektiga-dekoratiivvarv-alpina-metall-effekt-gold-1l\/#primaryimage"},"image":{"@id":"https:\/\/espak.ee\/epood\/toode\/metalse-efektiga-dekoratiivvarv-alpina-metall-effekt-gold-1l\/#primaryimage"},"thumbnailUrl":"https:\/\/espak.ee\/epood\/wp-content\/uploads\/2021\/11\/AF013587_15669_Alpina_Effekt_Metall_Gold_1l.jpg","datePublished":"2021-11-20T00:33:37+00:00","dateModified":"2026-03-21T07:34:11+00:00","breadcrumb":{"@id":"https:\/\/espak.ee\/epood\/toode\/metalse-efektiga-dekoratiivvarv-alpina-metall-effekt-gold-1l\/#breadcrumb"},"inLanguage":"et","potentialAction":[{"@type":"ReadAction","target":["https:\/\/espak.ee\/epood\/toode\/metalse-efektiga-dekoratiivvarv-alpina-metall-effekt-gold-1l\/"]}]},{"@type":"ImageObject","inLanguage":"et","@id":"https:\/\/espak.ee\/epood\/toode\/metalse-efektiga-dekoratiivvarv-alpina-metall-effekt-gold-1l\/#primaryimage","url":"https:\/\/espak.ee\/epood\/wp-content\/uploads\/2021\/11\/AF013587_15669_Alpina_Effekt_Metall_Gold_1l.jpg","contentUrl":"https:\/\/espak.ee\/epood\/wp-content\/uploads\/2021\/11\/AF013587_15669_Alpina_Effekt_Metall_Gold_1l.jpg","width":1000,"height":1000},{"@type":"BreadcrumbList","@id":"https:\/\/espak.ee\/epood\/toode\/metalse-efektiga-dekoratiivvarv-alpina-metall-effekt-gold-1l\/#breadcrumb","itemListElement":[{"@type":"ListItem","position":1,"name":"Home","item":"https:\/\/espak.ee\/epood\/"},{"@type":"ListItem","position":2,"name":"Tootevalik","item":"https:\/\/espak.ee\/epood\/tootevalik\/"},{"@type":"ListItem","position":3,"name":"METALSE EFEKTIGA DEKORATIIVV\u00c4RV ALPINA METALL EFFEKT GOLD 1L"}]},{"@type":"WebSite","@id":"https:\/\/espak.ee\/epood\/#website","url":"https:\/\/espak.ee\/epood\/","name":"Espak E-pood","description":"","potentialAction":[{"@type":"SearchAction","target":{"@type":"EntryPoint","urlTemplate":"https:\/\/espak.ee\/epood\/?s={search_term_string}"},"query-input":{"@type":"PropertyValueSpecification","valueRequired":true,"valueName":"search_term_string"}}],"inLanguage":"et"}]}},"_links":{"self":[{"href":"https:\/\/espak.ee\/epood\/wp-json\/wp\/v2\/product\/100421","targetHints":{"allow":["GET"]}}],"collection":[{"href":"https:\/\/espak.ee\/epood\/wp-json\/wp\/v2\/product"}],"about":[{"href":"https:\/\/espak.ee\/epood\/wp-json\/wp\/v2\/types\/product"}],"replies":[{"embeddable":true,"href":"https:\/\/espak.ee\/epood\/wp-json\/wp\/v2\/comments?post=100421"}],"wp:featuredmedia":[{"embeddable":true,"href":"https:\/\/espak.ee\/epood\/wp-json\/wp\/v2\/media\/101325"}],"wp:attachment":[{"href":"https:\/\/espak.ee\/epood\/wp-json\/wp\/v2\/media?parent=100421"}],"wp:term":[{"taxonomy":"product_brand","embeddable":true,"href":"https:\/\/espak.ee\/epood\/wp-json\/wp\/v2\/product_brand?post=100421"},{"taxonomy":"product_cat","embeddable":true,"href":"https:\/\/espak.ee\/epood\/wp-json\/wp\/v2\/product_cat?post=100421"},{"taxonomy":"product_tag","embeddable":true,"href":"https:\/\/espak.ee\/epood\/wp-json\/wp\/v2\/product_tag?post=100421"}],"curies":[{"name":"wp","href":"https:\/\/api.w.org\/{rel}","templated":true}]}}