{"id":100353,"date":"2021-11-19T06:09:45","date_gmt":"2021-11-19T06:09:45","guid":{"rendered":"https:\/\/espak.ee\/epood\/?post_type=product&#038;p=100353"},"modified":"2024-03-23T04:51:54","modified_gmt":"2024-03-23T02:51:54","slug":"respiraator-bm-001-ffp2-10tk-pk","status":"publish","type":"product","link":"https:\/\/espak.ee\/epood\/toode\/respiraator-bm-001-ffp2-10tk-pk\/","title":{"rendered":"RESPIRAATOR BM-001 FFP2 10TK\/PK"},"content":{"rendered":"<div class=\"row\"  id=\"row-1191770009\">\n\n\t<div id=\"col-1931643836\" class=\"col medium-9 small-12 large-9\"  >\n\t\t\t\t<div class=\"col-inner\"  >\n\t\t\t\n\t\t\t\n<h3>Respiraator BM-001 FFP2 10tk\/pk <\/h3>\n<p>Kvaliteetne 5-kihiline respiraator.<\/p>\n<p>Mask on \u00fchekordseks kasutamiseks (kuni 4 tundi). Filtreerimisindeksiga Euroopa standard FFP2, mis filtreerib v\u00e4hemalt 95% \u00f5hus leitavatest osakestest. Omab sertifikaati CE 1463 ja vastab EN149:2001 A1:2009 n\u00f5uetele. Toodetud EU-s.<\/p>\n<p>Kaitsemaski kasutamisel tuleb veenduda selles, et mask on paigaldatud \u00f5igesti:<br \/>\nPaigalda mask korralikult kahe k\u00e4ega.<br \/>\nHinga kiirelt ja s\u00fcgavalt sisse. Kui mask on paigaldatud \u00f5igesti, peaksid tundma alar\u00f5hu teket maski seespool. Kui tunned, et \u00f5hk siseneb maski servade alt, pinguta paelu.<br \/>\nKorda katset kuni oled veendunud, et mask t\u00f5esti kaitseb sind.<br \/>\nNB! Valesti paigaldatud maski kasutamine ei garanteeri kaitset! Meestele: maskikandija peab olema raseeritud, sest vastasel juhul ei teki maski serva tihedat kontakti nahaga ja mask kui kaitsevahend muutub ebaefektiivseks.<\/p>\n\t\t<\/div>\n\t\t\t\t\t<\/div>\n\n\t\n\n\t<div id=\"col-713586195\" class=\"col medium-3 small-12 large-3\"  >\n\t\t\t\t<div class=\"col-inner\"  >\n\t\t\t\n\t\t\t\n\t<div id=\"gap-896451008\" class=\"gap-element clearfix\" style=\"display:block; height:auto;\">\n\t\t\n<style>\n#gap-896451008 {\n  padding-top: 30px;\n}\n<\/style>\n\t<\/div>\n\t\n<p><strong>\u00dcksikasjalikuma n\u00f5u saamiseks v\u00f5tke \u00fchendust:<br \/><\/strong>Medifum Group O\u00dc<br \/>P\u00e4rnu mnt 31<br \/>10119<br \/>Tallinn<br \/> Telefon +372 6 999 443<\/p>\n\t\t<\/div>\n\t\t\t\t\t<\/div>\n\n\t\n<\/div>\n","protected":false},"excerpt":{"rendered":"","protected":false},"featured_media":100490,"comment_status":"closed","ping_status":"closed","template":"","meta":[],"product_brand":[],"product_cat":[3017,2715,2716,2683],"product_tag":[],"class_list":{"0":"post-100353","1":"product","2":"type-product","3":"status-publish","4":"has-post-thumbnail","6":"product_cat-maalri-tookaitsevahendid","7":"product_cat-maalritarbed","8":"product_cat-maalritarbed-maalritarbed","9":"product_cat-viimistluskaubad","10":"pa_kaubamark-medifum-group-ou","12":"first","13":"outofstock","14":"sale","15":"taxable","16":"shipping-taxable","17":"purchasable","18":"product-type-simple"},"yoast_head":"<!-- This site is optimized with the Yoast SEO plugin v26.9 - https:\/\/yoast.com\/product\/yoast-seo-wordpress\/ -->\n<title>RESPIRAATOR BM-001 FFP2 10TK\/PK - Espak E-pood<\/title>\n<meta name=\"robots\" content=\"index, follow, max-snippet:-1, max-image-preview:large, max-video-preview:-1\" \/>\n<link rel=\"canonical\" href=\"https:\/\/espak.ee\/epood\/toode\/respiraator-bm-001-ffp2-10tk-pk\/\" \/>\n<meta property=\"og:locale\" content=\"et_EE\" \/>\n<meta property=\"og:type\" content=\"article\" \/>\n<meta property=\"og:title\" content=\"RESPIRAATOR BM-001 FFP2 10TK\/PK - Espak E-pood\" \/>\n<meta property=\"og:url\" content=\"https:\/\/espak.ee\/epood\/toode\/respiraator-bm-001-ffp2-10tk-pk\/\" \/>\n<meta property=\"og:site_name\" content=\"Espak E-pood\" \/>\n<meta property=\"article:modified_time\" content=\"2024-03-23T02:51:54+00:00\" \/>\n<meta property=\"og:image\" content=\"https:\/\/espak.ee\/epood\/wp-content\/uploads\/2021\/11\/FFP2-respiraator-5-kihiline-10tk-pakis-BM001.jpg\" \/>\n\t<meta property=\"og:image:width\" content=\"425\" \/>\n\t<meta property=\"og:image:height\" content=\"425\" \/>\n\t<meta property=\"og:image:type\" content=\"image\/jpeg\" \/>\n<meta name=\"twitter:card\" content=\"summary_large_image\" \/>\n<meta name=\"twitter:label1\" content=\"Est. reading time\" \/>\n\t<meta name=\"twitter:data1\" content=\"1 minut\" \/>\n<script type=\"application\/ld+json\" class=\"yoast-schema-graph\">{\"@context\":\"https:\/\/schema.org\",\"@graph\":[{\"@type\":\"WebPage\",\"@id\":\"https:\/\/espak.ee\/epood\/toode\/respiraator-bm-001-ffp2-10tk-pk\/\",\"url\":\"https:\/\/espak.ee\/epood\/toode\/respiraator-bm-001-ffp2-10tk-pk\/\",\"name\":\"RESPIRAATOR BM-001 FFP2 10TK\/PK - Espak E-pood\",\"isPartOf\":{\"@id\":\"https:\/\/espak.ee\/epood\/#website\"},\"primaryImageOfPage\":{\"@id\":\"https:\/\/espak.ee\/epood\/toode\/respiraator-bm-001-ffp2-10tk-pk\/#primaryimage\"},\"image\":{\"@id\":\"https:\/\/espak.ee\/epood\/toode\/respiraator-bm-001-ffp2-10tk-pk\/#primaryimage\"},\"thumbnailUrl\":\"https:\/\/espak.ee\/epood\/wp-content\/uploads\/2021\/11\/FFP2-respiraator-5-kihiline-10tk-pakis-BM001.jpg\",\"datePublished\":\"2021-11-19T06:09:45+00:00\",\"dateModified\":\"2024-03-23T02:51:54+00:00\",\"breadcrumb\":{\"@id\":\"https:\/\/espak.ee\/epood\/toode\/respiraator-bm-001-ffp2-10tk-pk\/#breadcrumb\"},\"inLanguage\":\"et\",\"potentialAction\":[{\"@type\":\"ReadAction\",\"target\":[\"https:\/\/espak.ee\/epood\/toode\/respiraator-bm-001-ffp2-10tk-pk\/\"]}]},{\"@type\":\"ImageObject\",\"inLanguage\":\"et\",\"@id\":\"https:\/\/espak.ee\/epood\/toode\/respiraator-bm-001-ffp2-10tk-pk\/#primaryimage\",\"url\":\"https:\/\/espak.ee\/epood\/wp-content\/uploads\/2021\/11\/FFP2-respiraator-5-kihiline-10tk-pakis-BM001.jpg\",\"contentUrl\":\"https:\/\/espak.ee\/epood\/wp-content\/uploads\/2021\/11\/FFP2-respiraator-5-kihiline-10tk-pakis-BM001.jpg\",\"width\":425,\"height\":425},{\"@type\":\"BreadcrumbList\",\"@id\":\"https:\/\/espak.ee\/epood\/toode\/respiraator-bm-001-ffp2-10tk-pk\/#breadcrumb\",\"itemListElement\":[{\"@type\":\"ListItem\",\"position\":1,\"name\":\"Home\",\"item\":\"https:\/\/espak.ee\/epood\/\"},{\"@type\":\"ListItem\",\"position\":2,\"name\":\"Tootevalik\",\"item\":\"https:\/\/espak.ee\/epood\/tootevalik\/\"},{\"@type\":\"ListItem\",\"position\":3,\"name\":\"RESPIRAATOR BM-001 FFP2 10TK\/PK\"}]},{\"@type\":\"WebSite\",\"@id\":\"https:\/\/espak.ee\/epood\/#website\",\"url\":\"https:\/\/espak.ee\/epood\/\",\"name\":\"Espak E-pood\",\"description\":\"\",\"potentialAction\":[{\"@type\":\"SearchAction\",\"target\":{\"@type\":\"EntryPoint\",\"urlTemplate\":\"https:\/\/espak.ee\/epood\/?s={search_term_string}\"},\"query-input\":{\"@type\":\"PropertyValueSpecification\",\"valueRequired\":true,\"valueName\":\"search_term_string\"}}],\"inLanguage\":\"et\"}]}<\/script>\n<!-- \/ Yoast SEO plugin. -->","yoast_head_json":{"title":"RESPIRAATOR BM-001 FFP2 10TK\/PK - Espak E-pood","robots":{"index":"index","follow":"follow","max-snippet":"max-snippet:-1","max-image-preview":"max-image-preview:large","max-video-preview":"max-video-preview:-1"},"canonical":"https:\/\/espak.ee\/epood\/toode\/respiraator-bm-001-ffp2-10tk-pk\/","og_locale":"et_EE","og_type":"article","og_title":"RESPIRAATOR BM-001 FFP2 10TK\/PK - Espak E-pood","og_url":"https:\/\/espak.ee\/epood\/toode\/respiraator-bm-001-ffp2-10tk-pk\/","og_site_name":"Espak E-pood","article_modified_time":"2024-03-23T02:51:54+00:00","og_image":[{"width":425,"height":425,"url":"https:\/\/espak.ee\/epood\/wp-content\/uploads\/2021\/11\/FFP2-respiraator-5-kihiline-10tk-pakis-BM001.jpg","type":"image\/jpeg"}],"twitter_card":"summary_large_image","twitter_misc":{"Est. reading time":"1 minut"},"schema":{"@context":"https:\/\/schema.org","@graph":[{"@type":"WebPage","@id":"https:\/\/espak.ee\/epood\/toode\/respiraator-bm-001-ffp2-10tk-pk\/","url":"https:\/\/espak.ee\/epood\/toode\/respiraator-bm-001-ffp2-10tk-pk\/","name":"RESPIRAATOR BM-001 FFP2 10TK\/PK - Espak E-pood","isPartOf":{"@id":"https:\/\/espak.ee\/epood\/#website"},"primaryImageOfPage":{"@id":"https:\/\/espak.ee\/epood\/toode\/respiraator-bm-001-ffp2-10tk-pk\/#primaryimage"},"image":{"@id":"https:\/\/espak.ee\/epood\/toode\/respiraator-bm-001-ffp2-10tk-pk\/#primaryimage"},"thumbnailUrl":"https:\/\/espak.ee\/epood\/wp-content\/uploads\/2021\/11\/FFP2-respiraator-5-kihiline-10tk-pakis-BM001.jpg","datePublished":"2021-11-19T06:09:45+00:00","dateModified":"2024-03-23T02:51:54+00:00","breadcrumb":{"@id":"https:\/\/espak.ee\/epood\/toode\/respiraator-bm-001-ffp2-10tk-pk\/#breadcrumb"},"inLanguage":"et","potentialAction":[{"@type":"ReadAction","target":["https:\/\/espak.ee\/epood\/toode\/respiraator-bm-001-ffp2-10tk-pk\/"]}]},{"@type":"ImageObject","inLanguage":"et","@id":"https:\/\/espak.ee\/epood\/toode\/respiraator-bm-001-ffp2-10tk-pk\/#primaryimage","url":"https:\/\/espak.ee\/epood\/wp-content\/uploads\/2021\/11\/FFP2-respiraator-5-kihiline-10tk-pakis-BM001.jpg","contentUrl":"https:\/\/espak.ee\/epood\/wp-content\/uploads\/2021\/11\/FFP2-respiraator-5-kihiline-10tk-pakis-BM001.jpg","width":425,"height":425},{"@type":"BreadcrumbList","@id":"https:\/\/espak.ee\/epood\/toode\/respiraator-bm-001-ffp2-10tk-pk\/#breadcrumb","itemListElement":[{"@type":"ListItem","position":1,"name":"Home","item":"https:\/\/espak.ee\/epood\/"},{"@type":"ListItem","position":2,"name":"Tootevalik","item":"https:\/\/espak.ee\/epood\/tootevalik\/"},{"@type":"ListItem","position":3,"name":"RESPIRAATOR BM-001 FFP2 10TK\/PK"}]},{"@type":"WebSite","@id":"https:\/\/espak.ee\/epood\/#website","url":"https:\/\/espak.ee\/epood\/","name":"Espak E-pood","description":"","potentialAction":[{"@type":"SearchAction","target":{"@type":"EntryPoint","urlTemplate":"https:\/\/espak.ee\/epood\/?s={search_term_string}"},"query-input":{"@type":"PropertyValueSpecification","valueRequired":true,"valueName":"search_term_string"}}],"inLanguage":"et"}]}},"_links":{"self":[{"href":"https:\/\/espak.ee\/epood\/wp-json\/wp\/v2\/product\/100353","targetHints":{"allow":["GET"]}}],"collection":[{"href":"https:\/\/espak.ee\/epood\/wp-json\/wp\/v2\/product"}],"about":[{"href":"https:\/\/espak.ee\/epood\/wp-json\/wp\/v2\/types\/product"}],"replies":[{"embeddable":true,"href":"https:\/\/espak.ee\/epood\/wp-json\/wp\/v2\/comments?post=100353"}],"wp:featuredmedia":[{"embeddable":true,"href":"https:\/\/espak.ee\/epood\/wp-json\/wp\/v2\/media\/100490"}],"wp:attachment":[{"href":"https:\/\/espak.ee\/epood\/wp-json\/wp\/v2\/media?parent=100353"}],"wp:term":[{"taxonomy":"product_brand","embeddable":true,"href":"https:\/\/espak.ee\/epood\/wp-json\/wp\/v2\/product_brand?post=100353"},{"taxonomy":"product_cat","embeddable":true,"href":"https:\/\/espak.ee\/epood\/wp-json\/wp\/v2\/product_cat?post=100353"},{"taxonomy":"product_tag","embeddable":true,"href":"https:\/\/espak.ee\/epood\/wp-json\/wp\/v2\/product_tag?post=100353"}],"curies":[{"name":"wp","href":"https:\/\/api.w.org\/{rel}","templated":true}]}}