{"id":44026,"date":"2020-10-07T15:59:21","date_gmt":"2020-10-07T12:59:21","guid":{"rendered":"https:\/\/espak.ee\/hinnakiri\/?page_id=44026"},"modified":"2026-04-06T13:18:37","modified_gmt":"2026-04-06T10:18:37","slug":"ostuinfo","status":"publish","type":"page","link":"https:\/\/espak.ee\/epood\/ostuinfo\/","title":{"rendered":"Ostuinfo"},"content":{"rendered":"<h2>Kuidas kasutada e-poodi?<\/h2>\n<ol>\n<li>Tutvu e-poe toodetega, vali v\u00e4lja vajalikud tooted ning lisa need ostukorvi.<\/li>\n<li>Veendu, et ostukorvis on just need tooted, mida soovid endale osta. Enne ostu sooritamist tutvu kindlasti ka e-poe kasutustingimustega\u00a0<a href=\"https:\/\/espak.ee\/epood\/tingimused\/\"><strong>siin<\/strong><\/a>.<\/li>\n<li>Oled Espaki kliendikaardi omanik? Sinule rakendub etten\u00e4htud soodustus 10 %. Soodustuse saamiseks sisesta kliendikaardi number ostukorvi lehel olevasse lahtrisse. Pane t\u00e4hele, et soodustus ei kehti juba allahinnatud kaubale ning korraga rakendub vaid \u00fcks soodustus.<\/li>\n<li>Sisesta kontaktandmed ja vali sobiv kauba k\u00e4tte saamise viis: kuller v\u00f5i pakiautomaat. Pakume ka v\u00f5imalust tulla ise kaubale j\u00e4rgi AS Espak Tallinna kauplusesse.<\/li>\n<li>Soovid tellida kaupa teisele aadressile? M\u00e4rgi linnuke \u201eSaada teisele aadressile?\u201c j\u00e4rel kasti ja sisesta aadress, kuhu soovid kaupa saada.<\/li>\n<li>Vali sobiv makseviis: Swedbank, SEB, Luminor, LHV, Citadele, krediitkaardimakse (Maestro, Mastercard, Visa), Apple Pay, Google Pay v\u00f5i LHV j\u00e4relmaks. Makseid vahendab AS LHV Pank.<\/li>\n<li>Kui oled internetipangas makse sooritanud, vajuta kindlasti nuppu \u201cTagasi kaupmehe juurde\u201d ning \u00e4ra sulge enne \u00fcmbersuunamist veebiakent.<\/li>\n<li>Kui oled ostu sooritanud, saadame Sulle maksekinnituse e-mailile ja asume tellimust t\u00e4itma. Teavitame Sind e-mailiga, kui kaup on valmis j\u00e4reletulemiseks v\u00f5i \u00fcle antud kullerile. Kui tellisid kauba pakiautomaati, oota teavitust SMS-ga.<\/li>\n<li>Kauba k\u00e4ttesaamisega l\u00e4heb enamasti 2-7 t\u00f6\u00f6p\u00e4eva. Pikema tarne v\u00f5i tellitava kauba puhul v\u00f5tame Sinuga \u00fchendust. Kampaaniate ajal v\u00f5ib ka tarneaeg pikeneda.<\/li>\n<li>Minimaalne ostusumma ilma saatekuluta on 10\u20ac tellimuse kohta.<\/li>\n<\/ol>\n<p>\u00a0<\/p>\n<h3>E-poe kontakt:<\/h3>\n<p>T\u00f6\u00f6p\u00e4evadel (E-R): 8.00-16.30<br \/>Telefon: <a href=\"http:\/\/Tel:6512300\">6 512 300<\/a><br \/><a href=\"mailto:epood@espak.ee\">epood@espak.ee<\/a><\/p>\n<span class=\"scroll-to\" data-label=\"Scroll to: #tarne\" data-bullet=\"false\" data-link=\"#tarne\" data-title=\"Tarne\"><a name=\"tarne\"><\/a><\/span>\n<h2>Tarneviisid<\/h2>\n<p>E-poest tellides on toote tarneajad 2 t\u00f6\u00f6p\u00e4eva kuni 2 n\u00e4dalat, olenevalt toote kohalolust ja komplekteerimise vajadustest. Tellitavate toodete eeldatav tarne on toote juures v\u00e4lja toodud.<\/p>\n<p>Enamasti tarnime toote Teieni 2-3 t\u00f6\u00f6p\u00e4eva jooksul. Kampaaniate ajal ning j\u00e4rgselt v\u00f5ib tarneaeg pikeneda kuni 7 t\u00f6\u00f6p\u00e4evani.<\/p>\n<p>E-poest tellides on v\u00f5imalik valida erinevate tarneviiside vahel:<\/p>\n<ol>\n<li>Tulen ise j\u00e4rgi Tallinna kauplusesse (tasuta).<\/li>\n<li>Tulen j\u00e4rgi SmartPosti v\u00f5i DPD pakiautomaati. Paki saabumise ajast ja kohast teavitatakse Teid SMS-iga.<\/li>\n<li>Kasutan toote kohale toimetamiseks SmartPosti kullerit v\u00f5i DPD kullerteenust.<\/li>\n<\/ol>\n<p>\u00a0<\/p>\n<h3>Tulen ise j\u00e4rgi- k\u00e4ttesaamine Espak Tallinna kauplusest<\/h3>\n<p>Juhul kui ei soovi v\u00f5i kui ei ole v\u00f5imalik kasutada e-poe transporditeenust, on v\u00f5imalik tellitud toode k\u00e4tte saada AS Espak Tallinna kauplusest (Ladu 2), mis asub aadressil Viadukti 42, tulles tootele ise j\u00e4rgi. Selleks tuleb valida transpordiviiside seast &#8220;Tulen ise j\u00e4rgi&#8221;. Palun pange t\u00e4hele, et &#8220;Tulen ise j\u00e4rele&#8221; v\u00f5imalus on v\u00f5imalik vaid Tallinna kauplusesse! Peale arve tasumist ja kauba komplekteerimist teavitame e-mailiga, kui kaup on valmis j\u00e4reletulemiseks. Kaup v\u00e4ljastatakse ainult isikut t\u00f5endava dokumendi alusel kauba tellinud isikule. Kauba v\u00e4ljastamine toimub t\u00f6\u00f6p\u00e4evadel (E-R) kl. 8.00-16.30.<\/p>\n<p>\u00a0<\/p>\n<h3>Kauba k\u00e4ttesaamine SmartPosti pakiautomaadist<\/h3>\n<p>Saadame tellimuse sobivasse pakiautomaati. SmartPosti pakiautomaadid on paigutatud erinevatesse kaubanduskeskustesse \u00fcle Eesti. L\u00e4hima pakiautomaadi leiad\u00a0<a href=\"https:\/\/itella.ee\/eraklient\/pakiautomaatide-asukohad\/\"><strong>SIIT<\/strong><\/a>. Pakiautomaadi tarnekulu s\u00f5ltub tellitud toodete suurusest. Pakiautomaati mahuvad saadetised, mille maksimaalne paki kaal on 35 kg ning m\u00f5\u00f5tmed 60 cm x 36 cm x 60 cm. Kauba saabumisel pakiautomaati saadetakse SMS-teade, kus on kirjas pakiautomaadi asukoht ja personaalne uksekood. Juhised koodi kasutamiseks ja pakilaeka avamiseks leiad pakiautomaadi puutetundlikult ekraanilt.\u00a0Pakiautomaadis hoitakse pakki 7 kalendrip\u00e4eva.<\/p>\n<p>Tarneaeg pakiautomaati \u00a0on 1-2 t\u00f6\u00f6p\u00e4eva.<\/p>\n<p><b>Alates 3,50\u20ac<br \/><\/b><strong>Hinnad sisaldavad k\u00e4ibemaksu.<\/strong><\/p>\n<h3>Kauba k\u00e4ttesaamine DPD pakiautomaadist<\/h3>\n<p>Tellitud kaubad saadame teile sobivasse pakiautomaati. K\u00f5ik DPD pakiautomaadid asuvad \u00f5ues, nii saad enda paki v\u00e4lja v\u00f5tta olenemata n\u00e4dalap\u00e4evast 24 tundi \u00f6\u00f6p\u00e4evas. DPD pakiautomaatide asukohad leiad <a href=\"https:\/\/www.dpd.com\/ee\/et\/kattesaamine\/pakiautomaadid\/\"><strong>SIIT<\/strong><\/a>. Tarnekulu s\u00f5ltub tellitud toodete suurusest. Paki maksimaalsed m\u00f5\u00f5tmed on 36*43*61cm ning kaal ei tohi \u00fcletada 31,5kg. Kauba saabumisel pakiautomaati saadetakse SMS uksekoodiga ning edasised juhised.<\/p>\n<h3>Kulleriga koju<\/h3>\n<p>Kullerteenus on paki k\u00e4ttetoimetamiseks k\u00f5ige mugavam viis. Kullerteenuse kasutajatele toimetatakse tooted kohale otse tellimuses m\u00e4rgitud aadressile. Esmasp\u00e4evast p\u00fchap\u00e4evani ostetud tooted tarnitakse eelduslikult kohale ostu sooritamisele \u00fclej\u00e4rgmisel t\u00f6\u00f6p\u00e4eval ajavahemikus kella 9.00-21.00. AS Espak ei vastuta tarneaegadest k\u00f5rvalekallete eest, mille on p\u00f5hjustanud kullerfirma.<br \/>Toote \u00fcleandmise t\u00e4pse kellaaja lepib kuller enne toote kohaletoimetamist telefoni teel kokku. Kulleriga on v\u00f5imalik tellida tooteid, mille m\u00f5\u00f5tmed on kuni 60*60*120cm ja maksimaalne kaal 35kg.<\/p>\n<p><strong>Alates 4,80\u20ac<\/strong><br \/><strong>Hinnad sisaldavad k\u00e4ibemaksu.<\/strong><\/p>\n","protected":false},"excerpt":{"rendered":"<p>Kuidas kasutada e-poodi? Tutvu e-poe toodetega, vali v\u00e4lja vajalikud tooted ning lisa need ostukorvi. Veendu, et ostukorvis on just need tooted, mida soovid endale osta. Enne ostu sooritamist tutvu kindlasti ka e-poe kasutustingimustega\u00a0siin. Oled Espaki kliendikaardi omanik? Sinule rakendub etten\u00e4htud soodustus 10 %. Soodustuse saamiseks sisesta kliendikaardi number ostukorvi lehel olevasse lahtrisse. Pane t\u00e4hele, et [&#8230;]\n","protected":false},"author":1,"featured_media":0,"parent":0,"menu_order":0,"comment_status":"closed","ping_status":"closed","template":"","meta":{"footnotes":""},"class_list":["post-44026","page","type-page","status-publish","hentry"],"yoast_head":"<!-- This site is optimized with the Yoast SEO plugin v26.9 - https:\/\/yoast.com\/product\/yoast-seo-wordpress\/ -->\n<title>Ostuinfo - Espak E-pood<\/title>\n<meta name=\"robots\" content=\"index, follow, max-snippet:-1, max-image-preview:large, max-video-preview:-1\" \/>\n<link rel=\"canonical\" href=\"https:\/\/espak.ee\/epood\/ostuinfo\/\" \/>\n<meta property=\"og:locale\" content=\"et_EE\" \/>\n<meta property=\"og:type\" content=\"article\" \/>\n<meta property=\"og:title\" content=\"Ostuinfo - Espak E-pood\" \/>\n<meta property=\"og:description\" content=\"Kuidas kasutada e-poodi? Tutvu e-poe toodetega, vali v\u00e4lja vajalikud tooted ning lisa need ostukorvi. Veendu, et ostukorvis on just need tooted, mida soovid endale osta. Enne ostu sooritamist tutvu kindlasti ka e-poe kasutustingimustega\u00a0siin. Oled Espaki kliendikaardi omanik? Sinule rakendub etten\u00e4htud soodustus 10 %. Soodustuse saamiseks sisesta kliendikaardi number ostukorvi lehel olevasse lahtrisse. Pane t\u00e4hele, et [...]\" \/>\n<meta property=\"og:url\" content=\"https:\/\/espak.ee\/epood\/ostuinfo\/\" \/>\n<meta property=\"og:site_name\" content=\"Espak E-pood\" \/>\n<meta property=\"article:modified_time\" content=\"2026-04-06T10:18:37+00:00\" \/>\n<meta name=\"twitter:card\" content=\"summary_large_image\" \/>\n<meta name=\"twitter:label1\" content=\"Est. reading time\" \/>\n\t<meta name=\"twitter:data1\" content=\"4 minutit\" \/>\n<script type=\"application\/ld+json\" class=\"yoast-schema-graph\">{\"@context\":\"https:\/\/schema.org\",\"@graph\":[{\"@type\":\"WebPage\",\"@id\":\"https:\/\/espak.ee\/epood\/ostuinfo\/\",\"url\":\"https:\/\/espak.ee\/epood\/ostuinfo\/\",\"name\":\"Ostuinfo - Espak E-pood\",\"isPartOf\":{\"@id\":\"https:\/\/espak.ee\/epood\/#website\"},\"datePublished\":\"2020-10-07T12:59:21+00:00\",\"dateModified\":\"2026-04-06T10:18:37+00:00\",\"breadcrumb\":{\"@id\":\"https:\/\/espak.ee\/epood\/ostuinfo\/#breadcrumb\"},\"inLanguage\":\"et\",\"potentialAction\":[{\"@type\":\"ReadAction\",\"target\":[\"https:\/\/espak.ee\/epood\/ostuinfo\/\"]}]},{\"@type\":\"BreadcrumbList\",\"@id\":\"https:\/\/espak.ee\/epood\/ostuinfo\/#breadcrumb\",\"itemListElement\":[{\"@type\":\"ListItem\",\"position\":1,\"name\":\"Home\",\"item\":\"https:\/\/espak.ee\/epood\/\"},{\"@type\":\"ListItem\",\"position\":2,\"name\":\"Ostuinfo\"}]},{\"@type\":\"WebSite\",\"@id\":\"https:\/\/espak.ee\/epood\/#website\",\"url\":\"https:\/\/espak.ee\/epood\/\",\"name\":\"Espak E-pood\",\"description\":\"\",\"potentialAction\":[{\"@type\":\"SearchAction\",\"target\":{\"@type\":\"EntryPoint\",\"urlTemplate\":\"https:\/\/espak.ee\/epood\/?s={search_term_string}\"},\"query-input\":{\"@type\":\"PropertyValueSpecification\",\"valueRequired\":true,\"valueName\":\"search_term_string\"}}],\"inLanguage\":\"et\"}]}<\/script>\n<!-- \/ Yoast SEO plugin. -->","yoast_head_json":{"title":"Ostuinfo - Espak E-pood","robots":{"index":"index","follow":"follow","max-snippet":"max-snippet:-1","max-image-preview":"max-image-preview:large","max-video-preview":"max-video-preview:-1"},"canonical":"https:\/\/espak.ee\/epood\/ostuinfo\/","og_locale":"et_EE","og_type":"article","og_title":"Ostuinfo - Espak E-pood","og_description":"Kuidas kasutada e-poodi? Tutvu e-poe toodetega, vali v\u00e4lja vajalikud tooted ning lisa need ostukorvi. Veendu, et ostukorvis on just need tooted, mida soovid endale osta. Enne ostu sooritamist tutvu kindlasti ka e-poe kasutustingimustega\u00a0siin. Oled Espaki kliendikaardi omanik? Sinule rakendub etten\u00e4htud soodustus 10 %. Soodustuse saamiseks sisesta kliendikaardi number ostukorvi lehel olevasse lahtrisse. Pane t\u00e4hele, et [...]","og_url":"https:\/\/espak.ee\/epood\/ostuinfo\/","og_site_name":"Espak E-pood","article_modified_time":"2026-04-06T10:18:37+00:00","twitter_card":"summary_large_image","twitter_misc":{"Est. reading time":"4 minutit"},"schema":{"@context":"https:\/\/schema.org","@graph":[{"@type":"WebPage","@id":"https:\/\/espak.ee\/epood\/ostuinfo\/","url":"https:\/\/espak.ee\/epood\/ostuinfo\/","name":"Ostuinfo - Espak E-pood","isPartOf":{"@id":"https:\/\/espak.ee\/epood\/#website"},"datePublished":"2020-10-07T12:59:21+00:00","dateModified":"2026-04-06T10:18:37+00:00","breadcrumb":{"@id":"https:\/\/espak.ee\/epood\/ostuinfo\/#breadcrumb"},"inLanguage":"et","potentialAction":[{"@type":"ReadAction","target":["https:\/\/espak.ee\/epood\/ostuinfo\/"]}]},{"@type":"BreadcrumbList","@id":"https:\/\/espak.ee\/epood\/ostuinfo\/#breadcrumb","itemListElement":[{"@type":"ListItem","position":1,"name":"Home","item":"https:\/\/espak.ee\/epood\/"},{"@type":"ListItem","position":2,"name":"Ostuinfo"}]},{"@type":"WebSite","@id":"https:\/\/espak.ee\/epood\/#website","url":"https:\/\/espak.ee\/epood\/","name":"Espak E-pood","description":"","potentialAction":[{"@type":"SearchAction","target":{"@type":"EntryPoint","urlTemplate":"https:\/\/espak.ee\/epood\/?s={search_term_string}"},"query-input":{"@type":"PropertyValueSpecification","valueRequired":true,"valueName":"search_term_string"}}],"inLanguage":"et"}]}},"_links":{"self":[{"href":"https:\/\/espak.ee\/epood\/wp-json\/wp\/v2\/pages\/44026","targetHints":{"allow":["GET"]}}],"collection":[{"href":"https:\/\/espak.ee\/epood\/wp-json\/wp\/v2\/pages"}],"about":[{"href":"https:\/\/espak.ee\/epood\/wp-json\/wp\/v2\/types\/page"}],"author":[{"embeddable":true,"href":"https:\/\/espak.ee\/epood\/wp-json\/wp\/v2\/users\/1"}],"replies":[{"embeddable":true,"href":"https:\/\/espak.ee\/epood\/wp-json\/wp\/v2\/comments?post=44026"}],"version-history":[{"count":0,"href":"https:\/\/espak.ee\/epood\/wp-json\/wp\/v2\/pages\/44026\/revisions"}],"wp:attachment":[{"href":"https:\/\/espak.ee\/epood\/wp-json\/wp\/v2\/media?parent=44026"}],"curies":[{"name":"wp","href":"https:\/\/api.w.org\/{rel}","templated":true}]}}