{"id":44006,"date":"2020-10-07T12:15:24","date_gmt":"2020-10-07T09:15:24","guid":{"rendered":"https:\/\/espak.ee\/hinnakiri\/?page_id=44006"},"modified":"2026-01-05T08:08:47","modified_gmt":"2026-01-05T06:08:47","slug":"avaleht-2","status":"publish","type":"page","link":"https:\/\/espak.ee\/epood\/","title":{"rendered":"Avaleht"},"content":{"rendered":"<div class=\"row home-menu\"  id=\"row-784547316\">\n\n\t<div id=\"col-389442700\" class=\"col hide-for-medium medium-5 small-12 large-5\"  >\n\t\t\t\t<div class=\"col-inner\"  >\n\t\t\t\n\t\t\t\n<div class=\"row row-collapse align-equal ux-menu-callout\"  id=\"row-1750105327\">\r\n\r\n\n\t<div id=\"col-250976982\" class=\"col medium-12 small-12 large-12\"  >\n\t\t\t\t<div class=\"col-inner\"  >\n\t\t\t\n\t\t\t\r\n\r\n<ul class=\"starkup-submenu\">\r\n<li><a href=\"https:\/\/espak.ee\/epood\/tootekategooria\/rauakaubad\/\">RAUAKAUBAD<\/a> <img decoding=\"async\" src=\"https:\/\/espak.ee\/epood\/wp-content\/themes\/espak-tellimiskeskkond\/assets\/icons\/RAUAKAUBAD.svg\" width=\"45\" height=\"45\" class=\"starkup-submenu-icon\" style=\"margin-top: -5px;\"><br \/>\r\n<div class=\"row row-collapse align-equal starkup-submenu-lvl2\"  id=\"row-271615306\">\r\n\r\n\n\t<div id=\"col-771527215\" class=\"col medium-12 small-12 large-12\"  >\n\t\t\t\t<div class=\"col-inner\"  >\n\t\t\t\n\t\t\t\r\n\r\n<h3>RAUAKAUBAD<\/h3>\r\n<p><div class=\"row\"><div class=\"col medium-4 small-12 large-4\" style=\"min-height: 115px;\"><div class=\"col-inner\"><ul><li><a href=\"https:\/\/espak.ee\/epood\/tootekategooria\/rauakaubad\/kinnitustarvikud\/\">Kinnitustarvikud<\/a><\/li><\/ul><\/div><\/div><div class=\"col medium-4 small-12 large-4\" style=\"min-height: 115px;\"><div class=\"col-inner\"><ul><li><a href=\"https:\/\/espak.ee\/epood\/tootekategooria\/rauakaubad\/rauakaubad-rauakaubad\/rauakaubad-rauakaubad-rauakaubad\/\">Rauakaubad<\/a><\/li><\/ul><\/div><\/div><div class=\"col medium-4 small-12 large-4\" style=\"min-height: 115px;\"><div class=\"col-inner\"><ul><li><a href=\"https:\/\/espak.ee\/epood\/tootekategooria\/rauakaubad\/redelid-ja-tellingud\/\">Redelid ja tellingud<\/a><\/li><\/ul><\/div><\/div><div class=\"row\"><div class=\"col medium-12 small-12 large-12\" style=\"position: absolute; bottom: 0; padding: 0; left: 0;\"><div class=\"col-inner\"><div class=\"img has-hover x md-x lg-x y md-y lg-y\">\n\t\t\t\t\t\t\t\t<div class=\"img-inner dark\">\n\t\t\t<img decoding=\"async\" width=\"840\" height=\"234\" src=\"https:\/\/espak.ee\/epood\/wp-content\/themes\/espak-tellimiskeskkond\/assets\/images\/Rauakaubad.jpg\">\t\t\t\t\t\t\n\t\t\t\t\t<\/div>\n\t<\/div><\/div><\/div><\/p>\r\n\r\n\t\t<\/div>\n\t\t\t\t\t<\/div>\n\n\t\r\n\r\n<\/div>\r\n<\/li>\r\n<li><a href=\"https:\/\/espak.ee\/epood\/tootekategooria\/viimistluskaubad\/\">VIIMISTLUSKAUBAD<\/a> <img decoding=\"async\" src=\"https:\/\/espak.ee\/epood\/wp-content\/themes\/espak-tellimiskeskkond\/assets\/icons\/VIIMISTLUSMATERJALID.svg\" width=\"35\" height=\"35\" class=\"starkup-submenu-icon\" style=\"margin-top: 0;\"><br \/>\r\n<div class=\"row row-collapse align-equal starkup-submenu-lvl2\"  id=\"row-962911504\">\r\n\r\n\n\t<div id=\"col-1199804122\" class=\"col medium-12 small-12 large-12\"  >\n\t\t\t\t<div class=\"col-inner\"  >\n\t\t\t\n\t\t\t\r\n\r\n<h3>VIIMISTLUSKAUBAD<\/h3>\r\n<p><div class=\"row\"><div class=\"col medium-4 small-12 large-4\" style=\"min-height: 115px;\"><div class=\"col-inner\"><ul><li><a href=\"https:\/\/espak.ee\/epood\/tootekategooria\/viimistluskaubad\/ehituskeemia\/\">Ehituskeemia<\/a><\/li><li><a href=\"https:\/\/espak.ee\/epood\/tootekategooria\/viimistluskaubad\/liistud\/\">Liistud<\/a><\/li><\/ul><\/div><\/div><div class=\"col medium-4 small-12 large-4\" style=\"min-height: 115px;\"><div class=\"col-inner\"><ul><li><a href=\"https:\/\/espak.ee\/epood\/tootekategooria\/viimistluskaubad\/parketid\/\">Parketid<\/a><\/li><li><a href=\"https:\/\/espak.ee\/epood\/tootekategooria\/viimistluskaubad\/seinakatted\/\">Seinakatted<\/a><\/li><\/ul><\/div><\/div><div class=\"col medium-4 small-12 large-4\" style=\"min-height: 115px;\"><div class=\"col-inner\"><ul><li><a href=\"https:\/\/espak.ee\/epood\/tootekategooria\/viimistluskaubad\/uksed\/\">Uksed<\/a><\/li><li><a href=\"https:\/\/espak.ee\/epood\/tootekategooria\/viimistluskaubad\/varvid-lakid-lahustid-puidukaitsed-olid\/\">V\u00e4rvid, lakid, lahustid, puidukaitsed, \u00f5lid<\/a><\/li><\/ul><\/div><\/div><div class=\"row\"><div class=\"col medium-12 small-12 large-12\" style=\"position: absolute; bottom: 0; padding: 0; left: 0;\"><div class=\"col-inner\"><div class=\"img has-hover x md-x lg-x y md-y lg-y\">\n\t\t\t\t\t\t\t\t<div class=\"img-inner dark\">\n\t\t\t<img decoding=\"async\" width=\"840\" height=\"234\" src=\"https:\/\/espak.ee\/epood\/wp-content\/themes\/espak-tellimiskeskkond\/assets\/images\/Viimistluskaubad.jpg\">\t\t\t\t\t\t\n\t\t\t\t\t<\/div>\n\t<\/div><\/div><\/div><\/p>\r\n\r\n\t\t<\/div>\n\t\t\t\t\t<\/div>\n\n\t\r\n\r\n<\/div>\r\n<\/li>\r\n<li><a href=\"https:\/\/espak.ee\/epood\/tootekategooria\/uldehitus\">\u00dcLDEHITUS<\/a> <img decoding=\"async\" src=\"https:\/\/espak.ee\/epood\/wp-content\/themes\/espak-tellimiskeskkond\/assets\/icons\/ULDEHITUS.svg\" width=\"45\" height=\"45\" class=\"starkup-submenu-icon\" style=\"margin-top: -5px;\"><br \/>\r\n<div class=\"row row-collapse align-equal starkup-submenu-lvl2\"  id=\"row-1215779154\">\r\n\r\n\n\t<div id=\"col-1765184658\" class=\"col medium-12 small-12 large-12\"  >\n\t\t\t\t<div class=\"col-inner\"  >\n\t\t\t\n\t\t\t\r\n\r\n<h3>\u00dcLDEHITUS<\/h3>\r\n<p><div class=\"row\"><div class=\"col medium-4 small-12 large-4\" style=\"min-height: 115px;\"><div class=\"col-inner\"><ul><li><a href=\"https:\/\/espak.ee\/epood\/tootekategooria\/uldehitus\/ehitusplaadid\/\">Ehitusplaadid<\/a><\/li><li><a href=\"https:\/\/espak.ee\/epood\/tootekategooria\/uldehitus\/fassaadimaterjalid\/\">Fassaadimaterjalid<\/a><\/li><\/ul><\/div><\/div><div class=\"col medium-4 small-12 large-4\" style=\"min-height: 115px;\"><div class=\"col-inner\"><ul><li><a href=\"https:\/\/espak.ee\/epood\/tootekategooria\/uldehitus\/isolatsioonimaterjalid\/\">Isolatsioonimaterjalid<\/a><\/li><li><a href=\"https:\/\/espak.ee\/epood\/tootekategooria\/uldehitus\/muurimaterjalid\/\">M\u00fc\u00fcrimaterjalid<\/a><\/li><\/ul><\/div><\/div><div class=\"col medium-4 small-12 large-4\" style=\"min-height: 115px;\"><div class=\"col-inner\"><ul><li><a href=\"https:\/\/espak.ee\/epood\/tootekategooria\/uldehitus\/pahtlid-ja-kuivsegud\/\">Pahtlid ja kuivsegud<\/a><\/li><\/ul><\/div><\/div><div class=\"row\"><div class=\"col medium-12 small-12 large-12\" style=\"position: absolute; bottom: 0; padding: 0; left: 0;\"><div class=\"col-inner\"><div class=\"img has-hover x md-x lg-x y md-y lg-y\">\n\t\t\t\t\t\t\t\t<div class=\"img-inner dark\">\n\t\t\t<img decoding=\"async\" width=\"840\" height=\"234\" src=\"https:\/\/espak.ee\/epood\/wp-content\/themes\/espak-tellimiskeskkond\/assets\/images\/Uldehitus.jpg\">\t\t\t\t\t\t\n\t\t\t\t\t<\/div>\n\t<\/div><\/div><\/div><\/p>\r\n\r\n\t\t<\/div>\n\t\t\t\t\t<\/div>\n\n\t\r\n\r\n<\/div>\r\n<\/li>\r\n<li><a href=\"https:\/\/espak.ee\/epood\/tootekategooria\/aiatarbed-ja-kodukaubad\">AIATARBED JA KODUKAUBAD<\/a> <img decoding=\"async\" src=\"https:\/\/espak.ee\/epood\/wp-content\/themes\/espak-tellimiskeskkond\/assets\/icons\/AIATARBED_JA_KODUKAUBAD.svg\" width=\"45\" height=\"45\" class=\"starkup-submenu-icon\" style=\"margin-top: -5px;\"><br \/>\r\n<div class=\"row row-collapse align-equal starkup-submenu-lvl2\"  id=\"row-370481568\">\r\n\r\n\n\t<div id=\"col-712969337\" class=\"col medium-12 small-12 large-12\"  >\n\t\t\t\t<div class=\"col-inner\"  >\n\t\t\t\n\t\t\t\r\n\r\n<h3>AIATARBED JA KODUKAUBAD<\/h3>\r\n<p><div class=\"row\"><div class=\"col medium-4 small-12 large-4\" style=\"min-height: 115px;\"><div class=\"col-inner\"><ul><li><a href=\"https:\/\/espak.ee\/epood\/tootekategooria\/aiatarbed-ja-kodukaubad\/aiatarbed\/\">Aiatarbed<\/a><\/li><li><a href=\"https:\/\/espak.ee\/epood\/tootekategooria\/aiatarbed-ja-kodukaubad\/autokaubad\/\">Autokaubad<\/a><\/li><\/ul><\/div><\/div><div class=\"col medium-4 small-12 large-4\" style=\"min-height: 115px;\"><div class=\"col-inner\"><ul><li><a href=\"https:\/\/espak.ee\/epood\/tootekategooria\/aiatarbed-ja-kodukaubad\/kodukaubad\/\">Kodukaubad<\/a><\/li><li><a href=\"https:\/\/espak.ee\/epood\/tootekategooria\/aiatarbed-ja-kodukaubad\/tookaitsevahendid\/\">T\u00f6\u00f6kaitsevahendid<\/a><\/li><\/ul><\/div><\/div><div class=\"row\"><div class=\"col medium-12 small-12 large-12\" style=\"position: absolute; bottom: 0; padding: 0; left: 0;\"><div class=\"col-inner\"><div class=\"img has-hover x md-x lg-x y md-y lg-y\">\n\t\t\t\t\t\t\t\t<div class=\"img-inner dark\">\n\t\t\t<img decoding=\"async\" width=\"840\" height=\"234\" src=\"https:\/\/espak.ee\/epood\/wp-content\/themes\/espak-tellimiskeskkond\/assets\/images\/Aiatarbed ja kodukaubad.jpg\">\t\t\t\t\t\t\n\t\t\t\t\t<\/div>\n\t<\/div><\/div><\/div><\/p>\r\n\r\n\t\t<\/div>\n\t\t\t\t\t<\/div>\n\n\t\r\n\r\n<\/div>\r\n<\/li>\r\n<li><a href=\"https:\/\/espak.ee\/epood\/tootekategooria\/kute-ja-ventilatsioon\">K\u00dcTE JA VENTILATSIOON<\/a> <img decoding=\"async\" src=\"https:\/\/espak.ee\/epood\/wp-content\/themes\/espak-tellimiskeskkond\/assets\/icons\/KUTE_JA_VENTILATSIOON.svg\" width=\"45\" height=\"45\" class=\"starkup-submenu-icon\" style=\"margin-top: -5px;\"><br \/>\r\n<div class=\"row row-collapse align-equal starkup-submenu-lvl2\"  id=\"row-1789906967\">\r\n\r\n\n\t<div id=\"col-754334213\" class=\"col medium-12 small-12 large-12\"  >\n\t\t\t\t<div class=\"col-inner\"  >\n\t\t\t\n\t\t\t\r\n\r\n<h3>K\u00dcTE JA VENTILATSIOON<\/h3>\r\n<p><div class=\"row\"><div class=\"col medium-4 small-12 large-4\" style=\"min-height: 115px;\"><div class=\"col-inner\"><ul><li><a href=\"https:\/\/espak.ee\/epood\/tootekategooria\/kute-ja-ventilatsioon\/ahjud-kaminad-kerised\/\">Ahjud, kaminad, kerised<\/a><\/li><\/ul><\/div><\/div><div class=\"row\"><div class=\"col medium-12 small-12 large-12\" style=\"position: absolute; bottom: 0; padding: 0; left: 0;\"><div class=\"col-inner\"><div class=\"img has-hover x md-x lg-x y md-y lg-y\">\n\t\t\t\t\t\t\t\t<div class=\"img-inner dark\">\n\t\t\t<img decoding=\"async\" width=\"840\" height=\"234\" src=\"https:\/\/espak.ee\/epood\/wp-content\/themes\/espak-tellimiskeskkond\/assets\/images\/Kute ja ventilatsioon.jpg\">\t\t\t\t\t\t\n\t\t\t\t\t<\/div>\n\t<\/div><\/div><\/div><\/p>\r\n\r\n\t\t<\/div>\n\t\t\t\t\t<\/div>\n\n\t\r\n\r\n<\/div>\r\n<\/li>\r\n<li><a href=\"https:\/\/espak.ee\/epood\/tootekategooria\/elektrikaubad-ja-valgustid\">ELEKTRIKAUBAD JA VALGUSTID<\/a> <img decoding=\"async\" src=\"https:\/\/espak.ee\/epood\/wp-content\/themes\/espak-tellimiskeskkond\/assets\/icons\/ELEKTRIKAUBAD_JA_VALGUSTID.svg\" width=\"45\" height=\"45\" class=\"starkup-submenu-icon\" style=\"margin-top: -5px;\"><br \/>\r\n<div class=\"row row-collapse align-equal starkup-submenu-lvl2\"  id=\"row-1784913716\">\r\n\r\n\n\t<div id=\"col-1220112444\" class=\"col medium-12 small-12 large-12\"  >\n\t\t\t\t<div class=\"col-inner\"  >\n\t\t\t\n\t\t\t\r\n\r\n<h3>ELEKTRIKAUBAD JA VALGUSTID<\/h3>\r\n<p><div class=\"row\"><div class=\"col medium-4 small-12 large-4\" style=\"min-height: 115px;\"><div class=\"col-inner\"><ul><li><a href=\"https:\/\/espak.ee\/epood\/tootekategooria\/elektrikaubad-ja-valgustid\/elektrikaubad\/\">Elektrikaubad<\/a><\/li><\/ul><\/div><\/div><div class=\"col medium-4 small-12 large-4\" style=\"min-height: 115px;\"><div class=\"col-inner\"><ul><li><a href=\"https:\/\/espak.ee\/epood\/tootekategooria\/elektrikaubad-ja-valgustid\/valgustid\/valgustid-valgustid\/\">Valgustid<\/a><\/li><\/ul><\/div><\/div><div class=\"row\"><div class=\"col medium-12 small-12 large-12\" style=\"position: absolute; bottom: 0; padding: 0; left: 0;\"><div class=\"col-inner\"><div class=\"img has-hover x md-x lg-x y md-y lg-y\">\n\t\t\t\t\t\t\t\t<div class=\"img-inner dark\">\n\t\t\t<img decoding=\"async\" width=\"840\" height=\"234\" src=\"https:\/\/espak.ee\/epood\/wp-content\/themes\/espak-tellimiskeskkond\/assets\/images\/Elektrikaubad ja valgustid.jpg\">\t\t\t\t\t\t\n\t\t\t\t\t<\/div>\n\t<\/div><\/div><\/div><\/p>\r\n\r\n\t\t<\/div>\n\t\t\t\t\t<\/div>\n\n\t\r\n\r\n<\/div>\r\n<\/li>\r\n<li><a href=\"https:\/\/espak.ee\/epood\/tootekategooria\/sanitaartehnika\">SANITAARTEHNIKA<\/a> <img decoding=\"async\" src=\"https:\/\/espak.ee\/epood\/wp-content\/themes\/espak-tellimiskeskkond\/assets\/icons\/SANITAARTEHNIKA.svg\" width=\"45\" height=\"45\" class=\"starkup-submenu-icon\" style=\"margin-top: -5px;\"><br \/>\r\n<div class=\"row row-collapse align-equal starkup-submenu-lvl2\"  id=\"row-777457825\">\r\n\r\n\n\t<div id=\"col-844979841\" class=\"col medium-12 small-12 large-12\"  >\n\t\t\t\t<div class=\"col-inner\"  >\n\t\t\t\n\t\t\t\r\n\r\n<h3>SANITAARTEHNIKA<\/h3>\r\n<p><div class=\"row\"><div class=\"col medium-4 small-12 large-4\" style=\"min-height: 115px;\"><div class=\"col-inner\"><ul><li><a href=\"https:\/\/espak.ee\/epood\/tootekategooria\/sanitaartehnika\/sanitaartehnika-sanitaartehnika\/\">Sanitaartehnika<\/a><\/li><\/ul><\/div><\/div><div class=\"row\"><div class=\"col medium-12 small-12 large-12\" style=\"position: absolute; bottom: 0; padding: 0; left: 0;\"><div class=\"col-inner\"><div class=\"img has-hover x md-x lg-x y md-y lg-y\">\n\t\t\t\t\t\t\t\t<div class=\"img-inner dark\">\n\t\t\t<img decoding=\"async\" width=\"840\" height=\"234\" src=\"https:\/\/espak.ee\/epood\/wp-content\/themes\/espak-tellimiskeskkond\/assets\/images\/Sanitaartehnika.jpg\">\t\t\t\t\t\t\n\t\t\t\t\t<\/div>\n\t<\/div><\/div><\/div><\/p>\r\n\r\n\t\t<\/div>\n\t\t\t\t\t<\/div>\n\n\t\r\n\r\n<\/div>\r\n<\/li>\r\n<li><a href=\"https:\/\/espak.ee\/epood\/tootekategooria\/tooriistad\">T\u00d6\u00d6RIISTAD<\/a> <img decoding=\"async\" src=\"https:\/\/espak.ee\/epood\/wp-content\/themes\/espak-tellimiskeskkond\/assets\/icons\/TOORIISTAD.svg\" width=\"45\" height=\"45\" class=\"starkup-submenu-icon\" style=\"margin-top: -5px;\"><br \/>\r\n<div class=\"row row-collapse align-equal starkup-submenu-lvl2\"  id=\"row-39721254\">\r\n\r\n\n\t<div id=\"col-1715983818\" class=\"col medium-12 small-12 large-12\"  >\n\t\t\t\t<div class=\"col-inner\"  >\n\t\t\t\n\t\t\t\r\n\r\n<h3>T\u00d6\u00d6RIISTAD<\/h3>\r\n<p><div class=\"row\"><div class=\"col medium-4 small-12 large-4\" style=\"min-height: 115px;\"><div class=\"col-inner\"><ul><li><a href=\"https:\/\/espak.ee\/epood\/tootekategooria\/tooriistad\/elektritooriistad\/\">Elektrit\u00f6\u00f6riistad<\/a><\/li><li><a href=\"https:\/\/espak.ee\/epood\/tootekategooria\/tooriistad\/kasitooriistad\/\">K\u00e4sit\u00f6\u00f6riistad<\/a><\/li><\/ul><\/div><\/div><div class=\"col medium-4 small-12 large-4\" style=\"min-height: 115px;\"><div class=\"col-inner\"><ul><li><a href=\"https:\/\/espak.ee\/epood\/tootekategooria\/tooriistad\/lihvtarbed\/\">Lihvtarbed<\/a><\/li><li><a href=\"https:\/\/espak.ee\/epood\/tootekategooria\/tooriistad\/tooriistatarvikud\/\">T\u00f6\u00f6riistatarvikud<\/a><\/li><\/ul><\/div><\/div><div class=\"row\"><div class=\"col medium-12 small-12 large-12\" style=\"position: absolute; bottom: 0; padding: 0; left: 0;\"><div class=\"col-inner\"><div class=\"img has-hover x md-x lg-x y md-y lg-y\">\n\t\t\t\t\t\t\t\t<div class=\"img-inner dark\">\n\t\t\t<img decoding=\"async\" width=\"840\" height=\"234\" src=\"https:\/\/espak.ee\/epood\/wp-content\/themes\/espak-tellimiskeskkond\/assets\/images\/Tooriistad.jpg\">\t\t\t\t\t\t\n\t\t\t\t\t<\/div>\n\t<\/div><\/div><\/div><\/p>\r\n\r\n\t\t<\/div>\n\t\t\t\t\t<\/div>\n\n\t\r\n\r\n<\/div>\r\n<\/li>\r\n<\/ul>\r\n\r\n\t\t<\/div>\n\t\t\t\t\n<style>\n#col-250976982 > .col-inner {\n  padding: 0px 0px 0px 0;\n}\n<\/style>\n\t<\/div>\n\n\t\r\n\r\n\n<style>\n#row-1750105327 > .col > .col-inner {\n  padding: 0px 0px 0px 20px;\n}\n<\/style>\n<\/div>\n\t\t<\/div>\n\t\t\t\t\t<\/div>\n\n\t\n\n\t<div id=\"col-421977160\" class=\"col medium-12 small-12 large-7\"  >\n\t\t\t\t<div class=\"col-inner\"  >\n\t\t\t\n\t\t\t\n\t<div class=\"img has-hover x md-x lg-x y md-y lg-y\" id=\"image_648831085\">\n\t\t<a class=\"\" href=\"https:\/\/espak.ee\/epood\/tootevalik\/\" >\t\t\t\t\t\t<div class=\"img-inner dark\" >\n\t\t\t<img decoding=\"async\" width=\"769\" height=\"223\" src=\"https:\/\/espak.ee\/epood\/wp-content\/uploads\/2024\/08\/Swedbank-banner-20-NEW-2.jpg\" class=\"attachment-original size-original\" alt=\"\" srcset=\"https:\/\/espak.ee\/epood\/wp-content\/uploads\/2024\/08\/Swedbank-banner-20-NEW-2.jpg 769w, https:\/\/espak.ee\/epood\/wp-content\/uploads\/2024\/08\/Swedbank-banner-20-NEW-2-300x87.jpg 300w, https:\/\/espak.ee\/epood\/wp-content\/uploads\/2024\/08\/Swedbank-banner-20-NEW-2-150x43.jpg 150w, https:\/\/espak.ee\/epood\/wp-content\/uploads\/2024\/08\/Swedbank-banner-20-NEW-2-500x145.jpg 500w\" sizes=\"(max-width: 769px) 100vw, 769px\" \/>\t\t\t\t\t\t\n\t\t\t\t\t<\/div>\n\t\t\t\t\t\t<\/a>\t\t\n<style>\n#image_648831085 {\n  width: 100%;\n}\n<\/style>\n\t<\/div>\n\t\n<div class=\"row\"  id=\"row-1221223415\">\n\n\t<div id=\"col-266020036\" class=\"col medium-6 small-6 large-6\"  >\n\t\t\t\t<div class=\"col-inner\"  >\n\t\t\t\n\t\t\t\n\t<div class=\"img has-hover x md-x lg-x y md-y lg-y\" id=\"image_970407181\">\n\t\t<a class=\"\" href=\"https:\/\/espak.ee\/epood\/?s=LIIMPUITKILP&#038;post_type=product\" >\t\t\t\t\t\t<div class=\"img-inner dark\" >\n\t\t\t<img decoding=\"async\" width=\"374\" height=\"223\" src=\"https:\/\/espak.ee\/epood\/wp-content\/uploads\/2026\/01\/374-x-223-LIIMPUITKILBID-MAND.jpg\" class=\"attachment-original size-original\" alt=\"\" srcset=\"https:\/\/espak.ee\/epood\/wp-content\/uploads\/2026\/01\/374-x-223-LIIMPUITKILBID-MAND.jpg 374w, https:\/\/espak.ee\/epood\/wp-content\/uploads\/2026\/01\/374-x-223-LIIMPUITKILBID-MAND-300x179.jpg 300w, https:\/\/espak.ee\/epood\/wp-content\/uploads\/2026\/01\/374-x-223-LIIMPUITKILBID-MAND-150x89.jpg 150w\" sizes=\"(max-width: 374px) 100vw, 374px\" \/>\t\t\t\t\t\t\n\t\t\t\t\t<\/div>\n\t\t\t\t\t\t<\/a>\t\t\n<style>\n#image_970407181 {\n  width: 100%;\n}\n<\/style>\n\t<\/div>\n\t\n\t\t<\/div>\n\t\t\t\t\t<\/div>\n\n\t\n\n\t<div id=\"col-629136384\" class=\"col medium-6 small-6 large-6\"  >\n\t\t\t\t<div class=\"col-inner\"  >\n\t\t\t\n\t\t\t\n\t<div class=\"img has-hover x md-x lg-x y md-y lg-y\" id=\"image_1304612677\">\n\t\t<a class=\"\" href=\"https:\/\/espak.ee\/epood\/?s=laufen&#038;post_type=product\" >\t\t\t\t\t\t<div class=\"img-inner dark\" >\n\t\t\t<img decoding=\"async\" width=\"374\" height=\"225\" src=\"https:\/\/espak.ee\/epood\/wp-content\/uploads\/2021\/05\/Espak_banner_LAUFEN-PRO-N-v2_374x223.jpg\" class=\"attachment-original size-original\" alt=\"\" srcset=\"https:\/\/espak.ee\/epood\/wp-content\/uploads\/2021\/05\/Espak_banner_LAUFEN-PRO-N-v2_374x223.jpg 374w, https:\/\/espak.ee\/epood\/wp-content\/uploads\/2021\/05\/Espak_banner_LAUFEN-PRO-N-v2_374x223-300x180.jpg 300w, https:\/\/espak.ee\/epood\/wp-content\/uploads\/2021\/05\/Espak_banner_LAUFEN-PRO-N-v2_374x223-150x90.jpg 150w\" sizes=\"(max-width: 374px) 100vw, 374px\" \/>\t\t\t\t\t\t\n\t\t\t\t\t<\/div>\n\t\t\t\t\t\t<\/a>\t\t\n<style>\n#image_1304612677 {\n  width: 100%;\n}\n<\/style>\n\t<\/div>\n\t\n\t\t<\/div>\n\t\t\t\t\t<\/div>\n\n\t\n\n<style>\n#row-1221223415 > .col > .col-inner {\n  padding: 7px 0px 0px 0px;\n}\n<\/style>\n<\/div>\n\t\t<\/div>\n\t\t\t\t\t<\/div>\n\n\t\n\n<style>\n#row-784547316 > .col > .col-inner {\n  padding: 50px 0px 0px 0px;\n}\n<\/style>\n<\/div>\n<div class=\"row\"  id=\"row-1642873428\">\n\n\t<div id=\"col-1659905931\" class=\"col small-12 large-12\"  >\n\t\t\t\t<div class=\"col-inner\"  >\n\t\t\t\n\t\t\t\n\t<div class=\"img has-hover x md-x lg-x y md-y lg-y\" id=\"image_492383586\">\n\t\t<a class=\"\" href=\"https:\/\/espak.ee\/epood\/?s=GROHE&#038;post_type=product\" >\t\t\t\t\t\t<div class=\"img-inner dark\" >\n\t\t\t<img decoding=\"async\" width=\"1340\" height=\"240\" src=\"https:\/\/espak.ee\/epood\/wp-content\/uploads\/2023\/09\/GROHE_tooted_1340x240px_Espak_v3.jpg\" class=\"attachment-original size-original\" alt=\"\" srcset=\"https:\/\/espak.ee\/epood\/wp-content\/uploads\/2023\/09\/GROHE_tooted_1340x240px_Espak_v3.jpg 1340w, https:\/\/espak.ee\/epood\/wp-content\/uploads\/2023\/09\/GROHE_tooted_1340x240px_Espak_v3-300x54.jpg 300w, https:\/\/espak.ee\/epood\/wp-content\/uploads\/2023\/09\/GROHE_tooted_1340x240px_Espak_v3-1024x183.jpg 1024w, https:\/\/espak.ee\/epood\/wp-content\/uploads\/2023\/09\/GROHE_tooted_1340x240px_Espak_v3-150x27.jpg 150w, https:\/\/espak.ee\/epood\/wp-content\/uploads\/2023\/09\/GROHE_tooted_1340x240px_Espak_v3-768x138.jpg 768w, https:\/\/espak.ee\/epood\/wp-content\/uploads\/2023\/09\/GROHE_tooted_1340x240px_Espak_v3-500x90.jpg 500w, https:\/\/espak.ee\/epood\/wp-content\/uploads\/2023\/09\/GROHE_tooted_1340x240px_Espak_v3-769x138.jpg 769w\" sizes=\"(max-width: 1340px) 100vw, 1340px\" \/>\t\t\t\t\t\t\n\t\t\t\t\t<\/div>\n\t\t\t\t\t\t<\/a>\t\t\n<style>\n#image_492383586 {\n  width: 100%;\n}\n<\/style>\n\t<\/div>\n\t\n\t\t<\/div>\n\t\t\t\t\t<\/div>\n\n\t\n<\/div>\n","protected":false},"excerpt":{"rendered":"","protected":false},"author":1,"featured_media":0,"parent":0,"menu_order":0,"comment_status":"closed","ping_status":"closed","template":"page-blank.php","meta":{"footnotes":""},"class_list":["post-44006","page","type-page","status-publish","hentry"],"yoast_head":"<!-- This site is optimized with the Yoast SEO plugin v26.9 - https:\/\/yoast.com\/product\/yoast-seo-wordpress\/ -->\n<title>Avaleht - Espak E-pood<\/title>\n<meta name=\"description\" content=\"Espak e-poest leiate k\u00f5ige v\u00e4rskemad hinnad valitud toodetele.\" \/>\n<meta name=\"robots\" content=\"index, follow, max-snippet:-1, max-image-preview:large, max-video-preview:-1\" \/>\n<link rel=\"canonical\" href=\"https:\/\/espak.ee\/epood\/\" \/>\n<meta property=\"og:locale\" content=\"et_EE\" \/>\n<meta property=\"og:type\" content=\"article\" \/>\n<meta property=\"og:title\" content=\"Avaleht - Espak E-pood\" \/>\n<meta property=\"og:description\" content=\"Espak e-poest leiate k\u00f5ige v\u00e4rskemad hinnad valitud toodetele.\" \/>\n<meta property=\"og:url\" content=\"https:\/\/espak.ee\/epood\/\" \/>\n<meta property=\"og:site_name\" content=\"Espak E-pood\" \/>\n<meta property=\"article:modified_time\" content=\"2026-01-05T06:08:47+00:00\" \/>\n<meta name=\"twitter:card\" content=\"summary_large_image\" \/>\n<meta name=\"twitter:label1\" content=\"Est. reading time\" \/>\n\t<meta name=\"twitter:data1\" content=\"1 minut\" \/>\n<script type=\"application\/ld+json\" class=\"yoast-schema-graph\">{\"@context\":\"https:\/\/schema.org\",\"@graph\":[{\"@type\":\"WebPage\",\"@id\":\"https:\/\/espak.ee\/epood\/\",\"url\":\"https:\/\/espak.ee\/epood\/\",\"name\":\"Avaleht - Espak E-pood\",\"isPartOf\":{\"@id\":\"https:\/\/espak.ee\/epood\/#website\"},\"datePublished\":\"2020-10-07T09:15:24+00:00\",\"dateModified\":\"2026-01-05T06:08:47+00:00\",\"description\":\"Espak e-poest leiate k\u00f5ige v\u00e4rskemad hinnad valitud toodetele.\",\"breadcrumb\":{\"@id\":\"https:\/\/espak.ee\/epood\/#breadcrumb\"},\"inLanguage\":\"et\",\"potentialAction\":[{\"@type\":\"ReadAction\",\"target\":[\"https:\/\/espak.ee\/epood\/\"]}]},{\"@type\":\"BreadcrumbList\",\"@id\":\"https:\/\/espak.ee\/epood\/#breadcrumb\",\"itemListElement\":[{\"@type\":\"ListItem\",\"position\":1,\"name\":\"Home\",\"item\":\"https:\/\/espak.ee\/epood\/\"},{\"@type\":\"ListItem\",\"position\":2,\"name\":\"Avaleht\"}]},{\"@type\":\"WebSite\",\"@id\":\"https:\/\/espak.ee\/epood\/#website\",\"url\":\"https:\/\/espak.ee\/epood\/\",\"name\":\"Espak E-pood\",\"description\":\"\",\"potentialAction\":[{\"@type\":\"SearchAction\",\"target\":{\"@type\":\"EntryPoint\",\"urlTemplate\":\"https:\/\/espak.ee\/epood\/?s={search_term_string}\"},\"query-input\":{\"@type\":\"PropertyValueSpecification\",\"valueRequired\":true,\"valueName\":\"search_term_string\"}}],\"inLanguage\":\"et\"}]}<\/script>\n<!-- \/ Yoast SEO plugin. -->","yoast_head_json":{"title":"Avaleht - Espak E-pood","description":"Espak e-poest leiate k\u00f5ige v\u00e4rskemad hinnad valitud toodetele.","robots":{"index":"index","follow":"follow","max-snippet":"max-snippet:-1","max-image-preview":"max-image-preview:large","max-video-preview":"max-video-preview:-1"},"canonical":"https:\/\/espak.ee\/epood\/","og_locale":"et_EE","og_type":"article","og_title":"Avaleht - Espak E-pood","og_description":"Espak e-poest leiate k\u00f5ige v\u00e4rskemad hinnad valitud toodetele.","og_url":"https:\/\/espak.ee\/epood\/","og_site_name":"Espak E-pood","article_modified_time":"2026-01-05T06:08:47+00:00","twitter_card":"summary_large_image","twitter_misc":{"Est. reading time":"1 minut"},"schema":{"@context":"https:\/\/schema.org","@graph":[{"@type":"WebPage","@id":"https:\/\/espak.ee\/epood\/","url":"https:\/\/espak.ee\/epood\/","name":"Avaleht - Espak E-pood","isPartOf":{"@id":"https:\/\/espak.ee\/epood\/#website"},"datePublished":"2020-10-07T09:15:24+00:00","dateModified":"2026-01-05T06:08:47+00:00","description":"Espak e-poest leiate k\u00f5ige v\u00e4rskemad hinnad valitud toodetele.","breadcrumb":{"@id":"https:\/\/espak.ee\/epood\/#breadcrumb"},"inLanguage":"et","potentialAction":[{"@type":"ReadAction","target":["https:\/\/espak.ee\/epood\/"]}]},{"@type":"BreadcrumbList","@id":"https:\/\/espak.ee\/epood\/#breadcrumb","itemListElement":[{"@type":"ListItem","position":1,"name":"Home","item":"https:\/\/espak.ee\/epood\/"},{"@type":"ListItem","position":2,"name":"Avaleht"}]},{"@type":"WebSite","@id":"https:\/\/espak.ee\/epood\/#website","url":"https:\/\/espak.ee\/epood\/","name":"Espak E-pood","description":"","potentialAction":[{"@type":"SearchAction","target":{"@type":"EntryPoint","urlTemplate":"https:\/\/espak.ee\/epood\/?s={search_term_string}"},"query-input":{"@type":"PropertyValueSpecification","valueRequired":true,"valueName":"search_term_string"}}],"inLanguage":"et"}]}},"_links":{"self":[{"href":"https:\/\/espak.ee\/epood\/wp-json\/wp\/v2\/pages\/44006","targetHints":{"allow":["GET"]}}],"collection":[{"href":"https:\/\/espak.ee\/epood\/wp-json\/wp\/v2\/pages"}],"about":[{"href":"https:\/\/espak.ee\/epood\/wp-json\/wp\/v2\/types\/page"}],"author":[{"embeddable":true,"href":"https:\/\/espak.ee\/epood\/wp-json\/wp\/v2\/users\/1"}],"replies":[{"embeddable":true,"href":"https:\/\/espak.ee\/epood\/wp-json\/wp\/v2\/comments?post=44006"}],"version-history":[{"count":0,"href":"https:\/\/espak.ee\/epood\/wp-json\/wp\/v2\/pages\/44006\/revisions"}],"wp:attachment":[{"href":"https:\/\/espak.ee\/epood\/wp-json\/wp\/v2\/media?parent=44006"}],"curies":[{"name":"wp","href":"https:\/\/api.w.org\/{rel}","templated":true}]}}